{"id":9679,"date":"2026-03-11T13:43:03","date_gmt":"2026-03-11T12:43:03","guid":{"rendered":"https:\/\/www.seldenmast.com\/?page_id=9679"},"modified":"2026-05-11T10:13:31","modified_gmt":"2026-05-11T08:13:31","slug":"shops","status":"publish","type":"page","link":"https:\/\/www.seldenmast.com\/sv\/shops\/","title":{"rendered":"Shops"},"content":{"rendered":"<div class=\"selden-gb-block block-spacer block-bg-color-greydark\" style=\"height: 70px\">\n<div class=\"main-wrapper-full-width\"><\/div><!-- .main-wrapper-full-width -->\t\n<\/div><!-- .block-spacer -->\n\n\n\t\r\n<div id=\"\" class=\"selden-gb-block block-compare main-wrapper-slider-mini block-bg-color-greydark\">\r\n<div class=\"main-wrapper-full-width\">\t\r\n<div class=\"main-wrapper\">\r\n\t\r\n\t<div class=\"slider-text-wrapper\">\r\n\t\t<h2>Seld\u00e9n Online Area<\/h2>\t\r\n\t\t<p>Seld\u00e9ns webbshop ger enkel tillg\u00e5ng till ett brett utbud av reservdelar och tillbeh\u00f6r, inklusive m\u00e5nga komponenter som kan vara sv\u00e5ra att hitta. Den kompletterar v\u00e5rt globala \u00e5terf\u00f6rs\u00e4ljarn\u00e4tverk och hj\u00e4lper b\u00e5t\u00e4gare och yrkesverksamma att snabbt hitta de delar de beh\u00f6ver.<\/p>\t\r\n\t<\/div><!-- .slider-text-wrapper -->\r\n\r\n\t<div class=\"slider-list-wrapper\">\r\n\t<div class=\"section group\">\t\r\n\t\r\n\t<section class=\"slider-variable slider\">\t\t\r\n\t\t\r\n\t\r\n\t\t\t\r\n\t\t<div class=\"col col-slider-3\">\r\n\t\t\t\t\r\n\t\t\t<div class=\"slider-list-item\">\t\t\t\t\r\n\t\t\t<div class=\"compare-list-item-img\">\r\n\t\t\t<div class=\"square\">\r\n\t\t\t\t<div class=\"square-content\" style=\"background-image: url(https:\/\/www.seldenmast.com\/wp-content\/uploads\/USA-online-Store-600x600-2.jpg);\"><\/div><!-- .square-content -->\r\n\t\t\t<\/div><!-- .square --> \r\n\t\t\t<\/div>\t\t\t\r\n\t\t\t<div class=\"slider-list-item-info\">\t\t\t\r\n\t\t\t\t<div class=\"slider-list-item-title\">USA ONLINE STORE \u2013 YACHT EQUIPMENT<\/div><!-- .slider-list-item-title -->\r\n\t\t\t\t<div class=\"slider-list-item-content\"><p><\/p><\/div><!-- .slider-list-item-content -->\t\t\t\t\r\n\t\t\t\t<a class=\"btn-soft\" href=\"https:\/\/shop-us.seldenmast.com\/?utm_source=brand-site&#038;utm_medium=referral&#038;utm_campaign=brand-to-shop\">Go to shop<\/a>\t\t\r\n\t\t\t<\/div><!-- .slider-list-item-info -->\r\n\t\t\t<\/div><!-- .slider-list-item -->\r\n\t\t\t\r\n\t\t<\/div><!-- .col -->\r\n\t\t\r\n\t\t\r\n\t\t\t\r\n\t\t<div class=\"col col-slider-3\">\r\n\t\t\t\t\r\n\t\t\t<div class=\"slider-list-item\">\t\t\t\t\r\n\t\t\t<div class=\"compare-list-item-img\">\r\n\t\t\t<div class=\"square\">\r\n\t\t\t\t<div class=\"square-content\" style=\"background-image: url(https:\/\/www.seldenmast.com\/wp-content\/uploads\/Dinghy-online-store-600x600-2.jpg);\"><\/div><!-- .square-content -->\r\n\t\t\t<\/div><!-- .square --> \r\n\t\t\t<\/div>\t\t\t\r\n\t\t\t<div class=\"slider-list-item-info\">\t\t\t\r\n\t\t\t\t<div class=\"slider-list-item-title\">GLOBAL ONLINE STORE &#8211; DINGHY EQUIPMENT<\/div><!-- .slider-list-item-title -->\r\n\t\t\t\t<div class=\"slider-list-item-content\"><p><\/p><\/div><!-- .slider-list-item-content -->\t\t\t\t\r\n\t\t\t\t<a class=\"btn-soft\" href=\"https:\/\/dinghy.seldenmast.com\/?utm_source=brand-site&#038;utm_medium=referral&#038;utm_campaign=brand-to-shop\">Go to shop<\/a>\t\t\r\n\t\t\t<\/div><!-- .slider-list-item-info -->\r\n\t\t\t<\/div><!-- .slider-list-item -->\r\n\t\t\t\r\n\t\t<\/div><!-- .col -->\r\n\t\t\r\n\t\t\r\n\t\t\t\r\n\t\t<div class=\"col col-slider-3\">\r\n\t\t\t\t\r\n\t\t\t<div class=\"slider-list-item\">\t\t\t\t\r\n\t\t\t<div class=\"compare-list-item-img\">\r\n\t\t\t<div class=\"square\">\r\n\t\t\t\t<div class=\"square-content\" style=\"background-image: url(https:\/\/www.seldenmast.com\/wp-content\/uploads\/UK-online-Store-600x600-1.jpg);\"><\/div><!-- .square-content -->\r\n\t\t\t<\/div><!-- .square --> \r\n\t\t\t<\/div>\t\t\t\r\n\t\t\t<div class=\"slider-list-item-info\">\t\t\t\r\n\t\t\t\t<div class=\"slider-list-item-title\">UK ONLINE STORE \u2013 YACHT EQUIPMENT<\/div><!-- .slider-list-item-title -->\r\n\t\t\t\t<div class=\"slider-list-item-content\"><p><\/p><\/div><!-- .slider-list-item-content -->\t\t\t\t\r\n\t\t\t\t<a class=\"btn-soft\" href=\"https:\/\/shop-uk.seldenmast.com\/?utm_source=brand-site&#038;utm_medium=referral&#038;utm_campaign=brand-to-shop\">Go to shop<\/a>\t\t\r\n\t\t\t<\/div><!-- .slider-list-item-info -->\r\n\t\t\t<\/div><!-- .slider-list-item -->\r\n\t\t\t\r\n\t\t<\/div><!-- .col -->\r\n\t\t\r\n\t \r\n\t\t\r\n\t\t<\/section>\r\n\t<\/div><!-- .section -->\t\r\n\t<\/div><!-- .slider-list-wrapper -->\r\n\r\n<\/div><!-- .main-wrapper -->\r\n<\/div><!-- .main-wrapper-full-width -->\r\n<\/div><!-- .block-compare -->\r\n","protected":false},"excerpt":{"rendered":"","protected":false},"author":3,"featured_media":0,"parent":0,"menu_order":0,"comment_status":"closed","ping_status":"closed","template":"","meta":{"_acf_changed":false,"inline_featured_image":false,"footnotes":""},"class_list":["post-9679","page","type-page","status-publish","hentry"],"acf":[],"_links":{"self":[{"href":"https:\/\/www.seldenmast.com\/sv\/wp-json\/wp\/v2\/pages\/9679","targetHints":{"allow":["GET"]}}],"collection":[{"href":"https:\/\/www.seldenmast.com\/sv\/wp-json\/wp\/v2\/pages"}],"about":[{"href":"https:\/\/www.seldenmast.com\/sv\/wp-json\/wp\/v2\/types\/page"}],"author":[{"embeddable":true,"href":"https:\/\/www.seldenmast.com\/sv\/wp-json\/wp\/v2\/users\/3"}],"replies":[{"embeddable":true,"href":"https:\/\/www.seldenmast.com\/sv\/wp-json\/wp\/v2\/comments?post=9679"}],"version-history":[{"count":8,"href":"https:\/\/www.seldenmast.com\/sv\/wp-json\/wp\/v2\/pages\/9679\/revisions"}],"predecessor-version":[{"id":9736,"href":"https:\/\/www.seldenmast.com\/sv\/wp-json\/wp\/v2\/pages\/9679\/revisions\/9736"}],"wp:attachment":[{"href":"https:\/\/www.seldenmast.com\/sv\/wp-json\/wp\/v2\/media?parent=9679"}],"curies":[{"name":"wp","href":"https:\/\/api.w.org\/{rel}","templated":true}]}}