{"id":7291,"date":"2021-11-08T13:08:45","date_gmt":"2021-11-08T12:08:45","guid":{"rendered":"https:\/\/www.seldenmast.com\/?page_id=7291"},"modified":"2022-03-03T09:20:00","modified_gmt":"2022-03-03T08:20:00","slug":"om-oss","status":"publish","type":"page","link":"https:\/\/www.seldenmast.com\/sv\/om-oss\/","title":{"rendered":"Om Oss"},"content":{"rendered":"<div class=\"selden-gb-block block-spacer block-bg-color-greydark\" style=\"height: 74px\">\n<div class=\"main-wrapper-full-width\"><\/div><!-- .main-wrapper-full-width -->\t\n<\/div><!-- .block-spacer -->\n\n\n\r\n<div id=\"\" class=\"selden-gb-block block-story block-bg-color-greylight\">\r\n<div class=\"main-wrapper-full-width\">\r\n<div class=\"main-wrapper\">\r\n\r\n<div class=\"section group flex-right\">\r\n\r\n\t<div class=\"col story-col story_col_1\">\t\t\t\r\n\t\t\t<div class=\"block-story-content\">\t\r\n\t\t\t\r\n\t\t\t\t\t\r\n\t\t<\/div><!-- .col-content -->\t\t\t\r\n\t<\/div><!-- .col -->\r\n\t\t\r\n\t<div class=\"col story-col story_col_5\">\t\r\n\t\t\r\n\t\t<div class=\"block-story-content\">\r\n\t\t<div class=\"block-story-content-wrapper\">\t\t\r\n\t\t\r\n\t\t<h2>Om Oss<\/h2>\t\t\t\t<p>Seld\u00e9nkoncernen \u00e4r v\u00e4rldens ledande tillverkare av master och riggsystem i kolfiber och aluminium f\u00f6r jollar, k\u00f6lb\u00e5tar och deplacementb\u00e5tar. V\u00e5ra v\u00e4lk\u00e4nda varum\u00e4rken \u00e4r Seld\u00e9n och Furlex. Genom v\u00e4rldssucc\u00e9n Furlex rullfocksystem har vi byggt upp ett n\u00e4t av fler \u00e4n 750 auktoriserade \u00e5terf\u00f6rs\u00e4ljare som t\u00e4cker alla marina marknader \u00f6ver hela v\u00e4rlden. De ger dig snabb tillg\u00e5ng till service, reservdelar och kunnande varhelst du befinner dig<\/p>\n\t\t\r\n\t\t\t\t\r\n\t\t<\/div><!-- .block-story-wrapper -->\r\n\t\t<\/div><!-- .block-story-content -->\r\n\t<\/div><!-- .col -->\r\n\r\n<\/div><!-- .section --> \r\n \r\n<\/div><!-- .main-wrapper -->\t\r\n<\/div><!-- .main-wrapper-full-width -->\t\r\n<\/div><!-- .block-story -->\r\n\t\r\n\n\n\r\n<div id=\"\" class=\"selden-gb-block block-story block-bg-color-white\">\r\n<div class=\"main-wrapper-full-width\">\r\n<div class=\"main-wrapper\">\r\n\r\n<div class=\"section group flex-right\">\r\n\r\n\t<div class=\"col story-col story_col_3\">\t\t\t\r\n\t\t\t<div class=\"block-story-content\">\t\r\n\t\t\t\r\n\t\t\t\t\t\t\t\r\n\t\t\t\t\t\t<div class=\"story-img-img\"><img decoding=\"async\" src=\"https:\/\/www.seldenmast.com\/wp-content\/uploads\/1153.BImage2.jpg\" alt=\"In i minsta detalj\" \/><\/div>\r\n\t\t\t\t\r\n\t\t\t\t\t\r\n\t\t<\/div><!-- .col-content -->\t\t\t\r\n\t<\/div><!-- .col -->\r\n\t\t\r\n\t<div class=\"col story-col story_col_3\">\t\r\n\t\t\r\n\t\t<div class=\"block-story-content\">\r\n\t\t<div class=\"block-story-content-wrapper\">\t\t\r\n\t\t\r\n\t\t<h2>In i minsta detalj<\/h2>\t\t\t\t<p>Varje Seld\u00e9nrigg \u00e4r noggrant dimensionerad och genomt\u00e4nkt, och minsta detalj \u00e4r betydelsefull i v\u00e5rt s\u00f6kande efter b\u00e4sta m\u00f6jliga funktion och p\u00e5litlighet.<\/p>\n<p>Seld\u00e9ns f\u00f6retagsfilosofi kan sammanfattas under begreppen kvalitets- och systemt\u00e4nkande samt en oavbruten str\u00e4van mot att optimera din seglingsupplevelse.<\/p>\n\t\t\r\n\t\t\t\t\r\n\t\t<\/div><!-- .block-story-wrapper -->\r\n\t\t<\/div><!-- .block-story-content -->\r\n\t<\/div><!-- .col -->\r\n\r\n<\/div><!-- .section --> \r\n \r\n<\/div><!-- .main-wrapper -->\t\r\n<\/div><!-- .main-wrapper-full-width -->\t\r\n<\/div><!-- .block-story -->\r\n\t\r\n\n\n\r\n<div id=\"\" class=\"selden-gb-block block-story block-bg-color-greydark\">\r\n<div class=\"main-wrapper-full-width\">\r\n<div class=\"main-wrapper\">\r\n\r\n<div class=\"section group flex-right\">\r\n\r\n\t<div class=\"col story-col story_col_1\">\t\t\t\r\n\t\t\t<div class=\"block-story-content\">\t\r\n\t\t\t\r\n\t\t\t\t\t\r\n\t\t<\/div><!-- .col-content -->\t\t\t\r\n\t<\/div><!-- .col -->\r\n\t\t\r\n\t<div class=\"col story-col story_col_5\">\t\r\n\t\t\r\n\t\t<div class=\"block-story-content\">\r\n\t\t<div class=\"block-story-content-wrapper\">\t\t\r\n\t\t\r\n\t\t<h2>All segling \u00e4r v\u00e5r drivkraft<\/h2>\t\t\t\t<p>Med ett stort antal m\u00e4sterskapsmedaljer i Olympiader, VM, EM och nationella m\u00e4sterskap har vi visat att vi \u00e4r nummer ett \u00e4ven n\u00e4r det handlar om riggsystem f\u00f6r jollar och k\u00f6lb\u00e5tar. Oavsett b\u00e5tens storlek, om du seglar p\u00e5 gr\u00e4nsen av vad m\u00e4nniska och material t\u00e5l eller om du bara glider fram, v\u00e4ljer du Seld\u00e9n s\u00e5 v\u00e4ljer du f\u00f6rsta klass, hela v\u00e4gen.<\/p>\n\t\t\r\n\t\t\t\t\r\n\t\t<\/div><!-- .block-story-wrapper -->\r\n\t\t<\/div><!-- .block-story-content -->\r\n\t<\/div><!-- .col -->\r\n\r\n<\/div><!-- .section --> \r\n \r\n<\/div><!-- .main-wrapper -->\t\r\n<\/div><!-- .main-wrapper-full-width -->\t\r\n<\/div><!-- .block-story -->\r\n\t\r\n\n\n\r\n\t\r\n<div class=\"selden-gb-block block-image-full-width\">\r\n<div class=\"main-wrapper-full-width\">\r\n\r\n\t<div class=\"hero-wrapper\">\t\t\r\n\t\t\r\n\t\t\r\n\t\t<div class=\"hero-img-wrapper resp-height-large img-bg-position-cc\" style=\"background-image:url('https:\/\/www.seldenmast.com\/wp-content\/uploads\/1153.BImage1.jpg');\"><\/div>\t\t\r\n\t<div class=\"image-full-width-btn-wrapper\">\r\n\t<div class=\"image-full-width-btn-wrapper-width\">\r\n\t<div class=\"image-full-width-btn-wrapper-valign\">\r\n\t\t<\/div><!-- .image-full-width-btn-wrapper-valign -->\r\n\t<\/div><!-- .image-full-width-btn-wrapper-width -->\r\n\t<\/div><!-- .image-full-width-btn-wrapper -->\r\n<\/div><!-- .hero-wrapper -->\t\r\n\r\n<\/div><!-- .main-wrapper-full-width -->\r\n<\/div><!-- .block-image-full-width --> \r\n","protected":false},"excerpt":{"rendered":"","protected":false},"author":4,"featured_media":0,"parent":0,"menu_order":900,"comment_status":"closed","ping_status":"closed","template":"","meta":{"_acf_changed":false,"inline_featured_image":false,"footnotes":""},"class_list":["post-7291","page","type-page","status-publish","hentry"],"acf":[],"_links":{"self":[{"href":"https:\/\/www.seldenmast.com\/sv\/wp-json\/wp\/v2\/pages\/7291","targetHints":{"allow":["GET"]}}],"collection":[{"href":"https:\/\/www.seldenmast.com\/sv\/wp-json\/wp\/v2\/pages"}],"about":[{"href":"https:\/\/www.seldenmast.com\/sv\/wp-json\/wp\/v2\/types\/page"}],"author":[{"embeddable":true,"href":"https:\/\/www.seldenmast.com\/sv\/wp-json\/wp\/v2\/users\/4"}],"replies":[{"embeddable":true,"href":"https:\/\/www.seldenmast.com\/sv\/wp-json\/wp\/v2\/comments?post=7291"}],"version-history":[{"count":6,"href":"https:\/\/www.seldenmast.com\/sv\/wp-json\/wp\/v2\/pages\/7291\/revisions"}],"predecessor-version":[{"id":7842,"href":"https:\/\/www.seldenmast.com\/sv\/wp-json\/wp\/v2\/pages\/7291\/revisions\/7842"}],"wp:attachment":[{"href":"https:\/\/www.seldenmast.com\/sv\/wp-json\/wp\/v2\/media?parent=7291"}],"curies":[{"name":"wp","href":"https:\/\/api.w.org\/{rel}","templated":true}]}}