{"id":7283,"date":"2021-11-08T13:04:53","date_gmt":"2021-11-08T12:04:53","guid":{"rendered":"https:\/\/www.seldenmast.com\/?page_id=7283"},"modified":"2026-01-07T10:15:09","modified_gmt":"2026-01-07T09:15:09","slug":"career","status":"publish","type":"page","link":"https:\/\/www.seldenmast.com\/sv\/career\/","title":{"rendered":"Jobba hos oss"},"content":{"rendered":"\r\n\t\r\n<div class=\"selden-gb-block block-image-full-width\">\r\n<div class=\"main-wrapper-full-width\">\r\n\r\n\t<div class=\"hero-wrapper\">\t\t\r\n\t\t\r\n\t\t\r\n\t\t<div class=\"hero-img-wrapper resp-height-medium img-bg-position-cc\" style=\"background-image:url('https:\/\/www.seldenmast.com\/wp-content\/uploads\/MBBR16-1253.jpeg');\"><\/div>\t\t\r\n\t<div class=\"image-full-width-btn-wrapper\">\r\n\t<div class=\"image-full-width-btn-wrapper-width\">\r\n\t<div class=\"image-full-width-btn-wrapper-valign\">\r\n\t\t<\/div><!-- .image-full-width-btn-wrapper-valign -->\r\n\t<\/div><!-- .image-full-width-btn-wrapper-width -->\r\n\t<\/div><!-- .image-full-width-btn-wrapper -->\r\n<\/div><!-- .hero-wrapper -->\t\r\n\r\n<\/div><!-- .main-wrapper-full-width -->\r\n<\/div><!-- .block-image-full-width --> \r\n\n\n<div class=\"selden-gb-block block-seperator block-bg-color-white\">\n<div class=\"main-wrapper-full-width\">\n<div class=\"main-wrapper\">\n\t<hr class=\"seperator\" \/><!-- .seperator -->\t\n<\/div><!-- .main-wrapper -->\t\n<\/div><!-- .main-wrapper-full-width -->\t\n<\/div><!-- .block-seperator -->\n\n\n\r\n<div id=\"\" class=\"selden-gb-block block-story block-bg-color-white\">\r\n<div class=\"main-wrapper-full-width\">\r\n<div class=\"main-wrapper\">\r\n\r\n<div class=\"section group flex-right\">\r\n\r\n\t<div class=\"col story-col story_col_2\">\t\t\t\r\n\t\t\t<div class=\"block-story-content\">\t\r\n\t\t\t\r\n\t\t\t\t\t\r\n\t\t<\/div><!-- .col-content -->\t\t\t\r\n\t<\/div><!-- .col -->\r\n\t\t\r\n\t<div class=\"col story-col story_col_4\">\t\r\n\t\t\r\n\t\t<div class=\"block-story-content\">\r\n\t\t<div class=\"block-story-content-wrapper\">\t\t\r\n\t\t\r\n\t\t<h2>Produktutvecklare &#038; Ber\u00e4kningssupport hos Seld\u00e9n Mast AB.<\/h2>\t\t<p class=\"preamble\">V\u00e5r tekniska avdelning i G\u00f6teborg s\u00f6ker nu en seglingsintresserad produktutvecklare med ber\u00e4kningskompetens.<\/p>\t\t<p><strong>Om oss<\/strong><\/p>\n<p>Seld\u00e9nkoncernen \u00e4r idag en v\u00e4rldsledande leverant\u00f6r av master, riggsystem, d\u00e4cksutrustning och segelmakarutrustning till segelb\u00e5tar i alla storlekar, fr\u00e5n jollar till 80-fots yachter. St\u00e4ndig utveckling under dryga 60 \u00e5r har gjort oss k\u00e4nda f\u00f6r ett h\u00f6gkvalitativt produktsortiment f\u00f6r s\u00e4ker och bekv\u00e4m segelhantering. Vi har dotterbolag med egen produktion i Sverige, England, Nederl\u00e4nderna, Frankrike och USA.<\/p>\n<p>Vi \u00e4r idag omkring 280 anst\u00e4llda varav ca 80 i G\u00f6teborg. V\u00e5r tekniska avdelning i G\u00f6teborg best\u00e5r av ca 15 personer. Vi har \u00e4ven produktutveckling i v\u00e5rt bolag i England.<\/p>\n<p>Ytterligare information hittar du p\u00e5 <a href=\"http:\/\/www.seldenmast.com\">www.seldenmast.com<\/a>.<\/p>\n<p><strong>\u00a0<\/strong><\/p>\n<p><strong>Tj\u00e4nsten<\/strong><\/p>\n<p>Tillsammans ansvarar vi f\u00f6r att utveckla och v\u00e5rda ett v\u00e4rldsledande produktsortiment f\u00f6r s\u00e4ker och bekv\u00e4m segelhantering f\u00f6r b\u00e5tar alltifr\u00e5n den minsta jollen till 80-fots yachts. Vi s\u00f6ker nu en produktutvecklare med goda ber\u00e4kningskunskaper som framf\u00f6r allt kommer arbeta inom produktomr\u00e5det mast. Tj\u00e4nsten innefattar produktutveckling, h\u00e5llfasthetsber\u00e4kning, produktv\u00e5rd, teknisk dokumentation samt teknisk support, framf\u00f6r allt till v\u00e5ra s\u00e4ljare, men \u00e4ven till externa kunder. Vi konstruerar, testar och kvalitetss\u00e4krar produkter med h\u00f6ga krav p\u00e5 funktionell design samt l\u00e5ng livsl\u00e4ngd i tuffa milj\u00f6er. En stor del av det dagliga arbetet sker i CAD verktyget Creo.<\/p>\n<p>Du arbetar \u00e4ven tillsammans med v\u00e5ra ber\u00e4kningsingenj\u00f6rer med att serva samtliga Seld\u00e9n-bolag med dimensionering av kompletta riggar. Du har ofta direkt kontakt med segelb\u00e5tsdesigners och kunder, b\u00e5de i och utanf\u00f6r Sverige. Det \u00e4r d\u00e4rf\u00f6r viktigt att du \u00e4r kunnig och intresserad av b\u00e5de segling och h\u00e5llfasthetsl\u00e4ra.<\/p>\n<p>Riggdimensionering sker framf\u00f6r allt i egenutvecklad programvara, men \u00e4ven i FEM program vid behov.<\/p>\n<p>&nbsp;<\/p>\n<p><strong>\u00a0<\/strong><\/p>\n<p><strong>Vad vi s\u00f6ker<\/strong><\/p>\n<ul>\n<li>H\u00f6gskole- eller Civilingenj\u00f6r med goda kunskaper inom mekanik-konstruktion samt strukturella ber\u00e4kningar.<\/li>\n<li>Seglingserfarenhet- och intresse. Kappseglingsmeriter ej n\u00f6dv\u00e4ndigt.<\/li>\n<li>F\u00e4rdigheter i Creo Parametric samt kunskaper om tillverkning i aluminium och rostfritt st\u00e5l samt formsprutade plastdetaljer \u00e4r meriterande.<\/li>\n<li>Goda kunskaper i svenska och engelska, b\u00e5de i tal och skrift.<\/li>\n<\/ul>\n<p>&nbsp;<\/p>\n<p>&nbsp;<\/p>\n<p>&nbsp;<\/p>\n<p><strong>F\u00f6rm\u00e5ner och Arbetsmilj\u00f6<\/strong><br \/>\nVi erbjuder frihet under ansvar i en utvecklande och varierande arbetsmilj\u00f6. Du arbetar n\u00e4ra produkten i en tekniskt komplex och sp\u00e4nnande milj\u00f6. Vi s\u00e4tter v\u00e4rde p\u00e5 flexibel arbetstid och ger dig m\u00f6jlighet att p\u00e5verka ditt dagliga arbete samt verksamheten i stort. Vi har kollektivavtal.<\/p>\n<p>&nbsp;<\/p>\n<p>&nbsp;<\/p>\n<p><strong>Anst\u00e4llningsform<\/strong><\/p>\n<p>Tillsvidareanst\u00e4llning,\u00a0 Heltid<\/p>\n<p>&nbsp;<\/p>\n<p><strong>Ans\u00f6kan och Kontakt<\/strong><\/p>\n<p>V\u00e4lkommen att skicka in din ans\u00f6kan med CV och betyg till;<\/p>\n<p>&nbsp;<\/p>\n<p>Nils Janh\u00e4ll,\u00a0<a href=\"mailto:nj@seldenmast.se\">nj@seldenmast.se<\/a><\/p>\n<p>Seld\u00e9n Mast AB<\/p>\n<p>Redegatan 11<\/p>\n<p>426 77 V\u00e4stra Fr\u00f6lunda.<\/p>\n<p>Vid fr\u00e5gor, kontakta\u00a0Nils Janh\u00e4ll, 0708523790<\/p>\n<p>Vi genomf\u00f6r intervjuer och urval l\u00f6pande, s\u00e5 v\u00e4nta inte med din ans\u00f6kan.<\/p>\n<p>Tj\u00e4nsten \u00e4r aktuell s\u00e5 l\u00e4nge annonsen \u00e4r kvar.<\/p>\n<p>&nbsp;<\/p>\n<p><strong>V\u00e4lkommen med din ans\u00f6kan!<\/strong><\/p>\n<p>&nbsp;<\/p>\n<p>Jobbs\u00e4ljare ombedes att inte ringa.<\/p>\n\t\t\r\n\t\t\t\t\r\n\t\t<\/div><!-- .block-story-wrapper -->\r\n\t\t<\/div><!-- .block-story-content -->\r\n\t<\/div><!-- .col -->\r\n\r\n<\/div><!-- .section --> \r\n \r\n<\/div><!-- .main-wrapper -->\t\r\n<\/div><!-- .main-wrapper-full-width -->\t\r\n<\/div><!-- .block-story -->\r\n\t\r\n","protected":false},"excerpt":{"rendered":"","protected":false},"author":4,"featured_media":0,"parent":0,"menu_order":0,"comment_status":"closed","ping_status":"closed","template":"","meta":{"_acf_changed":false,"inline_featured_image":false,"footnotes":""},"class_list":["post-7283","page","type-page","status-publish","hentry"],"acf":[],"_links":{"self":[{"href":"https:\/\/www.seldenmast.com\/sv\/wp-json\/wp\/v2\/pages\/7283","targetHints":{"allow":["GET"]}}],"collection":[{"href":"https:\/\/www.seldenmast.com\/sv\/wp-json\/wp\/v2\/pages"}],"about":[{"href":"https:\/\/www.seldenmast.com\/sv\/wp-json\/wp\/v2\/types\/page"}],"author":[{"embeddable":true,"href":"https:\/\/www.seldenmast.com\/sv\/wp-json\/wp\/v2\/users\/4"}],"replies":[{"embeddable":true,"href":"https:\/\/www.seldenmast.com\/sv\/wp-json\/wp\/v2\/comments?post=7283"}],"version-history":[{"count":19,"href":"https:\/\/www.seldenmast.com\/sv\/wp-json\/wp\/v2\/pages\/7283\/revisions"}],"predecessor-version":[{"id":9488,"href":"https:\/\/www.seldenmast.com\/sv\/wp-json\/wp\/v2\/pages\/7283\/revisions\/9488"}],"wp:attachment":[{"href":"https:\/\/www.seldenmast.com\/sv\/wp-json\/wp\/v2\/media?parent=7283"}],"curies":[{"name":"wp","href":"https:\/\/api.w.org\/{rel}","templated":true}]}}