{"id":6558,"date":"2020-05-04T16:29:42","date_gmt":"2020-05-04T14:29:42","guid":{"rendered":"https:\/\/www.seldenmast.com\/produkter\/electric-installations\/"},"modified":"2023-01-16T12:09:01","modified_gmt":"2023-01-16T11:09:01","slug":"electric-installations","status":"publish","type":"page","link":"https:\/\/www.seldenmast.com\/sv\/produkter\/electric-installations\/","title":{"rendered":"SEL-Bus installationer"},"content":{"rendered":"<div class=\"selden-gb-block block-spacer block-bg-color-greydark\" style=\"height: 100px\">\n<div class=\"main-wrapper-full-width\"><\/div><!-- .main-wrapper-full-width -->\t\n<\/div><!-- .block-spacer -->\n\n\n\r\n<div id=\"\" class=\"selden-gb-block block-story block-bg-color-greydark\">\r\n<div class=\"main-wrapper-full-width\">\r\n<div class=\"main-wrapper\">\r\n\r\n<div class=\"section group flex-right\">\r\n\r\n\t<div class=\"col story-col story_col_2\">\t\t\t\r\n\t\t\t<div class=\"block-story-content\">\t\r\n\t\t\t\r\n\t\t\t\t\t\t\t\r\n\t\t\t\t\t\t<div class=\"story-img-img\"><img decoding=\"async\" src=\"https:\/\/www.seldenmast.com\/wp-content\/uploads\/Powered-by-SEL-Bus-fig-Web.svg\" alt=\"STR\u00d6MF\u00d6RS\u00d6RJNING OCH SEL-BUS SYSTEM\" \/><\/div>\r\n\t\t\t\t\r\n\t\t\t\t\t\r\n\t\t<\/div><!-- .col-content -->\t\t\t\r\n\t<\/div><!-- .col -->\r\n\t\t\r\n\t<div class=\"col story-col story_col_4\">\t\r\n\t\t\r\n\t\t<div class=\"block-story-content\">\r\n\t\t<div class=\"block-story-content-wrapper\">\t\t\r\n\t\t\r\n\t\t<h2>STR\u00d6MF\u00d6RS\u00d6RJNING OCH SEL-BUS SYSTEM<\/h2>\t\t\t\t<p>Seld\u00e9ns str\u00f6mf\u00f6rs\u00f6rjningssystem omvandlar 12V eller 24V sp\u00e4nning till 42V vilket ger sm\u00e5 kompakta elmotorer och tunnare kablar. Varje funktion har sin egen kontrollbox och de \u00e4r kopplade till SEL-Bus, ett signalsystem f\u00f6r kontrollerad segelhantering utan \u00f6verbelastningar. N\u00e4r systemet inte \u00e4r i bruk g\u00e5r det ner i \u201dstand-by\u201d l\u00e4ge f\u00f6r att mimimera str\u00f6mf\u00f6rbrukningen.<\/p>\n\t\t\r\n\t\t\t\t\r\n\t\t<\/div><!-- .block-story-wrapper -->\r\n\t\t<\/div><!-- .block-story-content -->\r\n\t<\/div><!-- .col -->\r\n\r\n<\/div><!-- .section --> \r\n \r\n<\/div><!-- .main-wrapper -->\t\r\n<\/div><!-- .main-wrapper-full-width -->\t\r\n<\/div><!-- .block-story -->\r\n\t\r\n\n\n<div class=\"block-image-map-pro block-bg-color-white\"><div class=\"main-wrapper-full-width\"><div class=\"main-wrapper\">\n<div class=\"wp-block-image-map-pro-image-map-pro is-style-imagemappro-large\"><div id=\"image-map-pro-3456\"><\/div><\/div>\n<\/div><!-- .main-wrapper --><\/div><!-- .main-wrapper-full-width --><\/div><!-- .block-image-map-pro -->\n\n<div id=\"downloads\" class=\"selden-gb-block block-downloads  block-bg-color-white\">\r\n<div class=\"main-wrapper-full-width\">\t\r\n<div class=\"main-wrapper\">\r\n\r\n<div class=\"downloads-text-wrapper\">\r\n\t\t\t\r\n<\/div><!-- .slider-text-wrapper -->\r\n\t\r\n<div class=\"downloads-list-wrapper\">\r\n<div class=\"section group\">\r\n\t\t\r\n\r\n<div class=\"col span_1_of_2\">\r\n<div class=\"downloads-group\">\t\r\n<a href=\"https:\/\/www.seldenmast.com\/test-page\/dealer-list\/?cat=ATI,AFD,RIS,SMK,RES,ECOM\">\r\n<div class=\"downloads-group-header\">\r\n<div class=\"section group\">\r\n<div class=\"col downloads_item_col_1_of_3\"><div class=\"icon-dl-measurement-wrapper icon-dl-measurement\"><\/div><\/div><!-- .col -->\r\n\t<div class=\"col downloads_item_col_2_of_3\"><div class=\"downloads-item-title\">Hitta &Aring;terf&ouml;rs&auml;ljare<\/div><\/div><!-- .col -->\r\n\t<div class=\"col downloads_item_col_3_of_3\"><img decoding=\"async\" src=\"https:\/\/www.seldenmast.com\/wp-content\/themes\/selden\/images\/test-downloads-link-external.png\"><\/div><!-- .col -->\r\n<\/div><!-- .section -->\r\n<\/div><!-- .downloads-group-header -->\r\n<\/a>\r\n<\/div><!-- .downloads-group -->\r\n<\/div><!-- .col -->\r\n\r\n\t\r\n\t\r\n\t\r\n\t\t\t\r\n\t\t\t\t\t \r\n<div class=\"col span_1_of_2\">\t\t\t\t\t \r\n<div class=\"downloads-group\">\r\n\t\t\t\t\r\n<div class=\"downloads-group-header downloads-group-header-toggler\">\r\n\r\n<div class=\"section group\">\r\n<div class=\"col downloads_item_col_1_of_3\"><div class=\"icon-dl-book-wrapper icon-dl-book\"><\/div><\/div><!-- .col -->\r\n<div class=\"col downloads_item_col_2_of_3\"><div class=\"downloads-item-title\">Broschyrer<\/div><\/div><!-- .col -->\r\n<div class=\"col downloads_item_col_3_of_3\"><img decoding=\"async\" src=\"https:\/\/www.seldenmast.com\/wp-content\/themes\/selden\/images\/test-downloads-pil-ner.png\"><\/div><!-- .col -->\r\n<\/div><!-- .section -->\r\n<\/div><!-- .downloads-group-header -->\r\n\t\r\n<div class=\"downloads-group-files\">\r\n\t\r\n\t<ul>\r\n\r\n\t\t\t\t\t \t\t\r\n<li><a href=\"https:\/\/support.seldenmast.com\/files\/597-470-E.pdf\" target=\"_blank\">E40i -electric winch<\/a><\/li>\r\n\t\t\r\n<li><a href=\"https:\/\/support.seldenmast.com\/files\/595-967-E.pdf\" target=\"_blank\">Furlex Electric<\/a><\/li>\r\n\t\t\r\n<li><a href=\"https:\/\/support.seldenmast.com\/files\/597-469-E.pdf\" target=\"_blank\">Synchronized main furling<\/a><\/li>\r\n\t\t\t<\/ul>\r\n\t\t\t<\/div><!-- .downloads-group-files -->\t\r\n\t\t\t<\/div><!-- .downloads-group -->\r\n\t\t\t<\/div><!-- .col -->\r\n\t\t\t\t\t\r\n\t\t\t\t\t \r\n<div class=\"col span_1_of_2\">\t\t\t\t\t \r\n<div class=\"downloads-group\">\r\n\t\t\t\t\r\n<div class=\"downloads-group-header downloads-group-header-toggler\">\r\n\r\n<div class=\"section group\">\r\n<div class=\"col downloads_item_col_1_of_3\"><div class=\"icon-dl-settings-wrapper icon-dl-settings\"><\/div><\/div><!-- .col -->\r\n<div class=\"col downloads_item_col_2_of_3\"><div class=\"downloads-item-title\">Teknisk information<\/div><\/div><!-- .col -->\r\n<div class=\"col downloads_item_col_3_of_3\"><img decoding=\"async\" src=\"https:\/\/www.seldenmast.com\/wp-content\/themes\/selden\/images\/test-downloads-pil-ner.png\"><\/div><!-- .col -->\r\n<\/div><!-- .section -->\r\n<\/div><!-- .downloads-group-header -->\r\n\t\r\n<div class=\"downloads-group-files\">\r\n\t\r\n\t<ul>\r\n\r\n\t\t\t\t\t \t\t\r\n<li><a href=\"https:\/\/support.seldenmast.com\/files\/597-274-E.pdf\" target=\"_blank\">Furlex Electric &#8211; Supplementary manual<\/a><\/li>\r\n\t\t\r\n<li><a href=\"https:\/\/support.seldenmast.com\/files\/595-762-E.pdf\" target=\"_blank\">Illuminated Push button<\/a><\/li>\r\n\t\t\r\n<li><a href=\"https:\/\/support.seldenmast.com\/files\/597-455-E.pdf\" target=\"_blank\">Manual for E40i<\/a><\/li>\r\n\t\t\r\n<li><a href=\"https:\/\/support.seldenmast.com\/files\/597-283-E.pdf\" target=\"_blank\">Order Guide &#8211; Seld\u00e9n Power Supply and SEL-Bus system<\/a><\/li>\r\n\t\t\r\n<li><a href=\"https:\/\/support.seldenmast.com\/files\/597-275-E.pdf\" target=\"_blank\">Power supply and SEL-Bus system<\/a><\/li>\r\n\t\t\r\n<li><a href=\"https:\/\/support.seldenmast.com\/files\/597-518-E.pdf\" target=\"_blank\">Questions &#038; answers<\/a><\/li>\r\n\t\t\r\n<li><a href=\"https:\/\/support.seldenmast.com\/files\/597-484-E\" target=\"_blank\">User guide and insallation manual for SMF retrofit kit Type RC<\/a><\/li>\r\n\t\t\r\n<li><a href=\"https:\/\/support.seldenmast.com\/files\/597-460-E.pdf\" target=\"_blank\">User guide and installation manual for SMF retrofit kit Type RB<\/a><\/li>\r\n\r\n\t\r\n\t\t\r\n\t\t\r\n\t\t\r\n\t\t\r\n<\/ul>\r\n<\/div><!-- .downloads-group-files -->\r\n<\/div><!-- .downloads-group -->\r\n<\/div><!-- .col -->\r\n\t\t\r\n\t\t\r\n\r\n\t\t\r\n\t\r\n\r\n<\/div><!-- .section -->\r\n\t<\/div><!-- .downloads-list-wrapper -->\r\n\r\n<\/div><!-- .main-wrapper -->\r\n<\/div><!-- .main-wrapper-full-width -->\r\n<\/div><!-- .block-downloads -->\t\r\n\n\n\r\n\t\r\n<div class=\"selden-gb-block block-image-full-width\">\r\n<div class=\"main-wrapper-full-width\">\r\n\r\n\t<div class=\"hero-wrapper\">\t\t\r\n\t\t\r\n<div class=\"hero-img-wrapper hero-video-wrapper resp-height-viewport\">\r\n<div class=\"video-wrapper\">\r\n<div class=\"video-container\">\t\t\t\t\t  \r\n\t<video class=\"video-view video-bg\" autoplay muted loop webkit-playsinline playsinline preload=\"metadata\" poster=\"\">    \r\n\t<source src=\"https:\/\/www.seldenmast.com\/wp-content\/uploads\/SMF1_1.mp4\" type=\"video\/mp4\">\r\n\t<\/video>\r\n<\/div><!-- .video-container -->\t\r\n<\/div><!-- .video-wrapper -->\r\n<\/div>\r\n\t\r\n\t<div class=\"image-full-width-btn-wrapper\">\r\n\t<div class=\"image-full-width-btn-wrapper-width\">\r\n\t<div class=\"image-full-width-btn-wrapper-valign\">\r\n\t\t<\/div><!-- .image-full-width-btn-wrapper-valign -->\r\n\t<\/div><!-- .image-full-width-btn-wrapper-width -->\r\n\t<\/div><!-- .image-full-width-btn-wrapper -->\r\n<\/div><!-- .hero-wrapper -->\t\r\n\r\n<\/div><!-- .main-wrapper-full-width -->\r\n<\/div><!-- .block-image-full-width --> \r\n","protected":false},"excerpt":{"rendered":"","protected":false},"author":7,"featured_media":0,"parent":6266,"menu_order":22,"comment_status":"closed","ping_status":"closed","template":"","meta":{"_acf_changed":false,"inline_featured_image":false,"footnotes":""},"class_list":["post-6558","page","type-page","status-publish","hentry"],"acf":[],"_links":{"self":[{"href":"https:\/\/www.seldenmast.com\/sv\/wp-json\/wp\/v2\/pages\/6558","targetHints":{"allow":["GET"]}}],"collection":[{"href":"https:\/\/www.seldenmast.com\/sv\/wp-json\/wp\/v2\/pages"}],"about":[{"href":"https:\/\/www.seldenmast.com\/sv\/wp-json\/wp\/v2\/types\/page"}],"author":[{"embeddable":true,"href":"https:\/\/www.seldenmast.com\/sv\/wp-json\/wp\/v2\/users\/7"}],"replies":[{"embeddable":true,"href":"https:\/\/www.seldenmast.com\/sv\/wp-json\/wp\/v2\/comments?post=6558"}],"version-history":[{"count":9,"href":"https:\/\/www.seldenmast.com\/sv\/wp-json\/wp\/v2\/pages\/6558\/revisions"}],"predecessor-version":[{"id":8362,"href":"https:\/\/www.seldenmast.com\/sv\/wp-json\/wp\/v2\/pages\/6558\/revisions\/8362"}],"up":[{"embeddable":true,"href":"https:\/\/www.seldenmast.com\/sv\/wp-json\/wp\/v2\/pages\/6266"}],"wp:attachment":[{"href":"https:\/\/www.seldenmast.com\/sv\/wp-json\/wp\/v2\/media?parent=6558"}],"curies":[{"name":"wp","href":"https:\/\/api.w.org\/{rel}","templated":true}]}}