{"id":6526,"date":"2020-05-04T16:28:49","date_gmt":"2020-05-04T14:28:49","guid":{"rendered":"https:\/\/www.seldenmast.com\/produkter\/hydraulics\/"},"modified":"2022-02-02T08:29:38","modified_gmt":"2022-02-02T07:29:38","slug":"hydraulics","status":"publish","type":"page","link":"https:\/\/www.seldenmast.com\/sv\/produkter\/hydraulics\/","title":{"rendered":"Hydraulik"},"content":{"rendered":"<div class=\"selden-gb-block block-spacer block-bg-color-greydark\" style=\"height: 65px\">\n<div class=\"main-wrapper-full-width\"><\/div><!-- .main-wrapper-full-width -->\t\n<\/div><!-- .block-spacer -->\n\n\n<div id=\"\" class=\"selden-gb-block block-hero block-bg-color-white  resp-height-large\">\r\n<div class=\"main-wrapper-full-width\">\r\n\t<div class=\"hero-wrapper\" resp-height-large\">\r\n\t\r\n<div class=\"hero-img-wrapper hero-video-wrapper resp-height-large\">\r\n<div class=\"video-wrapper\">\r\n<div class=\"video-container\">\t\t\t\t\t  \r\n\t<video class=\"video-view video-bg\" autoplay muted loop webkit-playsinline playsinline preload=\"metadata\" poster=\"\">    \r\n\t<source src=\"https:\/\/www.seldenmast.com\/wp-content\/uploads\/Selden_HR64-Anamorphic-kopia.mp4\" type=\"video\/mp4\">\r\n\t<\/video>\r\n<\/div><!-- .video-container -->\t\r\n<\/div><!-- .video-wrapper -->\r\n<\/div>\r\n\t\t\t\r\n\t\r\n\t<div class=\"hero-text-wrapper\">\r\n\t<div class=\"hero-text-width\">\r\n\t<div class=\"hero-text-block hero-text-block-top\">\t\r\n\t<div class=\"\">\t\t\r\n\t<h1>ATT SEGLA MED FINGERTOPPK\u00c4NSLA<\/h1>\t\t\t<\/div><!-- .hero-text-bg -->\r\n\t\t\r\n\t<\/div><!-- .hero-text-block -->\t\r\n\t\r\n\t<\/div><!-- .hero-text-width-->\r\n\t<\/div><!-- .hero-text-wrapper -->\t\t\t\r\n\t\t\r\n\t\t\r\n\t\t\r\n\t\t<div class=\"mouse-scroll\">\r\n\t<div class=\"icon-mouse-scroll-wrapper icon-mouse-scroll\"><\/div>\t\r\n\t\t<\/div><!-- .mouse-scroll -->\r\n\t\t\r\n\t<\/div><!-- .hero-wrapper -->\t\r\n\r\n<\/div><!-- .main-wrapper-full-width -->\r\n<\/div><!-- .block-hero --> \r\n\n\n<div id=\"\" class=\"selden-gb-block block-shortcuts block-bg-color-greydark\">\r\n<div class=\"main-wrapper-full-width\">\t\r\n<div class=\"main-wrapper\">\r\n\t\r\n\t<div class=\"shortcuts-list-wrapper\">\r\n\t<div class=\"section group\">\t\t\r\n\t\t\r\n\t\t\r\n\t\t\t<div class=\"col shortcuts_list_1_of_3\">\r\n\t\t\t\t\t\r\n\t\t\t<a href=\"#bm_forcruising\">\t\t\t<div class=\"shortcuts-list-item\">\t\t\r\n\t\t\r\n\t\t\t<div class=\"shortcuts-list-item-img\">\r\n\t\t\t<div class=\"square\">\r\n\t\t\t\t<div class=\"square-content square-rounded\" style=\"background-image: url(https:\/\/www.seldenmast.com\/wp-content\/uploads\/Knapptryck-21-New.jpg);\"><\/div><!-- .square-content -->\r\n\t\t\t<\/div><!-- .square --> \r\n\t\t\t<\/div>\t\t\r\n\t\t\t\t\r\n\t\t\t<div class=\"shortcuts-list-item-info\">\t\t\r\n\t\t\t\t\t<div class=\"shortcuts-list-item-title\">Hydraulik f\u00f6r bekv\u00e4m och s\u00e4ker segling<\/div><!-- .shortcuts-list-item-title -->\t\t\t\t\r\n\t\t\t<\/div><!-- .shortcuts-list-item-info -->\r\n\t\t\t<\/div><!-- .shortcuts-list-item -->\r\n\t\t\t<\/a>\t\r\n\t\t\t\t\t\t\r\n\t\t<\/div><!-- .col -->\r\n\t\t\r\n\t\t\t\r\n\t\t\t<div class=\"col shortcuts_list_1_of_3\">\r\n\t\t\t\t\t\r\n\t\t\t<a href=\"#bm_fortrim\">\t\t\t<div class=\"shortcuts-list-item\">\t\t\r\n\t\t\r\n\t\t\t<div class=\"shortcuts-list-item-img\">\r\n\t\t\t<div class=\"square\">\r\n\t\t\t\t<div class=\"square-content square-rounded\" style=\"background-image: url(https:\/\/www.seldenmast.com\/wp-content\/uploads\/Pump-station_Selden_HR64-193.png);\"><\/div><!-- .square-content -->\r\n\t\t\t<\/div><!-- .square --> \r\n\t\t\t<\/div>\t\t\r\n\t\t\t\t\r\n\t\t\t<div class=\"shortcuts-list-item-info\">\t\t\r\n\t\t\t\t\t<div class=\"shortcuts-list-item-title\">Hydraulik f\u00f6r segeltrim<\/div><!-- .shortcuts-list-item-title -->\t\t\t\t\r\n\t\t\t<\/div><!-- .shortcuts-list-item-info -->\r\n\t\t\t<\/div><!-- .shortcuts-list-item -->\r\n\t\t\t<\/a>\t\r\n\t\t\t\t\t\t\r\n\t\t<\/div><!-- .col -->\r\n\t\t\r\n\t\t\t\r\n\t\t\t<div class=\"col shortcuts_list_1_of_3\">\r\n\t\t\t\t\t\r\n\t\t\t<a href=\"#bm_rigtensioning\">\t\t\t<div class=\"shortcuts-list-item\">\t\t\r\n\t\t\r\n\t\t\t<div class=\"shortcuts-list-item-img\">\r\n\t\t\t<div class=\"square\">\r\n\t\t\t\t<div class=\"square-content square-rounded\" style=\"background-image: url(https:\/\/www.seldenmast.com\/wp-content\/uploads\/Mast-jack.svg);\"><\/div><!-- .square-content -->\r\n\t\t\t<\/div><!-- .square --> \r\n\t\t\t<\/div>\t\t\r\n\t\t\t\t\r\n\t\t\t<div class=\"shortcuts-list-item-info\">\t\t\r\n\t\t\t\t\t<div class=\"shortcuts-list-item-title\">Hydraulik f\u00f6r riggtrim<\/div><!-- .shortcuts-list-item-title -->\t\t\t\t\r\n\t\t\t<\/div><!-- .shortcuts-list-item-info -->\r\n\t\t\t<\/div><!-- .shortcuts-list-item -->\r\n\t\t\t<\/a>\t\r\n\t\t\t\t\t\t\r\n\t\t<\/div><!-- .col -->\r\n\t\t\r\n\t\t\t\r\n\t<\/div><!-- .section -->\t\r\n\t<\/div><!-- .shortcuts-list-wrapper -->\r\n\r\n<\/div><!-- .main-wrapper -->\r\n<\/div><!-- .main-wrapper-full-width -->\r\n<\/div><!-- .block-shortcuts -->\t\r\n\n\n\r\n<div id=\"\" class=\"selden-gb-block block-story block-bg-color-white\">\r\n<div class=\"main-wrapper-full-width\">\r\n<div class=\"main-wrapper\">\r\n\r\n<div class=\"section group flex-right\">\r\n\r\n\t<div class=\"col story-col story_col_2\">\t\t\t\r\n\t\t\t<div class=\"block-story-content\">\t\r\n\t\t\t\r\n\t\t\t\t\t\r\n\t\t<\/div><!-- .col-content -->\t\t\t\r\n\t<\/div><!-- .col -->\r\n\t\t\r\n\t<div class=\"col story-col story_col_4\">\t\r\n\t\t\r\n\t\t<div class=\"block-story-content\">\r\n\t\t<div class=\"block-story-content-wrapper\">\t\t\r\n\t\t\r\n\t\t<h2>HYDRAULIK<\/h2>\t\t\t\t<p>Seld\u00e9ns sortiment av hydrauliska funktioner f\u00f6r rigg- och segelhantering ger n\u00f6jesseglaren s\u00e4kerhet och bekv\u00e4mlighet f\u00f6r en liten bes\u00e4ttning, och kappseglaren kan utnyttja tekniken f\u00f6r att optimera riggsp\u00e4nningen efter f\u00f6rh\u00e5llandena.<\/p>\n<p>Vi erbjuder \u201dPower pack\u201d, hydraulcylindrar, hydrauliska rullsystem, slangar och terminaler samt v\u00e5r gedigna erfarenhet. Samtliga drivenheter f\u00f6r rullmast eller Furlex-system testk\u00f6rs innan leverans p\u00e5 v\u00e5r hydraulavdelning i G\u00f6teborg. Dessutom f\u00f6r vi en loggbok \u00f6ver vilka slangl\u00e4nder vi levererar till specifika b\u00e5tar.<\/p>\n\t\t\r\n\t\t\t\t\r\n\t\t<\/div><!-- .block-story-wrapper -->\r\n\t\t<\/div><!-- .block-story-content -->\r\n\t<\/div><!-- .col -->\r\n\r\n<\/div><!-- .section --> \r\n \r\n<\/div><!-- .main-wrapper -->\t\r\n<\/div><!-- .main-wrapper-full-width -->\t\r\n<\/div><!-- .block-story -->\r\n\t\r\n\n\n<div class=\"selden-gb-block block-seperator block-bg-color-white\">\n<div class=\"main-wrapper-full-width\">\n<div class=\"main-wrapper\">\n\t<hr class=\"seperator\" \/><!-- .seperator -->\t\n<\/div><!-- .main-wrapper -->\t\n<\/div><!-- .main-wrapper-full-width -->\t\n<\/div><!-- .block-seperator -->\n\n\n\r\n<div id=\"bm_forcruising\" class=\"selden-gb-block block-story block-bg-color-white\">\r\n<div class=\"main-wrapper-full-width\">\r\n<div class=\"main-wrapper\">\r\n\r\n<div class=\"section group flex-right\">\r\n\r\n\t<div class=\"col story-col story_col_2\">\t\t\t\r\n\t\t\t<div class=\"block-story-content\">\t\r\n\t\t\t\r\n\t\t\t\t\t\t\t\r\n\t\t\t\t\t\t<div class=\"story-img-img\"><img decoding=\"async\" src=\"https:\/\/www.seldenmast.com\/wp-content\/uploads\/X-ray-10126-e1590681756990.png\" alt=\"FURLEX HYDRAULIC\" \/><\/div>\r\n\t\t\t\t\r\n\t\t\t\t\t\r\n\t\t<\/div><!-- .col-content -->\t\t\t\r\n\t<\/div><!-- .col -->\r\n\t\t\r\n\t<div class=\"col story-col story_col_4\">\t\r\n\t\t\r\n\t\t<div class=\"block-story-content\">\r\n\t\t<div class=\"block-story-content-wrapper\">\t\t\r\n\t\t\r\n\t\t<h2>FURLEX HYDRAULIC<\/h2>\t\t\t\t<p>Furlex Hydraulic har en elegant design med rostfritt och aluminium i god balans. Motorn \u00e4r inbyggd i sn\u00e4ckskruven p\u00e5 samma s\u00e4tt som p\u00e5 Seld\u00e9n rullmastsystem. Furlex Hydraulics kompakta och smidiga yttre \u00e4r ocks\u00e5 ett direkt resultat av den patenterade motorplaceringen.<\/p>\n\t\t\r\n\t\t\t\t<a class=\"btn\" href=\"https:\/\/www.seldenmast.com\/sv\/produkter\/furlex-systems\/#bm_furlexhydraulic\">L\u00c4S MER<\/a>\r\n\t\t<\/div><!-- .block-story-wrapper -->\r\n\t\t<\/div><!-- .block-story-content -->\r\n\t<\/div><!-- .col -->\r\n\r\n<\/div><!-- .section --> \r\n \r\n<\/div><!-- .main-wrapper -->\t\r\n<\/div><!-- .main-wrapper-full-width -->\t\r\n<\/div><!-- .block-story -->\r\n\t\r\n\n\n<div class=\"selden-gb-block block-seperator block-bg-color-white\">\n<div class=\"main-wrapper-full-width\">\n<div class=\"main-wrapper\">\n\t<hr class=\"seperator\" \/><!-- .seperator -->\t\n<\/div><!-- .main-wrapper -->\t\n<\/div><!-- .main-wrapper-full-width -->\t\n<\/div><!-- .block-seperator -->\n\n\n\r\n<div id=\"\" class=\"selden-gb-block block-story block-bg-color-white\">\r\n<div class=\"main-wrapper-full-width\">\r\n<div class=\"main-wrapper\">\r\n\r\n<div class=\"section group\">\r\n\r\n\t<div class=\"col story-col story_col_2\">\t\t\t\r\n\t\t\t<div class=\"block-story-content\">\t\r\n\t\t\t\r\n\t\t\t\t\t\t\t\r\n\t\t\t\t\t\t<div class=\"story-img-img\"><img decoding=\"async\" src=\"https:\/\/www.seldenmast.com\/wp-content\/uploads\/Hydraulmast_10125-e1590682320543.png\" alt=\"HYDRAULISK RULLMAST\" \/><\/div>\r\n\t\t\t\t\r\n\t\t\t\t\t\r\n\t\t<\/div><!-- .col-content -->\t\t\t\r\n\t<\/div><!-- .col -->\r\n\t\t\r\n\t<div class=\"col story-col story_col_4\">\t\r\n\t\t\r\n\t\t<div class=\"block-story-content\">\r\n\t\t<div class=\"block-story-content-wrapper\">\t\t\r\n\t\t\r\n\t\t<h2>HYDRAULISK RULLMAST<\/h2>\t\t\t\t<p class=\"p1\">Rulla ut seglet med en knapptryckning Du rullar seglet, anpassar och trimmar segelytan genom att trycka p\u00e5 man\u00f6verknappen. Drivenheten f\u00f6r rullmekanismen \u00e4r monterad i masten. Motorns patenterade inbyggnad i drivenheten ger direktdrift p\u00e5 skruvv\u00e4xeln. Detta medf\u00f6r f\u00e5 r\u00f6rliga delar som i sin tur ger h\u00f6g verkningsgrad och tillf\u00f6rlitlighet. Skruvv\u00e4xeln \u00e4r sj\u00e4lvh\u00e4mmande och l\u00e5ser seglet i \u00f6nskat l\u00e4ge. Storseglet kan ocks\u00e5 i n\u00f6dfall rullas ut eller in manuellt med ett vanligt vinschhandtag.<\/p>\n\t\t\r\n\t\t\t\t\r\n\t\t<\/div><!-- .block-story-wrapper -->\r\n\t\t<\/div><!-- .block-story-content -->\r\n\t<\/div><!-- .col -->\r\n\r\n<\/div><!-- .section --> \r\n \r\n<\/div><!-- .main-wrapper -->\t\r\n<\/div><!-- .main-wrapper-full-width -->\t\r\n<\/div><!-- .block-story -->\r\n\t\r\n\n\n<div class=\"selden-gb-block block-seperator block-bg-color-white\">\n<div class=\"main-wrapper-full-width\">\n<div class=\"main-wrapper\">\n\t<hr class=\"seperator\" \/><!-- .seperator -->\t\n<\/div><!-- .main-wrapper -->\t\n<\/div><!-- .main-wrapper-full-width -->\t\n<\/div><!-- .block-seperator -->\n\n\n\r\n<div id=\"\" class=\"selden-gb-block block-story block-bg-color-white\">\r\n<div class=\"main-wrapper-full-width\">\r\n<div class=\"main-wrapper\">\r\n\r\n<div class=\"section group flex-right\">\r\n\r\n\t<div class=\"col story-col story_col_4\">\t\t\t\r\n\t\t\t<div class=\"block-story-content\">\t\r\n\t\t\t\r\n\t\t\t\t\t\t\t\r\n\t\t\t\t\t\t<div class=\"story-img-img\"><img decoding=\"async\" src=\"https:\/\/www.seldenmast.com\/wp-content\/uploads\/Bomuthal_10181.png\" alt=\"ENKLARE MED SELD\u00c9NS HYDRAULISKA UTHAL\" \/><\/div>\r\n\t\t\t\t\r\n\t\t\t\t\t\r\n\t\t<\/div><!-- .col-content -->\t\t\t\r\n\t<\/div><!-- .col -->\r\n\t\t\r\n\t<div class=\"col story-col story_col_2\">\t\r\n\t\t\r\n\t\t<div class=\"block-story-content\">\r\n\t\t<div class=\"block-story-content-wrapper\">\t\t\r\n\t\t\r\n\t\t<h2>ENKLARE MED SELD\u00c9NS HYDRAULISKA UTHAL<\/h2>\t\t\t\t<p>Du har full kontroll \u00f6ver storseglet med hj\u00e4lp av man\u00f6verknapparna i sittbrunnen. Justering av uthalet g\u00e5r \u00e4ven bra p\u00e5 bidevind &#8211; ett jobb som motsvarar en bes\u00e4ttningsmans hela kroppsstyrka vid manuell vinschning. Dessutom slipper man uthalslinan i sittbrunnen.<\/p>\n\t\t\r\n\t\t\t\t\r\n\t\t<\/div><!-- .block-story-wrapper -->\r\n\t\t<\/div><!-- .block-story-content -->\r\n\t<\/div><!-- .col -->\r\n\r\n<\/div><!-- .section --> \r\n \r\n<\/div><!-- .main-wrapper -->\t\r\n<\/div><!-- .main-wrapper-full-width -->\t\r\n<\/div><!-- .block-story -->\r\n\t\r\n\n\n<div class=\"selden-gb-block block-seperator block-bg-color-white\">\n<div class=\"main-wrapper-full-width\">\n<div class=\"main-wrapper\">\n\t<hr class=\"seperator\" \/><!-- .seperator -->\t\n<\/div><!-- .main-wrapper -->\t\n<\/div><!-- .main-wrapper-full-width -->\t\n<\/div><!-- .block-seperator -->\n\n\n\t\r\n<div id=\"bm_fortrim\" class=\"selden-gb-block block-compare main-wrapper-slider-mini block-bg-color-white\">\r\n<div class=\"main-wrapper-full-width\">\t\r\n<div class=\"main-wrapper\">\r\n\t\r\n\t<div class=\"slider-text-wrapper\">\r\n\t\t<h2>HYDRAULIK F\u00d6R RIGGTRIM<\/h2>\t\r\n\t\t\t\r\n\t<\/div><!-- .slider-text-wrapper -->\r\n\r\n\t<div class=\"slider-list-wrapper\">\r\n\t<div class=\"section group\">\t\r\n\t\r\n\t<section class=\"slider-variable slider\">\t\t\r\n\t\t\r\n\t\r\n\t\t\t\r\n\t\t<div class=\"col col-slider-2\">\r\n\t\t\t\t\r\n\t\t\t<div class=\"slider-list-item\">\t\t\t\t\r\n\t\t\t<div class=\"compare-list-item-img\">\r\n\t\t\t<div class=\"square\">\r\n\t\t\t\t<div class=\"square-content\" style=\"background-image: url(https:\/\/www.seldenmast.com\/wp-content\/uploads\/Hydraulic_tensioner-e1638285273193.jpg);\"><\/div><!-- .square-content -->\r\n\t\t\t<\/div><!-- .square --> \r\n\t\t\t<\/div>\t\t\t\r\n\t\t\t<div class=\"slider-list-item-info\">\t\t\t\r\n\t\t\t\t<div class=\"slider-list-item-title\">Hydraulcylindrar<\/div><!-- .slider-list-item-title -->\r\n\t\t\t\t<div class=\"slider-list-item-content\"><p>Att snabbt och bekv\u00e4mt kunna justera akterstag och kickst\u00e5ng ger b\u00e5de n\u00f6jesseglaren och kappseglaren en b\u00e4ttre seglingsupplevelse. M\u00f6jligheten att trimma f\u00f6rstagssp\u00e4nning, mastkurvatur och storseglets twist skapar f\u00f6ruts\u00e4ttningar f\u00f6r bra h\u00f6jdtagning, h\u00f6gre fart och b\u00e4ttre kontroll. Seld\u00e9ns hydraulcylindrar \u00e4r l\u00e4tta att hantera och av en kvalitet som borgar f\u00f6r l\u00e5ng livsl\u00e4ngd. Kolven \u00e4r tillverkad i saltvattenbest\u00e4ndigt rostfritt st\u00e5l och cylindrarna i natur- eller svartanodiserad aluminium.<\/p><\/div><!-- .slider-list-item-content -->\t\t\t\t\r\n\t\t\t\t\t\t\r\n\t\t\t<\/div><!-- .slider-list-item-info -->\r\n\t\t\t<\/div><!-- .slider-list-item -->\r\n\t\t\t\r\n\t\t<\/div><!-- .col -->\r\n\t\t\r\n\t\t\r\n\t\t\t\r\n\t\t<div class=\"col col-slider-2\">\r\n\t\t\t\t\r\n\t\t\t<div class=\"slider-list-item\">\t\t\t\t\r\n\t\t\t<div class=\"compare-list-item-img\">\r\n\t\t\t<div class=\"square\">\r\n\t\t\t\t<div class=\"square-content\" style=\"background-image: url(https:\/\/www.seldenmast.com\/wp-content\/uploads\/Pump-station_Selden_HR64-193-1.png);\"><\/div><!-- .square-content -->\r\n\t\t\t<\/div><!-- .square --> \r\n\t\t\t<\/div>\t\t\t\r\n\t\t\t<div class=\"slider-list-item-info\">\t\t\t\r\n\t\t\t\t<div class=\"slider-list-item-title\">Kontrollpaneler<\/div><!-- .slider-list-item-title -->\r\n\t\t\t\t<div class=\"slider-list-item-content\"><p>\u2022\tF\u00f6rberedda f\u00f6r en eller fyra funktioner.<br \/>\r\n\u2022\tPanelernas \u201cDual Action\u201d funktion inneb\u00e4r att de \u00e4r dubbelverkande och pumpar olja i handtagets b\u00e5da r\u00f6relseriktningar. <br \/>\r\n\u2022\tF\u00f6r att f\u00f6rhindra \u00f6verbelastning har panelerna en justerbar s\u00e4kerhetsventil som begr\u00e4nsar trycket. <br \/>\r\n\u2022\tPanelerna har tv\u00e5 hastigheter och v\u00e4xlar automatiskt fr\u00e5n h\u00f6g- till l\u00e5gv\u00e4xel. Detta inneb\u00e4r att akterstaget eller kickst\u00e5ngen str\u00e4cks upp snabbt till en b\u00f6rjan och n\u00e4r trycket har byggts upp s\u00e5 att det blir tungt att f\u00f6ra pumphandtaget fram och tillbaka, v\u00e4xlar panelen ner till l\u00e5gv\u00e4xel. Vid vilket tryck nedv\u00e4xlingen ska ske kan st\u00e4llas in individuellt. <br \/>\r\n\u2022\tPanelerna \u00e4r natur- eller svartanodiserade.<br \/>\r\n<\/p><\/div><!-- .slider-list-item-content -->\t\t\t\t\r\n\t\t\t\t\t\t\r\n\t\t\t<\/div><!-- .slider-list-item-info -->\r\n\t\t\t<\/div><!-- .slider-list-item -->\r\n\t\t\t\r\n\t\t<\/div><!-- .col -->\r\n\t\t\r\n\t \r\n\t\t\r\n\t\t<\/section>\r\n\t<\/div><!-- .section -->\t\r\n\t<\/div><!-- .slider-list-wrapper -->\r\n\r\n<\/div><!-- .main-wrapper -->\r\n<\/div><!-- .main-wrapper-full-width -->\r\n<\/div><!-- .block-compare -->\r\n\n\n<div class=\"selden-gb-block block-seperator block-bg-color-white\">\n<div class=\"main-wrapper-full-width\">\n<div class=\"main-wrapper\">\n\t<hr class=\"seperator\" \/><!-- .seperator -->\t\n<\/div><!-- .main-wrapper -->\t\n<\/div><!-- .main-wrapper-full-width -->\t\n<\/div><!-- .block-seperator -->\n\n\n\r\n<div id=\"bm_rigtensioning\" class=\"selden-gb-block block-story block-bg-color-white\">\r\n<div class=\"main-wrapper-full-width\">\r\n<div class=\"main-wrapper\">\r\n\r\n<div class=\"section group flex-right\">\r\n\r\n\t<div class=\"col story-col story_col_2\">\t\t\t\r\n\t\t\t<div class=\"block-story-content\">\t\r\n\t\t\t\r\n\t\t\t\t\t\t\t\r\n\t\t\t\t\t\t<div class=\"story-img-img\"><img decoding=\"async\" src=\"https:\/\/www.seldenmast.com\/wp-content\/uploads\/Mast-jack.svg\" alt=\"MAST JACK SYSTEM \" \/><\/div>\r\n\t\t\t\t\r\n\t\t\t\t\t\r\n\t\t<\/div><!-- .col-content -->\t\t\t\r\n\t<\/div><!-- .col -->\r\n\t\t\r\n\t<div class=\"col story-col story_col_4\">\t\r\n\t\t\r\n\t\t<div class=\"block-story-content\">\r\n\t\t<div class=\"block-story-content-wrapper\">\t\t\r\n\t\t\r\n\t\t<h2>MAST JACK SYSTEM <\/h2>\t\t\t\t<p>Med ett Mast-jack system f\u00e5r du alltid r\u00e4tt riggsp\u00e4nning f\u00f6r kappsegling, samtidigt som du kan avlasta rigg och b\u00e5t n\u00e4r du ligger i hamn. Mast-jack systemet best\u00e5r av en hydraulcylinder placerad inuti masten. Cylinderns kolv skjuts ut vertikalt genom skoningen, ner mot en st\u00e5lplatta i b\u00e5tens T-j\u00e4rn. Masten lyfts och riggsp\u00e4nningen \u00f6kar. I systemet ing\u00e5r en 2-stegspump som v\u00e4xlar ner n\u00e4r trycket \u00f6kar. Detta f\u00f6r att underl\u00e4tta \u201djackning\u201d av masten. N\u00e4r masten befinner sig i sitt \u00f6vre l\u00e4ge placeras shimsbrickor mellan T-j\u00e4rn och skoning. D\u00e4refter l\u00e4ttar man p\u00e5 pumpens tryck. Riggen har nu den riggsp\u00e4nning som man p\u00e5 f\u00f6rhand best\u00e4mt och den bomh\u00f6jd, I-m\u00e5tt mm som man m\u00e4tt in b\u00e5ten efter. Pumpen \u00e4r kopplad till cylindern med rostfria snabbkopplingar och kan d\u00e4rf\u00f6r enkelt kopplas bort och l\u00e4mnas p\u00e5 land under kappsegling. Hydraulslangen stoppas d\u00e4refter in i en f\u00f6r \u00e4ndam\u00e5let avsedd slangh\u00e5llare f\u00f6r att inte vara i v\u00e4gen. Slangh\u00e5llaren \u00e4r monterad p\u00e5 insidan av masten. T-j\u00e4rnet har samma h\u00e5lbild som Seld\u00e9ns ordinarie T-j\u00e4rn och dess placering kan justeras i l\u00e5ngskeppsriktningen f\u00f6r optimerad mastlutning.<\/p>\n\t\t\r\n\t\t\t\t\r\n\t\t<\/div><!-- .block-story-wrapper -->\r\n\t\t<\/div><!-- .block-story-content -->\r\n\t<\/div><!-- .col -->\r\n\r\n<\/div><!-- .section --> \r\n \r\n<\/div><!-- .main-wrapper -->\t\r\n<\/div><!-- .main-wrapper-full-width -->\t\r\n<\/div><!-- .block-story -->\r\n\t\r\n\n\n<div id=\"downloads\" class=\"selden-gb-block block-downloads  block-bg-color-white\">\r\n<div class=\"main-wrapper-full-width\">\t\r\n<div class=\"main-wrapper\">\r\n\r\n<div class=\"downloads-text-wrapper\">\r\n\t\t\t\r\n<\/div><!-- .slider-text-wrapper -->\r\n\t\r\n<div class=\"downloads-list-wrapper\">\r\n<div class=\"section group\">\r\n\t\t\r\n\r\n<div class=\"col span_1_of_2\">\r\n<div class=\"downloads-group\">\t\r\n<a href=\"https:\/\/www.seldenmast.com\/test-page\/dealer-list\/?cat=ATI,AFD,RIS\">\r\n<div class=\"downloads-group-header\">\r\n<div class=\"section group\">\r\n<div class=\"col downloads_item_col_1_of_3\"><div class=\"icon-dl-measurement-wrapper icon-dl-measurement\"><\/div><\/div><!-- .col -->\r\n\t<div class=\"col downloads_item_col_2_of_3\"><div class=\"downloads-item-title\">Hitta &Aring;terf&ouml;rs&auml;ljare<\/div><\/div><!-- .col -->\r\n\t<div class=\"col downloads_item_col_3_of_3\"><img decoding=\"async\" src=\"https:\/\/www.seldenmast.com\/wp-content\/themes\/selden\/images\/test-downloads-link-external.png\"><\/div><!-- .col -->\r\n<\/div><!-- .section -->\r\n<\/div><!-- .downloads-group-header -->\r\n<\/a>\r\n<\/div><!-- .downloads-group -->\r\n<\/div><!-- .col -->\r\n\r\n\t\r\n\t\r\n\t\r\n\t\t\t\r\n\t\t\t\t\t \r\n<div class=\"col span_1_of_2\">\t\t\t\t\t \r\n<div class=\"downloads-group\">\r\n\t\t\t\t\r\n<div class=\"downloads-group-header downloads-group-header-toggler\">\r\n\r\n<div class=\"section group\">\r\n<div class=\"col downloads_item_col_1_of_3\"><div class=\"icon-dl-book-wrapper icon-dl-book\"><\/div><\/div><!-- .col -->\r\n<div class=\"col downloads_item_col_2_of_3\"><div class=\"downloads-item-title\">Broschyrer<\/div><\/div><!-- .col -->\r\n<div class=\"col downloads_item_col_3_of_3\"><img decoding=\"async\" src=\"https:\/\/www.seldenmast.com\/wp-content\/themes\/selden\/images\/test-downloads-pil-ner.png\"><\/div><!-- .col -->\r\n<\/div><!-- .section -->\r\n<\/div><!-- .downloads-group-header -->\r\n\t\r\n<div class=\"downloads-group-files\">\r\n\t\r\n\t<ul>\r\n\r\n\t\t\t\t\t \t\t\r\n<li><a href=\"https:\/\/support.seldenmast.com\/files\/597-107-E.pdf\" target=\"_blank\">Hydraulcylindrar<\/a><\/li>\r\n\t\t\r\n<li><a href=\"https:\/\/support.seldenmast.com\/se\/products\/masts\/hydraulics.html\" target=\"_blank\">Hydraulik<\/a><\/li>\r\n\t\t\t<\/ul>\r\n\t\t\t<\/div><!-- .downloads-group-files -->\t\r\n\t\t\t<\/div><!-- .downloads-group -->\r\n\t\t\t<\/div><!-- .col -->\r\n\t\t\t\t\t\r\n\t\t\t\t\t \r\n<div class=\"col span_1_of_2\">\t\t\t\t\t \r\n<div class=\"downloads-group\">\r\n\t\t\t\t\r\n<div class=\"downloads-group-header downloads-group-header-toggler\">\r\n\r\n<div class=\"section group\">\r\n<div class=\"col downloads_item_col_1_of_3\"><div class=\"icon-dl-settings-wrapper icon-dl-settings\"><\/div><\/div><!-- .col -->\r\n<div class=\"col downloads_item_col_2_of_3\"><div class=\"downloads-item-title\">Teknisk information<\/div><\/div><!-- .col -->\r\n<div class=\"col downloads_item_col_3_of_3\"><img decoding=\"async\" src=\"https:\/\/www.seldenmast.com\/wp-content\/themes\/selden\/images\/test-downloads-pil-ner.png\"><\/div><!-- .col -->\r\n<\/div><!-- .section -->\r\n<\/div><!-- .downloads-group-header -->\r\n\t\r\n<div class=\"downloads-group-files\">\r\n\t\r\n\t<ul>\r\n\r\n\t\t\t\t\t \t\t\r\n<li><a href=\"http:\/\/support.seldenmast.com\/se\/products\/furlex_jib_furling_and_reefing_systems\/furlex_h_series_-hydraulic-.html\" target=\"_blank\">Furlex Hydraulik<\/a><\/li>\r\n\t\t\r\n<li><a href=\"http:\/\/support.seldenmast.com\/en\/products\/masts\/furling_masts\/hydraulic_cruise_control.html\" target=\"_blank\">Hydraulic outhaul<\/a><\/li>\r\n\t\t\r\n<li><a href=\"http:\/\/support.seldenmast.com\/en\/products\/masts\/hydraulic_mast_jack.html\" target=\"_blank\">Hydraulik mast jack<\/a><\/li>\r\n\r\n\t\r\n\t\t\r\n\t\t\r\n\t\t\r\n\t\t\r\n<\/ul>\r\n<\/div><!-- .downloads-group-files -->\r\n<\/div><!-- .downloads-group -->\r\n<\/div><!-- .col -->\r\n\t\t\r\n\t\t\r\n\r\n\t\t\r\n\t\r\n\r\n<\/div><!-- .section -->\r\n\t<\/div><!-- .downloads-list-wrapper -->\r\n\r\n<\/div><!-- .main-wrapper -->\r\n<\/div><!-- .main-wrapper-full-width -->\r\n<\/div><!-- .block-downloads -->\t\r\n","protected":false},"excerpt":{"rendered":"","protected":false},"author":7,"featured_media":0,"parent":6266,"menu_order":32,"comment_status":"closed","ping_status":"closed","template":"","meta":{"_acf_changed":false,"inline_featured_image":false,"footnotes":""},"class_list":["post-6526","page","type-page","status-publish","hentry"],"acf":[],"_links":{"self":[{"href":"https:\/\/www.seldenmast.com\/sv\/wp-json\/wp\/v2\/pages\/6526","targetHints":{"allow":["GET"]}}],"collection":[{"href":"https:\/\/www.seldenmast.com\/sv\/wp-json\/wp\/v2\/pages"}],"about":[{"href":"https:\/\/www.seldenmast.com\/sv\/wp-json\/wp\/v2\/types\/page"}],"author":[{"embeddable":true,"href":"https:\/\/www.seldenmast.com\/sv\/wp-json\/wp\/v2\/users\/7"}],"replies":[{"embeddable":true,"href":"https:\/\/www.seldenmast.com\/sv\/wp-json\/wp\/v2\/comments?post=6526"}],"version-history":[{"count":20,"href":"https:\/\/www.seldenmast.com\/sv\/wp-json\/wp\/v2\/pages\/6526\/revisions"}],"predecessor-version":[{"id":7733,"href":"https:\/\/www.seldenmast.com\/sv\/wp-json\/wp\/v2\/pages\/6526\/revisions\/7733"}],"up":[{"embeddable":true,"href":"https:\/\/www.seldenmast.com\/sv\/wp-json\/wp\/v2\/pages\/6266"}],"wp:attachment":[{"href":"https:\/\/www.seldenmast.com\/sv\/wp-json\/wp\/v2\/media?parent=6526"}],"curies":[{"name":"wp","href":"https:\/\/api.w.org\/{rel}","templated":true}]}}