{"id":6512,"date":"2020-05-25T13:01:43","date_gmt":"2020-05-25T11:01:43","guid":{"rendered":"https:\/\/www.seldenmast.com\/produkter\/rigging-hardware\/"},"modified":"2022-01-27T07:28:14","modified_gmt":"2022-01-27T06:28:14","slug":"rigging-hardware","status":"publish","type":"page","link":"https:\/\/www.seldenmast.com\/sv\/produkter\/rigging-hardware\/","title":{"rendered":"RIGGBESLAG"},"content":{"rendered":"<div id=\"riggbeslag\" class=\"selden-gb-block block-hero block-bg-color-white  resp-height-medium\">\r\n<div class=\"main-wrapper-full-width\">\r\n\t<div class=\"hero-wrapper\" resp-height-medium\">\r\n\t\r\n\t\r\n<div id=\"hero-slider-block_5eb01e424116e\" class=\" resp-height-medium\">\r\n<div class=\"hero-fade-block hero-img-wrapper hero-fade-block-show hero-fade-block-show-first img-bg-position-cc resp-height-medium\" style=\"background-image:url('https:\/\/www.seldenmast.com\/wp-content\/uploads\/Rigging-HW-leader-scaled.jpg');\"><\/div><\/div><!-- .fade-blocks-slider -->\r\n\t\t\t\r\n\t\r\n\t<div class=\"hero-text-wrapper\">\r\n\t<div class=\"hero-text-width\">\r\n\t<div class=\"hero-text-block hero-text-block-bottom\">\t\r\n\t<div class=\"\">\t\t\r\n\t<h1>RIGGBESLAG<\/h1>\t\t\t<\/div><!-- .hero-text-bg -->\r\n\t\t\r\n\t<\/div><!-- .hero-text-block -->\t\r\n\t\r\n\t<\/div><!-- .hero-text-width-->\r\n\t<\/div><!-- .hero-text-wrapper -->\t\t\t\r\n\t\t\r\n\t\t\r\n\t\t\r\n\t\t<div class=\"mouse-scroll\">\r\n\t<div class=\"icon-mouse-scroll-wrapper icon-mouse-scroll\"><\/div>\t\r\n\t\t<\/div><!-- .mouse-scroll -->\r\n\t\t\r\n\t<\/div><!-- .hero-wrapper -->\t\r\n\r\n<\/div><!-- .main-wrapper-full-width -->\r\n<\/div><!-- .block-hero --> \r\n\n\n<div id=\"\" class=\"selden-gb-block block-shortcuts block-bg-color-greylight\">\r\n<div class=\"main-wrapper-full-width\">\t\r\n<div class=\"main-wrapper\">\r\n\t\r\n\t<div class=\"shortcuts-list-wrapper\">\r\n\t<div class=\"section group\">\t\t\r\n\t\t\r\n\t\t\r\n\t\t\t<div class=\"col shortcuts_list_1_of_4\">\r\n\t\t\t\t\t\r\n\t\t\t<a href=\"#bm_riggingscrews\">\t\t\t<div class=\"shortcuts-list-item\">\t\t\r\n\t\t\r\n\t\t\t<div class=\"shortcuts-list-item-img\">\r\n\t\t\t<div class=\"square\">\r\n\t\t\t\t<div class=\"square-content square-rounded\" style=\"background-image: url(https:\/\/www.seldenmast.com\/wp-content\/uploads\/Rigging_screw_174_326_01_ph.png);\"><\/div><!-- .square-content -->\r\n\t\t\t<\/div><!-- .square --> \r\n\t\t\t<\/div>\t\t\r\n\t\t\t\t\r\n\t\t\t<div class=\"shortcuts-list-item-info\">\t\t\r\n\t\t\t\t\t<div class=\"shortcuts-list-item-title\">VANTSKRUVAR<\/div><!-- .shortcuts-list-item-title -->\t\t\t\t\r\n\t\t\t<\/div><!-- .shortcuts-list-item-info -->\r\n\t\t\t<\/div><!-- .shortcuts-list-item -->\r\n\t\t\t<\/a>\t\r\n\t\t\t\t\t\t\r\n\t\t<\/div><!-- .col -->\r\n\t\t\r\n\t\t\t\r\n\t\t\t<div class=\"col shortcuts_list_1_of_4\">\r\n\t\t\t\t\t\r\n\t\t\t<a href=\"#bm_wireterminals\">\t\t\t<div class=\"shortcuts-list-item\">\t\t\r\n\t\t\r\n\t\t\t<div class=\"shortcuts-list-item-img\">\r\n\t\t\t<div class=\"square\">\r\n\t\t\t\t<div class=\"square-content square-rounded\" style=\"background-image: url(https:\/\/www.seldenmast.com\/wp-content\/uploads\/Terminal_10103.png);\"><\/div><!-- .square-content -->\r\n\t\t\t<\/div><!-- .square --> \r\n\t\t\t<\/div>\t\t\r\n\t\t\t\t\r\n\t\t\t<div class=\"shortcuts-list-item-info\">\t\t\r\n\t\t\t\t\t<div class=\"shortcuts-list-item-title\">WIRETERMINALER<\/div><!-- .shortcuts-list-item-title -->\t\t\t\t\r\n\t\t\t<\/div><!-- .shortcuts-list-item-info -->\r\n\t\t\t<\/div><!-- .shortcuts-list-item -->\r\n\t\t\t<\/a>\t\r\n\t\t\t\t\t\t\r\n\t\t<\/div><!-- .col -->\r\n\t\t\r\n\t\t\t\r\n\t\t\t<div class=\"col shortcuts_list_1_of_4\">\r\n\t\t\t\t\t\r\n\t\t\t<a href=\"#bm_clevispins\">\t\t\t<div class=\"shortcuts-list-item\">\t\t\r\n\t\t\r\n\t\t\t<div class=\"shortcuts-list-item-img\">\r\n\t\t\t<div class=\"square\">\r\n\t\t\t\t<div class=\"square-content square-rounded\" style=\"background-image: url(https:\/\/www.seldenmast.com\/wp-content\/uploads\/clevis_pings_n_split_pins.png);\"><\/div><!-- .square-content -->\r\n\t\t\t<\/div><!-- .square --> \r\n\t\t\t<\/div>\t\t\r\n\t\t\t\t\r\n\t\t\t<div class=\"shortcuts-list-item-info\">\t\t\r\n\t\t\t\t\t<div class=\"shortcuts-list-item-title\">RIGGBULTAR OCH SAXPINNAR<\/div><!-- .shortcuts-list-item-title -->\t\t\t\t\r\n\t\t\t<\/div><!-- .shortcuts-list-item-info -->\r\n\t\t\t<\/div><!-- .shortcuts-list-item -->\r\n\t\t\t<\/a>\t\r\n\t\t\t\t\t\t\r\n\t\t<\/div><!-- .col -->\r\n\t\t\r\n\t\t\t\r\n\t\t\t<div class=\"col shortcuts_list_1_of_4\">\r\n\t\t\t\t\t\r\n\t\t\t<a href=\"#bm_toggles\">\t\t\t<div class=\"shortcuts-list-item\">\t\t\r\n\t\t\r\n\t\t\t<div class=\"shortcuts-list-item-img\">\r\n\t\t\t<div class=\"square\">\r\n\t\t\t\t<div class=\"square-content square-rounded\" style=\"background-image: url(https:\/\/www.seldenmast.com\/wp-content\/uploads\/Selden-57-Toggle.png);\"><\/div><!-- .square-content -->\r\n\t\t\t<\/div><!-- .square --> \r\n\t\t\t<\/div>\t\t\r\n\t\t\t\t\r\n\t\t\t<div class=\"shortcuts-list-item-info\">\t\t\r\n\t\t\t\t\t<div class=\"shortcuts-list-item-title\">TOGGLAR<\/div><!-- .shortcuts-list-item-title -->\t\t\t\t\r\n\t\t\t<\/div><!-- .shortcuts-list-item-info -->\r\n\t\t\t<\/div><!-- .shortcuts-list-item -->\r\n\t\t\t<\/a>\t\r\n\t\t\t\t\t\t\r\n\t\t<\/div><!-- .col -->\r\n\t\t\r\n\t\t\t\r\n\t<\/div><!-- .section -->\t\r\n\t<\/div><!-- .shortcuts-list-wrapper -->\r\n\r\n<\/div><!-- .main-wrapper -->\r\n<\/div><!-- .main-wrapper-full-width -->\r\n<\/div><!-- .block-shortcuts -->\t\r\n\n\n<div id=\"\" class=\"selden-gb-block block-shortcuts block-bg-color-greylight\">\r\n<div class=\"main-wrapper-full-width\">\t\r\n<div class=\"main-wrapper\">\r\n\t\r\n\t<div class=\"shortcuts-list-wrapper\">\r\n\t<div class=\"section group\">\t\t\r\n\t\t\r\n\t\t\r\n\t\t\t<div class=\"col shortcuts_list_1_of_2\">\r\n\t\t\t\t\t\r\n\t\t\t<a href=\"#bm_tensioners\">\t\t\t<div class=\"shortcuts-list-item\">\t\t\r\n\t\t\r\n\t\t\t<div class=\"shortcuts-list-item-img\">\r\n\t\t\t<div class=\"square\">\r\n\t\t\t\t<div class=\"square-content square-rounded\" style=\"background-image: url(https:\/\/www.seldenmast.com\/wp-content\/uploads\/Man_tensioner-22-1.png);\"><\/div><!-- .square-content -->\r\n\t\t\t<\/div><!-- .square --> \r\n\t\t\t<\/div>\t\t\r\n\t\t\t\t\r\n\t\t\t<div class=\"shortcuts-list-item-info\">\t\t\r\n\t\t\t\t\t<div class=\"shortcuts-list-item-title\">FALL- OCH AKTERSTAGSSTR\u00c4CKARE<\/div><!-- .shortcuts-list-item-title -->\t\t\t\t\r\n\t\t\t<\/div><!-- .shortcuts-list-item-info -->\r\n\t\t\t<\/div><!-- .shortcuts-list-item -->\r\n\t\t\t<\/a>\t\r\n\t\t\t\t\t\t\r\n\t\t<\/div><!-- .col -->\r\n\t\t\r\n\t\t\t\r\n\t\t\t<div class=\"col shortcuts_list_1_of_2\">\r\n\t\t\t\t\t\r\n\t\t\t<a href=\"#bm_shackles\">\t\t\t<div class=\"shortcuts-list-item\">\t\t\r\n\t\t\r\n\t\t\t<div class=\"shortcuts-list-item-img\">\r\n\t\t\t<div class=\"square\">\r\n\t\t\t\t<div class=\"square-content square-rounded\" style=\"background-image: url(https:\/\/www.seldenmast.com\/wp-content\/uploads\/Selden_135_Shackle-1.png);\"><\/div><!-- .square-content -->\r\n\t\t\t<\/div><!-- .square --> \r\n\t\t\t<\/div>\t\t\r\n\t\t\t\t\r\n\t\t\t<div class=\"shortcuts-list-item-info\">\t\t\r\n\t\t\t\t\t<div class=\"shortcuts-list-item-title\">SCHACKLAR<\/div><!-- .shortcuts-list-item-title -->\t\t\t\t\r\n\t\t\t<\/div><!-- .shortcuts-list-item-info -->\r\n\t\t\t<\/div><!-- .shortcuts-list-item -->\r\n\t\t\t<\/a>\t\r\n\t\t\t\t\t\t\r\n\t\t<\/div><!-- .col -->\r\n\t\t\r\n\t\t\t\r\n\t<\/div><!-- .section -->\t\r\n\t<\/div><!-- .shortcuts-list-wrapper -->\r\n\r\n<\/div><!-- .main-wrapper -->\r\n<\/div><!-- .main-wrapper-full-width -->\r\n<\/div><!-- .block-shortcuts -->\t\r\n\n\n\r\n<div id=\"\" class=\"selden-gb-block block-story block-bg-color-greydark\">\r\n<div class=\"main-wrapper-full-width\">\r\n<div class=\"main-wrapper\">\r\n\r\n<div class=\"section group flex-right\">\r\n\r\n\t<div class=\"col story-col story_col_2\">\t\t\t\r\n\t\t\t<div class=\"block-story-content\">\t\r\n\t\t\t\r\n\t\t\t\t\t\r\n\t\t<\/div><!-- .col-content -->\t\t\t\r\n\t<\/div><!-- .col -->\r\n\t\t\r\n\t<div class=\"col story-col story_col_4\">\t\r\n\t\t\r\n\t\t<div class=\"block-story-content\">\r\n\t\t<div class=\"block-story-content-wrapper\">\t\t\r\n\t\t\r\n\t\t<h2>RIGGBESLAG<\/h2>\t\t\t\t<p>Alla v\u00e5ra riggbeslag tillverkas med den senaste produktionstekniken, f\u00f6r att uppn\u00e5 maximal h\u00e5llfasthet och korrosionsbest\u00e4ndighet. All produktutveckling sker vid Seld\u00e9nkoncernens utvecklingsavdelning i G\u00f6teborg och tillverkningen av terminaler, togglar, riggbultar och vantskruvar p\u00e5 Seld\u00e9n Rigging i Svart\u00e5.\u00a0 Att ha total kontroll p\u00e5 alla delar av design- och produktionsprocessen \u00e4r det b\u00e4sta s\u00e4ttet f\u00f6r oss att garantera kvaliteten och se till att du f\u00e5r ut det mesta m\u00f6jliga av v\u00e5ra produkter.<\/p>\n\t\t\r\n\t\t\t\t\r\n\t\t<\/div><!-- .block-story-wrapper -->\r\n\t\t<\/div><!-- .block-story-content -->\r\n\t<\/div><!-- .col -->\r\n\r\n<\/div><!-- .section --> \r\n \r\n<\/div><!-- .main-wrapper -->\t\r\n<\/div><!-- .main-wrapper-full-width -->\t\r\n<\/div><!-- .block-story -->\r\n\t\r\n\n\n\r\n<div id=\"bm_riggingscrews\" class=\"selden-gb-block block-story block-bg-color-white\">\r\n<div class=\"main-wrapper-full-width\">\r\n<div class=\"main-wrapper\">\r\n\r\n<div class=\"section group flex-right\">\r\n\r\n\t<div class=\"col story-col story_col_2\">\t\t\t\r\n\t\t\t<div class=\"block-story-content\">\t\r\n\t\t\t\r\n\t\t\t\t\t\r\n\t\t<\/div><!-- .col-content -->\t\t\t\r\n\t<\/div><!-- .col -->\r\n\t\t\r\n\t<div class=\"col story-col story_col_4\">\t\r\n\t\t\r\n\t\t<div class=\"block-story-content\">\r\n\t\t<div class=\"block-story-content-wrapper\">\t\t\r\n\t\t\r\n\t\t<h2>VANTSKRUVAR I F\u00d6RKROMAT ALUMINIUMBRONS<\/h2>\t\t\t\t<p>Brons har i likhet med syrafast rostfritt st\u00e5l mycket h\u00f6g korrosionsbest\u00e4ndighet och h\u00e5llfasthet. Med vantskruvens mellandel tillverkad i aluminiumbrons minskas risken att vantskruvens g\u00e4ngor sk\u00e4r vid h\u00f6ga belastningar. Allt f\u00f6r att du ska f\u00e5 en mer funktionell produkt med l\u00e4ngre livsl\u00e4ngd. Alla Seld\u00e9ns vantskruvar l\u00e5ses med saxpinne genom den g\u00e4ngade terminalen.<\/p>\n\t\t\r\n\t\t\t\t\r\n\t\t<\/div><!-- .block-story-wrapper -->\r\n\t\t<\/div><!-- .block-story-content -->\r\n\t<\/div><!-- .col -->\r\n\r\n<\/div><!-- .section --> \r\n \r\n<\/div><!-- .main-wrapper -->\t\r\n<\/div><!-- .main-wrapper-full-width -->\t\r\n<\/div><!-- .block-story -->\r\n\t\r\n\n\n\r\n<div class=\"selden-gb-block block-button block-bg-color-white\">\r\n<div class=\"main-wrapper-full-width\">\r\n<div class=\"main-wrapper\">\r\n\r\n\t\t\r\n\t\t<div class=\"block-story-content\">\r\n\t\t<div class=\"block-story-content-wrapper align-center\">\t\t\r\n\t\t\r\n\t\t<a class=\"btn\" href=\"http:\/\/support.seldenmast.com\/en\/products\/rigging_hardware\/bronze_rigging_screws.html\" _target=\"_blank\">VANTSKRUVAR<\/a>\r\n\t\t<\/div><!-- .block-story-wrapper -->\r\n\t\t<\/div><!-- .block-story-content -->\r\n\r\n \r\n<\/div><!-- .main-wrapper -->\t\r\n<\/div><!-- .main-wrapper-full-width -->\t\r\n<\/div><!-- .block-story -->\r\n\t\r\n\n\n\r\n<div id=\"bm_wireterminals\" class=\"selden-gb-block block-story block-bg-color-greylight\">\r\n<div class=\"main-wrapper-full-width\">\r\n<div class=\"main-wrapper\">\r\n\r\n<div class=\"section group flex-right\">\r\n\r\n\t<div class=\"col story-col story_col_2\">\t\t\t\r\n\t\t\t<div class=\"block-story-content\">\t\r\n\t\t\t\r\n\t\t\t\t\t\r\n\t\t<\/div><!-- .col-content -->\t\t\t\r\n\t<\/div><!-- .col -->\r\n\t\t\r\n\t<div class=\"col story-col story_col_4\">\t\r\n\t\t\r\n\t\t<div class=\"block-story-content\">\r\n\t\t<div class=\"block-story-content-wrapper\">\t\t\r\n\t\t\r\n\t\t<h2>WIRETERMINALER<\/h2>\t\t\t\t<p>Ett fullt sortiment f\u00f6r 3 \u2013 19 mm wire.<\/p>\n\t\t\r\n\t\t\t\t\r\n\t\t<\/div><!-- .block-story-wrapper -->\r\n\t\t<\/div><!-- .block-story-content -->\r\n\t<\/div><!-- .col -->\r\n\r\n<\/div><!-- .section --> \r\n \r\n<\/div><!-- .main-wrapper -->\t\r\n<\/div><!-- .main-wrapper-full-width -->\t\r\n<\/div><!-- .block-story -->\r\n\t\r\n\n\n\r\n<div class=\"selden-gb-block block-button block-bg-color-greylight\">\r\n<div class=\"main-wrapper-full-width\">\r\n<div class=\"main-wrapper\">\r\n\r\n\t\t\r\n\t\t<div class=\"block-story-content\">\r\n\t\t<div class=\"block-story-content-wrapper align-center\">\t\t\r\n\t\t\r\n\t\t<a class=\"btn\" href=\"http:\/\/support.seldenmast.com\/en\/products\/rigging_hardware\/terminals.html\" _target=\"_blank\">WIRETERMINALER<\/a>\r\n\t\t<\/div><!-- .block-story-wrapper -->\r\n\t\t<\/div><!-- .block-story-content -->\r\n\r\n \r\n<\/div><!-- .main-wrapper -->\t\r\n<\/div><!-- .main-wrapper-full-width -->\t\r\n<\/div><!-- .block-story -->\r\n\t\r\n\n\n\r\n<div id=\"bm_clevispins\" class=\"selden-gb-block block-story block-bg-color-white\">\r\n<div class=\"main-wrapper-full-width\">\r\n<div class=\"main-wrapper\">\r\n\r\n<div class=\"section group flex-right\">\r\n\r\n\t<div class=\"col story-col story_col_2\">\t\t\t\r\n\t\t\t<div class=\"block-story-content\">\t\r\n\t\t\t\r\n\t\t\t\t\t\r\n\t\t<\/div><!-- .col-content -->\t\t\t\r\n\t<\/div><!-- .col -->\r\n\t\t\r\n\t<div class=\"col story-col story_col_4\">\t\r\n\t\t\r\n\t\t<div class=\"block-story-content\">\r\n\t\t<div class=\"block-story-content-wrapper\">\t\t\r\n\t\t\r\n\t\t<h2>RIGGBULTAR, SAXPINNAR OCH L\u00c5SRINGAR<\/h2>\t\t\t\t<p>H\u00e4r hittar du den saknade riggbulten och tillh\u00f6rande saxpinne eller l\u00e5sring.<\/p>\n\t\t\r\n\t\t\t\t\r\n\t\t<\/div><!-- .block-story-wrapper -->\r\n\t\t<\/div><!-- .block-story-content -->\r\n\t<\/div><!-- .col -->\r\n\r\n<\/div><!-- .section --> \r\n \r\n<\/div><!-- .main-wrapper -->\t\r\n<\/div><!-- .main-wrapper-full-width -->\t\r\n<\/div><!-- .block-story -->\r\n\t\r\n\n\n\r\n<div class=\"selden-gb-block block-button block-bg-color-white\">\r\n<div class=\"main-wrapper-full-width\">\r\n<div class=\"main-wrapper\">\r\n\r\n\t\t\r\n\t\t<div class=\"block-story-content\">\r\n\t\t<div class=\"block-story-content-wrapper align-center\">\t\t\r\n\t\t\r\n\t\t<a class=\"btn\" href=\"http:\/\/support.seldenmast.com\/en\/products\/rigging_hardware\/clevis-_and_split_pins-_lock_rings.html\" _target=\"_blank\">RIGGBULTAR OCH SAXPINNAR <\/a>\r\n\t\t<\/div><!-- .block-story-wrapper -->\r\n\t\t<\/div><!-- .block-story-content -->\r\n\r\n \r\n<\/div><!-- .main-wrapper -->\t\r\n<\/div><!-- .main-wrapper-full-width -->\t\r\n<\/div><!-- .block-story -->\r\n\t\r\n\n\n\r\n<div id=\"bm_toggles\" class=\"selden-gb-block block-story block-bg-color-greylight\">\r\n<div class=\"main-wrapper-full-width\">\r\n<div class=\"main-wrapper\">\r\n\r\n<div class=\"section group flex-right\">\r\n\r\n\t<div class=\"col story-col story_col_2\">\t\t\t\r\n\t\t\t<div class=\"block-story-content\">\t\r\n\t\t\t\r\n\t\t\t\t\t\r\n\t\t<\/div><!-- .col-content -->\t\t\t\r\n\t<\/div><!-- .col -->\r\n\t\t\r\n\t<div class=\"col story-col story_col_4\">\t\r\n\t\t\r\n\t\t<div class=\"block-story-content\">\r\n\t\t<div class=\"block-story-content-wrapper\">\t\t\r\n\t\t\r\n\t\t<h2>TOGGLAR<\/h2>\t\t\t\t<p>R\u00f6rlighet l\u00e5ngskepps och tv\u00e4rskepps \u00e4r avg\u00f6rande f\u00f6r riggens s\u00e4kerhet och togglar anv\u00e4nds d\u00e4rf\u00f6r vid r\u00f6stj\u00e4rn och inf\u00e4stningar f\u00f6r f\u00f6r- och akterstag. Togglar anv\u00e4nds \u00e4ven f\u00f6r att f\u00f6rl\u00e4nga exempelvis ett f\u00f6rstag.<\/p>\n\t\t\r\n\t\t\t\t\r\n\t\t<\/div><!-- .block-story-wrapper -->\r\n\t\t<\/div><!-- .block-story-content -->\r\n\t<\/div><!-- .col -->\r\n\r\n<\/div><!-- .section --> \r\n \r\n<\/div><!-- .main-wrapper -->\t\r\n<\/div><!-- .main-wrapper-full-width -->\t\r\n<\/div><!-- .block-story -->\r\n\t\r\n\n\n\r\n<div class=\"selden-gb-block block-button block-bg-color-greylight\">\r\n<div class=\"main-wrapper-full-width\">\r\n<div class=\"main-wrapper\">\r\n\r\n\t\t\r\n\t\t<div class=\"block-story-content\">\r\n\t\t<div class=\"block-story-content-wrapper align-center\">\t\t\r\n\t\t\r\n\t\t<a class=\"btn\" href=\"http:\/\/support.seldenmast.com\/en\/products\/rigging_hardware\/toggles.html\" _target=\"_blank\">TOGGLAR<\/a>\r\n\t\t<\/div><!-- .block-story-wrapper -->\r\n\t\t<\/div><!-- .block-story-content -->\r\n\r\n \r\n<\/div><!-- .main-wrapper -->\t\r\n<\/div><!-- .main-wrapper-full-width -->\t\r\n<\/div><!-- .block-story -->\r\n\t\r\n\n\n\r\n<div id=\"bm_tensioners\" class=\"selden-gb-block block-story block-bg-color-white\">\r\n<div class=\"main-wrapper-full-width\">\r\n<div class=\"main-wrapper\">\r\n\r\n<div class=\"section group flex-right\">\r\n\r\n\t<div class=\"col story-col story_col_2\">\t\t\t\r\n\t\t\t<div class=\"block-story-content\">\t\r\n\t\t\t\r\n\t\t\t\t\t\r\n\t\t<\/div><!-- .col-content -->\t\t\t\r\n\t<\/div><!-- .col -->\r\n\t\t\r\n\t<div class=\"col story-col story_col_4\">\t\r\n\t\t\r\n\t\t<div class=\"block-story-content\">\r\n\t\t<div class=\"block-story-content-wrapper\">\t\t\r\n\t\t\r\n\t\t<h2>FALL- OCH AKTERSTAGSSTR\u00c4CKARE<\/h2>\t\t\t\t<p>Str\u00e4ckare, mekaniska eller hydrauliska, anv\u00e4nds f\u00f6r trimning av rigg och segel.<\/p>\n\t\t\r\n\t\t\t\t\r\n\t\t<\/div><!-- .block-story-wrapper -->\r\n\t\t<\/div><!-- .block-story-content -->\r\n\t<\/div><!-- .col -->\r\n\r\n<\/div><!-- .section --> \r\n \r\n<\/div><!-- .main-wrapper -->\t\r\n<\/div><!-- .main-wrapper-full-width -->\t\r\n<\/div><!-- .block-story -->\r\n\t\r\n\n\n\r\n<div class=\"selden-gb-block block-button block-bg-color-white\">\r\n<div class=\"main-wrapper-full-width\">\r\n<div class=\"main-wrapper\">\r\n\r\n\t\t\r\n\t\t<div class=\"block-story-content\">\r\n\t\t<div class=\"block-story-content-wrapper align-center\">\t\t\r\n\t\t\r\n\t\t<a class=\"btn\" href=\"http:\/\/support.seldenmast.com\/en\/products\/rigging_hardware\/backstay_-_halyard_tensioners.html\" _target=\"_blank\">FALL- OCH AKTERSTAGSSTR\u00c4CKARE<\/a>\r\n\t\t<\/div><!-- .block-story-wrapper -->\r\n\t\t<\/div><!-- .block-story-content -->\r\n\r\n \r\n<\/div><!-- .main-wrapper -->\t\r\n<\/div><!-- .main-wrapper-full-width -->\t\r\n<\/div><!-- .block-story -->\r\n\t\r\n\n\n\r\n<div id=\"bm_shackles\" class=\"selden-gb-block block-story block-bg-color-greylight\">\r\n<div class=\"main-wrapper-full-width\">\r\n<div class=\"main-wrapper\">\r\n\r\n<div class=\"section group flex-right\">\r\n\r\n\t<div class=\"col story-col story_col_2\">\t\t\t\r\n\t\t\t<div class=\"block-story-content\">\t\r\n\t\t\t\r\n\t\t\t\t\t\r\n\t\t<\/div><!-- .col-content -->\t\t\t\r\n\t<\/div><!-- .col -->\r\n\t\t\r\n\t<div class=\"col story-col story_col_4\">\t\r\n\t\t\r\n\t\t<div class=\"block-story-content\">\r\n\t\t<div class=\"block-story-content-wrapper\">\t\t\r\n\t\t\r\n\t\t<h2>SCHACKLAR<\/h2>\t\t\t\t\t\t\r\n\t\t\t\t\r\n\t\t<\/div><!-- .block-story-wrapper -->\r\n\t\t<\/div><!-- .block-story-content -->\r\n\t<\/div><!-- .col -->\r\n\r\n<\/div><!-- .section --> \r\n \r\n<\/div><!-- .main-wrapper -->\t\r\n<\/div><!-- .main-wrapper-full-width -->\t\r\n<\/div><!-- .block-story -->\r\n\t\r\n\n\n\r\n<div class=\"selden-gb-block block-button block-bg-color-greylight\">\r\n<div class=\"main-wrapper-full-width\">\r\n<div class=\"main-wrapper\">\r\n\r\n\t\t\r\n\t\t<div class=\"block-story-content\">\r\n\t\t<div class=\"block-story-content-wrapper align-center\">\t\t\r\n\t\t\r\n\t\t<a class=\"btn\" href=\"http:\/\/support.seldenmast.com\/en\/products\/rigging_hardware\/shackles.html\" _target=\"_blank\">SCHACKLAR<\/a>\r\n\t\t<\/div><!-- .block-story-wrapper -->\r\n\t\t<\/div><!-- .block-story-content -->\r\n\r\n \r\n<\/div><!-- .main-wrapper -->\t\r\n<\/div><!-- .main-wrapper-full-width -->\t\r\n<\/div><!-- .block-story -->\r\n\t\r\n\n\n<div id=\"downloads\" class=\"selden-gb-block block-downloads  block-bg-color-white\">\r\n<div class=\"main-wrapper-full-width\">\t\r\n<div class=\"main-wrapper\">\r\n\r\n<div class=\"downloads-text-wrapper\">\r\n\t\t\t\r\n<\/div><!-- .slider-text-wrapper -->\r\n\t\r\n<div class=\"downloads-list-wrapper\">\r\n<div class=\"section group\">\r\n\t\t\r\n\r\n<div class=\"col span_1_of_2\">\r\n<div class=\"downloads-group\">\t\r\n<a href=\"https:\/\/www.seldenmast.com\/test-page\/dealer-list\/?cat=RIS,RES\">\r\n<div class=\"downloads-group-header\">\r\n<div class=\"section group\">\r\n<div class=\"col downloads_item_col_1_of_3\"><div class=\"icon-dl-measurement-wrapper icon-dl-measurement\"><\/div><\/div><!-- .col -->\r\n\t<div class=\"col downloads_item_col_2_of_3\"><div class=\"downloads-item-title\">Hitta &Aring;terf&ouml;rs&auml;ljare<\/div><\/div><!-- .col -->\r\n\t<div class=\"col downloads_item_col_3_of_3\"><img decoding=\"async\" src=\"https:\/\/www.seldenmast.com\/wp-content\/themes\/selden\/images\/test-downloads-link-external.png\"><\/div><!-- .col -->\r\n<\/div><!-- .section -->\r\n<\/div><!-- .downloads-group-header -->\r\n<\/a>\r\n<\/div><!-- .downloads-group -->\r\n<\/div><!-- .col -->\r\n\r\n\t\r\n\t\r\n\t\r\n\t\t\r\n\t\r\n\r\n<\/div><!-- .section -->\r\n\t<\/div><!-- .downloads-list-wrapper -->\r\n\r\n<\/div><!-- .main-wrapper -->\r\n<\/div><!-- .main-wrapper-full-width -->\r\n<\/div><!-- .block-downloads -->\t\r\n","protected":false},"excerpt":{"rendered":"","protected":false},"author":7,"featured_media":0,"parent":6266,"menu_order":33,"comment_status":"closed","ping_status":"closed","template":"","meta":{"_acf_changed":false,"inline_featured_image":false,"footnotes":""},"class_list":["post-6512","page","type-page","status-publish","hentry"],"acf":[],"_links":{"self":[{"href":"https:\/\/www.seldenmast.com\/sv\/wp-json\/wp\/v2\/pages\/6512","targetHints":{"allow":["GET"]}}],"collection":[{"href":"https:\/\/www.seldenmast.com\/sv\/wp-json\/wp\/v2\/pages"}],"about":[{"href":"https:\/\/www.seldenmast.com\/sv\/wp-json\/wp\/v2\/types\/page"}],"author":[{"embeddable":true,"href":"https:\/\/www.seldenmast.com\/sv\/wp-json\/wp\/v2\/users\/7"}],"replies":[{"embeddable":true,"href":"https:\/\/www.seldenmast.com\/sv\/wp-json\/wp\/v2\/comments?post=6512"}],"version-history":[{"count":20,"href":"https:\/\/www.seldenmast.com\/sv\/wp-json\/wp\/v2\/pages\/6512\/revisions"}],"predecessor-version":[{"id":7677,"href":"https:\/\/www.seldenmast.com\/sv\/wp-json\/wp\/v2\/pages\/6512\/revisions\/7677"}],"up":[{"embeddable":true,"href":"https:\/\/www.seldenmast.com\/sv\/wp-json\/wp\/v2\/pages\/6266"}],"wp:attachment":[{"href":"https:\/\/www.seldenmast.com\/sv\/wp-json\/wp\/v2\/media?parent=6512"}],"curies":[{"name":"wp","href":"https:\/\/api.w.org\/{rel}","templated":true}]}}