{"id":6482,"date":"2020-02-03T15:21:28","date_gmt":"2020-02-03T14:21:28","guid":{"rendered":"https:\/\/www.seldenmast.com\/produkter\/gennaker-bowsprits\/"},"modified":"2021-11-24T08:59:23","modified_gmt":"2021-11-24T07:59:23","slug":"gennaker-bowsprits","status":"publish","type":"page","link":"https:\/\/www.seldenmast.com\/sv\/produkter\/gennaker-bowsprits\/","title":{"rendered":"BOGSPR\u00d6T F\u00d6R GENNAKER"},"content":{"rendered":"<div id=\"\" class=\"selden-gb-block block-hero block-bg-color-white  resp-height-large\">\r\n<div class=\"main-wrapper-full-width\">\r\n\t<div class=\"hero-wrapper\" resp-height-large\">\r\n\t\r\n\t\r\n<div id=\"hero-slider-block_5eb015738a585\" class=\" resp-height-large\">\r\n<div class=\"hero-fade-block hero-img-wrapper hero-fade-block-show hero-fade-block-show-first img-bg-position-cc resp-height-large\" style=\"background-image:url('https:\/\/www.seldenmast.com\/wp-content\/uploads\/background.png');\"><\/div><\/div><!-- .fade-blocks-slider -->\r\n\t\t\t\r\n\t\r\n\t<div class=\"hero-text-wrapper\">\r\n\t<div class=\"hero-text-width hero-text-width-italic\">\r\n\t<div class=\"hero-text-block hero-text-block-middle\">\t\r\n\t<div class=\"\">\t\t\r\n\t<h1>Stick ut! F\u00f6rb\u00e4ttra din undanvindsegling med ett utskjutbart bogspr\u00f6t.<\/h1>\t\t\t<\/div><!-- .hero-text-bg -->\r\n\t\t\r\n\t<\/div><!-- .hero-text-block -->\t\r\n\t\r\n\t<\/div><!-- .hero-text-width-->\r\n\t<\/div><!-- .hero-text-wrapper -->\t\t\t\r\n\t\t\r\n\t\t\r\n\t\t\r\n\t\t<div class=\"mouse-scroll\">\r\n\t<div class=\"icon-mouse-scroll-wrapper icon-mouse-scroll\"><\/div>\t\r\n\t\t<\/div><!-- .mouse-scroll -->\r\n\t\t\r\n\t<\/div><!-- .hero-wrapper -->\t\r\n\r\n<\/div><!-- .main-wrapper-full-width -->\r\n<\/div><!-- .block-hero --> \r\n\n\n\r\n<div id=\"\" class=\"selden-gb-block block-story block-bg-color-white\">\r\n<div class=\"main-wrapper-full-width\">\r\n<div class=\"main-wrapper\">\r\n\r\n<div class=\"section group flex-right\">\r\n\r\n\t<div class=\"col story-col story_col_2\">\t\t\t\r\n\t\t\t<div class=\"block-story-content\">\t\r\n\t\t\t\r\n\t\t\t\t\t\t\t\r\n\t\t\t\t\t\t<div class=\"story-img-img\"><img decoding=\"async\" src=\"https:\/\/www.seldenmast.com\/wp-content\/uploads\/14506_10591.jpg\" alt=\"UTSKJUTBART BOGSPR\u00d6T\" \/><\/div>\r\n\t\t\t\t\r\n\t\t\t\t\t\r\n\t\t<\/div><!-- .col-content -->\t\t\t\r\n\t<\/div><!-- .col -->\r\n\t\t\r\n\t<div class=\"col story-col story_col_4\">\t\r\n\t\t\r\n\t\t<div class=\"block-story-content\">\r\n\t\t<div class=\"block-story-content-wrapper\">\t\t\r\n\t\t\r\n\t\t<h2>UTSKJUTBART BOGSPR\u00d6T<\/h2>\t\t\t\t<p>Med ett utskjutbart bogspr\u00f6t f\u00e5r din gennaker fri vind med tillr\u00e4cklig separation fr\u00e5n f\u00f6rstaget f\u00f6r att kunna gippa seglet i spalten mellan f\u00f6rstag och gennaker.<\/p>\n<p>Koppla seglet eller rullsystemet i bogspr\u00f6tet, skjut ut och fixera det i d\u00e4cks\u00f6glan. Nu har du mer segelyta projicerad mot vinden och en snabbare b\u00e5t.<\/p>\n\t\t\r\n\t\t\t\t\r\n\t\t<\/div><!-- .block-story-wrapper -->\r\n\t\t<\/div><!-- .block-story-content -->\r\n\t<\/div><!-- .col -->\r\n\r\n<\/div><!-- .section --> \r\n \r\n<\/div><!-- .main-wrapper -->\t\r\n<\/div><!-- .main-wrapper-full-width -->\t\r\n<\/div><!-- .block-story -->\r\n\t\r\n\n\n<div id=\"downloads\" class=\"selden-gb-block block-downloads  block-bg-color-white\">\r\n<div class=\"main-wrapper-full-width\">\t\r\n<div class=\"main-wrapper\">\r\n\r\n<div class=\"downloads-text-wrapper\">\r\n\t\t\t\r\n<\/div><!-- .slider-text-wrapper -->\r\n\t\r\n<div class=\"downloads-list-wrapper\">\r\n<div class=\"section group\">\r\n\t\t\r\n\r\n<div class=\"col span_1_of_2\">\r\n<div class=\"downloads-group\">\t\r\n<a href=\"https:\/\/www.seldenmast.com\/test-page\/dealer-list\/?cat=ATI,RIS,AFD,SMK,RES,ECOM\">\r\n<div class=\"downloads-group-header\">\r\n<div class=\"section group\">\r\n<div class=\"col downloads_item_col_1_of_3\"><div class=\"icon-dl-measurement-wrapper icon-dl-measurement\"><\/div><\/div><!-- .col -->\r\n\t<div class=\"col downloads_item_col_2_of_3\"><div class=\"downloads-item-title\">Hitta &Aring;terf&ouml;rs&auml;ljare<\/div><\/div><!-- .col -->\r\n\t<div class=\"col downloads_item_col_3_of_3\"><img decoding=\"async\" src=\"https:\/\/www.seldenmast.com\/wp-content\/themes\/selden\/images\/test-downloads-link-external.png\"><\/div><!-- .col -->\r\n<\/div><!-- .section -->\r\n<\/div><!-- .downloads-group-header -->\r\n<\/a>\r\n<\/div><!-- .downloads-group -->\r\n<\/div><!-- .col -->\r\n\r\n\t\r\n\t\r\n\t\r\n\t\t\t\r\n\t\t\t\t\t \r\n<div class=\"col span_1_of_2\">\t\t\t\t\t \r\n<div class=\"downloads-group\">\r\n\t\t\t\t\r\n<div class=\"downloads-group-header downloads-group-header-toggler\">\r\n\r\n<div class=\"section group\">\r\n<div class=\"col downloads_item_col_1_of_3\"><div class=\"icon-dl-settings-wrapper icon-dl-settings\"><\/div><\/div><!-- .col -->\r\n<div class=\"col downloads_item_col_2_of_3\"><div class=\"downloads-item-title\">Teknisk information<\/div><\/div><!-- .col -->\r\n<div class=\"col downloads_item_col_3_of_3\"><img decoding=\"async\" src=\"https:\/\/www.seldenmast.com\/wp-content\/themes\/selden\/images\/test-downloads-pil-ner.png\"><\/div><!-- .col -->\r\n<\/div><!-- .section -->\r\n<\/div><!-- .downloads-group-header -->\r\n\t\r\n<div class=\"downloads-group-files\">\r\n\t\r\n\t<ul>\r\n\r\n\t\t\t\t\t \t\t\r\n<li><a href=\"https:\/\/support.seldenmast.com\/files\/595-261-E.pdf\" target=\"_blank\">Information &#038; Dimensioning<\/a><\/li>\r\n\t\t\r\n<li><a href=\"https:\/\/support.seldenmast.com\/files\/595-246-E.pdf\" target=\"_blank\">Installation manual<\/a><\/li>\r\n\r\n\t\r\n\t\t\r\n\t\t\r\n\t\t\r\n\t\t\r\n<\/ul>\r\n<\/div><!-- .downloads-group-files -->\r\n<\/div><!-- .downloads-group -->\r\n<\/div><!-- .col -->\r\n\t\t\r\n\t\t\r\n\r\n\t\t\r\n\t\r\n\r\n<\/div><!-- .section -->\r\n\t<\/div><!-- .downloads-list-wrapper -->\r\n\r\n<\/div><!-- .main-wrapper -->\r\n<\/div><!-- .main-wrapper-full-width -->\r\n<\/div><!-- .block-downloads -->\t\r\n","protected":false},"excerpt":{"rendered":"","protected":false},"author":7,"featured_media":539,"parent":6266,"menu_order":31,"comment_status":"closed","ping_status":"closed","template":"","meta":{"_acf_changed":false,"inline_featured_image":false,"footnotes":""},"class_list":["post-6482","page","type-page","status-publish","has-post-thumbnail","hentry"],"acf":[],"_links":{"self":[{"href":"https:\/\/www.seldenmast.com\/sv\/wp-json\/wp\/v2\/pages\/6482","targetHints":{"allow":["GET"]}}],"collection":[{"href":"https:\/\/www.seldenmast.com\/sv\/wp-json\/wp\/v2\/pages"}],"about":[{"href":"https:\/\/www.seldenmast.com\/sv\/wp-json\/wp\/v2\/types\/page"}],"author":[{"embeddable":true,"href":"https:\/\/www.seldenmast.com\/sv\/wp-json\/wp\/v2\/users\/7"}],"replies":[{"embeddable":true,"href":"https:\/\/www.seldenmast.com\/sv\/wp-json\/wp\/v2\/comments?post=6482"}],"version-history":[{"count":11,"href":"https:\/\/www.seldenmast.com\/sv\/wp-json\/wp\/v2\/pages\/6482\/revisions"}],"predecessor-version":[{"id":7413,"href":"https:\/\/www.seldenmast.com\/sv\/wp-json\/wp\/v2\/pages\/6482\/revisions\/7413"}],"up":[{"embeddable":true,"href":"https:\/\/www.seldenmast.com\/sv\/wp-json\/wp\/v2\/pages\/6266"}],"wp:featuredmedia":[{"embeddable":true,"href":"https:\/\/www.seldenmast.com\/sv\/wp-json\/wp\/v2\/media\/539"}],"wp:attachment":[{"href":"https:\/\/www.seldenmast.com\/sv\/wp-json\/wp\/v2\/media?parent=6482"}],"curies":[{"name":"wp","href":"https:\/\/api.w.org\/{rel}","templated":true}]}}