{"id":6368,"date":"2020-05-27T16:29:03","date_gmt":"2020-05-27T14:29:03","guid":{"rendered":"https:\/\/www.seldenmast.com\/products\/spinnaker-poles\/"},"modified":"2021-10-04T08:44:56","modified_gmt":"2021-10-04T06:44:56","slug":"spinnaker-poles","status":"publish","type":"page","link":"https:\/\/www.seldenmast.com\/sv\/produkter\/spinnaker-poles\/","title":{"rendered":"SPINNAKERBOMMAR"},"content":{"rendered":"<div id=\"spinnaker-poles\" class=\"selden-gb-block block-hero block-bg-color-white  resp-height-large\">\r\n<div class=\"main-wrapper-full-width\">\r\n\t<div class=\"hero-wrapper\" resp-height-large\">\r\n\t\r\n\t\r\n<div id=\"hero-slider-block_5eb015738a585\" class=\" resp-height-large\">\r\n<div class=\"hero-fade-block hero-img-wrapper hero-fade-block-show hero-fade-block-show-first img-bg-position-ct resp-height-large\" style=\"background-image:url('https:\/\/www.seldenmast.com\/wp-content\/uploads\/Man-med-spinbom-scaled.jpg');\"><\/div><\/div><!-- .fade-blocks-slider -->\r\n\t\t\t\r\n\t\r\n\t<div class=\"hero-text-wrapper\">\r\n\t<div class=\"hero-text-width\">\r\n\t<div class=\"hero-text-block hero-text-block-bottom\">\t\r\n\t<div class=\"\">\t\t\r\n\t<h1>SPINNAKERBOMMAR<\/h1>\t\t\t<\/div><!-- .hero-text-bg -->\r\n\t\t\r\n\t<\/div><!-- .hero-text-block -->\t\r\n\t\r\n\t<\/div><!-- .hero-text-width-->\r\n\t<\/div><!-- .hero-text-wrapper -->\t\t\t\r\n\t\t\r\n\t\t\r\n\t\t\r\n\t\t<div class=\"mouse-scroll\">\r\n\t<div class=\"icon-mouse-scroll-wrapper icon-mouse-scroll\"><\/div>\t\r\n\t\t<\/div><!-- .mouse-scroll -->\r\n\t\t\r\n\t<\/div><!-- .hero-wrapper -->\t\r\n\r\n<\/div><!-- .main-wrapper-full-width -->\r\n<\/div><!-- .block-hero --> \r\n\n\n<div id=\"\" class=\"selden-gb-block block-shortcuts block-bg-color-greylight\">\r\n<div class=\"main-wrapper-full-width\">\t\r\n<div class=\"main-wrapper\">\r\n\t\r\n\t<div class=\"shortcuts-list-wrapper\">\r\n\t<div class=\"section group\">\t\t\r\n\t\t\r\n\t\t\r\n\t\t\t<div class=\"col shortcuts_list_1_of_5\">\r\n\t\t\t\t\t\r\n\t\t\t<a href=\"#bm_aluspinpole\">\t\t\t<div class=\"shortcuts-list-item\">\t\t\r\n\t\t\r\n\t\t\t<div class=\"shortcuts-list-item-img\">\r\n\t\t\t<div class=\"square\">\r\n\t\t\t\t<div class=\"square-content square-rounded\" style=\"background-image: url(https:\/\/www.seldenmast.com\/wp-content\/uploads\/Spin-kits-s_cuts-3.jpg);\"><\/div><!-- .square-content -->\r\n\t\t\t<\/div><!-- .square --> \r\n\t\t\t<\/div>\t\t\r\n\t\t\t\t\r\n\t\t\t<div class=\"shortcuts-list-item-info\">\t\t\r\n\t\t\t\t\t<div class=\"shortcuts-list-item-title\">SPINNAKERBOMMAR I ALUMINIUM<\/div><!-- .shortcuts-list-item-title -->\t\t\t\t\r\n\t\t\t<\/div><!-- .shortcuts-list-item-info -->\r\n\t\t\t<\/div><!-- .shortcuts-list-item -->\r\n\t\t\t<\/a>\t\r\n\t\t\t\t\t\t\r\n\t\t<\/div><!-- .col -->\r\n\t\t\r\n\t\t\t\r\n\t\t\t<div class=\"col shortcuts_list_1_of_5\">\r\n\t\t\t\t\t\r\n\t\t\t<a href=\"#bm_carbonspinpoles\">\t\t\t<div class=\"shortcuts-list-item\">\t\t\r\n\t\t\r\n\t\t\t<div class=\"shortcuts-list-item-img\">\r\n\t\t\t<div class=\"square\">\r\n\t\t\t\t<div class=\"square-content square-rounded\" style=\"background-image: url(https:\/\/www.seldenmast.com\/wp-content\/uploads\/Carbon-s_cut-2.jpg);\"><\/div><!-- .square-content -->\r\n\t\t\t<\/div><!-- .square --> \r\n\t\t\t<\/div>\t\t\r\n\t\t\t\t\r\n\t\t\t<div class=\"shortcuts-list-item-info\">\t\t\r\n\t\t\t\t\t<div class=\"shortcuts-list-item-title\">SPINNAKERBOMMAR I KOLFIBER<\/div><!-- .shortcuts-list-item-title -->\t\t\t\t\r\n\t\t\t<\/div><!-- .shortcuts-list-item-info -->\r\n\t\t\t<\/div><!-- .shortcuts-list-item -->\r\n\t\t\t<\/a>\t\r\n\t\t\t\t\t\t\r\n\t\t<\/div><!-- .col -->\r\n\t\t\r\n\t\t\t\r\n\t\t\t<div class=\"col shortcuts_list_1_of_5\">\r\n\t\t\t\t\t\r\n\t\t\t<a href=\"#bm_spinpolekits\">\t\t\t<div class=\"shortcuts-list-item\">\t\t\r\n\t\t\r\n\t\t\t<div class=\"shortcuts-list-item-img\">\r\n\t\t\t<div class=\"square\">\r\n\t\t\t\t<div class=\"square-content square-rounded\" style=\"background-image: url(https:\/\/www.seldenmast.com\/wp-content\/uploads\/Alu_spinbom-s_cut-1.jpg);\"><\/div><!-- .square-content -->\r\n\t\t\t<\/div><!-- .square --> \r\n\t\t\t<\/div>\t\t\r\n\t\t\t\t\r\n\t\t\t<div class=\"shortcuts-list-item-info\">\t\t\r\n\t\t\t\t\t<div class=\"shortcuts-list-item-title\">BYGGSATSER<\/div><!-- .shortcuts-list-item-title -->\t\t\t\t\r\n\t\t\t<\/div><!-- .shortcuts-list-item-info -->\r\n\t\t\t<\/div><!-- .shortcuts-list-item -->\r\n\t\t\t<\/a>\t\r\n\t\t\t\t\t\t\r\n\t\t<\/div><!-- .col -->\r\n\t\t\r\n\t\t\t\r\n\t\t\t<div class=\"col shortcuts_list_1_of_5\">\r\n\t\t\t\t\t\r\n\t\t\t<a href=\"#bm_telescopicpoles\">\t\t\t<div class=\"shortcuts-list-item\">\t\t\r\n\t\t\r\n\t\t\t<div class=\"shortcuts-list-item-img\">\r\n\t\t\t<div class=\"square\">\r\n\t\t\t\t<div class=\"square-content square-rounded\" style=\"background-image: url(https:\/\/www.seldenmast.com\/wp-content\/uploads\/Telescope-s_cut-4.jpg);\"><\/div><!-- .square-content -->\r\n\t\t\t<\/div><!-- .square --> \r\n\t\t\t<\/div>\t\t\r\n\t\t\t\t\r\n\t\t\t<div class=\"shortcuts-list-item-info\">\t\t\r\n\t\t\t\t\t<div class=\"shortcuts-list-item-title\">TELESKOPISKA SPIRBOMMAR<\/div><!-- .shortcuts-list-item-title -->\t\t\t\t\r\n\t\t\t<\/div><!-- .shortcuts-list-item-info -->\r\n\t\t\t<\/div><!-- .shortcuts-list-item -->\r\n\t\t\t<\/a>\t\r\n\t\t\t\t\t\t\r\n\t\t<\/div><!-- .col -->\r\n\t\t\r\n\t\t\t\r\n\t\t\t<div class=\"col shortcuts_list_1_of_5\">\r\n\t\t\t\t\t\r\n\t\t\t<a href=\"#bm_jockeypoles\">\t\t\t<div class=\"shortcuts-list-item\">\t\t\r\n\t\t\r\n\t\t\t<div class=\"shortcuts-list-item-img\">\r\n\t\t\t<div class=\"square\">\r\n\t\t\t\t<div class=\"square-content square-rounded\" style=\"background-image: url(https:\/\/www.seldenmast.com\/wp-content\/uploads\/Jockeypole-s_cut-5.jpg);\"><\/div><!-- .square-content -->\r\n\t\t\t<\/div><!-- .square --> \r\n\t\t\t<\/div>\t\t\r\n\t\t\t\t\r\n\t\t\t<div class=\"shortcuts-list-item-info\">\t\t\r\n\t\t\t\t\t<div class=\"shortcuts-list-item-title\">JOCKEYBOMMAR<\/div><!-- .shortcuts-list-item-title -->\t\t\t\t\r\n\t\t\t<\/div><!-- .shortcuts-list-item-info -->\r\n\t\t\t<\/div><!-- .shortcuts-list-item -->\r\n\t\t\t<\/a>\t\r\n\t\t\t\t\t\t\r\n\t\t<\/div><!-- .col -->\r\n\t\t\r\n\t\t\t\r\n\t<\/div><!-- .section -->\t\r\n\t<\/div><!-- .shortcuts-list-wrapper -->\r\n\r\n<\/div><!-- .main-wrapper -->\r\n<\/div><!-- .main-wrapper-full-width -->\r\n<\/div><!-- .block-shortcuts -->\t\r\n\n\n\r\n<div id=\"\" class=\"selden-gb-block block-story block-bg-color-white\">\r\n<div class=\"main-wrapper-full-width\">\r\n<div class=\"main-wrapper\">\r\n\r\n<div class=\"section group flex-right\">\r\n\r\n\t<div class=\"col story-col story_col_3\">\t\t\t\r\n\t\t\t<div class=\"block-story-content\">\t\r\n\t\t\t\r\n\t\t\t\t\t\t\t\r\n\t\t\t\t\t\t<div class=\"story-img-img\"><img decoding=\"async\" src=\"https:\/\/www.seldenmast.com\/wp-content\/uploads\/MAM_1706-scaled.jpg\" alt=\"N\u00c4R SPINNAKERN FYLLER\" \/><\/div>\r\n\t\t\t\t\r\n\t\t\t\t\t\r\n\t\t<\/div><!-- .col-content -->\t\t\t\r\n\t<\/div><!-- .col -->\r\n\t\t\r\n\t<div class=\"col story-col story_col_3\">\t\r\n\t\t\r\n\t\t<div class=\"block-story-content\">\r\n\t\t<div class=\"block-story-content-wrapper\">\t\t\r\n\t\t\r\n\t\t<h2>N\u00c4R SPINNAKERN FYLLER<\/h2>\t\t\t\t<p>Har du en g\u00e5ng k\u00e4nt den m\u00e4ktiga kraften n\u00e4r spinnakern fylls av vind \u00e4r det s\u00e4kert en k\u00e4nsla du vill uppleva igen. Seld\u00e9n g\u00f6r denna upplevelse m\u00f6jlig f\u00f6r seglare \u00f6ver hela v\u00e4rlden genom ett komplett program av spinnakerbommar, b\u00e5de i aluminium och kolfiber, och ett brett urval av tillbeh\u00f6r.<\/p>\n\t\t\r\n\t\t\t\t\r\n\t\t<\/div><!-- .block-story-wrapper -->\r\n\t\t<\/div><!-- .block-story-content -->\r\n\t<\/div><!-- .col -->\r\n\r\n<\/div><!-- .section --> \r\n \r\n<\/div><!-- .main-wrapper -->\t\r\n<\/div><!-- .main-wrapper-full-width -->\t\r\n<\/div><!-- .block-story -->\r\n\t\r\n\n\n\r\n<div id=\"bm_aluspinpole\" class=\"selden-gb-block block-story block-bg-color-white\">\r\n<div class=\"main-wrapper-full-width\">\r\n<div class=\"main-wrapper\">\r\n\r\n<div class=\"section group flex-right\">\r\n\r\n\t<div class=\"col story-col story_col_3\">\t\t\t\r\n\t\t\t<div class=\"block-story-content\">\t\r\n\t\t\t\r\n\t\t\t\t\t\t\t\r\n\t\t\t\t\t\t<div class=\"story-img-img\"><img decoding=\"async\" src=\"https:\/\/www.seldenmast.com\/wp-content\/uploads\/Alu-spipole-kombo.jpg\" alt=\"SPINNAKERBOMMAR I ALUMINIUM\" \/><\/div>\r\n\t\t\t\t\r\n\t\t\t\t\t\r\n\t\t<\/div><!-- .col-content -->\t\t\t\r\n\t<\/div><!-- .col -->\r\n\t\t\r\n\t<div class=\"col story-col story_col_3\">\t\r\n\t\t\r\n\t\t<div class=\"block-story-content\">\r\n\t\t<div class=\"block-story-content-wrapper\">\t\t\r\n\t\t\r\n\t\t<h2>SPINNAKERBOMMAR I ALUMINIUM<\/h2>\t\t\t\t<p>Beslagen har v\u00e4l rundade kanter f\u00f6r att undvika skador p\u00e5 bes\u00e4ttning och utrustning. Profilerna har l\u00e5g vikt och h\u00f6g h\u00e5llfasthet. Slitlister skyddar bommen mot skador fr\u00e5n f\u00f6rstag och vant.<\/p>\n<p>\u00c4ndbeslag i komposit finns tillg\u00e4ngliga f\u00f6r v\u00e5ra \u00d848-\u00d896 bommar och anv\u00e4nds f\u00f6r b\u00e5de \u201dend-for-end\u201d gippar som f\u00f6r \u201ddip\u201d gippar.<\/p>\n<p>\u00c4ndbeslag i aluminium f\u00f6r gippning med dip-metoden \u00e4r tillg\u00e4ngliga f\u00f6r profiler \u00d872-\u00d8111.<\/p>\n\t\t\r\n\t\t\t\t\r\n\t\t<\/div><!-- .block-story-wrapper -->\r\n\t\t<\/div><!-- .block-story-content -->\r\n\t<\/div><!-- .col -->\r\n\r\n<\/div><!-- .section --> \r\n \r\n<\/div><!-- .main-wrapper -->\t\r\n<\/div><!-- .main-wrapper-full-width -->\t\r\n<\/div><!-- .block-story -->\r\n\t\r\n\n\n<div class=\"selden-gb-block block-seperator block-bg-color-white\">\n<div class=\"main-wrapper-full-width\">\n<div class=\"main-wrapper\">\n\t<hr class=\"seperator\" \/><!-- .seperator -->\t\n<\/div><!-- .main-wrapper -->\t\n<\/div><!-- .main-wrapper-full-width -->\t\n<\/div><!-- .block-seperator -->\n\n\n\r\n<div id=\"bm_carbonspinpoles\" class=\"selden-gb-block block-story block-bg-color-white\">\r\n<div class=\"main-wrapper-full-width\">\r\n<div class=\"main-wrapper\">\r\n\r\n<div class=\"section group flex-right\">\r\n\r\n\t<div class=\"col story-col story_col_3\">\t\t\t\r\n\t\t\t<div class=\"block-story-content\">\t\r\n\t\t\t\r\n\t\t\t\t\t\t\t\r\n\t\t\t\t\t\t<div class=\"story-img-img\"><img decoding=\"async\" src=\"https:\/\/www.seldenmast.com\/wp-content\/uploads\/CARBON-COMBI.BILDER.jpg\" alt=\"SPINNAKERBOMMAR I KOLFIBER\" \/><\/div>\r\n\t\t\t\t\r\n\t\t\t\t\t\r\n\t\t<\/div><!-- .col-content -->\t\t\t\r\n\t<\/div><!-- .col -->\r\n\t\t\r\n\t<div class=\"col story-col story_col_3\">\t\r\n\t\t\r\n\t\t<div class=\"block-story-content\">\r\n\t\t<div class=\"block-story-content-wrapper\">\t\t\r\n\t\t\r\n\t\t<h2>SPINNAKERBOMMAR I KOLFIBER<\/h2>\t\t\t\t<h4>En viktj\u00e4mf\u00f6relse mellan aluminium och kolfiber av likv\u00e4rdig styrka. Aluminiumbom Bomprofil 99\/99, l\u00e4ngd 5150 mm, vikt 16,9 kg. Kolfiberbom Bomprofil 102\/102, l\u00e4ngd 5150 mm, vikt 9 kg.<\/h4>\n<h4><\/h4>\n<p>&nbsp;<\/p>\n<h3 class=\"p1\">SELD\u00c9NKVALITET<\/h3>\n<p>Vi har utvecklat en egen datorstyrd tillverkningsmetod, d\u00e4r en f\u00f6rbearbetad (s.k. pre-preg) tr\u00e5d lindas upp p\u00e5 en cylinder innan den bakas i ugn. Med denna teknik kontrollerar vi tillverkningsprocessens alla steg och garanterar en j\u00e4mn och h\u00f6g kvalitet p\u00e5 slutprodukten. En av de riktigt stora f\u00f6rdelarna med Seld\u00e9ns produktionsmetod \u00e4r just att uppn\u00e5 tillr\u00e4ckligt h\u00f6g h\u00e5llfasthet, p\u00e5 de st\u00e4llen d\u00e4r belastning och slitage \u00e4r som st\u00f6rst.<\/p>\n<p>&nbsp;<\/p>\n<p>Seld\u00e9n spinnakerbommar i kolfiber \u00e4r l\u00e4mpliga f\u00f6r jollar och upp till 30 tons b\u00e5tar. De st\u00f6rre bommarna \u00e4r konade f\u00f6r att h\u00e5lla nere vikten i bom\u00e4ndarna.<\/p>\n<p class=\"p2\">\n\t\t\r\n\t\t\t\t\r\n\t\t<\/div><!-- .block-story-wrapper -->\r\n\t\t<\/div><!-- .block-story-content -->\r\n\t<\/div><!-- .col -->\r\n\r\n<\/div><!-- .section --> \r\n \r\n<\/div><!-- .main-wrapper -->\t\r\n<\/div><!-- .main-wrapper-full-width -->\t\r\n<\/div><!-- .block-story -->\r\n\t\r\n\n\n<div class=\"selden-gb-block block-seperator block-bg-color-white\">\n<div class=\"main-wrapper-full-width\">\n<div class=\"main-wrapper\">\n\t<hr class=\"seperator\" \/><!-- .seperator -->\t\n<\/div><!-- .main-wrapper -->\t\n<\/div><!-- .main-wrapper-full-width -->\t\n<\/div><!-- .block-seperator -->\n\n\n\r\n<div id=\"bm_spinpolekits\" class=\"selden-gb-block block-story block-bg-color-white\">\r\n<div class=\"main-wrapper-full-width\">\r\n<div class=\"main-wrapper\">\r\n\r\n<div class=\"section group flex-right\">\r\n\r\n\t<div class=\"col story-col story_col_3\">\t\t\t\r\n\t\t\t<div class=\"block-story-content\">\t\r\n\t\t\t\r\n\t\t\t\t\t\t\t\r\n\t\t\t\t\t\t<div class=\"story-img-img\"><img decoding=\"async\" src=\"https:\/\/www.seldenmast.com\/wp-content\/uploads\/Spin-pole-kits.jpg\" alt=\"SPINNAKERBOM \" \/><\/div>\r\n\t\t\t\t\r\n\t\t\t\t\t\r\n\t\t<\/div><!-- .col-content -->\t\t\t\r\n\t<\/div><!-- .col -->\r\n\t\t\r\n\t<div class=\"col story-col story_col_3\">\t\r\n\t\t\r\n\t\t<div class=\"block-story-content\">\r\n\t\t<div class=\"block-story-content-wrapper\">\t\t\r\n\t\t\r\n\t\t<h2>SPINNAKERBOM <\/h2>\t\t<p class=\"preamble\">I BYGGSATS<\/p>\t\t<p class=\"p1\">Det finns ingen anledning att v\u00e4nta p\u00e5 att Seld\u00e9n ska bygga en skr\u00e4ddarsydd spinnakerbom \u00e5t dig. Du bygger den enkelt sj\u00e4lv med hj\u00e4lp av en av v\u00e5ra byggsatser. Sj\u00e4lvklart kan du \u00e4ven be din lokala Seld\u00e9n\u00e5terf\u00f6rs\u00e4ljare om hj\u00e4lp.<\/p>\n\t\t\r\n\t\t\t\t\r\n\t\t<\/div><!-- .block-story-wrapper -->\r\n\t\t<\/div><!-- .block-story-content -->\r\n\t<\/div><!-- .col -->\r\n\r\n<\/div><!-- .section --> \r\n \r\n<\/div><!-- .main-wrapper -->\t\r\n<\/div><!-- .main-wrapper-full-width -->\t\r\n<\/div><!-- .block-story -->\r\n\t\r\n\n\n<div class=\"selden-gb-block block-seperator block-bg-color-white\">\n<div class=\"main-wrapper-full-width\">\n<div class=\"main-wrapper\">\n\t<hr class=\"seperator\" \/><!-- .seperator -->\t\n<\/div><!-- .main-wrapper -->\t\n<\/div><!-- .main-wrapper-full-width -->\t\n<\/div><!-- .block-seperator -->\n\n\n\r\n<div id=\"bm_telescopicpoles\" class=\"selden-gb-block block-story block-bg-color-white\">\r\n<div class=\"main-wrapper-full-width\">\r\n<div class=\"main-wrapper\">\r\n\r\n<div class=\"section group flex-right\">\r\n\r\n\t<div class=\"col story-col story_col_3\">\t\t\t\r\n\t\t\t<div class=\"block-story-content\">\t\r\n\t\t\t\r\n\t\t\t\t\t\t\t\r\n\t\t\t\t\t\t<div class=\"story-img-img\"><img decoding=\"async\" src=\"https:\/\/www.seldenmast.com\/wp-content\/uploads\/Telescopic-spinbom-kombo.jpg\" alt=\"TELESKOPISKA SPIRBOMMAR\" \/><\/div>\r\n\t\t\t\t\r\n\t\t\t\t\t\r\n\t\t<\/div><!-- .col-content -->\t\t\t\r\n\t<\/div><!-- .col -->\r\n\t\t\r\n\t<div class=\"col story-col story_col_3\">\t\r\n\t\t\r\n\t\t<div class=\"block-story-content\">\r\n\t\t<div class=\"block-story-content-wrapper\">\t\t\r\n\t\t\r\n\t\t<h2>TELESKOPISKA SPIRBOMMAR<\/h2>\t\t\t\t<p>Teleskopbommen kan f\u00f6rl\u00e4ngas till 150% av spinnakerboml\u00e4get. En f\u00f6ruts\u00e4ttning n\u00e4r du ska spira en stor genua eller gennaker. Den kan ocks\u00e5 skjutas ihop f\u00f6r enklare f\u00f6rvaring.<\/p>\n\t\t\r\n\t\t\t\t\r\n\t\t<\/div><!-- .block-story-wrapper -->\r\n\t\t<\/div><!-- .block-story-content -->\r\n\t<\/div><!-- .col -->\r\n\r\n<\/div><!-- .section --> \r\n \r\n<\/div><!-- .main-wrapper -->\t\r\n<\/div><!-- .main-wrapper-full-width -->\t\r\n<\/div><!-- .block-story -->\r\n\t\r\n\n\n<div class=\"selden-gb-block block-seperator block-bg-color-white\">\n<div class=\"main-wrapper-full-width\">\n<div class=\"main-wrapper\">\n\t<hr class=\"seperator\" \/><!-- .seperator -->\t\n<\/div><!-- .main-wrapper -->\t\n<\/div><!-- .main-wrapper-full-width -->\t\n<\/div><!-- .block-seperator -->\n\n\n\r\n<div id=\"bm_jockeypoles\" class=\"selden-gb-block block-story block-bg-color-white\">\r\n<div class=\"main-wrapper-full-width\">\r\n<div class=\"main-wrapper\">\r\n\r\n<div class=\"section group flex-right\">\r\n\r\n\t<div class=\"col story-col story_col_2\">\t\t\t\r\n\t\t\t<div class=\"block-story-content\">\t\r\n\t\t\t\r\n\t\t\t\t\t\t\t\r\n\t\t\t\t\t\t<div class=\"story-img-img\"><img decoding=\"async\" src=\"https:\/\/www.seldenmast.com\/wp-content\/uploads\/jockeypole-1.svg\" alt=\"JOCKEYBOMMAR\" \/><\/div>\r\n\t\t\t\t\r\n\t\t\t\t\t\r\n\t\t<\/div><!-- .col-content -->\t\t\t\r\n\t<\/div><!-- .col -->\r\n\t\t\r\n\t<div class=\"col story-col story_col_4\">\t\r\n\t\t\r\n\t\t<div class=\"block-story-content\">\r\n\t\t<div class=\"block-story-content-wrapper\">\t\t\r\n\t\t\r\n\t\t<h2>JOCKEYBOMMAR<\/h2>\t\t\t\t<p class=\"p1\">Jockeybommen reducerar krafterna och f\u00f6rhindrar slitaget p\u00e5 gajar och mant\u00e5g.<\/p>\n\t\t\r\n\t\t\t\t\r\n\t\t<\/div><!-- .block-story-wrapper -->\r\n\t\t<\/div><!-- .block-story-content -->\r\n\t<\/div><!-- .col -->\r\n\r\n<\/div><!-- .section --> \r\n \r\n<\/div><!-- .main-wrapper -->\t\r\n<\/div><!-- .main-wrapper-full-width -->\t\r\n<\/div><!-- .block-story -->\r\n\t\r\n\n\n<div id=\"downloads\" class=\"selden-gb-block block-downloads  block-bg-color-white\">\r\n<div class=\"main-wrapper-full-width\">\t\r\n<div class=\"main-wrapper\">\r\n\r\n<div class=\"downloads-text-wrapper\">\r\n\t\t\t\r\n<\/div><!-- .slider-text-wrapper -->\r\n\t\r\n<div class=\"downloads-list-wrapper\">\r\n<div class=\"section group\">\r\n\t\t\r\n<div class=\"col span_1_of_2\">\r\n<div class=\"downloads-group\">\r\n\t<a href=\"https:\/\/support.seldenmast.com\/en\/services\/upgrade_your_boat.html\" target=\"_blank\">\t\r\n<div class=\"downloads-group-header\">\r\n<div class=\"section group\">\r\n<div class=\"col downloads_item_col_1_of_3\"><div class=\"icon-dl-measurement-wrapper icon-dl-measurement\"><\/div><\/div><!-- .col -->\r\n\t<div class=\"col downloads_item_col_2_of_3\"><div class=\"downloads-item-title\">V&auml;lj storlek<\/div><\/div><!-- .col -->\r\n\t<div class=\"col downloads_item_col_3_of_3\"><img decoding=\"async\" src=\"https:\/\/www.seldenmast.com\/wp-content\/themes\/selden\/images\/test-downloads-link-external.png\"><\/div><!-- .col -->\r\n<\/div><!-- .section -->\r\n<\/div><!-- .downloads-group-header -->\r\n\t<\/a>\r\n<\/div><!-- .downloads-group -->\r\n<\/div><!-- .col -->\r\n\r\n<div class=\"col span_1_of_2\">\r\n<div class=\"downloads-group\">\t\r\n<a href=\"https:\/\/www.seldenmast.com\/test-page\/dealer-list\/?cat=ATI,AFD,RIS,SMK,RES,ECOM\">\r\n<div class=\"downloads-group-header\">\r\n<div class=\"section group\">\r\n<div class=\"col downloads_item_col_1_of_3\"><div class=\"icon-dl-measurement-wrapper icon-dl-measurement\"><\/div><\/div><!-- .col -->\r\n\t<div class=\"col downloads_item_col_2_of_3\"><div class=\"downloads-item-title\">Hitta &Aring;terf&ouml;rs&auml;ljare<\/div><\/div><!-- .col -->\r\n\t<div class=\"col downloads_item_col_3_of_3\"><img decoding=\"async\" src=\"https:\/\/www.seldenmast.com\/wp-content\/themes\/selden\/images\/test-downloads-link-external.png\"><\/div><!-- .col -->\r\n<\/div><!-- .section -->\r\n<\/div><!-- .downloads-group-header -->\r\n<\/a>\r\n<\/div><!-- .downloads-group -->\r\n<\/div><!-- .col -->\r\n\r\n\t\r\n\t\r\n\t\r\n\t\t\t\r\n\t\t\t\t\t \r\n<div class=\"col span_1_of_2\">\t\t\t\t\t \r\n<div class=\"downloads-group\">\r\n\t\t\t\t\r\n<div class=\"downloads-group-header downloads-group-header-toggler\">\r\n\r\n<div class=\"section group\">\r\n<div class=\"col downloads_item_col_1_of_3\"><div class=\"icon-dl-book-wrapper icon-dl-book\"><\/div><\/div><!-- .col -->\r\n<div class=\"col downloads_item_col_2_of_3\"><div class=\"downloads-item-title\">Broschyrer<\/div><\/div><!-- .col -->\r\n<div class=\"col downloads_item_col_3_of_3\"><img decoding=\"async\" src=\"https:\/\/www.seldenmast.com\/wp-content\/themes\/selden\/images\/test-downloads-pil-ner.png\"><\/div><!-- .col -->\r\n<\/div><!-- .section -->\r\n<\/div><!-- .downloads-group-header -->\r\n\t\r\n<div class=\"downloads-group-files\">\r\n\t\r\n\t<ul>\r\n\r\n\t\t\t\t\t \t\t\r\n<li><a href=\"https:\/\/support.seldenmast.com\/files\/595-560-E.pdf\" target=\"_blank\">Using a spinnaker<\/a><\/li>\r\n\t\t\t<\/ul>\r\n\t\t\t<\/div><!-- .downloads-group-files -->\t\r\n\t\t\t<\/div><!-- .downloads-group -->\r\n\t\t\t<\/div><!-- .col -->\r\n\t\t\t\t\t\r\n\t\t\t\t\t \r\n<div class=\"col span_1_of_2\">\t\t\t\t\t \r\n<div class=\"downloads-group\">\r\n\t\t\t\t\r\n<div class=\"downloads-group-header downloads-group-header-toggler\">\r\n\r\n<div class=\"section group\">\r\n<div class=\"col downloads_item_col_1_of_3\"><div class=\"icon-dl-settings-wrapper icon-dl-settings\"><\/div><\/div><!-- .col -->\r\n<div class=\"col downloads_item_col_2_of_3\"><div class=\"downloads-item-title\">Teknisk information<\/div><\/div><!-- .col -->\r\n<div class=\"col downloads_item_col_3_of_3\"><img decoding=\"async\" src=\"https:\/\/www.seldenmast.com\/wp-content\/themes\/selden\/images\/test-downloads-pil-ner.png\"><\/div><!-- .col -->\r\n<\/div><!-- .section -->\r\n<\/div><!-- .downloads-group-header -->\r\n\t\r\n<div class=\"downloads-group-files\">\r\n\t\r\n\t<ul>\r\n\r\n\t\t\t\t\t \t\t\r\n<li><a href=\"https:\/\/support.seldenmast.com\/files\/595-415-E.pdf\" target=\"_blank\">Carbon Pole Kit Assembly Instructions<\/a><\/li>\r\n\t\t\r\n<li><a href=\"https:\/\/support.seldenmast.com\/files\/595-270-E.pdf\" target=\"_blank\">Conversion to trip-trigger function<\/a><\/li>\r\n\t\t\r\n<li><a href=\"https:\/\/support.seldenmast.com\/files\/595-412-E.pdf\" target=\"_blank\">HMPE Pole Bridles<\/a><\/li>\r\n\t\t\r\n<li><a href=\"https:\/\/support.seldenmast.com\/files\/595-154-E.pdf\" target=\"_blank\">Loop and Support Kit<\/a><\/li>\r\n\t\t\r\n<li><a href=\"https:\/\/support.seldenmast.com\/files\/595-238-E.pdf\" target=\"_blank\">Spinnaker Pole heel Lift System<\/a><\/li>\r\n\t\t\r\n<li><a href=\"https:\/\/support.seldenmast.com\/files\/595-533-SET.pdf\" target=\"_blank\">Spinnaker pole kit, end-for-end<\/a><\/li>\r\n\t\t\r\n<li><a href=\"http:\/\/support.seldenmast.com\/index.php?id=4249&#038;setLang=en\" target=\"_blank\">Spinnaker poles<\/a><\/li>\r\n\t\t\r\n<li><a href=\"https:\/\/support.seldenmast.com\/files\/595-411-E.pdf\" target=\"_blank\">TWARON Wrap Instructions<\/a><\/li>\r\n\r\n\t\r\n\t\t\r\n\t\t\r\n\t\t\r\n\t\t\r\n<\/ul>\r\n<\/div><!-- .downloads-group-files -->\r\n<\/div><!-- .downloads-group -->\r\n<\/div><!-- .col -->\r\n\t\t\r\n\t\t\r\n\r\n\t\t\r\n\t\r\n\r\n<\/div><!-- .section -->\r\n\t<\/div><!-- .downloads-list-wrapper -->\r\n\r\n<\/div><!-- .main-wrapper -->\r\n<\/div><!-- .main-wrapper-full-width -->\r\n<\/div><!-- .block-downloads -->\t\r\n\n\n\r\n\t\r\n<div class=\"selden-gb-block block-image-full-width\">\r\n<div class=\"main-wrapper-full-width\">\r\n\r\n\t<div class=\"hero-wrapper\">\t\t\r\n\t\t\r\n\t\t\r\n\t\t<div class=\"hero-img-wrapper resp-height-medium img-bg-position-cc\" style=\"background-image:url('https:\/\/www.seldenmast.com\/wp-content\/uploads\/Spinnakers-MBRR14-902-scaled.jpg');\"><\/div>\t\t\r\n\t<div class=\"image-full-width-btn-wrapper\">\r\n\t<div class=\"image-full-width-btn-wrapper-width\">\r\n\t<div class=\"image-full-width-btn-wrapper-valign\">\r\n\t\t<\/div><!-- .image-full-width-btn-wrapper-valign -->\r\n\t<\/div><!-- .image-full-width-btn-wrapper-width -->\r\n\t<\/div><!-- .image-full-width-btn-wrapper -->\r\n<\/div><!-- .hero-wrapper -->\t\r\n\r\n<\/div><!-- .main-wrapper-full-width -->\r\n<\/div><!-- .block-image-full-width --> \r\n","protected":false},"excerpt":{"rendered":"","protected":false},"author":7,"featured_media":539,"parent":6266,"menu_order":43,"comment_status":"closed","ping_status":"closed","template":"","meta":{"_acf_changed":false,"inline_featured_image":false,"footnotes":""},"class_list":["post-6368","page","type-page","status-publish","has-post-thumbnail","hentry"],"acf":[],"_links":{"self":[{"href":"https:\/\/www.seldenmast.com\/sv\/wp-json\/wp\/v2\/pages\/6368","targetHints":{"allow":["GET"]}}],"collection":[{"href":"https:\/\/www.seldenmast.com\/sv\/wp-json\/wp\/v2\/pages"}],"about":[{"href":"https:\/\/www.seldenmast.com\/sv\/wp-json\/wp\/v2\/types\/page"}],"author":[{"embeddable":true,"href":"https:\/\/www.seldenmast.com\/sv\/wp-json\/wp\/v2\/users\/7"}],"replies":[{"embeddable":true,"href":"https:\/\/www.seldenmast.com\/sv\/wp-json\/wp\/v2\/comments?post=6368"}],"version-history":[{"count":20,"href":"https:\/\/www.seldenmast.com\/sv\/wp-json\/wp\/v2\/pages\/6368\/revisions"}],"predecessor-version":[{"id":6957,"href":"https:\/\/www.seldenmast.com\/sv\/wp-json\/wp\/v2\/pages\/6368\/revisions\/6957"}],"up":[{"embeddable":true,"href":"https:\/\/www.seldenmast.com\/sv\/wp-json\/wp\/v2\/pages\/6266"}],"wp:featuredmedia":[{"embeddable":true,"href":"https:\/\/www.seldenmast.com\/sv\/wp-json\/wp\/v2\/media\/539"}],"wp:attachment":[{"href":"https:\/\/www.seldenmast.com\/sv\/wp-json\/wp\/v2\/media?parent=6368"}],"curies":[{"name":"wp","href":"https:\/\/api.w.org\/{rel}","templated":true}]}}