{"id":6268,"date":"2021-03-09T13:11:04","date_gmt":"2021-03-09T12:11:04","guid":{"rendered":"https:\/\/www.seldenmast.com\/?page_id=6268"},"modified":"2022-01-28T08:07:23","modified_gmt":"2022-01-28T07:07:23","slug":"support","status":"publish","type":"page","link":"https:\/\/www.seldenmast.com\/sv\/support\/","title":{"rendered":"Support"},"content":{"rendered":"<div id=\"\" class=\"selden-gb-block block-hero block-bg-color-white  resp-height-large\">\r\n<div class=\"main-wrapper-full-width\">\r\n\t<div class=\"hero-wrapper\" resp-height-large\">\r\n\t\r\n\t\r\n<div id=\"hero-slider-block_5ee8b09521d9b\" class=\" resp-height-large\">\r\n<div class=\"hero-fade-block hero-img-wrapper hero-fade-block-show hero-fade-block-show-first img-bg-position-cc resp-height-large\" style=\"background-image:url('https:\/\/www.seldenmast.com\/wp-content\/uploads\/Namnl\u00f6s.png');\"><\/div><\/div><!-- .fade-blocks-slider -->\r\n\t\t\t\r\n\t\r\n\t<div class=\"hero-text-wrapper\">\r\n\t<div class=\"hero-text-width\">\r\n\t<div class=\"hero-text-block hero-text-block-middle\">\t\r\n\t<div class=\"\">\t\t\r\n\t<h1>SUPPORT<\/h1>\t\t\t<\/div><!-- .hero-text-bg -->\r\n\t\t\r\n\t<\/div><!-- .hero-text-block -->\t\r\n\t\r\n\t<\/div><!-- .hero-text-width-->\r\n\t<\/div><!-- .hero-text-wrapper -->\t\t\t\r\n\t\t\r\n\t\t\r\n\t\t\r\n\t\t<div class=\"mouse-scroll\">\r\n\t<div class=\"icon-mouse-scroll-wrapper icon-mouse-scroll\"><\/div>\t\r\n\t\t<\/div><!-- .mouse-scroll -->\r\n\t\t\r\n\t<\/div><!-- .hero-wrapper -->\t\r\n\r\n<\/div><!-- .main-wrapper-full-width -->\r\n<\/div><!-- .block-hero --> \r\n\n\n\r\n<div id=\"\" class=\"selden-gb-block block-story block-bg-color-white\">\r\n<div class=\"main-wrapper-full-width\">\r\n<div class=\"main-wrapper\">\r\n\r\n<div class=\"section group flex-right\">\r\n\r\n\t<div class=\"col story-col story_col_1\">\t\t\t\r\n\t\t\t<div class=\"block-story-content\">\t\r\n\t\t\t\r\n\t\t\t\t\t\r\n\t\t<\/div><!-- .col-content -->\t\t\t\r\n\t<\/div><!-- .col -->\r\n\t\t\r\n\t<div class=\"col story-col story_col_5\">\t\r\n\t\t\r\n\t\t<div class=\"block-story-content\">\r\n\t\t<div class=\"block-story-content-wrapper\">\t\t\r\n\t\t\r\n\t\t\t\t\t\t<p>F\u00f6r ytterligare information, teknisk dokumentation och online-vertyg f\u00f6r dimensionering, bes\u00f6k v\u00e5r <a href=\"https:\/\/support.seldenmast.com\">support-site.<\/a><\/p>\n\t\t\r\n\t\t\t\t\r\n\t\t<\/div><!-- .block-story-wrapper -->\r\n\t\t<\/div><!-- .block-story-content -->\r\n\t<\/div><!-- .col -->\r\n\r\n<\/div><!-- .section --> \r\n \r\n<\/div><!-- .main-wrapper -->\t\r\n<\/div><!-- .main-wrapper-full-width -->\t\r\n<\/div><!-- .block-story -->\r\n\t\r\n","protected":false},"excerpt":{"rendered":"","protected":false},"author":4,"featured_media":0,"parent":0,"menu_order":0,"comment_status":"closed","ping_status":"closed","template":"","meta":{"_acf_changed":false,"inline_featured_image":false,"footnotes":""},"class_list":["post-6268","page","type-page","status-publish","hentry"],"acf":[],"_links":{"self":[{"href":"https:\/\/www.seldenmast.com\/sv\/wp-json\/wp\/v2\/pages\/6268","targetHints":{"allow":["GET"]}}],"collection":[{"href":"https:\/\/www.seldenmast.com\/sv\/wp-json\/wp\/v2\/pages"}],"about":[{"href":"https:\/\/www.seldenmast.com\/sv\/wp-json\/wp\/v2\/types\/page"}],"author":[{"embeddable":true,"href":"https:\/\/www.seldenmast.com\/sv\/wp-json\/wp\/v2\/users\/4"}],"replies":[{"embeddable":true,"href":"https:\/\/www.seldenmast.com\/sv\/wp-json\/wp\/v2\/comments?post=6268"}],"version-history":[{"count":6,"href":"https:\/\/www.seldenmast.com\/sv\/wp-json\/wp\/v2\/pages\/6268\/revisions"}],"predecessor-version":[{"id":7708,"href":"https:\/\/www.seldenmast.com\/sv\/wp-json\/wp\/v2\/pages\/6268\/revisions\/7708"}],"wp:attachment":[{"href":"https:\/\/www.seldenmast.com\/sv\/wp-json\/wp\/v2\/media?parent=6268"}],"curies":[{"name":"wp","href":"https:\/\/api.w.org\/{rel}","templated":true}]}}