{"id":544,"date":"2020-02-12T16:41:54","date_gmt":"2020-02-12T15:41:54","guid":{"rendered":"http:\/\/wp2.seldenmast.com\/start\/"},"modified":"2025-04-07T11:11:01","modified_gmt":"2025-04-07T09:11:01","slug":"start","status":"publish","type":"page","link":"https:\/\/www.seldenmast.com\/sv\/","title":{"rendered":"Start"},"content":{"rendered":"<div id=\"\" class=\"selden-gb-block block-hero block-bg-color-white  resp-height-viewport\">\r\n<div class=\"main-wrapper-full-width\">\r\n\t<div class=\"hero-wrapper\" resp-height-viewport\">\r\n\t\r\n\t\r\n<div id=\"hero-slider-block_20f67541a21afbcd818438c75eb8522f\" class=\"fade-blocks-slider resp-height-viewport\">\r\n<div class=\"hero-fade-block hero-img-wrapper hero-fade-block-show hero-fade-block-show-first img-bg-position-cc resp-height-viewport\" style=\"background-image:url('https:\/\/www.seldenmast.com\/wp-content\/uploads\/HR400-mast_LF_0837-Ludovic-Fruchaud.jpg');\"><\/div><div class=\"hero-fade-block hero-img-wrapper img-bg-position-cc resp-height-viewport\" style=\"background-image:url('https:\/\/www.seldenmast.com\/wp-content\/uploads\/SMC2024_DL-193-2-scaled.jpg');\"><\/div><div class=\"hero-fade-block hero-img-wrapper img-bg-position-cc resp-height-viewport\" style=\"background-image:url('https:\/\/www.seldenmast.com\/wp-content\/uploads\/ART-Web-1-utan-text.jpg');\"><\/div><div class=\"hero-fade-block hero-img-wrapper img-bg-position-cc resp-height-viewport\" style=\"background-image:url('https:\/\/www.seldenmast.com\/wp-content\/uploads\/SMF-scaled.jpg');\"><\/div><div class=\"hero-fade-block hero-img-wrapper img-bg-position-cc resp-height-viewport\" style=\"background-image:url('https:\/\/www.seldenmast.com\/wp-content\/uploads\/E40i-scaled.jpg');\"><\/div><div class=\"hero-fade-block hero-img-wrapper img-bg-position-cc resp-height-viewport\" style=\"background-image:url('https:\/\/www.seldenmast.com\/wp-content\/uploads\/CXe45-scaled.jpg');\"><\/div><\/div><!-- .fade-blocks-slider -->\r\n\t\t\t\r\n\t\r\n\t<div class=\"hero-text-wrapper\">\r\n\t<div class=\"hero-text-width\">\r\n\t<div class=\"hero-text-block hero-text-block-middle\">\t\r\n\t<div class=\"hero-text-bg\">\t\t\r\n\t<h2>USA ONLINE STORE NOW OPEN<\/h2>\t<p class=\"preamble\">LINK TO SHOP IN THE MENU BAR<\/p>\t\t<\/div><!-- .hero-text-bg -->\r\n\t\t\r\n\t<\/div><!-- .hero-text-block -->\t\r\n\t\r\n\t<\/div><!-- .hero-text-width-->\r\n\t<\/div><!-- .hero-text-wrapper -->\t\t\t\r\n\t\t\r\n\t\t\r\n\t\t\r\n\t\t<div class=\"mouse-scroll\">\r\n\t<div class=\"icon-mouse-scroll-wrapper icon-mouse-scroll\"><\/div>\t\r\n\t\t<\/div><!-- .mouse-scroll -->\r\n\t\t\r\n\t<\/div><!-- .hero-wrapper -->\t\r\n\r\n<\/div><!-- .main-wrapper-full-width -->\r\n<\/div><!-- .block-hero --> \r\n\n\n<div id=\"\" class=\"selden-gb-block block-text-columns block-bg-color-greylight\">\r\n<div class=\"main-wrapper-full-width\">\t\r\n<div class=\"main-wrapper\">\r\n\r\n\t\r\n\t\t\r\n\t<div class=\"section group\">\r\n\t<div class=\"col text_columns_col_1 text-columns-separator-col-1 separator-not-active\">\r\n\t\t<div class=\"text-columns-header-wrapper\"><h2>FR\u00c5N D\u00c4CK TILL MASTTOPP<\/h2>\t\t\t\r\n\t\t\t\t\t\r\n\t\t\r\n\t\t<\/div>\t\t\t\t\r\n\t<\/div><!-- .col -->\t\t\r\n\t\t\r\n\t<div class=\"col text_columns_col_2 text-columns-separator-col-2 separator-active\">\t\t\t\r\n\t\t<div class=\"text-columns-2-space\">\t\t\t\r\n\t\t<div class=\"text-columns text-columns-2\">\t\r\n\t\t\t<p>Din passion f\u00f6r segling \u00e4r det som driver oss och vi vill g\u00f6ra din seglingsupplevelse s\u00e5 positiv som m\u00f6jligt. Vi st\u00e5r till ditt f\u00f6rfogande och \u00f6nskar dig v\u00e4lkommen till v\u00e5r hemsida<strong>. <\/strong><\/p>\n<h3>VI SER TILL DETALJERNA<\/h3>\n<p>Ingen detalj \u00e4r obetydlig i v\u00e5rt s\u00f6kande efter det b\u00e4sta. Det g\u00e4ller allt fr\u00e5n materialval till en noggrann kvalitetskontroll av den f\u00e4rdiga produkten. Seld\u00e9ns f\u00f6retagsfilosofi kan sammanfattas under begreppen kvalitets- och systemt\u00e4nkande samt en oavbruten str\u00e4van mot att \u00e5stadkomma b\u00e4sta m\u00f6jliga funktion f\u00f6r varje produkt.<\/p>\n<h3>V\u00c5R BAKGRUND<\/h3>\n<p>Sedan starten 1960 har nyfikenhet p\u00e5 nya teknologier och material alltid drivit oss fram\u00e5t och vi har utvecklat v\u00e5rt sortiment av master fr\u00e5n traditionella tr\u00e4master till dagens aluminium- och kolfibermaster. Idag \u00e4r vi den dominerande tillverkaren i v\u00e4rlden av kompletta system f\u00f6r segelhantering f\u00f6r allt ifr\u00e5n jollar och upp till 80\u2019 yachts.<\/p>\n<h3>NYLANSERINGAR<\/h3>\n<p>Utvecklingen forts\u00e4tter och vi har nylanserade produkter som vi hoppas du vill titta n\u00e4rmre p\u00e5.<br \/>\n<a href=\"https:\/\/www.seldenmast.com\/sv\/news\/\">Nyheter<\/a><\/p>\n\t\t\t\t\t\t\t\r\n\t\t<\/div><!-- .text-columns-x -->\t\r\n\t\t<\/div><!-- .text-columns-2-space -->\r\n\t<\/div><!-- .col -->\t\t\r\n\t<\/div><!-- .section -->\t\t\r\n\t\r\n\r\n<\/div><!-- .main-wrapper -->\r\n<\/div><!-- .main-wrapper-full-width -->\r\n<\/div><!-- .block-text-columns --> \r\n \n\n\r\n\t\r\n<div class=\"selden-gb-block block-image-full-width\">\r\n<div class=\"main-wrapper-full-width\">\r\n\r\n\t<div class=\"hero-wrapper\">\t\t\r\n\t\t\r\n\t\t\r\n\t\t<div class=\"hero-img-wrapper resp-height-xxl img-bg-position-cc\" style=\"background-image:url('https:\/\/www.seldenmast.com\/wp-content\/uploads\/Tristan_W_riggverkstad-1.jpg');\"><\/div>\t\t\r\n\t<div class=\"image-full-width-btn-wrapper\">\r\n\t<div class=\"image-full-width-btn-wrapper-width\">\r\n\t<div class=\"image-full-width-btn-wrapper-valign\">\r\n\t\t<\/div><!-- .image-full-width-btn-wrapper-valign -->\r\n\t<\/div><!-- .image-full-width-btn-wrapper-width -->\r\n\t<\/div><!-- .image-full-width-btn-wrapper -->\r\n<\/div><!-- .hero-wrapper -->\t\r\n\r\n<\/div><!-- .main-wrapper-full-width -->\r\n<\/div><!-- .block-image-full-width --> \r\n\n\n<div id=\"\" class=\"selden-gb-block block-text-columns block-bg-color-greylight\">\r\n<div class=\"main-wrapper-full-width\">\t\r\n<div class=\"main-wrapper\">\r\n\r\n\t\r\n\t\t\r\n\t<div class=\"section group\">\r\n\t<div class=\"col text_columns_col_1 text-columns-separator-col-1 separator-active\">\r\n\t\t<div class=\"text-columns-header-wrapper\"><h2>ALUMINIUMMASTER<\/h2>\t\t\t\r\n\t\t\t<div class=\"text-columns-img-wrapper\"><img decoding=\"async\" src=\"https:\/\/www.seldenmast.com\/wp-content\/uploads\/C153-257-e1588060584841.png\" alt=\"ALUMINIUMMASTER\" \/><\/div>\t\t\r\n\t\t\r\n\t\t<\/div>\t\t\t\t\r\n\t<\/div><!-- .col -->\t\t\r\n\t\t\r\n\t<div class=\"col text_columns_col_2 text-columns-separator-col-2 separator-not-active\">\t\t\t\r\n\t\t<div class=\"text-columns-2-space\">\t\t\t\r\n\t\t<div class=\"text-columns text-columns-2\">\t\r\n\t\t\t<h3>ENLIGT V\u00c5R STANDARD \u00c4R VARJE MAST SKR\u00c4DDARSYDD<\/h3>\n<p>Seld\u00e9n erbjuder ett komplett sortiment av master och riggutrustning i b\u00e5de aluminium och kolfiber. Alla riggar \u00e4r skr\u00e4ddarsydda i varje ber\u00e4kning och detalj, f\u00f6r varje individuell b\u00e5t. Vi vet hur mycket det \u00e4r som h\u00e4nger p\u00e5 riggen s\u00e5 h\u00e4r finns inget utrymme f\u00f6r kompromisser.<\/p>\n\t\t\t\t\t\t<a class=\"btn\" href=\"https:\/\/www.seldenmast.com\/sv\/produkter\/masts\/\">L\u00e4s mer<\/a>\t\r\n\t\t<\/div><!-- .text-columns-x -->\t\r\n\t\t<\/div><!-- .text-columns-2-space -->\r\n\t<\/div><!-- .col -->\t\t\r\n\t<\/div><!-- .section -->\t\t\r\n\t\r\n\r\n<\/div><!-- .main-wrapper -->\r\n<\/div><!-- .main-wrapper-full-width -->\r\n<\/div><!-- .block-text-columns --> \r\n \n\n\r\n\t\r\n<div class=\"selden-gb-block block-image-full-width\">\r\n<div class=\"main-wrapper-full-width\">\r\n\r\n\t<div class=\"hero-wrapper\">\t\t\r\n\t\t\r\n\t\t\r\n\t\t<div class=\"hero-img-wrapper resp-height-large img-bg-position-cc\" style=\"background-image:url('https:\/\/www.seldenmast.com\/wp-content\/uploads\/J70RM-206--scaled.jpg');\"><\/div>\t\t\r\n\t<div class=\"image-full-width-btn-wrapper\">\r\n\t<div class=\"image-full-width-btn-wrapper-width\">\r\n\t<div class=\"image-full-width-btn-wrapper-valign\">\r\n\t\t<\/div><!-- .image-full-width-btn-wrapper-valign -->\r\n\t<\/div><!-- .image-full-width-btn-wrapper-width -->\r\n\t<\/div><!-- .image-full-width-btn-wrapper -->\r\n<\/div><!-- .hero-wrapper -->\t\r\n\r\n<\/div><!-- .main-wrapper-full-width -->\r\n<\/div><!-- .block-image-full-width --> \r\n\n\n<div id=\"\" class=\"selden-gb-block block-text-columns block-bg-color-greydark\">\r\n<div class=\"main-wrapper-full-width\">\t\r\n<div class=\"main-wrapper\">\r\n\r\n\t\r\n\t\t\r\n\t<div class=\"section group\">\r\n\t<div class=\"col text_columns_col_1 text-columns-separator-col-1 separator-active\">\r\n\t\t<div class=\"text-columns-header-wrapper\"><h2>KOLFIBERMASTER<\/h2>\t\t\t\r\n\t\t\t<div class=\"text-columns-img-wrapper\"><img decoding=\"async\" src=\"https:\/\/www.seldenmast.com\/wp-content\/uploads\/17626-28-1.jpg\" alt=\"KOLFIBERMASTER\" \/><\/div>\t\t\r\n\t\t\r\n\t\t<\/div>\t\t\t\t\r\n\t<\/div><!-- .col -->\t\t\r\n\t\t\r\n\t<div class=\"col text_columns_col_2 text-columns-separator-col-2 separator-not-active\">\t\t\t\r\n\t\t<div class=\"text-columns-2-space\">\t\t\t\r\n\t\t<div class=\"text-columns text-columns-2\">\t\r\n\t\t\t<p>Kolfiber-komposit kombinerar styvhet, styrka och l\u00e5g vikt.<br \/>\nMastens styvhet, b\u00e5de l\u00e5ngskepps och tv\u00e4rskepps, ger ett mer exakt riggtrim och bidrar till att optimera b\u00e5tens h\u00f6jdtagning och fart.<\/p>\n\t\t\t\t\t\t<a class=\"btn\" href=\"https:\/\/www.seldenmast.com\/sv\/produkter\/masts\/#bm_carbonmasts\">L\u00e4s mer<\/a>\t\r\n\t\t<\/div><!-- .text-columns-x -->\t\r\n\t\t<\/div><!-- .text-columns-2-space -->\r\n\t<\/div><!-- .col -->\t\t\r\n\t<\/div><!-- .section -->\t\t\r\n\t\r\n\r\n<\/div><!-- .main-wrapper -->\r\n<\/div><!-- .main-wrapper-full-width -->\r\n<\/div><!-- .block-text-columns --> \r\n \n\n\r\n\t\r\n<div class=\"selden-gb-block block-image-full-width\">\r\n<div class=\"main-wrapper-full-width\">\r\n\r\n\t<div class=\"hero-wrapper\">\t\t\r\n\t\t\r\n\t\t\r\n\t\t<div class=\"hero-img-wrapper resp-height-large img-bg-position-cb\" style=\"background-image:url('https:\/\/www.seldenmast.com\/wp-content\/uploads\/Najad-410-314-1.jpg');\"><\/div>\t\t\r\n\t<div class=\"image-full-width-btn-wrapper\">\r\n\t<div class=\"image-full-width-btn-wrapper-width\">\r\n\t<div class=\"image-full-width-btn-wrapper-valign\">\r\n\t\t<\/div><!-- .image-full-width-btn-wrapper-valign -->\r\n\t<\/div><!-- .image-full-width-btn-wrapper-width -->\r\n\t<\/div><!-- .image-full-width-btn-wrapper -->\r\n<\/div><!-- .hero-wrapper -->\t\r\n\r\n<\/div><!-- .main-wrapper-full-width -->\r\n<\/div><!-- .block-image-full-width --> \r\n\n\n<div id=\"\" class=\"selden-gb-block block-text-columns block-bg-color-greylight\">\r\n<div class=\"main-wrapper-full-width\">\t\r\n<div class=\"main-wrapper\">\r\n\r\n\t\r\n\t\t\r\n\t<div class=\"section group\">\r\n\t<div class=\"col text_columns_col_1 text-columns-separator-col-1 separator-active\">\r\n\t\t<div class=\"text-columns-header-wrapper\">\t\t\t\r\n\t\t\t<div class=\"text-columns-img-wrapper\"><img decoding=\"async\" src=\"https:\/\/www.seldenmast.com\/wp-content\/uploads\/FLX-404S-drum-w-logo.png\" alt=\"\" \/><\/div>\t\t\r\n\t\t\r\n\t\t<\/div>\t\t\t\t\r\n\t<\/div><!-- .col -->\t\t\r\n\t\t\r\n\t<div class=\"col text_columns_col_2 text-columns-separator-col-2 separator-not-active\">\t\t\t\r\n\t\t<div class=\"text-columns-2-space\">\t\t\t\r\n\t\t<div class=\"text-columns text-columns-2\">\t\r\n\t\t\t<p>Seld\u00e9n utvecklade sitt f\u00f6rsta rullfocksystem under b\u00f6rjan av 80-talet och lanserade det 1983 under varum\u00e4rket \u201dFurlex\u201d &#8211; idag synonymt med begreppet rullfocksystem. Med Furlex blir seglingen s\u00e4ker och trygg genom att f\u00f6rseglet hanteras helt fr\u00e5n sittbrunnen utan \u00e4ventyrliga man\u00f6vrar p\u00e5 f\u00f6rd\u00e4ck.<\/p>\n<p>Furlex levereras som ett komplett system genom professionella experter, oftast segelmakare eller riggare. Dagens modell \u00e4r 4e generationen av denna v\u00e4rldsledande hj\u00e4lpreda ombord.<\/p>\n\t\t\t\t\t\t<a class=\"btn\" href=\"https:\/\/www.seldenmast.com\/sv\/produkter\/furlex-systems\/\">L\u00e4s mer<\/a>\t\r\n\t\t<\/div><!-- .text-columns-x -->\t\r\n\t\t<\/div><!-- .text-columns-2-space -->\r\n\t<\/div><!-- .col -->\t\t\r\n\t<\/div><!-- .section -->\t\t\r\n\t\r\n\r\n<\/div><!-- .main-wrapper -->\r\n<\/div><!-- .main-wrapper-full-width -->\r\n<\/div><!-- .block-text-columns --> \r\n \n\n\r\n\t\r\n<div class=\"selden-gb-block block-image-full-width\">\r\n<div class=\"main-wrapper-full-width\">\r\n\r\n\t<div class=\"hero-wrapper\">\t\t\r\n\t\t\r\n\t\t\r\n\t\t<div class=\"hero-img-wrapper resp-height-medium img-bg-position-cc\" style=\"background-image:url('https:\/\/www.seldenmast.com\/wp-content\/uploads\/Selden_HR64-35-scaled.jpg');\"><\/div>\t\t\r\n\t<div class=\"image-full-width-btn-wrapper\">\r\n\t<div class=\"image-full-width-btn-wrapper-width\">\r\n\t<div class=\"image-full-width-btn-wrapper-valign\">\r\n\t\t<\/div><!-- .image-full-width-btn-wrapper-valign -->\r\n\t<\/div><!-- .image-full-width-btn-wrapper-width -->\r\n\t<\/div><!-- .image-full-width-btn-wrapper -->\r\n<\/div><!-- .hero-wrapper -->\t\r\n\r\n<\/div><!-- .main-wrapper-full-width -->\r\n<\/div><!-- .block-image-full-width --> \r\n\n\n<div id=\"\" class=\"selden-gb-block block-text-columns block-bg-color-white\">\r\n<div class=\"main-wrapper-full-width\">\t\r\n<div class=\"main-wrapper\">\r\n\r\n\t\r\n\t\t\r\n\t<div class=\"section group\">\r\n\t<div class=\"col text_columns_col_1 text-columns-separator-col-1 separator-active\">\r\n\t\t<div class=\"text-columns-header-wrapper\"><h2>DECK HARDWARE<\/h2>\t\t\t\r\n\t\t\t<div class=\"text-columns-img-wrapper\"><img decoding=\"async\" src=\"https:\/\/www.seldenmast.com\/wp-content\/uploads\/DHW-Block-e1588060656264.png\" alt=\"DECK HARDWARE\" \/><\/div>\t\t\r\n\t\t\r\n\t\t<\/div>\t\t\t\t\r\n\t<\/div><!-- .col -->\t\t\r\n\t\t\r\n\t<div class=\"col text_columns_col_2 text-columns-separator-col-2 separator-not-active\">\t\t\t\r\n\t\t<div class=\"text-columns-2-space\">\t\t\t\r\n\t\t<div class=\"text-columns text-columns-2\">\t\r\n\t\t\t<p>Seld\u00e9n d\u00e4cksutrustning \u00e4r noggrant designad, utvecklad och tillverkad med den strikta kvalitetskontroll och detaljnoggrannhet som \u00e4r Seld\u00e9ns k\u00e4nnetecken. Vi l\u00e4mnar 2 \u00e5rs garanti p\u00e5 all Seld\u00e9n d\u00e4cksutrustning.<\/p>\n<p>&nbsp;<\/p>\n<p>&nbsp;<\/p>\n<p>&nbsp;<\/p>\n<p>Vi har sedan 1960, i n\u00e4ra samarbete med b\u00e5tvarv och segelmakare \u00f6ver hela v\u00e4rlden, f\u00e5tt fart p\u00e5 tusen och \u00e5ter tusen segelb\u00e5tar. F\u00f6r att verkligen ta kontroll \u00f6ver hela riggens funktion har vi utvecklat ett eget omfattande sortiment av d\u00e4cksutrustning. L\u00e5g friktion, l\u00e5ng livsl\u00e4ngd och design har styrt v\u00e5rt arbete. Vi har byggt in decennier av erfarenhet fr\u00e5n all t\u00e4nkbar typ av segling och inte minst v\u00e5r passion. N\u00e4r du hanterar Seld\u00e9n d\u00e4cksutrustning hoppas vi att du upplever just den k\u00e4nslan av passion. Passionen vi har tagit med, hela v\u00e4gen fr\u00e5n ritbordet.<\/p>\n\t\t\t\t\t\t<a class=\"btn\" href=\"https:\/\/www.seldenmast.com\/sv\/produkter\/deck-hardware\/\">L\u00e4s mer<\/a>\t\r\n\t\t<\/div><!-- .text-columns-x -->\t\r\n\t\t<\/div><!-- .text-columns-2-space -->\r\n\t<\/div><!-- .col -->\t\t\r\n\t<\/div><!-- .section -->\t\t\r\n\t\r\n\r\n<\/div><!-- .main-wrapper -->\r\n<\/div><!-- .main-wrapper-full-width -->\r\n<\/div><!-- .block-text-columns --> \r\n \n\n\r\n\t\r\n<div class=\"selden-gb-block block-image-full-width\">\r\n<div class=\"main-wrapper-full-width\">\r\n\r\n\t<div class=\"hero-wrapper\">\t\t\r\n\t\t\r\n\t\t\r\n\t\t<div class=\"hero-img-wrapper resp-height-large img-bg-position-cc\" style=\"background-image:url('https:\/\/www.seldenmast.com\/wp-content\/uploads\/7O3B7384-1-scaled.jpg');\"><\/div>\t\t\r\n\t<div class=\"image-full-width-btn-wrapper\">\r\n\t<div class=\"image-full-width-btn-wrapper-width\">\r\n\t<div class=\"image-full-width-btn-wrapper-valign\">\r\n\t\t<\/div><!-- .image-full-width-btn-wrapper-valign -->\r\n\t<\/div><!-- .image-full-width-btn-wrapper-width -->\r\n\t<\/div><!-- .image-full-width-btn-wrapper -->\r\n<\/div><!-- .hero-wrapper -->\t\r\n\r\n<\/div><!-- .main-wrapper-full-width -->\r\n<\/div><!-- .block-image-full-width --> \r\n\n\n<div id=\"\" class=\"selden-gb-block block-text-columns block-bg-color-greydark\">\r\n<div class=\"main-wrapper-full-width\">\t\r\n<div class=\"main-wrapper\">\r\n\r\n\t\r\n\t\t\r\n\t<div class=\"section group\">\r\n\t<div class=\"col text_columns_col_1 text-columns-separator-col-1 separator-active\">\r\n\t\t<div class=\"text-columns-header-wrapper\"><h2 class=\"show-image-as-bg\">RULLSYSTEM F\u00d6R \u00d6PPNA BOGAR<\/h2>\t\t\t\r\n\t\t\t<div class=\"text-columns-img-wrapper\"><img decoding=\"async\" src=\"https:\/\/www.seldenmast.com\/wp-content\/uploads\/Selden-GX-e1588060719683.png\" alt=\"RULLSYSTEM F\u00d6R \u00d6PPNA BOGAR\" \/><\/div>\t\t\r\n\t\t\r\n\t\t<\/div>\t\t\t\t\r\n\t<\/div><!-- .col -->\t\t\r\n\t\t\r\n\t<div class=\"col text_columns_col_2 text-columns-separator-col-2 separator-not-active\">\t\t\t\r\n\t\t<div class=\"text-columns-2-space\">\t\t\t\r\n\t\t<div class=\"text-columns text-columns-2\">\t\r\n\t\t\t<p>Att rulla ut en Code 0 eller en gennaker \u00e4r en spektakul\u00e4r upplevelse som g\u00f6r seglingen roligare.<br \/>\nMed ett rullsystem blir hanteringen dessutom enkel. Hissa upp det inrullade seglet, lossa inrullningslinan, skota hem s\u00e5 att seglet rullas ut och ingen i din bes\u00e4ttning kommer att vara ober\u00f6rd. N\u00e4r seglet ska rullas in slackar man skotet och rullar ihop seglet med en \u00e4ndl\u00f6s man\u00f6verlina som l\u00f6per \u00f6ver lintrumman. Man\u00f6verlinan s\u00e4kras d\u00e4refter i ett fiolblock med tv\u00e5 linl\u00e5s, ett s\u00e5 kallat \u201dtandemblock\u201d. N\u00e4r seglet \u00e4r inrullat \u00e4r det l\u00e4tt att ta ner det och stuva det i en segels\u00e4ck, alternativt l\u00e5ter man det sitta uppe tempor\u00e4rt. Seld\u00e9n tillhandah\u00e5ller all n\u00f6dv\u00e4ndig utrustning f\u00f6r s\u00e4ker och rolig segling i \u00f6ppna vindar.<\/p>\n\t\t\t\t\t\t<a class=\"btn\" href=\"https:\/\/www.seldenmast.com\/sv\/produkter\/downwind-furling-systems\/\">L\u00e4s mer<\/a>\t\r\n\t\t<\/div><!-- .text-columns-x -->\t\r\n\t\t<\/div><!-- .text-columns-2-space -->\r\n\t<\/div><!-- .col -->\t\t\r\n\t<\/div><!-- .section -->\t\t\r\n\t\r\n\r\n<\/div><!-- .main-wrapper -->\r\n<\/div><!-- .main-wrapper-full-width -->\r\n<\/div><!-- .block-text-columns --> \r\n \n\n<div class=\"selden-gb-block block-seperator block-bg-color-greydark\">\n<div class=\"main-wrapper-full-width\">\n<div class=\"main-wrapper\">\n\t<hr class=\"seperator\" \/><!-- .seperator -->\t\n<\/div><!-- .main-wrapper -->\t\n<\/div><!-- .main-wrapper-full-width -->\t\n<\/div><!-- .block-seperator -->\n","protected":false},"excerpt":{"rendered":"","protected":false},"author":7,"featured_media":0,"parent":0,"menu_order":0,"comment_status":"closed","ping_status":"closed","template":"","meta":{"_acf_changed":false,"inline_featured_image":false,"footnotes":""},"class_list":["post-544","page","type-page","status-publish","hentry"],"acf":[],"_links":{"self":[{"href":"https:\/\/www.seldenmast.com\/sv\/wp-json\/wp\/v2\/pages\/544","targetHints":{"allow":["GET"]}}],"collection":[{"href":"https:\/\/www.seldenmast.com\/sv\/wp-json\/wp\/v2\/pages"}],"about":[{"href":"https:\/\/www.seldenmast.com\/sv\/wp-json\/wp\/v2\/types\/page"}],"author":[{"embeddable":true,"href":"https:\/\/www.seldenmast.com\/sv\/wp-json\/wp\/v2\/users\/7"}],"replies":[{"embeddable":true,"href":"https:\/\/www.seldenmast.com\/sv\/wp-json\/wp\/v2\/comments?post=544"}],"version-history":[{"count":19,"href":"https:\/\/www.seldenmast.com\/sv\/wp-json\/wp\/v2\/pages\/544\/revisions"}],"predecessor-version":[{"id":9231,"href":"https:\/\/www.seldenmast.com\/sv\/wp-json\/wp\/v2\/pages\/544\/revisions\/9231"}],"wp:attachment":[{"href":"https:\/\/www.seldenmast.com\/sv\/wp-json\/wp\/v2\/media?parent=544"}],"curies":[{"name":"wp","href":"https:\/\/api.w.org\/{rel}","templated":true}]}}