{"id":7265,"date":"2021-10-22T15:48:22","date_gmt":"2021-10-22T13:48:22","guid":{"rendered":"https:\/\/www.seldenmast.com\/?page_id=7265"},"modified":"2022-03-04T11:02:23","modified_gmt":"2022-03-04T10:02:23","slug":"privacy-policy","status":"publish","type":"page","link":"https:\/\/www.seldenmast.com\/fr\/privacy-policy\/","title":{"rendered":"Politique de confidentialit\u00e9"},"content":{"rendered":"<div class=\"selden-gb-block block-spacer block-bg-color-white\" style=\"height: 100px\">\n<div class=\"main-wrapper-full-width\"><\/div><!-- .main-wrapper-full-width -->\t\n<\/div><!-- .block-spacer -->\n\n\n<div class=\"block-core\"><div class=\"main-wrapper-full-width\"><div class=\"main-wrapper\">\n<h2 class=\"wp-block-heading\">POLITIQUE DE CONFIDENTIALITE \/ RGPD<\/h2>\n<\/div><!-- .main-wrapper --><\/div><!-- .main-wrapper-full-width --><\/div><!-- .block-core -->\n\n<div class=\"block-core\"><div class=\"main-wrapper-full-width\"><div class=\"main-wrapper\">\n<p>Depuis le 25 mai 2018, une nouvelle directive s\u2019applique pour prot\u00e9ger vos donn\u00e9es personnelles. (R\u00e8glement G\u00e9n\u00e9ral sur la Protection des Donn\u00e9es, RGPD).<br>Le r\u00e8glement implique de nombreux changements pour les personnes qui traitent des donn\u00e9es \u00e0 caract\u00e8re personnel et renforce les droits des personnes concern\u00e9es.<\/p>\n<\/div><!-- .main-wrapper --><\/div><!-- .main-wrapper-full-width --><\/div><!-- .block-core -->\n\n<div class=\"block-core\"><div class=\"main-wrapper-full-width\"><div class=\"main-wrapper\">\n<h3 class=\"wp-block-heading\">Quelles sont les donn\u00e9es personnelles que nous collectons<\/h3>\n<\/div><!-- .main-wrapper --><\/div><!-- .main-wrapper-full-width --><\/div><!-- .block-core -->\n\n<div class=\"block-core\"><div class=\"main-wrapper-full-width\"><div class=\"main-wrapper\">\n<p>Nous ne collectons pas donn\u00e9e personnelle.<\/p>\n<\/div><!-- .main-wrapper --><\/div><!-- .main-wrapper-full-width --><\/div><!-- .block-core -->\n\n<div class=\"block-core\"><div class=\"main-wrapper-full-width\"><div class=\"main-wrapper\">\n<h3 class=\"wp-block-heading\">3:rd party services<\/h3>\n<\/div><!-- .main-wrapper --><\/div><!-- .main-wrapper-full-width --><\/div><!-- .block-core -->\n\n<div class=\"block-core\"><div class=\"main-wrapper-full-width\"><div class=\"main-wrapper\">\n<p>Notre site utilise Google Analytiques, Facebook pixel et Vimeo pour collecter les statistiques sur les utilisateurs.<\/p>\n<\/div><!-- .main-wrapper --><\/div><!-- .main-wrapper-full-width --><\/div><!-- .block-core -->\n\n<div class=\"block-core\"><div class=\"main-wrapper-full-width\"><div class=\"main-wrapper\">\n<p>Si vous visitez notre de page de connexion, nous installerons un cookie temporaire pour d\u00e9terminer si votre navigateur accepte les cookies. Ce cookie ne contient pas de donn\u00e9e personnelle et est supprim\u00e9 lorsque vous fermer la page.<\/p>\n<\/div><!-- .main-wrapper --><\/div><!-- .main-wrapper-full-width --><\/div><!-- .block-core -->\n\n<div class=\"block-core\"><div class=\"main-wrapper-full-width\"><div class=\"main-wrapper\">\n<h3 class=\"wp-block-heading\">Contenu int\u00e8gre d\u2019autres sites web<\/h3>\n<\/div><!-- .main-wrapper --><\/div><!-- .main-wrapper-full-width --><\/div><!-- .block-core -->\n\n<div class=\"block-core\"><div class=\"main-wrapper-full-width\"><div class=\"main-wrapper\">\n<p>Les articles sur ce site peuvent inclure du contenu int\u00e9gr\u00e9 (par exemple des vid\u00e9os, des images, des articles, etc,). Le contenu int\u00e9gr\u00e9 provenant d\u2019autres sites web se comporte exactement de la m\u00eame mani\u00e8re que si le visiteur avait visit\u00e9 l\u2019autre site web.<\/p>\n<\/div><!-- .main-wrapper --><\/div><!-- .main-wrapper-full-width --><\/div><!-- .block-core -->\n\n<div class=\"block-core\"><div class=\"main-wrapper-full-width\"><div class=\"main-wrapper\">\n<p>Ces sites web peuvent recueillir des donn\u00e9es vous concernant, utiliser des cookies, int\u00e9grer un suivi suppl\u00e9mentaire par des tiers et surveiller votre interaction avec ce contenu int\u00e9gr\u00e9, y compris le suivi de votre interaction avec le contenu int\u00e9gr\u00e9 si vous avez un compte et \u00eatre connect\u00e9 \u00e0 ce site web.<\/p>\n<\/div><!-- .main-wrapper --><\/div><!-- .main-wrapper-full-width --><\/div><!-- .block-core -->","protected":false},"excerpt":{"rendered":"<p>POLITIQUE DE CONFIDENTIALITE \/ RGPD Depuis le 25 mai 2018, une nouvelle directive s\u2019applique pour prot\u00e9ger vos donn\u00e9es personnelles. (R\u00e8glement G\u00e9n\u00e9ral sur la Protection des Donn\u00e9es, RGPD).Le r\u00e8glement implique de nombreux changements pour les personnes qui traitent des donn\u00e9es \u00e0 caract\u00e8re personnel et renforce les droits des personnes concern\u00e9es. Quelles sont les donn\u00e9es personnelles que [&hellip;]<\/p>\n","protected":false},"author":6,"featured_media":0,"parent":0,"menu_order":9999,"comment_status":"closed","ping_status":"closed","template":"","meta":{"_acf_changed":false,"inline_featured_image":false,"footnotes":""},"class_list":["post-7265","page","type-page","status-publish","hentry"],"acf":[],"_links":{"self":[{"href":"https:\/\/www.seldenmast.com\/fr\/wp-json\/wp\/v2\/pages\/7265","targetHints":{"allow":["GET"]}}],"collection":[{"href":"https:\/\/www.seldenmast.com\/fr\/wp-json\/wp\/v2\/pages"}],"about":[{"href":"https:\/\/www.seldenmast.com\/fr\/wp-json\/wp\/v2\/types\/page"}],"author":[{"embeddable":true,"href":"https:\/\/www.seldenmast.com\/fr\/wp-json\/wp\/v2\/users\/6"}],"replies":[{"embeddable":true,"href":"https:\/\/www.seldenmast.com\/fr\/wp-json\/wp\/v2\/comments?post=7265"}],"version-history":[{"count":3,"href":"https:\/\/www.seldenmast.com\/fr\/wp-json\/wp\/v2\/pages\/7265\/revisions"}],"predecessor-version":[{"id":7850,"href":"https:\/\/www.seldenmast.com\/fr\/wp-json\/wp\/v2\/pages\/7265\/revisions\/7850"}],"wp:attachment":[{"href":"https:\/\/www.seldenmast.com\/fr\/wp-json\/wp\/v2\/media?parent=7265"}],"curies":[{"name":"wp","href":"https:\/\/api.w.org\/{rel}","templated":true}]}}