{"id":7259,"date":"2021-10-22T15:39:49","date_gmt":"2021-10-22T13:39:49","guid":{"rendered":"https:\/\/www.seldenmast.com\/?page_id=7259"},"modified":"2022-06-24T08:27:46","modified_gmt":"2022-06-24T06:27:46","slug":"installations-electriques","status":"publish","type":"page","link":"https:\/\/www.seldenmast.com\/fr\/produits\/installations-electriques\/","title":{"rendered":"Installations \u00e9lectriques"},"content":{"rendered":"<div class=\"selden-gb-block block-spacer block-bg-color-greydark\" style=\"height: 100px\">\n<div class=\"main-wrapper-full-width\"><\/div><!-- .main-wrapper-full-width -->\t\n<\/div><!-- .block-spacer -->\n\n\n\r\n<div id=\"\" class=\"selden-gb-block block-story block-bg-color-greydark\">\r\n<div class=\"main-wrapper-full-width\">\r\n<div class=\"main-wrapper\">\r\n\r\n<div class=\"section group flex-right\">\r\n\r\n\t<div class=\"col story-col story_col_2\">\t\t\t\r\n\t\t\t<div class=\"block-story-content\">\t\r\n\t\t\t\r\n\t\t\t\t\t\t\t\r\n\t\t\t\t\t\t<div class=\"story-img-img\"><img decoding=\"async\" src=\"https:\/\/www.seldenmast.com\/wp-content\/uploads\/SMF-l_grey-E40i-Furlex_logos-1.svg\" alt=\"ALIMENTATION ELECTRIQUE ET SYSTEME SEL-BUS\" \/><\/div>\r\n\t\t\t\t\r\n\t\t\t\t\t\r\n\t\t<\/div><!-- .col-content -->\t\t\t\r\n\t<\/div><!-- .col -->\r\n\t\t\r\n\t<div class=\"col story-col story_col_4\">\t\r\n\t\t\r\n\t\t<div class=\"block-story-content\">\r\n\t\t<div class=\"block-story-content-wrapper\">\t\t\r\n\t\t\r\n\t\t<h2>ALIMENTATION ELECTRIQUE ET SYSTEME SEL-BUS<\/h2>\t\t\t\t<p>Le bloc d\u2019alimentation (PSU) convertit le 12V ou 24V en 42V \u2013 Cel\u00e0 permet de r\u00e9duire la taille du moteur et des c\u00e2bles \u00e9lectriques. Chaque moteur \u00e9lectrique a son propre bloc d\u2019alimentation. C\u2019est le syst\u00e8me de c\u00e2bles \u201dSEL Bus\u201d qui relie les deux moteurs et leur permet de communiquer et se synchroniser pour enrouler et d\u00e9rouler la grand voile sans risque de surcharge. Quand il n\u2019est pas utilis\u00e9, le syst\u00e8me se met automatiquement en veille pour ne pas gaspiller d\u2019\u00e9nergie.<\/p>\n<p>L&rsquo;ensemble constitue un concept de manipulation des voiles con\u00e7u pour une installation facile, un fonctionnement fiable, une faible consommation d&rsquo;\u00e9nergie et une exp\u00e9rience de navigation en toute s\u00e9curit\u00e9.<\/p>\n<p>Nous vous pr\u00e9sentons un voilier \u00e9quip\u00e9 d\u2019un syst\u00e8me SEL-Bus complet op\u00e9rant le m\u00e2t enrouleur \u00e9lectrique et sa bordure ainsi, le Furlex \u00e9lectrique.<\/p>\n\t\t\r\n\t\t\t\t\r\n\t\t<\/div><!-- .block-story-wrapper -->\r\n\t\t<\/div><!-- .block-story-content -->\r\n\t<\/div><!-- .col -->\r\n\r\n<\/div><!-- .section --> \r\n \r\n<\/div><!-- .main-wrapper -->\t\r\n<\/div><!-- .main-wrapper-full-width -->\t\r\n<\/div><!-- .block-story -->\r\n\t\r\n\n\n<div class=\"block-image-map-pro block-bg-color-white\"><div class=\"main-wrapper-full-width\"><div class=\"main-wrapper\">\n<div class=\"wp-block-image-map-pro-image-map-pro is-style-imagemappro-large\"><div id=\"image-map-pro-817\"><\/div><\/div>\n<\/div><!-- .main-wrapper --><\/div><!-- .main-wrapper-full-width --><\/div><!-- .block-image-map-pro -->\n\n<div id=\"downloads\" class=\"selden-gb-block block-downloads  block-bg-color-white\">\r\n<div class=\"main-wrapper-full-width\">\t\r\n<div class=\"main-wrapper\">\r\n\r\n<div class=\"downloads-text-wrapper\">\r\n\t\t\t\r\n<\/div><!-- .slider-text-wrapper -->\r\n\t\r\n<div class=\"downloads-list-wrapper\">\r\n<div class=\"section group\">\r\n\t\t\r\n\r\n<div class=\"col span_1_of_2\">\r\n<div class=\"downloads-group\">\t\r\n<a href=\"https:\/\/www.seldenmast.com\/test-page\/dealer-list\/?cat=ATI,AFD,RIS,SMK,RES,ECOM\">\r\n<div class=\"downloads-group-header\">\r\n<div class=\"section group\">\r\n<div class=\"col downloads_item_col_1_of_3\"><div class=\"icon-dl-measurement-wrapper icon-dl-measurement\"><\/div><\/div><!-- .col -->\r\n\t<div class=\"col downloads_item_col_2_of_3\"><div class=\"downloads-item-title\">Find a dealer<\/div><\/div><!-- .col -->\r\n\t<div class=\"col downloads_item_col_3_of_3\"><img decoding=\"async\" src=\"https:\/\/www.seldenmast.com\/wp-content\/themes\/selden\/images\/test-downloads-link-external.png\"><\/div><!-- .col -->\r\n<\/div><!-- .section -->\r\n<\/div><!-- .downloads-group-header -->\r\n<\/a>\r\n<\/div><!-- .downloads-group -->\r\n<\/div><!-- .col -->\r\n\r\n\t\r\n\t\r\n\t\r\n\t\t\t\r\n\t\t\t\t\t \r\n<div class=\"col span_1_of_2\">\t\t\t\t\t \r\n<div class=\"downloads-group\">\r\n\t\t\t\t\r\n<div class=\"downloads-group-header downloads-group-header-toggler\">\r\n\r\n<div class=\"section group\">\r\n<div class=\"col downloads_item_col_1_of_3\"><div class=\"icon-dl-book-wrapper icon-dl-book\"><\/div><\/div><!-- .col -->\r\n<div class=\"col downloads_item_col_2_of_3\"><div class=\"downloads-item-title\">Brochures<\/div><\/div><!-- .col -->\r\n<div class=\"col downloads_item_col_3_of_3\"><img decoding=\"async\" src=\"https:\/\/www.seldenmast.com\/wp-content\/themes\/selden\/images\/test-downloads-pil-ner.png\"><\/div><!-- .col -->\r\n<\/div><!-- .section -->\r\n<\/div><!-- .downloads-group-header -->\r\n\t\r\n<div class=\"downloads-group-files\">\r\n\t\r\n\t<ul>\r\n\r\n\t\t\t\t\t \t\t\r\n<li><a href=\"https:\/\/support.seldenmast.com\/files\/597-470-E.pdf\" target=\"_blank\">E40i -winch \u00e9lectrique<\/a><\/li>\r\n\t\t\r\n<li><a href=\"https:\/\/support.seldenmast.com\/files\/595-967-E.pdf\" target=\"_blank\">Furlex Electric<\/a><\/li>\r\n\t\t\r\n<li><a href=\"https:\/\/support.seldenmast.com\/files\/597-469-E.pdf\" target=\"_blank\">Synchronized main furling (M\u00e2t enrouleur synchronis\u00e9)<\/a><\/li>\r\n\t\t\t<\/ul>\r\n\t\t\t<\/div><!-- .downloads-group-files -->\t\r\n\t\t\t<\/div><!-- .downloads-group -->\r\n\t\t\t<\/div><!-- .col -->\r\n\t\t\t\t\t\r\n\t\t\t\t\t \r\n<div class=\"col span_1_of_2\">\t\t\t\t\t \r\n<div class=\"downloads-group\">\r\n\t\t\t\t\r\n<div class=\"downloads-group-header downloads-group-header-toggler\">\r\n\r\n<div class=\"section group\">\r\n<div class=\"col downloads_item_col_1_of_3\"><div class=\"icon-dl-settings-wrapper icon-dl-settings\"><\/div><\/div><!-- .col -->\r\n<div class=\"col downloads_item_col_2_of_3\"><div class=\"downloads-item-title\">Technical information<\/div><\/div><!-- .col -->\r\n<div class=\"col downloads_item_col_3_of_3\"><img decoding=\"async\" src=\"https:\/\/www.seldenmast.com\/wp-content\/themes\/selden\/images\/test-downloads-pil-ner.png\"><\/div><!-- .col -->\r\n<\/div><!-- .section -->\r\n<\/div><!-- .downloads-group-header -->\r\n\t\r\n<div class=\"downloads-group-files\">\r\n\t\r\n\t<ul>\r\n\r\n\t\t\t\t\t \t\t\r\n<li><a href=\"https:\/\/support.seldenmast.com\/files\/597-283-E.pdf\" target=\"_blank\"> Guide de commande &#8211; Alimentation \u00e9lectrique et syst\u00e8me sel-bus<\/a><\/li>\r\n\t\t\r\n<li><a href=\"https:\/\/support.seldenmast.com\/files\/597-275-E.pdf\" target=\"_blank\">Alimentation \u00e9lectrique et syst\u00e8me sel-bus<\/a><\/li>\r\n\t\t\r\n<li><a href=\"https:\/\/support.seldenmast.com\/files\/595-762-E.pdf\" target=\"_blank\">Bouton poussoir retro-\u00e9clair\u00e9 <\/a><\/li>\r\n\t\t\r\n<li><a href=\"https:\/\/support.seldenmast.com\/files\/597-274-E.pdf\" target=\"_blank\">Furlex Electric &#8211; Manuel compl\u00e9mentaire<\/a><\/li>\r\n\t\t\r\n<li><a href=\"https:\/\/support.seldenmast.com\/files\/597-460-E.pdf\" target=\"_blank\">Guide de l\u2019utilisateur et de l\u2019installation du kit d\u2019\u00e9lectrification SMF pour m\u00e2t enrouleur manuel type RB <\/a><\/li>\r\n\t\t\r\n<li><a href=\"https:\/\/support.seldenmast.com\/files\/597-484-E\" target=\"_blank\">Guide de l\u2019utilisateur et de l\u2019installation du kit d\u2019\u00e9lectrification SMF pour m\u00e2t enrouleur manuel type RC<\/a><\/li>\r\n\t\t\r\n<li><a href=\"https:\/\/support.seldenmast.com\/files\/597-455-E.pdf\" target=\"_blank\">Manuel d\u2019installation Winch self-tailing \u00e9lectrique E40i<\/a><\/li>\r\n\t\t\r\n<li><a href=\"https:\/\/support.seldenmast.com\/files\/597-518-E.pdf\" target=\"_blank\">Questions &#038; r\u00e9ponses<\/a><\/li>\r\n\r\n\t\r\n\t\t\r\n\t\t\r\n\t\t\r\n\t\t\r\n<\/ul>\r\n<\/div><!-- .downloads-group-files -->\r\n<\/div><!-- .downloads-group -->\r\n<\/div><!-- .col -->\r\n\t\t\r\n\t\t\r\n\r\n\t\t\r\n\t\r\n\r\n<\/div><!-- .section -->\r\n\t<\/div><!-- .downloads-list-wrapper -->\r\n\r\n<\/div><!-- .main-wrapper -->\r\n<\/div><!-- .main-wrapper-full-width -->\r\n<\/div><!-- .block-downloads -->\t\r\n\n\n\r\n\t\r\n<div class=\"selden-gb-block block-image-full-width\">\r\n<div class=\"main-wrapper-full-width\">\r\n\r\n\t<div class=\"hero-wrapper\">\t\t\r\n\t\t\r\n<div class=\"hero-img-wrapper hero-video-wrapper resp-height-viewport\">\r\n<div class=\"video-wrapper\">\r\n<div class=\"video-container\">\t\t\t\t\t  \r\n\t<video class=\"video-view video-bg\" autoplay muted loop webkit-playsinline playsinline preload=\"metadata\" poster=\"\">    \r\n\t<source src=\"https:\/\/www.seldenmast.com\/wp-content\/uploads\/SMF1_1.mp4\" type=\"video\/mp4\">\r\n\t<\/video>\r\n<\/div><!-- .video-container -->\t\r\n<\/div><!-- .video-wrapper -->\r\n<\/div>\r\n\t\r\n\t<div class=\"image-full-width-btn-wrapper\">\r\n\t<div class=\"image-full-width-btn-wrapper-width\">\r\n\t<div class=\"image-full-width-btn-wrapper-valign\">\r\n\t\t<\/div><!-- .image-full-width-btn-wrapper-valign -->\r\n\t<\/div><!-- .image-full-width-btn-wrapper-width -->\r\n\t<\/div><!-- .image-full-width-btn-wrapper -->\r\n<\/div><!-- .hero-wrapper -->\t\r\n\r\n<\/div><!-- .main-wrapper-full-width -->\r\n<\/div><!-- .block-image-full-width --> \r\n","protected":false},"excerpt":{"rendered":"","protected":false},"author":6,"featured_media":0,"parent":6570,"menu_order":22,"comment_status":"closed","ping_status":"closed","template":"","meta":{"_acf_changed":false,"inline_featured_image":false,"footnotes":""},"class_list":["post-7259","page","type-page","status-publish","hentry"],"acf":[],"_links":{"self":[{"href":"https:\/\/www.seldenmast.com\/fr\/wp-json\/wp\/v2\/pages\/7259","targetHints":{"allow":["GET"]}}],"collection":[{"href":"https:\/\/www.seldenmast.com\/fr\/wp-json\/wp\/v2\/pages"}],"about":[{"href":"https:\/\/www.seldenmast.com\/fr\/wp-json\/wp\/v2\/types\/page"}],"author":[{"embeddable":true,"href":"https:\/\/www.seldenmast.com\/fr\/wp-json\/wp\/v2\/users\/6"}],"replies":[{"embeddable":true,"href":"https:\/\/www.seldenmast.com\/fr\/wp-json\/wp\/v2\/comments?post=7259"}],"version-history":[{"count":6,"href":"https:\/\/www.seldenmast.com\/fr\/wp-json\/wp\/v2\/pages\/7259\/revisions"}],"predecessor-version":[{"id":8018,"href":"https:\/\/www.seldenmast.com\/fr\/wp-json\/wp\/v2\/pages\/7259\/revisions\/8018"}],"up":[{"embeddable":true,"href":"https:\/\/www.seldenmast.com\/fr\/wp-json\/wp\/v2\/pages\/6570"}],"wp:attachment":[{"href":"https:\/\/www.seldenmast.com\/fr\/wp-json\/wp\/v2\/media?parent=7259"}],"curies":[{"name":"wp","href":"https:\/\/api.w.org\/{rel}","templated":true}]}}