{"id":7134,"date":"2021-10-19T08:39:07","date_gmt":"2021-10-19T06:39:07","guid":{"rendered":"https:\/\/www.seldenmast.com\/?page_id=7134"},"modified":"2022-05-20T11:38:52","modified_gmt":"2022-05-20T09:38:52","slug":"gennaker-bowsprits","status":"publish","type":"page","link":"https:\/\/www.seldenmast.com\/fr\/produits\/gennaker-bowsprits\/","title":{"rendered":"Bout-dehors pour gennaker"},"content":{"rendered":"<div id=\"\" class=\"selden-gb-block block-hero block-bg-color-white  resp-height-large\">\r\n<div class=\"main-wrapper-full-width\">\r\n\t<div class=\"hero-wrapper\" resp-height-large\">\r\n\t\r\n\t\r\n<div id=\"hero-slider-block_5eb015738a585\" class=\" resp-height-large\">\r\n<div class=\"hero-fade-block hero-img-wrapper hero-fade-block-show hero-fade-block-show-first img-bg-position-cc resp-height-large\" style=\"background-image:url('https:\/\/www.seldenmast.com\/wp-content\/uploads\/background.png');\"><\/div><\/div><!-- .fade-blocks-slider -->\r\n\t\t\t\r\n\t\r\n\t<div class=\"hero-text-wrapper\">\r\n\t<div class=\"hero-text-width hero-text-width-italic\">\r\n\t<div class=\"hero-text-block hero-text-block-middle\">\t\r\n\t<div class=\"\">\t\t\r\n\t<h1>D\u00e9marquez vous ! Am\u00e9liorez vos performances au vent arri\u00e8re avec un bout-dehors r\u00e9tractable.<\/h1>\t\t\t<\/div><!-- .hero-text-bg -->\r\n\t\t\r\n\t<\/div><!-- .hero-text-block -->\t\r\n\t\r\n\t<\/div><!-- .hero-text-width-->\r\n\t<\/div><!-- .hero-text-wrapper -->\t\t\t\r\n\t\t\r\n\t\t\r\n\t\t\r\n\t\t<div class=\"mouse-scroll\">\r\n\t<div class=\"icon-mouse-scroll-wrapper icon-mouse-scroll\"><\/div>\t\r\n\t\t<\/div><!-- .mouse-scroll -->\r\n\t\t\r\n\t<\/div><!-- .hero-wrapper -->\t\r\n\r\n<\/div><!-- .main-wrapper-full-width -->\r\n<\/div><!-- .block-hero --> \r\n\n\n\r\n<div id=\"\" class=\"selden-gb-block block-story block-bg-color-white\">\r\n<div class=\"main-wrapper-full-width\">\r\n<div class=\"main-wrapper\">\r\n\r\n<div class=\"section group flex-right\">\r\n\r\n\t<div class=\"col story-col story_col_2\">\t\t\t\r\n\t\t\t<div class=\"block-story-content\">\t\r\n\t\t\t\r\n\t\t\t\t\t\t\t\r\n\t\t\t\t\t\t<div class=\"story-img-img\"><img decoding=\"async\" src=\"https:\/\/www.seldenmast.com\/wp-content\/uploads\/14506_10591.jpg\" alt=\"BOUT-DEHORS RETRACTABLE\" \/><\/div>\r\n\t\t\t\t\r\n\t\t\t\t\t\r\n\t\t<\/div><!-- .col-content -->\t\t\t\r\n\t<\/div><!-- .col -->\r\n\t\t\r\n\t<div class=\"col story-col story_col_4\">\t\r\n\t\t\r\n\t\t<div class=\"block-story-content\">\r\n\t\t<div class=\"block-story-content-wrapper\">\t\t\r\n\t\t\r\n\t\t<h2>BOUT-DEHORS RETRACTABLE<\/h2>\t\t\t\t<p>Un bout-dehors extensible vous permet d\u2019envoyer votre gennaker ou spi asym\u00e9trique en l\u2019\u00e9loignant de la d\u00e9vente et de l\u2019\u00e9tai. Amarrez votre point d\u2019amure au bout-dehors, poussez le bout dehors et fixez-le sur sa cad\u00e8ne avant. Une solution simple et pratique pour envoyer votre voile de portant dans de l\u2019air frais !<\/p>\n<p>Les bout-dehors Seld\u00e9n sont vendus en kit. Choisissez l&rsquo;aluminium ou le carbone et d\u00e9terminez la taille dont vous avez besoin.<\/p>\n\t\t\r\n\t\t\t\t\r\n\t\t<\/div><!-- .block-story-wrapper -->\r\n\t\t<\/div><!-- .block-story-content -->\r\n\t<\/div><!-- .col -->\r\n\r\n<\/div><!-- .section --> \r\n \r\n<\/div><!-- .main-wrapper -->\t\r\n<\/div><!-- .main-wrapper-full-width -->\t\r\n<\/div><!-- .block-story -->\r\n\t\r\n\n\n<div id=\"downloads\" class=\"selden-gb-block block-downloads  block-bg-color-white\">\r\n<div class=\"main-wrapper-full-width\">\t\r\n<div class=\"main-wrapper\">\r\n\r\n<div class=\"downloads-text-wrapper\">\r\n\t\t\t\r\n<\/div><!-- .slider-text-wrapper -->\r\n\t\r\n<div class=\"downloads-list-wrapper\">\r\n<div class=\"section group\">\r\n\t\t\r\n\r\n<div class=\"col span_1_of_2\">\r\n<div class=\"downloads-group\">\t\r\n<a href=\"https:\/\/www.seldenmast.com\/test-page\/dealer-list\/?cat=ATI,RIS,AFD,SMK,RES,ECOM\">\r\n<div class=\"downloads-group-header\">\r\n<div class=\"section group\">\r\n<div class=\"col downloads_item_col_1_of_3\"><div class=\"icon-dl-measurement-wrapper icon-dl-measurement\"><\/div><\/div><!-- .col -->\r\n\t<div class=\"col downloads_item_col_2_of_3\"><div class=\"downloads-item-title\">Find a dealer<\/div><\/div><!-- .col -->\r\n\t<div class=\"col downloads_item_col_3_of_3\"><img decoding=\"async\" src=\"https:\/\/www.seldenmast.com\/wp-content\/themes\/selden\/images\/test-downloads-link-external.png\"><\/div><!-- .col -->\r\n<\/div><!-- .section -->\r\n<\/div><!-- .downloads-group-header -->\r\n<\/a>\r\n<\/div><!-- .downloads-group -->\r\n<\/div><!-- .col -->\r\n\r\n\t\r\n\t\r\n\t\r\n\t\t\t\r\n\t\t\t\t\t \r\n<div class=\"col span_1_of_2\">\t\t\t\t\t \r\n<div class=\"downloads-group\">\r\n\t\t\t\t\r\n<div class=\"downloads-group-header downloads-group-header-toggler\">\r\n\r\n<div class=\"section group\">\r\n<div class=\"col downloads_item_col_1_of_3\"><div class=\"icon-dl-settings-wrapper icon-dl-settings\"><\/div><\/div><!-- .col -->\r\n<div class=\"col downloads_item_col_2_of_3\"><div class=\"downloads-item-title\">Technical information<\/div><\/div><!-- .col -->\r\n<div class=\"col downloads_item_col_3_of_3\"><img decoding=\"async\" src=\"https:\/\/www.seldenmast.com\/wp-content\/themes\/selden\/images\/test-downloads-pil-ner.png\"><\/div><!-- .col -->\r\n<\/div><!-- .section -->\r\n<\/div><!-- .downloads-group-header -->\r\n\t\r\n<div class=\"downloads-group-files\">\r\n\t\r\n\t<ul>\r\n\r\n\t\t\t\t\t \t\t\r\n<li><a href=\"https:\/\/support.seldenmast.com\/files\/595-261-E.pdf\" target=\"_blank\">Information &#038; Dimensionering<\/a><\/li>\r\n\t\t\r\n<li><a href=\"https:\/\/support.seldenmast.com\/files\/595-246-E.pdf\" target=\"_blank\">Manuel d&rsquo;installation<\/a><\/li>\r\n\r\n\t\r\n\t\t\r\n\t\t\r\n\t\t\r\n\t\t\r\n<\/ul>\r\n<\/div><!-- .downloads-group-files -->\r\n<\/div><!-- .downloads-group -->\r\n<\/div><!-- .col -->\r\n\t\t\r\n\t\t\r\n\r\n\t\t\r\n\t\r\n\r\n<\/div><!-- .section -->\r\n\t<\/div><!-- .downloads-list-wrapper -->\r\n\r\n<\/div><!-- .main-wrapper -->\r\n<\/div><!-- .main-wrapper-full-width -->\r\n<\/div><!-- .block-downloads -->\t\r\n","protected":false},"excerpt":{"rendered":"","protected":false},"author":6,"featured_media":5801,"parent":6570,"menu_order":31,"comment_status":"closed","ping_status":"closed","template":"","meta":{"_acf_changed":false,"inline_featured_image":false,"footnotes":""},"class_list":["post-7134","page","type-page","status-publish","has-post-thumbnail","hentry"],"acf":[],"_links":{"self":[{"href":"https:\/\/www.seldenmast.com\/fr\/wp-json\/wp\/v2\/pages\/7134","targetHints":{"allow":["GET"]}}],"collection":[{"href":"https:\/\/www.seldenmast.com\/fr\/wp-json\/wp\/v2\/pages"}],"about":[{"href":"https:\/\/www.seldenmast.com\/fr\/wp-json\/wp\/v2\/types\/page"}],"author":[{"embeddable":true,"href":"https:\/\/www.seldenmast.com\/fr\/wp-json\/wp\/v2\/users\/6"}],"replies":[{"embeddable":true,"href":"https:\/\/www.seldenmast.com\/fr\/wp-json\/wp\/v2\/comments?post=7134"}],"version-history":[{"count":6,"href":"https:\/\/www.seldenmast.com\/fr\/wp-json\/wp\/v2\/pages\/7134\/revisions"}],"predecessor-version":[{"id":7924,"href":"https:\/\/www.seldenmast.com\/fr\/wp-json\/wp\/v2\/pages\/7134\/revisions\/7924"}],"up":[{"embeddable":true,"href":"https:\/\/www.seldenmast.com\/fr\/wp-json\/wp\/v2\/pages\/6570"}],"wp:featuredmedia":[{"embeddable":true,"href":"https:\/\/www.seldenmast.com\/fr\/wp-json\/wp\/v2\/media\/5801"}],"wp:attachment":[{"href":"https:\/\/www.seldenmast.com\/fr\/wp-json\/wp\/v2\/media?parent=7134"}],"curies":[{"name":"wp","href":"https:\/\/api.w.org\/{rel}","templated":true}]}}