{"id":7126,"date":"2021-10-18T17:03:35","date_gmt":"2021-10-18T15:03:35","guid":{"rendered":"https:\/\/www.seldenmast.com\/?page_id=7126"},"modified":"2023-05-25T12:40:28","modified_gmt":"2023-05-25T10:40:28","slug":"about-us","status":"publish","type":"page","link":"https:\/\/www.seldenmast.com\/fr\/about-us\/","title":{"rendered":"A propos de nous"},"content":{"rendered":"<div class=\"selden-gb-block block-spacer block-bg-color-greydark\" style=\"height: 74px\">\n<div class=\"main-wrapper-full-width\"><\/div><!-- .main-wrapper-full-width -->\t\n<\/div><!-- .block-spacer -->\n\n\n\r\n<div id=\"\" class=\"selden-gb-block block-story block-bg-color-greylight\">\r\n<div class=\"main-wrapper-full-width\">\r\n<div class=\"main-wrapper\">\r\n\r\n<div class=\"section group flex-right\">\r\n\r\n\t<div class=\"col story-col story_col_1\">\t\t\t\r\n\t\t\t<div class=\"block-story-content\">\t\r\n\t\t\t\r\n\t\t\t\t\t\r\n\t\t<\/div><!-- .col-content -->\t\t\t\r\n\t<\/div><!-- .col -->\r\n\t\t\r\n\t<div class=\"col story-col story_col_5\">\t\r\n\t\t\r\n\t\t<div class=\"block-story-content\">\r\n\t\t<div class=\"block-story-content-wrapper\">\t\t\r\n\t\t\r\n\t\t<h2>A propos de nous<\/h2>\t\t\t\t<p><em>Naviguer est une exp\u00e9rience unique. Avec des voiles correctement r\u00e9gl\u00e9es, la simple exp\u00e9rience c\u00e8de rapidement le pas \u00e0 la passion. De nombreux facteurs tels que le vent, la houle et le courant s\u2019imposent au marin. Mais nous pouvons les utiliser \u00e0 notre profit. C&rsquo;est pourquoi le gr\u00e9ement et l&rsquo;accastillage doivent toujours \u00eatre s\u00e9lectionn\u00e9s avec le plus grand soin, pour en tirer le maximum et trouver intuitivement les bons r\u00e9glages en fonction du vent. Plus votre \u00e9quipement est pr\u00e9cis, mieux vous profitez de l\u2019instant. Voiles, m\u00e2t, gr\u00e9ement dormant et gr\u00e9ement courant \u0153uvrent conjointement comme un ensemble homog\u00e8ne. Pour rester au plus haut niveau, rien ne doit \u00eatre laiss\u00e9 au hasard.<\/em><\/p>\n\t\t\r\n\t\t\t\t\r\n\t\t<\/div><!-- .block-story-wrapper -->\r\n\t\t<\/div><!-- .block-story-content -->\r\n\t<\/div><!-- .col -->\r\n\r\n<\/div><!-- .section --> \r\n \r\n<\/div><!-- .main-wrapper -->\t\r\n<\/div><!-- .main-wrapper-full-width -->\t\r\n<\/div><!-- .block-story -->\r\n\t\r\n\n\n\r\n<div id=\"\" class=\"selden-gb-block block-story block-bg-color-white\">\r\n<div class=\"main-wrapper-full-width\">\r\n<div class=\"main-wrapper\">\r\n\r\n<div class=\"section group flex-right\">\r\n\r\n\t<div class=\"col story-col story_col_3\">\t\t\t\r\n\t\t\t<div class=\"block-story-content\">\t\r\n\t\t\t\r\n\t\t\t\t\t\t\t\r\n\t\t\t\t\t\t<div class=\"story-img-img\"><img decoding=\"async\" src=\"https:\/\/www.seldenmast.com\/wp-content\/uploads\/1153.BImage2.jpg\" alt=\"Attention au d\u00e9tail\" \/><\/div>\r\n\t\t\t\t\r\n\t\t\t\t\t\r\n\t\t<\/div><!-- .col-content -->\t\t\t\r\n\t<\/div><!-- .col -->\r\n\t\t\r\n\t<div class=\"col story-col story_col_3\">\t\r\n\t\t\r\n\t\t<div class=\"block-story-content\">\r\n\t\t<div class=\"block-story-content-wrapper\">\t\t\r\n\t\t\r\n\t\t<h2>Attention au d\u00e9tail<\/h2>\t\t\t\t<p>Dans nos recherches aucun d\u00e9tail n\u2019est consid\u00e9r\u00e9 comme sans importance. Cette exigence s\u2019applique \u00e0 tous les niveaux, du choix des mat\u00e9riaux aux essais contraignants du produit fini.<\/p>\n<p>La philosophie d&rsquo;entreprise de Seld\u00e9n peut se d\u00e9finir par souci de la qualit\u00e9 et recherche de syst\u00e8mes soutenus par la recherche permanente de l\u2019excellence dans la fonction de chaque produit.<\/p>\n\t\t\r\n\t\t\t\t\r\n\t\t<\/div><!-- .block-story-wrapper -->\r\n\t\t<\/div><!-- .block-story-content -->\r\n\t<\/div><!-- .col -->\r\n\r\n<\/div><!-- .section --> \r\n \r\n<\/div><!-- .main-wrapper -->\t\r\n<\/div><!-- .main-wrapper-full-width -->\t\r\n<\/div><!-- .block-story -->\r\n\t\r\n\n\n\r\n<div id=\"\" class=\"selden-gb-block block-story block-bg-color-greydark\">\r\n<div class=\"main-wrapper-full-width\">\r\n<div class=\"main-wrapper\">\r\n\r\n<div class=\"section group flex-right\">\r\n\r\n\t<div class=\"col story-col story_col_1\">\t\t\t\r\n\t\t\t<div class=\"block-story-content\">\t\r\n\t\t\t\r\n\t\t\t\t\t\r\n\t\t<\/div><!-- .col-content -->\t\t\t\r\n\t<\/div><!-- .col -->\r\n\t\t\r\n\t<div class=\"col story-col story_col_5\">\t\r\n\t\t\r\n\t\t<div class=\"block-story-content\">\r\n\t\t<div class=\"block-story-content-wrapper\">\t\t\r\n\t\t\r\n\t\t<h2>Toujours en t\u00eate<\/h2>\t\t\t\t<p>Avec un nombre impressionnant de m\u00e9dailles olympiques, de championnats du monde, de championnats europ\u00e9ens et nationaux, Seld\u00e9n se montre digne de sa position de num\u00e9ro un des fabricants de gr\u00e9ement pour les d\u00e9riveurs, quillards et voiliers oc\u00e9aniques. Quelle que soit la taille de votre bateau, que vous le poussiez \u00e0 la limite de ses capacit\u00e9s ou que vous profitiez simplement des joies de la croisi\u00e8re, naviguez Seld\u00e9n, l&rsquo;assurance d&rsquo;une qualit\u00e9 et d&rsquo;une fiabilit\u00e9 haut de gamme<\/p>\n\t\t\r\n\t\t\t\t\r\n\t\t<\/div><!-- .block-story-wrapper -->\r\n\t\t<\/div><!-- .block-story-content -->\r\n\t<\/div><!-- .col -->\r\n\r\n<\/div><!-- .section --> \r\n \r\n<\/div><!-- .main-wrapper -->\t\r\n<\/div><!-- .main-wrapper-full-width -->\t\r\n<\/div><!-- .block-story -->\r\n\t\r\n\n\n\r\n\t\r\n<div class=\"selden-gb-block block-image-full-width\">\r\n<div class=\"main-wrapper-full-width\">\r\n\r\n\t<div class=\"hero-wrapper\">\t\t\r\n\t\t\r\n\t\t\r\n\t\t<div class=\"hero-img-wrapper resp-height-large img-bg-position-cc\" style=\"background-image:url('https:\/\/www.seldenmast.com\/wp-content\/uploads\/1153.BImage1.jpg');\"><\/div>\t\t\r\n\t<div class=\"image-full-width-btn-wrapper\">\r\n\t<div class=\"image-full-width-btn-wrapper-width\">\r\n\t<div class=\"image-full-width-btn-wrapper-valign\">\r\n\t\t<\/div><!-- .image-full-width-btn-wrapper-valign -->\r\n\t<\/div><!-- .image-full-width-btn-wrapper-width -->\r\n\t<\/div><!-- .image-full-width-btn-wrapper -->\r\n<\/div><!-- .hero-wrapper -->\t\r\n\r\n<\/div><!-- .main-wrapper-full-width -->\r\n<\/div><!-- .block-image-full-width --> \r\n","protected":false},"excerpt":{"rendered":"","protected":false},"author":6,"featured_media":0,"parent":0,"menu_order":900,"comment_status":"closed","ping_status":"closed","template":"","meta":{"_acf_changed":false,"inline_featured_image":false,"footnotes":""},"class_list":["post-7126","page","type-page","status-publish","hentry"],"acf":[],"_links":{"self":[{"href":"https:\/\/www.seldenmast.com\/fr\/wp-json\/wp\/v2\/pages\/7126","targetHints":{"allow":["GET"]}}],"collection":[{"href":"https:\/\/www.seldenmast.com\/fr\/wp-json\/wp\/v2\/pages"}],"about":[{"href":"https:\/\/www.seldenmast.com\/fr\/wp-json\/wp\/v2\/types\/page"}],"author":[{"embeddable":true,"href":"https:\/\/www.seldenmast.com\/fr\/wp-json\/wp\/v2\/users\/6"}],"replies":[{"embeddable":true,"href":"https:\/\/www.seldenmast.com\/fr\/wp-json\/wp\/v2\/comments?post=7126"}],"version-history":[{"count":6,"href":"https:\/\/www.seldenmast.com\/fr\/wp-json\/wp\/v2\/pages\/7126\/revisions"}],"predecessor-version":[{"id":8495,"href":"https:\/\/www.seldenmast.com\/fr\/wp-json\/wp\/v2\/pages\/7126\/revisions\/8495"}],"wp:attachment":[{"href":"https:\/\/www.seldenmast.com\/fr\/wp-json\/wp\/v2\/media?parent=7126"}],"curies":[{"name":"wp","href":"https:\/\/api.w.org\/{rel}","templated":true}]}}