{"id":7100,"date":"2021-10-18T16:24:24","date_gmt":"2021-10-18T14:24:24","guid":{"rendered":"https:\/\/www.seldenmast.com\/?page_id=7100"},"modified":"2022-03-04T12:00:26","modified_gmt":"2022-03-04T11:00:26","slug":"cookies","status":"publish","type":"page","link":"https:\/\/www.seldenmast.com\/fr\/cookies\/","title":{"rendered":"Cookies"},"content":{"rendered":"<div id=\"\" class=\"selden-gb-block block-hero block-bg-color-white  resp-height-medium\">\r\n<div class=\"main-wrapper-full-width\">\r\n\t<div class=\"hero-wrapper\" resp-height-medium\">\r\n\t\r\n\t\r\n<div id=\"hero-slider-block_5ef0950405676\" class=\" resp-height-medium\">\r\n<div class=\"hero-fade-block hero-img-wrapper hero-fade-block-show hero-fade-block-show-first img-bg-position-cc resp-height-medium\" style=\"background-image:url('https:\/\/www.seldenmast.com\/wp-content\/uploads\/christmas-cookies-1051884_1920.jpg');\"><\/div><\/div><!-- .fade-blocks-slider -->\r\n\t\t\t\r\n\t\r\n\t<div class=\"hero-text-wrapper\">\r\n\t<div class=\"hero-text-width\">\r\n\t<div class=\"hero-text-block hero-text-block-middle\">\t\r\n\t<div class=\"\">\t\t\r\n\t<h1>COOKIES<\/h1>\t\t\t<\/div><!-- .hero-text-bg -->\r\n\t\t\r\n\t<\/div><!-- .hero-text-block -->\t\r\n\t\r\n\t<\/div><!-- .hero-text-width-->\r\n\t<\/div><!-- .hero-text-wrapper -->\t\t\t\r\n\t\t\r\n\t\t\r\n\t\t\r\n\t\t<div class=\"mouse-scroll\">\r\n\t<div class=\"icon-mouse-scroll-wrapper icon-mouse-scroll\"><\/div>\t\r\n\t\t<\/div><!-- .mouse-scroll -->\r\n\t\t\r\n\t<\/div><!-- .hero-wrapper -->\t\r\n\r\n<\/div><!-- .main-wrapper-full-width -->\r\n<\/div><!-- .block-hero --> \r\n\n\n\r\n<div id=\"\" class=\"selden-gb-block block-story block-bg-color-white\">\r\n<div class=\"main-wrapper-full-width\">\r\n<div class=\"main-wrapper\">\r\n\r\n<div class=\"section group flex-right\">\r\n\r\n\t<div class=\"col story-col story_col_1\">\t\t\t\r\n\t\t\t<div class=\"block-story-content\">\t\r\n\t\t\t\r\n\t\t\t\t\t\r\n\t\t<\/div><!-- .col-content -->\t\t\t\r\n\t<\/div><!-- .col -->\r\n\t\t\r\n\t<div class=\"col story-col story_col_5\">\t\r\n\t\t\r\n\t\t<div class=\"block-story-content\">\r\n\t\t<div class=\"block-story-content-wrapper\">\t\t\r\n\t\t\r\n\t\t\t\t\t\t<h2>Cookies<\/h2>\n<p>Pour que ce site fonctionne correctement, nous pla\u00e7ons parfois sur votre appareil des petits fichiers de<br \/>\ndonn\u00e9s appel\u00e9s \u00ab cookie \u00bb. La plupart des site web le font \u00e9galement.<\/p>\n<h3>Qu\u2019est ce qu\u2019un cookie?<\/h3>\n<p>Un cookie est un petit fichier texte qu&rsquo;un site web enregistre sur votre ordinateur ou votre appareil mobile<br \/>\nlorsque vous allez sur le site. Il permet au site web de se souvenir de vos actions et de vos pr\u00e9f\u00e9rences<br \/>\n(telles que la connexion, la langue, la taille de la police et d&rsquo;autres pr\u00e9f\u00e9rences d&rsquo;affichage) pendant un certain<br \/>\ntemps, afin que vous n&rsquo;ayez pas \u00e0 les saisir \u00e0 nouveau chaque fois que vous revenez sur le site ou que vous<br \/>\nnaviguez d&rsquo;une page \u00e0 l&rsquo;autre.<\/p>\n<h3>Comment utilisons-nous les cookies ?<\/h3>\n<div class=\"alert\">\n<p><em>Adaptez cette partie de la page en fonction de vos besoins. Expliquez quels cookies vous utilisez dans un langage simple et sans jargon. En particulier :<\/em><\/p>\n<ul>\n<li><em>leur objectif et la raison pour laquelle ils sont utilis\u00e9s, (par exemple, pour se souvenir des actions des utilisateurs, pour identifier l&rsquo;utilisateur, pour la publicit\u00e9 comportementale en ligne)<\/em><\/li>\n<li><em>s&rsquo;ils sont essentiels au fonctionnement du site web ou d&rsquo;une fonctionnalit\u00e9 donn\u00e9e ou s&rsquo;ils visent \u00e0 am\u00e9liorer les performances du site web<\/em><\/li>\n<li><em>les types de cookies utilis\u00e9s (par exemple, session ou permanent, premier ou tiers)<\/em><\/li>\n<li><em>qui contr\u00f4le\/acc\u00e8de aux informations relatives aux cookies (site web ou tiers)<\/em><\/li>\n<li><em>que le cookie ne sera pas utilis\u00e9 \u00e0 d&rsquo;autres fins que celles indiqu\u00e9es<\/em><\/li>\n<li><em>comment le consentement peut \u00eatre retir\u00e9<\/em><\/li>\n<\/ul>\n<h3>Example<\/h3>\n<div class=\"alert alert-info\">\n<p>Un certain nombre de nos pages utilisent des cookies pour se souvenir :<\/p>\n<ul>\n<li>vos pr\u00e9f\u00e9rences d&rsquo;affichage, telles que les param\u00e8tres de contraste des couleurs ou la taille des caract\u00e8res<\/li>\n<li>si vous avez d\u00e9j\u00e0 r\u00e9pondu \u00e0 une fen\u00eatre contextuelle d&rsquo;enqu\u00eate qui vous demande si le contenu vous a \u00e9t\u00e9 utile ou non (vous ne serez donc pas sollicit\u00e9 \u00e0 nouveau)<\/li>\n<li>si vous avez accept\u00e9 (ou non) que nous utilisions des cookies sur ce site.<\/li>\n<\/ul>\n<p>En outre, certaines vid\u00e9os int\u00e9gr\u00e9es dans nos pages utilisent un cookie pour recueillir de mani\u00e8re anonyme des statistiques sur la fa\u00e7on dont vous \u00eates arriv\u00e9 et sur les vid\u00e9os que vous avez consult\u00e9es.<\/p>\n<p>L&rsquo;activation de ces cookies n&rsquo;est pas strictement n\u00e9cessaire au fonctionnement du site, mais elle vous offrira<br \/>\nune meilleure exp\u00e9rience de navigation. Vous pouvez supprimer ou bloquer ces cookies, mais si vous le<br \/>\nfaites, certaines fonctionnalit\u00e9s de ce site peuvent ne pas fonctionner comme pr\u00e9vu.<\/p>\n<p>Les informations li\u00e9es aux cookies ne sont pas utilis\u00e9es pour vous identifier personnellement et les donn\u00e9es<br \/>\ndu mod\u00e8le sont enti\u00e8rement sous notre contr\u00f4le. Ces cookies ne sont pas utilis\u00e9s \u00e0 d&rsquo;autres fins que celles<br \/>\nd\u00e9crites ici.<\/p>\n<h3>Comment contr\u00f4ler les cookies<\/h3>\n<\/div>\n<\/div>\n<p>Vous pouvez contr\u00f4ler et\/ou supprimer les cookies comme vous le souhaitez &#8211; pour plus de d\u00e9tails, voir <a href=\"http:\/\/www.aboutcookies.org\/\">aboutcookies.org<\/a>. Vous pouvez supprimer tous les cookies qui se trouvent d\u00e9j\u00e0 sur votre ordinateur et vous<br \/>\npouvez param\u00e9trer la plupart des navigateurs pour emp\u00eacher qu&rsquo;ils ne soient plac\u00e9s. Toutefois, dans ce cas,<br \/>\nil se peut que vous deviez ajuster manuellement certaines pr\u00e9f\u00e9rences chaque fois que vous visitez un site et<br \/>\nque certains services et fonctionnalit\u00e9s ne fonctionnent pas.<\/p>\n\t\t\r\n\t\t\t\t\r\n\t\t<\/div><!-- .block-story-wrapper -->\r\n\t\t<\/div><!-- .block-story-content -->\r\n\t<\/div><!-- .col -->\r\n\r\n<\/div><!-- .section --> \r\n \r\n<\/div><!-- .main-wrapper -->\t\r\n<\/div><!-- .main-wrapper-full-width -->\t\r\n<\/div><!-- .block-story -->\r\n\t\r\n","protected":false},"excerpt":{"rendered":"","protected":false},"author":6,"featured_media":0,"parent":0,"menu_order":0,"comment_status":"closed","ping_status":"closed","template":"","meta":{"_acf_changed":false,"inline_featured_image":false,"footnotes":""},"class_list":["post-7100","page","type-page","status-publish","hentry"],"acf":[],"_links":{"self":[{"href":"https:\/\/www.seldenmast.com\/fr\/wp-json\/wp\/v2\/pages\/7100","targetHints":{"allow":["GET"]}}],"collection":[{"href":"https:\/\/www.seldenmast.com\/fr\/wp-json\/wp\/v2\/pages"}],"about":[{"href":"https:\/\/www.seldenmast.com\/fr\/wp-json\/wp\/v2\/types\/page"}],"author":[{"embeddable":true,"href":"https:\/\/www.seldenmast.com\/fr\/wp-json\/wp\/v2\/users\/6"}],"replies":[{"embeddable":true,"href":"https:\/\/www.seldenmast.com\/fr\/wp-json\/wp\/v2\/comments?post=7100"}],"version-history":[{"count":3,"href":"https:\/\/www.seldenmast.com\/fr\/wp-json\/wp\/v2\/pages\/7100\/revisions"}],"predecessor-version":[{"id":7851,"href":"https:\/\/www.seldenmast.com\/fr\/wp-json\/wp\/v2\/pages\/7100\/revisions\/7851"}],"wp:attachment":[{"href":"https:\/\/www.seldenmast.com\/fr\/wp-json\/wp\/v2\/media?parent=7100"}],"curies":[{"name":"wp","href":"https:\/\/api.w.org\/{rel}","templated":true}]}}