{"id":7084,"date":"2021-10-14T16:58:12","date_gmt":"2021-10-14T14:58:12","guid":{"rendered":"https:\/\/www.seldenmast.com\/?page_id=7084"},"modified":"2022-06-10T15:26:03","modified_gmt":"2022-06-10T13:26:03","slug":"emmagasineur-pour-voiles-de-portant","status":"publish","type":"page","link":"https:\/\/www.seldenmast.com\/fr\/produits\/emmagasineur-pour-voiles-de-portant\/","title":{"rendered":"Emmagasineur pour voiles de portant"},"content":{"rendered":"\r\n\t\r\n<div class=\"selden-gb-block block-image-full-width\">\r\n<div class=\"main-wrapper-full-width\">\r\n\r\n\t<div class=\"hero-wrapper\">\t\t\r\n\t\t\r\n\t\t\r\n\t\t<div class=\"hero-img-wrapper resp-height-viewport img-bg-position-cc\" style=\"background-image:url('https:\/\/www.seldenmast.com\/wp-content\/uploads\/CX-GX-combo-scaled.jpg');\"><\/div>\t\t\r\n\t<div class=\"image-full-width-btn-wrapper\">\r\n\t<div class=\"image-full-width-btn-wrapper-width\">\r\n\t<div class=\"image-full-width-btn-wrapper-valign\">\r\n\t\t\r\n\t<div class=\"video-btn-play\">\t\t\r\n\t<a class=\"popup-vimeo\" href=\"https:\/\/vimeo.com\/148459476\"><div class=\"btn-play-wrapper btn-play\"><\/div><\/a>\t\t\r\n\t<\/div>\t\r\n\t<\/div><!-- .image-full-width-btn-wrapper-valign -->\r\n\t<\/div><!-- .image-full-width-btn-wrapper-width -->\r\n\t<\/div><!-- .image-full-width-btn-wrapper -->\r\n<\/div><!-- .hero-wrapper -->\t\r\n\r\n<\/div><!-- .main-wrapper-full-width -->\r\n<\/div><!-- .block-image-full-width --> \r\n\n\n\r\n<div id=\"\" class=\"selden-gb-block block-story block-bg-color-white\">\r\n<div class=\"main-wrapper-full-width\">\r\n<div class=\"main-wrapper\">\r\n\r\n<div class=\"section group flex-right\">\r\n\r\n\t<div class=\"col story-col story_col_3\">\t\t\t\r\n\t\t\t<div class=\"block-story-content\">\t\r\n\t\t\t\r\n\t\t\t\t\t\t\t\r\n\t\t\t\t\t\t<div class=\"story-img-img\"><img decoding=\"async\" src=\"https:\/\/www.seldenmast.com\/wp-content\/uploads\/Bowsprit-pulpit-X-332-scaled.jpg\" alt=\"THE POWER LOAD\" \/><\/div>\r\n\t\t\t\t\r\n\t\t\t\t\t\r\n\t\t<\/div><!-- .col-content -->\t\t\t\r\n\t<\/div><!-- .col -->\r\n\t\t\r\n\t<div class=\"col story-col story_col_3\">\t\r\n\t\t\r\n\t\t<div class=\"block-story-content\">\r\n\t\t<div class=\"block-story-content-wrapper\">\t\t\r\n\t\t\r\n\t\t<h2>THE POWER LOAD<\/h2>\t\t\t\t<p>La puissance et l\u2019acc\u00e9l\u00e9ration d\u00e9gag\u00e9es lorsqu\u2019on d\u00e9roule le gennaker ou le spi asym\u00e9trique sont<br \/>\nimpressionnantes. Le plaisir de naviguer prend alors une autre dimension. Vous n\u2019avez qu\u2019\u00e0 hisser la voile encore enroul\u00e9e puis actionner la drosse d\u2019enroulement tout en retenant l\u2019\u00e9coute pour lib\u00e9rer la puissance de votre voile et faire plaisir \u00e0 votre \u00e9quipage. Pour enrouler la voile, actionnez la drosse d\u2019enroulement en retenant l\u2019\u00e9coute. La drosse peut \u00eatre s\u00e9curis\u00e9e par des doubles poulies bloqueuses. Lorsque la voile est enroul\u00e9e, elle peut tr\u00e8s facilement \u00eatre stock\u00e9e sur le pont ou rang\u00e9e proprement dans son sac. Seld\u00e9n propose tous les accessoires n\u00e9cessaires \u00e0 une navigation au portant efficace et s\u00e9curisante.<\/p>\n\t\t\r\n\t\t\t\t\r\n\t\t<\/div><!-- .block-story-wrapper -->\r\n\t\t<\/div><!-- .block-story-content -->\r\n\t<\/div><!-- .col -->\r\n\r\n<\/div><!-- .section --> \r\n \r\n<\/div><!-- .main-wrapper -->\t\r\n<\/div><!-- .main-wrapper-full-width -->\t\r\n<\/div><!-- .block-story -->\r\n\t\r\n\n\n<div class=\"selden-gb-block block-seperator block-bg-color-white\">\n<div class=\"main-wrapper-full-width\">\n<div class=\"main-wrapper\">\n\t<hr class=\"seperator\" \/><!-- .seperator -->\t\n<\/div><!-- .main-wrapper -->\t\n<\/div><!-- .main-wrapper-full-width -->\t\n<\/div><!-- .block-seperator -->\n\n\n<div id=\"\" class=\"selden-gb-block block-text-columns block-bg-color-white\">\r\n<div class=\"main-wrapper-full-width\">\t\r\n<div class=\"main-wrapper\">\r\n\r\n\t\r\n\t\r\n\t<div class=\"text-columns text-columns-2\">\t\r\n\t<h2>SYSTEME D\u2019ENROULEMENT POUR CODE 0 ET GENNAKER<\/h2>\t\t\r\n\t\t<\/div><!-- .text-columns-x -->\t\r\n\t\t\r\n\r\n<\/div><!-- .main-wrapper -->\r\n<\/div><!-- .main-wrapper-full-width -->\r\n<\/div><!-- .block-text-columns --> \r\n \n\n<div class=\"block-image-map-pro block-bg-color-white\"><div class=\"main-wrapper-full-width\"><div class=\"main-wrapper\">\n<div class=\"wp-block-image-map-pro-image-map-pro is-style-imagemappro-small\"><div id=\"image-map-pro-6927\"><\/div><\/div>\n<\/div><!-- .main-wrapper --><\/div><!-- .main-wrapper-full-width --><\/div><!-- .block-image-map-pro -->\n\n<div id=\"\" class=\"selden-gb-block block-text-columns block-bg-color-white\">\r\n<div class=\"main-wrapper-full-width\">\t\r\n<div class=\"main-wrapper\">\r\n\r\n\t\r\n\t\r\n\t<div class=\"text-columns text-columns-3\">\t\r\n\t<h2>SYSTEME D\u2019ENROULEMENT POUR SPI ASYMETRIQUE<\/h2>\t\t\r\n\t\t<\/div><!-- .text-columns-x -->\t\r\n\t\t\r\n\r\n<\/div><!-- .main-wrapper -->\r\n<\/div><!-- .main-wrapper-full-width -->\r\n<\/div><!-- .block-text-columns --> \r\n \n\n<div class=\"block-image-map-pro block-bg-color-white\"><div class=\"main-wrapper-full-width\"><div class=\"main-wrapper\">\n<div class=\"wp-block-image-map-pro-image-map-pro is-style-imagemappro-small\"><div id=\"image-map-pro-7915\"><\/div><\/div>\n<\/div><!-- .main-wrapper --><\/div><!-- .main-wrapper-full-width --><\/div><!-- .block-image-map-pro -->\n\n\r\n<div id=\"\" class=\"selden-gb-block block-story block-bg-color-greylight\">\r\n<div class=\"main-wrapper-full-width\">\r\n<div class=\"main-wrapper\">\r\n\r\n<div class=\"section group flex-right\">\r\n\r\n\t<div class=\"col story-col story_col_2\">\t\t\t\r\n\t\t\t<div class=\"block-story-content\">\t\r\n\t\t\t\r\n\t\t\t\t\t\t\t\r\n\t\t\t\t\t\t<div class=\"story-img-img\"><img decoding=\"async\" src=\"https:\/\/www.seldenmast.com\/wp-content\/uploads\/pointersgx-e1588767700314.png\" alt=\"SELDEN GX, POUR UN ENROULEMENT DU HAUT VERS LE BAS DU SPI ASYMETRIQUE\" \/><\/div>\r\n\t\t\t\t\r\n\t\t\t\t\t\r\n\t\t<\/div><!-- .col-content -->\t\t\t\r\n\t<\/div><!-- .col -->\r\n\t\t\r\n\t<div class=\"col story-col story_col_4\">\t\r\n\t\t\r\n\t\t<div class=\"block-story-content\">\r\n\t\t<div class=\"block-story-content-wrapper\">\t\t\r\n\t\t\r\n\t\t<h2>SELDEN GX, POUR UN ENROULEMENT DU HAUT VERS LE BAS DU SPI ASYMETRIQUE<\/h2>\t\t\t\t<p>Le kit Seld\u00e9n GX comprend le tambour d\u2019enroulement, l\u2019\u00e9merillon de drisse et le cordage anti-torsion.<\/p>\n<p>Le tambour et l\u2019\u00e9merillon de drisse sont fix\u00e9s d\u00e9finitivement sur la voile par les terminaisons de blocage Seld\u00e9n. Pour utiliser la voile, ll faut fixer le tambour d\u2019enroulement sur l\u2019\u00e9trave ou le bout dehors et l\u2019\u00e9merillon sur la drisse de spi. Emmenez la drosse d\u2019enroulement vers le cockpit en utilisant les guides drosses doubles que vous fixerez sur les chandeliers. Mettez ensuite la drosse d\u2019enroulement sous tension et s\u00e9curisez-la gr\u00e2ce aux poulies doubles\/bloqueurs. Vous n\u2019avez plus qu\u2019\u00e0 hisser la voile enroul\u00e9e.<\/p>\n\t\t\r\n\t\t\t\t\r\n\t\t<\/div><!-- .block-story-wrapper -->\r\n\t\t<\/div><!-- .block-story-content -->\r\n\t<\/div><!-- .col -->\r\n\r\n<\/div><!-- .section --> \r\n \r\n<\/div><!-- .main-wrapper -->\t\r\n<\/div><!-- .main-wrapper-full-width -->\t\r\n<\/div><!-- .block-story -->\r\n\t\r\n\n\n\r\n<div id=\"\" class=\"selden-gb-block block-story block-bg-color-white\">\r\n<div class=\"main-wrapper-full-width\">\r\n<div class=\"main-wrapper\">\r\n\r\n<div class=\"section group flex-right\">\r\n\r\n\t<div class=\"col story-col story_col_2\">\t\t\t\r\n\t\t\t<div class=\"block-story-content\">\t\r\n\t\t\t\r\n\t\t\t\t\t\t\t\r\n\t\t\t\t\t\t<div class=\"story-img-img\"><img decoding=\"async\" src=\"https:\/\/www.seldenmast.com\/wp-content\/uploads\/pointerscx-e1588767668101.png\" alt=\"SELDEN CX, POUR CODE 0 ET GENNAKER\" \/><\/div>\r\n\t\t\t\t\r\n\t\t\t\t\t\r\n\t\t<\/div><!-- .col-content -->\t\t\t\r\n\t<\/div><!-- .col -->\r\n\t\t\r\n\t<div class=\"col story-col story_col_4\">\t\r\n\t\t\r\n\t\t<div class=\"block-story-content\">\r\n\t\t<div class=\"block-story-content-wrapper\">\t\t\r\n\t\t\r\n\t\t<h2>SELDEN CX, POUR CODE 0 ET GENNAKER<\/h2>\t\t\t\t<p>Le cordage anti-torsion est int\u00e9gr\u00e9 \u00e0 la ralingue de la voile qui est fix\u00e9e par des cosses au tambour et \u00e0 l\u2019\u00e9merillon de drisse. Des colliers de blocages sp\u00e9ciaux sont requis pour connecter les cosses au cordage anti torsion. Il est n\u00e9cessaire d\u2019utiliser une drisse sp\u00e9cialement d\u00e9di\u00e9e au Code 0 ou au gennaker. Nous recommandons d\u2019installer la drisse avec un syst\u00e8me de palan de fa\u00e7on \u00e0 pouvoir obtenir la tension de guindant voulue sans mettre trop de charge sur la boite \u00e0 r\u00e9a. Le tambour d\u2019enroulement peut rester \u00e0 poste en permanence, ainsi que la drosse d\u2019enroulement dans ses poulies.<\/p>\n\t\t\r\n\t\t\t\t\r\n\t\t<\/div><!-- .block-story-wrapper -->\r\n\t\t<\/div><!-- .block-story-content -->\r\n\t<\/div><!-- .col -->\r\n\r\n<\/div><!-- .section --> \r\n \r\n<\/div><!-- .main-wrapper -->\t\r\n<\/div><!-- .main-wrapper-full-width -->\t\r\n<\/div><!-- .block-story -->\r\n\t\r\n\n\n\r\n<div id=\"\" class=\"selden-gb-block block-story block-bg-color-greylight\">\r\n<div class=\"main-wrapper-full-width\">\r\n<div class=\"main-wrapper\">\r\n\r\n<div class=\"section group flex-right\">\r\n\r\n\t<div class=\"col story-col story_col_2\">\t\t\t\r\n\t\t\t<div class=\"block-story-content\">\t\r\n\t\t\t\r\n\t\t\t\t\t\t\t\r\n\t\t\t\t\t\t<div class=\"story-img-img\"><img decoding=\"async\" src=\"https:\/\/www.seldenmast.com\/wp-content\/uploads\/cx10_2-e1588767686334.png\" alt=\"UN ENROULEMENT FACILE DU HANT VERS LE BAS\" \/><\/div>\r\n\t\t\t\t\r\n\t\t\t\t\t\r\n\t\t<\/div><!-- .col-content -->\t\t\t\r\n\t<\/div><!-- .col -->\r\n\t\t\r\n\t<div class=\"col story-col story_col_4\">\t\r\n\t\t\r\n\t\t<div class=\"block-story-content\">\r\n\t\t<div class=\"block-story-content-wrapper\">\t\t\r\n\t\t\r\n\t\t<h2>UN ENROULEMENT FACILE DU HANT VERS LE BAS<\/h2>\t\t<p class=\"preamble\">Utiliser le Seld\u00e9n CX pour un enroulement de haut en bas d\u2019un spi asym\u00e9trique<\/p>\t\t<p>Cette alternative aux GX permet au tambour et \u00e0 la drosse d\u2019\u00eatre mont\u00e9s de fa\u00e7on permanente. Il suffit d\u2019enclencher le spi enroul\u00e9 sur le tambour et de le hisser \u00e0 l\u2019aide de la drisse de spi.<\/p>\n<p>Il est possible d\u2019installer un adaptateur d\u2019amure et un \u00e9merillon de drisse de GX sur un CX. Des terminaisons Seld\u00e9n sont disponibles \u00e0 cet effet. La voile enroul\u00e9e avec l\u2019adaptateur est reli\u00e9e au tambour et la voile est hiss\u00e9e avec la drisse de spi. Lorsque vous pr\u00e9parez le Gennaker pour le hissage, la moiti\u00e9 du travail est d\u00e9j\u00e0 fait.<\/p>\n\t\t\r\n\t\t\t\t\r\n\t\t<\/div><!-- .block-story-wrapper -->\r\n\t\t<\/div><!-- .block-story-content -->\r\n\t<\/div><!-- .col -->\r\n\r\n<\/div><!-- .section --> \r\n \r\n<\/div><!-- .main-wrapper -->\t\r\n<\/div><!-- .main-wrapper-full-width -->\t\r\n<\/div><!-- .block-story -->\r\n\t\r\n\n\n\r\n<div id=\"\" class=\"selden-gb-block block-story block-bg-color-white\">\r\n<div class=\"main-wrapper-full-width\">\r\n<div class=\"main-wrapper\">\r\n\r\n<div class=\"section group flex-right\">\r\n\r\n\t<div class=\"col story-col story_col_2\">\t\t\t\r\n\t\t\t<div class=\"block-story-content\">\t\r\n\t\t\t\r\n\t\t\t\t\t\t\t\r\n\t\t\t\t\t\t<div class=\"story-img-img\"><img decoding=\"async\" src=\"https:\/\/www.seldenmast.com\/wp-content\/uploads\/cx_3-e1588767615143.png\" alt=\"TOUT EN UN\" \/><\/div>\r\n\t\t\t\t\r\n\t\t\t\t\t\r\n\t\t<\/div><!-- .col-content -->\t\t\t\r\n\t<\/div><!-- .col -->\r\n\t\t\r\n\t<div class=\"col story-col story_col_4\">\t\r\n\t\t\r\n\t\t<div class=\"block-story-content\">\r\n\t\t<div class=\"block-story-content-wrapper\">\t\t\r\n\t\t\r\n\t\t<h2>TOUT EN UN<\/h2>\t\t<p class=\"preamble\">Utiliser le Seld\u00e9n CX pour le code 0\/Gennaker &#038; l\u2019enroulement de haut en bas d\u2019un spi asym\u00e9trique.<\/p>\t\t<p>Une solution unique qui permet d\u2019utiliser un Code 0\/gennaker ou un spi asym\u00e9trique avec une seule et m\u00eame drisse pour les deux configurations.<\/p>\n<p>Le tambour et l\u2019\u00e9merillon de drisse du Seld\u00e9n CX sont, dans ce cas, utilis\u00e9s pour le Code 0 ou gennaker mais aussi pour le spi asym\u00e9trique. Connectez la voile au tambour et \u00e0 l\u2019\u00e9merillon selon les instructions pr\u00e9c\u00e9dentes, hissez ensuite le syst\u00e8me avec la drisse de Code 0 \/ Gennaker.L\u2019adaptateur d\u2019amure est connect\u00e9 en permanence au point d\u2019amure du spi asym\u00e9trique par une terminaison Seld\u00e9n. Le tambour d\u2019enroulement peut rester \u00e0 poste en permanence, ainsi que la drosse d\u2019enroulement dans ses poulies.<\/p>\n\t\t\r\n\t\t\t\t\r\n\t\t<\/div><!-- .block-story-wrapper -->\r\n\t\t<\/div><!-- .block-story-content -->\r\n\t<\/div><!-- .col -->\r\n\r\n<\/div><!-- .section --> \r\n \r\n<\/div><!-- .main-wrapper -->\t\r\n<\/div><!-- .main-wrapper-full-width -->\t\r\n<\/div><!-- .block-story -->\r\n\t\r\n\n\n\r\n<div id=\"\" class=\"selden-gb-block block-story block-bg-color-greydark\">\r\n<div class=\"main-wrapper-full-width\">\r\n<div class=\"main-wrapper\">\r\n\r\n<div class=\"section group flex-right\">\r\n\r\n\t<div class=\"col story-col story_col_2\">\t\t\t\r\n\t\t\t<div class=\"block-story-content\">\t\r\n\t\t\t\r\n\t\t\t\t\t\t\t\r\n\t\t\t \t\r\n\t\t\t<div class=\"story-img\">\r\n\t\t\t<div class=\"square\">\r\n\t\t\t\t<div class=\"square-content square-rounded\" style=\"background-image: url('https:\/\/www.seldenmast.com\/wp-content\/uploads\/double_fairlead.png')\"><\/div><!-- .square-content -->\r\n\t\t\t<\/div><!-- .square --> \r\n\t\t\t<\/div>\t\t\t\t\r\n\t\t\t\t\r\n\t\t\t\t\t\r\n\t\t<\/div><!-- .col-content -->\t\t\t\r\n\t<\/div><!-- .col -->\r\n\t\t\r\n\t<div class=\"col story-col story_col_4\">\t\r\n\t\t\r\n\t\t<div class=\"block-story-content\">\r\n\t\t<div class=\"block-story-content-wrapper\">\t\t\r\n\t\t\r\n\t\t<h2>ACCESSOIRES<\/h2>\t\t\t\t<p>Veuillez consulter notre <a href=\"http:\/\/support.seldenmast.com\/en\/products\/code_0_and_gennaker_furling\/accessories.html\">support site<\/a> pour les accessoires.<\/p>\n\t\t\r\n\t\t\t\t\r\n\t\t<\/div><!-- .block-story-wrapper -->\r\n\t\t<\/div><!-- .block-story-content -->\r\n\t<\/div><!-- .col -->\r\n\r\n<\/div><!-- .section --> \r\n \r\n<\/div><!-- .main-wrapper -->\t\r\n<\/div><!-- .main-wrapper-full-width -->\t\r\n<\/div><!-- .block-story -->\r\n\t\r\n\n\n<div id=\"downloads\" class=\"selden-gb-block block-downloads  block-bg-color-white\">\r\n<div class=\"main-wrapper-full-width\">\t\r\n<div class=\"main-wrapper\">\r\n\r\n<div class=\"downloads-text-wrapper\">\r\n\t\t\t\r\n<\/div><!-- .slider-text-wrapper -->\r\n\t\r\n<div class=\"downloads-list-wrapper\">\r\n<div class=\"section group\">\r\n\t\t\r\n\r\n<div class=\"col span_1_of_2\">\r\n<div class=\"downloads-group\">\t\r\n<a href=\"https:\/\/www.seldenmast.com\/test-page\/dealer-list\/?cat=SMK\">\r\n<div class=\"downloads-group-header\">\r\n<div class=\"section group\">\r\n<div class=\"col downloads_item_col_1_of_3\"><div class=\"icon-dl-measurement-wrapper icon-dl-measurement\"><\/div><\/div><!-- .col -->\r\n\t<div class=\"col downloads_item_col_2_of_3\"><div class=\"downloads-item-title\">Find a dealer<\/div><\/div><!-- .col -->\r\n\t<div class=\"col downloads_item_col_3_of_3\"><img decoding=\"async\" src=\"https:\/\/www.seldenmast.com\/wp-content\/themes\/selden\/images\/test-downloads-link-external.png\"><\/div><!-- .col -->\r\n<\/div><!-- .section -->\r\n<\/div><!-- .downloads-group-header -->\r\n<\/a>\r\n<\/div><!-- .downloads-group -->\r\n<\/div><!-- .col -->\r\n\r\n\t\r\n\t\r\n\t\r\n\t\t\t\r\n\t\t\t\t\t \r\n<div class=\"col span_1_of_2\">\t\t\t\t\t \r\n<div class=\"downloads-group\">\r\n\t\t\t\t\r\n<div class=\"downloads-group-header downloads-group-header-toggler\">\r\n\r\n<div class=\"section group\">\r\n<div class=\"col downloads_item_col_1_of_3\"><div class=\"icon-dl-book-wrapper icon-dl-book\"><\/div><\/div><!-- .col -->\r\n<div class=\"col downloads_item_col_2_of_3\"><div class=\"downloads-item-title\">Brochures<\/div><\/div><!-- .col -->\r\n<div class=\"col downloads_item_col_3_of_3\"><img decoding=\"async\" src=\"https:\/\/www.seldenmast.com\/wp-content\/themes\/selden\/images\/test-downloads-pil-ner.png\"><\/div><!-- .col -->\r\n<\/div><!-- .section -->\r\n<\/div><!-- .downloads-group-header -->\r\n\t\r\n<div class=\"downloads-group-files\">\r\n\t\r\n\t<ul>\r\n\r\n\t\t\t\t\t \t\t\r\n<li><a href=\"https:\/\/support.seldenmast.com\/files\/597-200-E.pdf\" target=\"_blank\">CX &#038; GX<\/a><\/li>\r\n\t\t\t<\/ul>\r\n\t\t\t<\/div><!-- .downloads-group-files -->\t\r\n\t\t\t<\/div><!-- .downloads-group -->\r\n\t\t\t<\/div><!-- .col -->\r\n\t\t\t\t\t\r\n\t\t\t\t\t \r\n<div class=\"col span_1_of_2\">\t\t\t\t\t \r\n<div class=\"downloads-group\">\r\n\t\t\t\t\r\n<div class=\"downloads-group-header downloads-group-header-toggler\">\r\n\r\n<div class=\"section group\">\r\n<div class=\"col downloads_item_col_1_of_3\"><div class=\"icon-dl-settings-wrapper icon-dl-settings\"><\/div><\/div><!-- .col -->\r\n<div class=\"col downloads_item_col_2_of_3\"><div class=\"downloads-item-title\">Technical information<\/div><\/div><!-- .col -->\r\n<div class=\"col downloads_item_col_3_of_3\"><img decoding=\"async\" src=\"https:\/\/www.seldenmast.com\/wp-content\/themes\/selden\/images\/test-downloads-pil-ner.png\"><\/div><!-- .col -->\r\n<\/div><!-- .section -->\r\n<\/div><!-- .downloads-group-header -->\r\n\t\r\n<div class=\"downloads-group-files\">\r\n\t\r\n\t<ul>\r\n\r\n\t\t\t\t\t \t\t\r\n<li><a href=\"https:\/\/support.seldenmast.com\/files\/597-023-E.pdf\" target=\"_blank\">CX10 &#8211; Installation &#038; utilisation<\/a><\/li>\r\n\t\t\r\n<li><a href=\"https:\/\/support.seldenmast.com\/files\/597-001-E.pdf\" target=\"_blank\">CX15 &#8211; Installation &#038; utilisation<\/a><\/li>\r\n\t\t\r\n<li><a href=\"https:\/\/support.seldenmast.com\/files\/595-731-E.pdf\" target=\"_blank\">CX25 &#8211; Installation &#038; utilisation<\/a><\/li>\r\n\t\t\r\n<li><a href=\"https:\/\/support.seldenmast.com\/files\/597-209-E.pdf\" target=\"_blank\">CX45 &#8211; Installation &#038; utilisation<\/a><\/li>\r\n\t\t\r\n<li><a href=\"http:\/\/support.seldenmast.com\/en\/services\/calculators\/rm_calculator.html\" target=\"_blank\">Calculateur de couple de redressement (RM)<\/a><\/li>\r\n\t\t\r\n<li><a href=\"https:\/\/support.seldenmast.com\/files\/597-077-E.pdf\" target=\"_blank\">GX &#8211; Installation &#038; utilisation<\/a><\/li>\r\n\t\t\r\n<li><a href=\"http:\/\/support.seldenmast.com\/se\/products\/code_0_and_gennaker_furling\/dimensioning.html\" target=\"_blank\">Guide de dimensionnement<\/a><\/li>\r\n\t\t\r\n<li><a href=\"http:\/\/support.seldenmast.com\/se\/products\/code_0_and_gennaker_furling\/sailmakers_guide.html\" target=\"_blank\">Guide pour la fabrication des voiles CX\/GX (page 54-55)<\/a><\/li>\r\n\t\t\r\n<li><a href=\"https:\/\/support.seldenmast.com\/files\/597-136-E.pdf\" target=\"_blank\">Montage du bloqueur de drosse<\/a><\/li>\r\n\r\n\t\r\n\t\t\r\n\t\t\r\n\t\t\r\n\t\t\r\n<\/ul>\r\n<\/div><!-- .downloads-group-files -->\r\n<\/div><!-- .downloads-group -->\r\n<\/div><!-- .col -->\r\n\t\t\r\n\t\t\r\n\r\n\t\t\r\n\t\r\n\r\n<\/div><!-- .section -->\r\n\t<\/div><!-- .downloads-list-wrapper -->\r\n\r\n<\/div><!-- .main-wrapper -->\r\n<\/div><!-- .main-wrapper-full-width -->\r\n<\/div><!-- .block-downloads -->\t\r\n\n\n\r\n\t\r\n<div class=\"selden-gb-block block-image-full-width\">\r\n<div class=\"main-wrapper-full-width\">\r\n\r\n\t<div class=\"hero-wrapper\">\t\t\r\n\t\t\r\n<div class=\"hero-img-wrapper hero-video-wrapper resp-height-viewport\">\r\n<div class=\"video-wrapper\">\r\n<div class=\"video-container\">\t\t\t\t\t  \r\n\t<video class=\"video-view video-bg\" autoplay muted loop webkit-playsinline playsinline preload=\"metadata\" poster=\"\">    \r\n\t<source src=\"https:\/\/www.seldenmast.com\/wp-content\/uploads\/Gennaker-Arcona_1229.mp4\" type=\"video\/mp4\">\r\n\t<\/video>\r\n<\/div><!-- .video-container -->\t\r\n<\/div><!-- .video-wrapper -->\r\n<\/div>\r\n\t\r\n\t<div class=\"image-full-width-btn-wrapper\">\r\n\t<div class=\"image-full-width-btn-wrapper-width\">\r\n\t<div class=\"image-full-width-btn-wrapper-valign\">\r\n\t\t<\/div><!-- .image-full-width-btn-wrapper-valign -->\r\n\t<\/div><!-- .image-full-width-btn-wrapper-width -->\r\n\t<\/div><!-- .image-full-width-btn-wrapper -->\r\n<\/div><!-- .hero-wrapper -->\t\r\n\r\n<\/div><!-- .main-wrapper-full-width -->\r\n<\/div><!-- .block-image-full-width --> \r\n","protected":false},"excerpt":{"rendered":"","protected":false},"author":6,"featured_media":5763,"parent":6570,"menu_order":13,"comment_status":"closed","ping_status":"closed","template":"","meta":{"_acf_changed":false,"inline_featured_image":false,"footnotes":""},"class_list":["post-7084","page","type-page","status-publish","has-post-thumbnail","hentry"],"acf":[],"_links":{"self":[{"href":"https:\/\/www.seldenmast.com\/fr\/wp-json\/wp\/v2\/pages\/7084","targetHints":{"allow":["GET"]}}],"collection":[{"href":"https:\/\/www.seldenmast.com\/fr\/wp-json\/wp\/v2\/pages"}],"about":[{"href":"https:\/\/www.seldenmast.com\/fr\/wp-json\/wp\/v2\/types\/page"}],"author":[{"embeddable":true,"href":"https:\/\/www.seldenmast.com\/fr\/wp-json\/wp\/v2\/users\/6"}],"replies":[{"embeddable":true,"href":"https:\/\/www.seldenmast.com\/fr\/wp-json\/wp\/v2\/comments?post=7084"}],"version-history":[{"count":6,"href":"https:\/\/www.seldenmast.com\/fr\/wp-json\/wp\/v2\/pages\/7084\/revisions"}],"predecessor-version":[{"id":7959,"href":"https:\/\/www.seldenmast.com\/fr\/wp-json\/wp\/v2\/pages\/7084\/revisions\/7959"}],"up":[{"embeddable":true,"href":"https:\/\/www.seldenmast.com\/fr\/wp-json\/wp\/v2\/pages\/6570"}],"wp:featuredmedia":[{"embeddable":true,"href":"https:\/\/www.seldenmast.com\/fr\/wp-json\/wp\/v2\/media\/5763"}],"wp:attachment":[{"href":"https:\/\/www.seldenmast.com\/fr\/wp-json\/wp\/v2\/media?parent=7084"}],"curies":[{"name":"wp","href":"https:\/\/api.w.org\/{rel}","templated":true}]}}