{"id":7063,"date":"2021-06-30T14:39:35","date_gmt":"2021-06-30T12:39:35","guid":{"rendered":"https:\/\/www.seldenmast.com\/?page_id=7063"},"modified":"2026-04-17T11:01:49","modified_gmt":"2026-04-17T09:01:49","slug":"career","status":"publish","type":"page","link":"https:\/\/www.seldenmast.com\/fr\/career\/","title":{"rendered":"Carri\u00e8re"},"content":{"rendered":"\r\n\t\r\n<div class=\"selden-gb-block block-image-full-width\">\r\n<div class=\"main-wrapper-full-width\">\r\n\r\n\t<div class=\"hero-wrapper\">\t\t\r\n\t\t\r\n\t\t\r\n\t\t<div class=\"hero-img-wrapper resp-height-medium img-bg-position-cc\" style=\"background-image:url('https:\/\/www.seldenmast.com\/wp-content\/uploads\/MBBR16-1253-scaled.jpg');\"><\/div>\t\t\r\n\t<div class=\"image-full-width-btn-wrapper\">\r\n\t<div class=\"image-full-width-btn-wrapper-width\">\r\n\t<div class=\"image-full-width-btn-wrapper-valign\">\r\n\t\t<\/div><!-- .image-full-width-btn-wrapper-valign -->\r\n\t<\/div><!-- .image-full-width-btn-wrapper-width -->\r\n\t<\/div><!-- .image-full-width-btn-wrapper -->\r\n<\/div><!-- .hero-wrapper -->\t\r\n\r\n<\/div><!-- .main-wrapper-full-width -->\r\n<\/div><!-- .block-image-full-width --> \r\n\n\n<div class=\"selden-gb-block block-seperator block-bg-color-white\">\n<div class=\"main-wrapper-full-width\">\n<div class=\"main-wrapper\">\n\t<hr class=\"seperator\" \/><!-- .seperator -->\t\n<\/div><!-- .main-wrapper -->\t\n<\/div><!-- .main-wrapper-full-width -->\t\n<\/div><!-- .block-seperator -->\n\n\n\r\n<div id=\"\" class=\"selden-gb-block block-story block-bg-color-white\">\r\n<div class=\"main-wrapper-full-width\">\r\n<div class=\"main-wrapper\">\r\n\r\n<div class=\"section group flex-right\">\r\n\r\n\t<div class=\"col story-col story_col_2\">\t\t\t\r\n\t\t\t<div class=\"block-story-content\">\t\r\n\t\t\t\r\n\t\t\t\t\t\r\n\t\t<\/div><!-- .col-content -->\t\t\t\r\n\t<\/div><!-- .col -->\r\n\t\t\r\n\t<div class=\"col story-col story_col_4\">\t\r\n\t\t\r\n\t\t<div class=\"block-story-content\">\r\n\t\t<div class=\"block-story-content-wrapper\">\t\t\r\n\t\t\r\n\t\t<h2>SELDEN RECRUTE UN CHEF D\u2019\u00c9QUIPE ATELIER H\/F<\/h2>\t\t<p class=\"preamble\">Poste bas\u00e9 en Vend\u00e9e, au Poir\u00e9-sur-Vie (pr\u00e8s de La Roche-sur-Yon).<br \/>\r\n<\/p>\t\t<p><strong><em>Sous la supervision du Responsable d&rsquo;atelier, vous serez amen\u00e9(e) \u00e0 manager une \u00e9quipe de production au quotidien et \u00e0 piloter l&rsquo;activit\u00e9 sur votre secteur (7 personnes aujourd\u2019hui), vous \u00eates un v\u00e9ritable relais terrain.<\/em><\/strong><\/p>\n<p><strong>Concr\u00e8tement, vous r\u00e9aliserez les missions suivantes <\/strong><\/p>\n<p><strong>MANAGEMENT<\/strong><\/p>\n<ul>\n<li>Planifier le travail et r\u00e9partir les t\u00e2ches de chacun(e) au quotidien<\/li>\n<li>Animer les briefs<\/li>\n<li>Participer au recrutement<\/li>\n<\/ul>\n<p><strong>PILOTAGE DE L\u2019ACTIVITE<\/strong><\/p>\n<ul>\n<li>Avoir un \u0153il expert sur le suivi technique<\/li>\n<li>Contr\u00f4ler la qualit\u00e9 des pi\u00e8ces produites<\/li>\n<li>Assurer un environnement de travail fonctionnel<\/li>\n<li>Garantir un respect des r\u00e8gles de s\u00e9curit\u00e9 et d\u2019hygi\u00e8ne<\/li>\n<li>Gestion des stocks<\/li>\n<\/ul>\n<p><strong>CONTRIBUTION A LA PRODUCTION<\/strong><\/p>\n<p>V\u00e9ritable r\u00e9f\u00e9rent terrain, vous faites partie int\u00e9grante de l\u2019\u00e9quipe et contribuez directement \u00e0 la production.<\/p>\n<p><em>Vous voulez en savoir plus\u00a0? on vous dit tout<\/em><\/p>\n<ul>\n<li>Quel contrat\u00a0? CDI \u00e0 temps plein et en journ\u00e9e<\/li>\n<li>Quand\u00a0? d\u00e8s que possible, l\u2019\u00e9quipe a h\u00e2te de faire votre connaissance<\/li>\n<li>O\u00f9 ? Le Poir\u00e9 sur Vie<\/li>\n<li>La r\u00e9mun\u00e9ration\u00a0? en fonction de vos comp\u00e9tences<\/li>\n<\/ul>\n<p><em>Le profil que nous recherchons\u00a0? c\u2019est ici<\/em><\/p>\n<ul>\n<li>Vous avez plusieurs ann\u00e9es d&rsquo;exp\u00e9rience industrielle avec pilotage d&rsquo;\u00e9quipe<\/li>\n<li>Vous \u00eates reconnu pour vos comp\u00e9tences manag\u00e9riales, votre capacit\u00e9 \u00e0 travailler efficacement en \u00e9quipe (leadership de proximit\u00e9), votre sens de l&rsquo;organisation et votre app\u00e9tence technique<\/li>\n<li>Vous savez r\u00e9soudre tout type de situation et vous \u00eates intransigeant en mati\u00e8re d&rsquo;application des r\u00e8gles de s\u00e9curit\u00e9<\/li>\n<li><strong>Vous avez obligatoirement de l\u2019exp\u00e9rience en composite<\/strong><\/li>\n<\/ul>\n<p>Ce poste vous int\u00e9resse ? Postulez d\u00e8s \u00e0 pr\u00e9sent \u00e0 l\u2019adresse suivante\u00a0: <a href=\"mailto:cac@seldenmast.fr\">cac@seldenmast.fr<\/a><\/p>\n\t\t\r\n\t\t\t\t\r\n\t\t<\/div><!-- .block-story-wrapper -->\r\n\t\t<\/div><!-- .block-story-content -->\r\n\t<\/div><!-- .col -->\r\n\r\n<\/div><!-- .section --> \r\n \r\n<\/div><!-- .main-wrapper -->\t\r\n<\/div><!-- .main-wrapper-full-width -->\t\r\n<\/div><!-- .block-story -->\r\n\t\r\n","protected":false},"excerpt":{"rendered":"","protected":false},"author":4,"featured_media":0,"parent":0,"menu_order":0,"comment_status":"closed","ping_status":"closed","template":"","meta":{"_acf_changed":false,"inline_featured_image":false,"footnotes":""},"class_list":["post-7063","page","type-page","status-publish","hentry"],"acf":[],"_links":{"self":[{"href":"https:\/\/www.seldenmast.com\/fr\/wp-json\/wp\/v2\/pages\/7063","targetHints":{"allow":["GET"]}}],"collection":[{"href":"https:\/\/www.seldenmast.com\/fr\/wp-json\/wp\/v2\/pages"}],"about":[{"href":"https:\/\/www.seldenmast.com\/fr\/wp-json\/wp\/v2\/types\/page"}],"author":[{"embeddable":true,"href":"https:\/\/www.seldenmast.com\/fr\/wp-json\/wp\/v2\/users\/4"}],"replies":[{"embeddable":true,"href":"https:\/\/www.seldenmast.com\/fr\/wp-json\/wp\/v2\/comments?post=7063"}],"version-history":[{"count":20,"href":"https:\/\/www.seldenmast.com\/fr\/wp-json\/wp\/v2\/pages\/7063\/revisions"}],"predecessor-version":[{"id":9719,"href":"https:\/\/www.seldenmast.com\/fr\/wp-json\/wp\/v2\/pages\/7063\/revisions\/9719"}],"wp:attachment":[{"href":"https:\/\/www.seldenmast.com\/fr\/wp-json\/wp\/v2\/media?parent=7063"}],"curies":[{"name":"wp","href":"https:\/\/api.w.org\/{rel}","templated":true}]}}