{"id":6111,"date":"2021-02-15T16:48:52","date_gmt":"2021-02-15T15:48:52","guid":{"rendered":"https:\/\/www.seldenmast.com\/?page_id=6111"},"modified":"2022-11-21T16:38:27","modified_gmt":"2022-11-21T15:38:27","slug":"hydraulic","status":"publish","type":"page","link":"https:\/\/www.seldenmast.com\/fr\/produits\/hydraulic\/","title":{"rendered":"Hydraulique"},"content":{"rendered":"<div class=\"selden-gb-block block-spacer block-bg-color-greydark\" style=\"height: 65px\">\n<div class=\"main-wrapper-full-width\"><\/div><!-- .main-wrapper-full-width -->\t\n<\/div><!-- .block-spacer -->\n\n\n<div id=\"\" class=\"selden-gb-block block-hero block-bg-color-white  resp-height-large\">\r\n<div class=\"main-wrapper-full-width\">\r\n\t<div class=\"hero-wrapper\" resp-height-large\">\r\n\t\r\n<div class=\"hero-img-wrapper hero-video-wrapper resp-height-large\">\r\n<div class=\"video-wrapper\">\r\n<div class=\"video-container\">\t\t\t\t\t  \r\n\t<video class=\"video-view video-bg\" autoplay muted loop webkit-playsinline playsinline preload=\"metadata\" poster=\"\">    \r\n\t<source src=\"https:\/\/www.seldenmast.com\/wp-content\/uploads\/Selden_HR64-Anamorphic-kopia.mp4\" type=\"video\/mp4\">\r\n\t<\/video>\r\n<\/div><!-- .video-container -->\t\r\n<\/div><!-- .video-wrapper -->\r\n<\/div>\r\n\t\t\t\r\n\t\r\n\t<div class=\"hero-text-wrapper\">\r\n\t<div class=\"hero-text-width\">\r\n\t<div class=\"hero-text-block hero-text-block-top\">\t\r\n\t<div class=\"\">\t\t\r\n\t<h1>Navigation \u201cpresse bouton\u201d \u00e0 l\u2019abri du cockpit<\/h1>\t\t\t<\/div><!-- .hero-text-bg -->\r\n\t\t\r\n\t<\/div><!-- .hero-text-block -->\t\r\n\t\r\n\t<\/div><!-- .hero-text-width-->\r\n\t<\/div><!-- .hero-text-wrapper -->\t\t\t\r\n\t\t\r\n\t\t\r\n\t\t\r\n\t\t<div class=\"mouse-scroll\">\r\n\t<div class=\"icon-mouse-scroll-wrapper icon-mouse-scroll\"><\/div>\t\r\n\t\t<\/div><!-- .mouse-scroll -->\r\n\t\t\r\n\t<\/div><!-- .hero-wrapper -->\t\r\n\r\n<\/div><!-- .main-wrapper-full-width -->\r\n<\/div><!-- .block-hero --> \r\n\n\n<div id=\"\" class=\"selden-gb-block block-shortcuts block-bg-color-greydark\">\r\n<div class=\"main-wrapper-full-width\">\t\r\n<div class=\"main-wrapper\">\r\n\t\r\n\t<div class=\"shortcuts-list-wrapper\">\r\n\t<div class=\"section group\">\t\t\r\n\t\t\r\n\t\t\r\n\t\t\t<div class=\"col shortcuts_list_1_of_3\">\r\n\t\t\t\t\t\r\n\t\t\t<a href=\"#bm_forcruising\">\t\t\t<div class=\"shortcuts-list-item\">\t\t\r\n\t\t\r\n\t\t\t<div class=\"shortcuts-list-item-img\">\r\n\t\t\t<div class=\"square\">\r\n\t\t\t\t<div class=\"square-content square-rounded\" style=\"background-image: url(https:\/\/www.seldenmast.com\/wp-content\/uploads\/Knapptryck-21-New.jpg);\"><\/div><!-- .square-content -->\r\n\t\t\t<\/div><!-- .square --> \r\n\t\t\t<\/div>\t\t\r\n\t\t\t\t\r\n\t\t\t<div class=\"shortcuts-list-item-info\">\t\t\r\n\t\t\t\t\t<div class=\"shortcuts-list-item-title\">Hydraulique pour simplifier la navigation<\/div><!-- .shortcuts-list-item-title -->\t\t\t\t\r\n\t\t\t<\/div><!-- .shortcuts-list-item-info -->\r\n\t\t\t<\/div><!-- .shortcuts-list-item -->\r\n\t\t\t<\/a>\t\r\n\t\t\t\t\t\t\r\n\t\t<\/div><!-- .col -->\r\n\t\t\r\n\t\t\t\r\n\t\t\t<div class=\"col shortcuts_list_1_of_3\">\r\n\t\t\t\t\t\r\n\t\t\t<a href=\"#bm_fortrim\">\t\t\t<div class=\"shortcuts-list-item\">\t\t\r\n\t\t\r\n\t\t\t<div class=\"shortcuts-list-item-img\">\r\n\t\t\t<div class=\"square\">\r\n\t\t\t\t<div class=\"square-content square-rounded\" style=\"background-image: url(https:\/\/www.seldenmast.com\/wp-content\/uploads\/Pump-station_Selden_HR64-193.png);\"><\/div><!-- .square-content -->\r\n\t\t\t<\/div><!-- .square --> \r\n\t\t\t<\/div>\t\t\r\n\t\t\t\t\r\n\t\t\t<div class=\"shortcuts-list-item-info\">\t\t\r\n\t\t\t\t\t<div class=\"shortcuts-list-item-title\">Hydraulique pour le r\u00e9glage<\/div><!-- .shortcuts-list-item-title -->\t\t\t\t\r\n\t\t\t<\/div><!-- .shortcuts-list-item-info -->\r\n\t\t\t<\/div><!-- .shortcuts-list-item -->\r\n\t\t\t<\/a>\t\r\n\t\t\t\t\t\t\r\n\t\t<\/div><!-- .col -->\r\n\t\t\r\n\t\t\t\r\n\t\t\t<div class=\"col shortcuts_list_1_of_3\">\r\n\t\t\t\t\t\r\n\t\t\t<a href=\"#bm_rigtensioning\">\t\t\t<div class=\"shortcuts-list-item\">\t\t\r\n\t\t\r\n\t\t\t<div class=\"shortcuts-list-item-img\">\r\n\t\t\t<div class=\"square\">\r\n\t\t\t\t<div class=\"square-content square-rounded\" style=\"background-image: url(https:\/\/www.seldenmast.com\/wp-content\/uploads\/Mast-jack.svg);\"><\/div><!-- .square-content -->\r\n\t\t\t<\/div><!-- .square --> \r\n\t\t\t<\/div>\t\t\r\n\t\t\t\t\r\n\t\t\t<div class=\"shortcuts-list-item-info\">\t\t\r\n\t\t\t\t\t<div class=\"shortcuts-list-item-title\">Hydraulique pour la tension de gr\u00e9ement<\/div><!-- .shortcuts-list-item-title -->\t\t\t\t\r\n\t\t\t<\/div><!-- .shortcuts-list-item-info -->\r\n\t\t\t<\/div><!-- .shortcuts-list-item -->\r\n\t\t\t<\/a>\t\r\n\t\t\t\t\t\t\r\n\t\t<\/div><!-- .col -->\r\n\t\t\r\n\t\t\t\r\n\t<\/div><!-- .section -->\t\r\n\t<\/div><!-- .shortcuts-list-wrapper -->\r\n\r\n<\/div><!-- .main-wrapper -->\r\n<\/div><!-- .main-wrapper-full-width -->\r\n<\/div><!-- .block-shortcuts -->\t\r\n\n\n\r\n<div id=\"\" class=\"selden-gb-block block-story block-bg-color-white\">\r\n<div class=\"main-wrapper-full-width\">\r\n<div class=\"main-wrapper\">\r\n\r\n<div class=\"section group flex-right\">\r\n\r\n\t<div class=\"col story-col story_col_2\">\t\t\t\r\n\t\t\t<div class=\"block-story-content\">\t\r\n\t\t\t\r\n\t\t\t\t\t\r\n\t\t<\/div><!-- .col-content -->\t\t\t\r\n\t<\/div><!-- .col -->\r\n\t\t\r\n\t<div class=\"col story-col story_col_4\">\t\r\n\t\t\r\n\t\t<div class=\"block-story-content\">\r\n\t\t<div class=\"block-story-content-wrapper\">\t\t\r\n\t\t\r\n\t\t<h2>HYDRAULIQUES<\/h2>\t\t\t\t<p>Les syst\u00e8mes hydrauliques sont utilis\u00e9s pour diff\u00e9rentes fonctions sur un nombre croissant de bateaux. La gamme hydraulique SELDEN offre aux navigateurs un moyen simple et s\u00fbr de man\u0153uvrer, aussi bien pour un \u00e9quipage r\u00e9duit que pour le r\u00e9gatier recherchant une solution efficace pour tendre son gr\u00e9ement et optimiser sa vitesse. Depuis des d\u00e9cennies, nous \u00e9quipons des bateaux haut de gamme \u00e0 qui nous fournissons des syst\u00e8mes hydrauliques complets. Pompes hydrauliques, cylindres, tuyaux, raccords, et plus important encore notre expertise technique et notre contr\u00f4le qualit\u00e9. Tous nos \u00e9quipements pour m\u00e2ts enrouleurs et enrouleurs de g\u00e9nois FURLEX Hydrauliques sont mis sous pression pour test au sein de notre unit\u00e9 Hydraulique bas\u00e9 \u00e0 G\u00f6teborg en Su\u00e8de, et nous conservons les donn\u00e9es pour le suivi et la maintenance.<\/p>\n\t\t\r\n\t\t\t\t\r\n\t\t<\/div><!-- .block-story-wrapper -->\r\n\t\t<\/div><!-- .block-story-content -->\r\n\t<\/div><!-- .col -->\r\n\r\n<\/div><!-- .section --> \r\n \r\n<\/div><!-- .main-wrapper -->\t\r\n<\/div><!-- .main-wrapper-full-width -->\t\r\n<\/div><!-- .block-story -->\r\n\t\r\n\n\n<div class=\"selden-gb-block block-seperator block-bg-color-white\">\n<div class=\"main-wrapper-full-width\">\n<div class=\"main-wrapper\">\n\t<hr class=\"seperator\" \/><!-- .seperator -->\t\n<\/div><!-- .main-wrapper -->\t\n<\/div><!-- .main-wrapper-full-width -->\t\n<\/div><!-- .block-seperator -->\n\n\n\r\n<div id=\"bm_forcruising\" class=\"selden-gb-block block-story block-bg-color-white\">\r\n<div class=\"main-wrapper-full-width\">\r\n<div class=\"main-wrapper\">\r\n\r\n<div class=\"section group flex-right\">\r\n\r\n\t<div class=\"col story-col story_col_2\">\t\t\t\r\n\t\t\t<div class=\"block-story-content\">\t\r\n\t\t\t\r\n\t\t\t\t\t\t\t\r\n\t\t\t\t\t\t<div class=\"story-img-img\"><img decoding=\"async\" src=\"https:\/\/www.seldenmast.com\/wp-content\/uploads\/X-ray-10126-e1590681756990.png\" alt=\"MOTORISATION HYDRAULIQUE\" \/><\/div>\r\n\t\t\t\t\r\n\t\t\t\t\t\r\n\t\t<\/div><!-- .col-content -->\t\t\t\r\n\t<\/div><!-- .col -->\r\n\t\t\r\n\t<div class=\"col story-col story_col_4\">\t\r\n\t\t\r\n\t\t<div class=\"block-story-content\">\r\n\t\t<div class=\"block-story-content-wrapper\">\t\t\r\n\t\t\r\n\t\t<h2>MOTORISATION HYDRAULIQUE<\/h2>\t\t\t\t<p>Le dessin du Furlex hydraulique fait jouer harmonieusement entre elles les nuances de l\u2019acier inox et de l\u2019aluminium. Le moteur hydraulique est situ\u00e9 \u00e0 l\u2019int\u00e9rieur de la vis sans fin, comme dans le syst\u00e8me de m\u00e2t enrouleur. La position du moteur contribue \u00e0 la compacit\u00e9 du Furlex hydraulique<\/p>\n\t\t\r\n\t\t\t\t\r\n\t\t<\/div><!-- .block-story-wrapper -->\r\n\t\t<\/div><!-- .block-story-content -->\r\n\t<\/div><!-- .col -->\r\n\r\n<\/div><!-- .section --> \r\n \r\n<\/div><!-- .main-wrapper -->\t\r\n<\/div><!-- .main-wrapper-full-width -->\t\r\n<\/div><!-- .block-story -->\r\n\t\r\n\n\n<div class=\"selden-gb-block block-seperator block-bg-color-white\">\n<div class=\"main-wrapper-full-width\">\n<div class=\"main-wrapper\">\n\t<hr class=\"seperator\" \/><!-- .seperator -->\t\n<\/div><!-- .main-wrapper -->\t\n<\/div><!-- .main-wrapper-full-width -->\t\n<\/div><!-- .block-seperator -->\n\n\n\r\n<div id=\"\" class=\"selden-gb-block block-story block-bg-color-white\">\r\n<div class=\"main-wrapper-full-width\">\r\n<div class=\"main-wrapper\">\r\n\r\n<div class=\"section group\">\r\n\r\n\t<div class=\"col story-col story_col_2\">\t\t\t\r\n\t\t\t<div class=\"block-story-content\">\t\r\n\t\t\t\r\n\t\t\t\t\t\t\t\r\n\t\t\t\t\t\t<div class=\"story-img-img\"><img decoding=\"async\" src=\"https:\/\/www.seldenmast.com\/wp-content\/uploads\/Hydraulmast_10125-e1590682320543.png\" alt=\"MATS ENROULEURS\" \/><\/div>\r\n\t\t\t\t\r\n\t\t\t\t\t\r\n\t\t<\/div><!-- .col-content -->\t\t\t\r\n\t<\/div><!-- .col -->\r\n\t\t\r\n\t<div class=\"col story-col story_col_4\">\t\r\n\t\t\r\n\t\t<div class=\"block-story-content\">\r\n\t\t<div class=\"block-story-content-wrapper\">\t\t\r\n\t\t\r\n\t\t<h2>MATS ENROULEURS<\/h2>\t\t\t\t<p>Navigation \u201cpresse bouton\u201d \u00e0 l\u2019abri du cockpit. Un m\u00e2t motoris\u00e9 vous permet d\u2019ariser, de rouler et de r\u00e9gler la surface de voile en fonction des conditions de vent, \u00e0 partir d\u2019un simple bouton. Le moteur int\u00e9gr\u00e9 brevet\u00e9 agit directement sur l\u2019engrenage h\u00e9lico\u00efdal de fa\u00e7on \u00e0 limiter au maximum le nombre de pi\u00e8ces en mouvement et augmenter ainsi la puissance, l\u2019efficacit\u00e9 et la fiabilit\u00e9. L\u2019engrenage h\u00e9lico\u00efdal, qui poss\u00e8de un frein auto bloquant, bloque la voile dans la position requise. En cas d\u2019urgence, la grand-voile peut aussi \u00eatre roul\u00e9e et d\u00e9roul\u00e9e manuellement avec une manivelle de winch ordinaire.<\/p>\n\t\t\r\n\t\t\t\t\r\n\t\t<\/div><!-- .block-story-wrapper -->\r\n\t\t<\/div><!-- .block-story-content -->\r\n\t<\/div><!-- .col -->\r\n\r\n<\/div><!-- .section --> \r\n \r\n<\/div><!-- .main-wrapper -->\t\r\n<\/div><!-- .main-wrapper-full-width -->\t\r\n<\/div><!-- .block-story -->\r\n\t\r\n\n\n<div class=\"selden-gb-block block-seperator block-bg-color-white\">\n<div class=\"main-wrapper-full-width\">\n<div class=\"main-wrapper\">\n\t<hr class=\"seperator\" \/><!-- .seperator -->\t\n<\/div><!-- .main-wrapper -->\t\n<\/div><!-- .main-wrapper-full-width -->\t\n<\/div><!-- .block-seperator -->\n\n\n\r\n<div id=\"\" class=\"selden-gb-block block-story block-bg-color-white\">\r\n<div class=\"main-wrapper-full-width\">\r\n<div class=\"main-wrapper\">\r\n\r\n<div class=\"section group flex-right\">\r\n\r\n\t<div class=\"col story-col story_col_4\">\t\t\t\r\n\t\t\t<div class=\"block-story-content\">\t\r\n\t\t\t\r\n\t\t\t\t\t\t\t\r\n\t\t\t\t\t\t<div class=\"story-img-img\"><img decoding=\"async\" src=\"https:\/\/www.seldenmast.com\/wp-content\/uploads\/Bomuthal_10181.png\" alt=\"BOME HYDRAULIQUE\" \/><\/div>\r\n\t\t\t\t\r\n\t\t\t\t\t\r\n\t\t<\/div><!-- .col-content -->\t\t\t\r\n\t<\/div><!-- .col -->\r\n\t\t\r\n\t<div class=\"col story-col story_col_2\">\t\r\n\t\t\r\n\t\t<div class=\"block-story-content\">\r\n\t\t<div class=\"block-story-content-wrapper\">\t\t\r\n\t\t\r\n\t\t<h2>BOME HYDRAULIQUE<\/h2>\t\t\t\t<p>Etarquage hydraulique \u2013 le nec plus ultra Les boutons de commande dans le cockpit vous permettent un contr\u00f4le complet de votre grand-voile. Vous pouvez aussi r\u00e9gler votre \u00e9tarquage lorsque vous naviguez au pr\u00e8s serr\u00e9 \u2013 une t\u00e2che qui demanderait normalement toute la force d\u2019un \u00e9quipier utilisant un winch manuel. De plus, pas de bout qui tra\u00eene dans le cockpit.<\/p>\n\t\t\r\n\t\t\t\t\r\n\t\t<\/div><!-- .block-story-wrapper -->\r\n\t\t<\/div><!-- .block-story-content -->\r\n\t<\/div><!-- .col -->\r\n\r\n<\/div><!-- .section --> \r\n \r\n<\/div><!-- .main-wrapper -->\t\r\n<\/div><!-- .main-wrapper-full-width -->\t\r\n<\/div><!-- .block-story -->\r\n\t\r\n\n\n<div class=\"selden-gb-block block-seperator block-bg-color-white\">\n<div class=\"main-wrapper-full-width\">\n<div class=\"main-wrapper\">\n\t<hr class=\"seperator\" \/><!-- .seperator -->\t\n<\/div><!-- .main-wrapper -->\t\n<\/div><!-- .main-wrapper-full-width -->\t\n<\/div><!-- .block-seperator -->\n\n\n\t\r\n<div id=\"bm_fortrim\" class=\"selden-gb-block block-compare main-wrapper-slider-mini block-bg-color-white\">\r\n<div class=\"main-wrapper-full-width\">\t\r\n<div class=\"main-wrapper\">\r\n\t\r\n\t<div class=\"slider-text-wrapper\">\r\n\t\t<h2>HYDRAULIQUE POUR LE R\u00c9GLAGE<\/h2>\t\r\n\t\t\t\r\n\t<\/div><!-- .slider-text-wrapper -->\r\n\r\n\t<div class=\"slider-list-wrapper\">\r\n\t<div class=\"section group\">\t\r\n\t\r\n\t<section class=\"slider-variable slider\">\t\t\r\n\t\t\r\n\t\r\n\t\t\t\r\n\t\t<div class=\"col col-slider-2\">\r\n\t\t\t\t\r\n\t\t\t<div class=\"slider-list-item\">\t\t\t\t\r\n\t\t\t<div class=\"compare-list-item-img\">\r\n\t\t\t<div class=\"square\">\r\n\t\t\t\t<div class=\"square-content\" style=\"background-image: url(https:\/\/www.seldenmast.com\/wp-content\/uploads\/Hydraulic_tensioner-e1643800406624.jpg);\"><\/div><!-- .square-content -->\r\n\t\t\t<\/div><!-- .square --> \r\n\t\t\t<\/div>\t\t\t\r\n\t\t\t<div class=\"slider-list-item-info\">\t\t\t\r\n\t\t\t\t<div class=\"slider-list-item-title\">VERINS HYDRAULIQUES DE PATARAS ET DE HALE-BAS<\/div><!-- .slider-list-item-title -->\r\n\t\t\t\t<div class=\"slider-list-item-content\"><p>Un r\u00e9glage simple et rapide du pataras et du hale-bas est primordial aussi bien en r\u00e9gate qu\u2019en croisi\u00e8re. Etre capable de reprendre de la tension dans l\u2019\u00e9tai, ajuster le cintre du m\u00e2t et ma\u00eetriser la puissance de la grand-voile rendra votre bateau plus performant, plus rapide et plus facile \u00e0 ma\u00eetriser. Seld\u00e9n a d\u00e9velopp\u00e9 une gamme de v\u00e9rins hydrauliques au design fonctionnel, simple d\u2019utilisation, fiable et durable. Les tiges sont en inox marin et les corps anodis\u00e9s couleur aluminium ou noir. Les v\u00e9rins ont une course suffisamment longue pour permettre un r\u00e9glage fin de la qu\u00eate. <\/p><\/div><!-- .slider-list-item-content -->\t\t\t\t\r\n\t\t\t\t\t\t\r\n\t\t\t<\/div><!-- .slider-list-item-info -->\r\n\t\t\t<\/div><!-- .slider-list-item -->\r\n\t\t\t\r\n\t\t<\/div><!-- .col -->\r\n\t\t\r\n\t\t\r\n\t\t\t\r\n\t\t<div class=\"col col-slider-2\">\r\n\t\t\t\t\r\n\t\t\t<div class=\"slider-list-item\">\t\t\t\t\r\n\t\t\t<div class=\"compare-list-item-img\">\r\n\t\t\t<div class=\"square\">\r\n\t\t\t\t<div class=\"square-content\" style=\"background-image: url(https:\/\/www.seldenmast.com\/wp-content\/uploads\/Pump-station_Selden_HR64-193-1.png);\"><\/div><!-- .square-content -->\r\n\t\t\t<\/div><!-- .square --> \r\n\t\t\t<\/div>\t\t\t\r\n\t\t\t<div class=\"slider-list-item-info\">\t\t\t\r\n\t\t\t\t<div class=\"slider-list-item-title\">CENTRALES<\/div><!-- .slider-list-item-title -->\r\n\t\t\t\t<div class=\"slider-list-item-content\"><p>Disponibles avec fonction unique ou 4 fonctions.<br \/>\r\n\u2022 Les centrales ont une fonction Double Effet qui permet d\u2019actionner la pompe dans les 2 sens.<br \/>\r\n\u2022 Une soupape de s\u00e9curit\u00e9 \u00e9vite la surpression.<br \/>\r\n\u2022 Une fonction \u00e0 2 vitesses permet une prise de tension rapide jusqu&rsquo;\u00e0 l&rsquo;obtention d&rsquo;une pression pr\u00e9d\u00e9finie. Ensuite, la centrale passe \u00e0 la vitesse inf\u00e9rieure et \u00e0 une r\u00e9sistance r\u00e9duite dans le levier. Le niveau de pression n\u00e9cessaire pour r\u00e9trograder est facilement r\u00e9glable.<br \/>\r\n\u2022 Les centrales peuvent \u00eatre raccord\u00e9es \u00e0 une pompe \u00e9lectrique qui remplace le pompage manuel par simple pression sur un bouton.<br \/>\r\n\u2022 Les centrales sont anodis\u00e9es noir ou aluminium. <\/p><\/div><!-- .slider-list-item-content -->\t\t\t\t\r\n\t\t\t\t\t\t\r\n\t\t\t<\/div><!-- .slider-list-item-info -->\r\n\t\t\t<\/div><!-- .slider-list-item -->\r\n\t\t\t\r\n\t\t<\/div><!-- .col -->\r\n\t\t\r\n\t \r\n\t\t\r\n\t\t<\/section>\r\n\t<\/div><!-- .section -->\t\r\n\t<\/div><!-- .slider-list-wrapper -->\r\n\r\n<\/div><!-- .main-wrapper -->\r\n<\/div><!-- .main-wrapper-full-width -->\r\n<\/div><!-- .block-compare -->\r\n\n\n<div class=\"selden-gb-block block-seperator block-bg-color-white\">\n<div class=\"main-wrapper-full-width\">\n<div class=\"main-wrapper\">\n\t<hr class=\"seperator\" \/><!-- .seperator -->\t\n<\/div><!-- .main-wrapper -->\t\n<\/div><!-- .main-wrapper-full-width -->\t\n<\/div><!-- .block-seperator -->\n\n\n\r\n<div id=\"bm_rigtensioning\" class=\"selden-gb-block block-story block-bg-color-white\">\r\n<div class=\"main-wrapper-full-width\">\r\n<div class=\"main-wrapper\">\r\n\r\n<div class=\"section group flex-right\">\r\n\r\n\t<div class=\"col story-col story_col_2\">\t\t\t\r\n\t\t\t<div class=\"block-story-content\">\t\r\n\t\t\t\r\n\t\t\t\t\t\t\t\r\n\t\t\t\t\t\t<div class=\"story-img-img\"><img decoding=\"async\" src=\"https:\/\/www.seldenmast.com\/wp-content\/uploads\/Mast-jack.svg\" alt=\"VERIN DE LEVAGE DU MAT\" \/><\/div>\r\n\t\t\t\t\r\n\t\t\t\t\t\r\n\t\t<\/div><!-- .col-content -->\t\t\t\r\n\t<\/div><!-- .col -->\r\n\t\t\r\n\t<div class=\"col story-col story_col_4\">\t\r\n\t\t\r\n\t\t<div class=\"block-story-content\">\r\n\t\t<div class=\"block-story-content-wrapper\">\t\t\r\n\t\t\r\n\t\t<h2>VERIN DE LEVAGE DU MAT<\/h2>\t\t\t\t<p>Le Mast Jack Seld\u00e9n permet d\u2019\u00eatre certain d\u2019avoir toujours la bonne tension de gr\u00e9ement en course. Il donne \u00e9galement la possibilit\u00e9 de rel\u00e2cher les contraintes appliqu\u00e9es au gr\u00e9ement et au bateau une fois rentr\u00e9 au port. Le syst\u00e8me de Mast Jack Seld\u00e9n est constitu\u00e9 d\u2019un v\u00e9rin hydraulique log\u00e9 \u00e0 l\u2019int\u00e9rieur du m\u00e2t. Le piston s\u2019allonge verticalement vers le bas \u00e0 travers le talon de m\u00e2t et appuie sur une plaque d\u2019acier log\u00e9e dans le pied de m\u00e2t (embase en T) du bateau, soulevant ainsi le m\u00e2t en augmentant la tension du gr\u00e9ement. Pour faciliter le levage du m\u00e2t, le syst\u00e8me est dot\u00e9 d\u2019une pompe double corps qui passe automatiquement sur la vitesse inf\u00e9rieure d\u00e8s que la tension du gr\u00e9ement augmente. Quand le m\u00e2t atteint sa position haute, des cales sont plac\u00e9es entre l\u2019embase du m\u00e2t et le pied de m\u00e2t. Il suffit alors de rel\u00e2cher la pression et d\u2019enlever la pompe Le m\u00e2t est alors r\u00e9gl\u00e9 conform\u00e9ment aux normes \u00e9tablies, telles que la hauteur de la b\u00f4me, la c\u00f4te I et autres mesures enregistr\u00e9es officiellement aupr\u00e8s de l\u2019organisme en charge de la jauge. La pompe est connect\u00e9e au v\u00e9rin \u00e0 l\u2019aide de raccords en acier inoxydable et permettant une d\u00e9connexion facile et le d\u00e9barquement de la pompe avant la course. Le flexible hydraulique est alors stock\u00e9 hors du passage, dans un fourreau pr\u00e9vu \u00e0 cet effet, ce dernier \u00e9tant luim\u00eame fix\u00e9 \u00e0 l\u2019int\u00e9rieur du m\u00e2t. La position des trous de fixation de l\u2019embase en T est identique \u00e0 celle de l\u2019embase en T Seld\u00e9n standard, et sa position peut \u00eatre r\u00e9gl\u00e9e d\u2019avant en arri\u00e8re afin d\u2019obtenir la qu\u00eate de m\u00e2t optimale.<\/p>\n\t\t\r\n\t\t\t\t\r\n\t\t<\/div><!-- .block-story-wrapper -->\r\n\t\t<\/div><!-- .block-story-content -->\r\n\t<\/div><!-- .col -->\r\n\r\n<\/div><!-- .section --> \r\n \r\n<\/div><!-- .main-wrapper -->\t\r\n<\/div><!-- .main-wrapper-full-width -->\t\r\n<\/div><!-- .block-story -->\r\n\t\r\n\n\n<div id=\"downloads\" class=\"selden-gb-block block-downloads  block-bg-color-white\">\r\n<div class=\"main-wrapper-full-width\">\t\r\n<div class=\"main-wrapper\">\r\n\r\n<div class=\"downloads-text-wrapper\">\r\n\t\t\t\r\n<\/div><!-- .slider-text-wrapper -->\r\n\t\r\n<div class=\"downloads-list-wrapper\">\r\n<div class=\"section group\">\r\n\t\t\r\n\r\n<div class=\"col span_1_of_2\">\r\n<div class=\"downloads-group\">\t\r\n<a href=\"https:\/\/www.seldenmast.com\/test-page\/dealer-list\/?cat=ATI,AFD,RIS\">\r\n<div class=\"downloads-group-header\">\r\n<div class=\"section group\">\r\n<div class=\"col downloads_item_col_1_of_3\"><div class=\"icon-dl-measurement-wrapper icon-dl-measurement\"><\/div><\/div><!-- .col -->\r\n\t<div class=\"col downloads_item_col_2_of_3\"><div class=\"downloads-item-title\">Find a dealer<\/div><\/div><!-- .col -->\r\n\t<div class=\"col downloads_item_col_3_of_3\"><img decoding=\"async\" src=\"https:\/\/www.seldenmast.com\/wp-content\/themes\/selden\/images\/test-downloads-link-external.png\"><\/div><!-- .col -->\r\n<\/div><!-- .section -->\r\n<\/div><!-- .downloads-group-header -->\r\n<\/a>\r\n<\/div><!-- .downloads-group -->\r\n<\/div><!-- .col -->\r\n\r\n\t\r\n\t\r\n\t\r\n\t\t\t\r\n\t\t\t\t\t \r\n<div class=\"col span_1_of_2\">\t\t\t\t\t \r\n<div class=\"downloads-group\">\r\n\t\t\t\t\r\n<div class=\"downloads-group-header downloads-group-header-toggler\">\r\n\r\n<div class=\"section group\">\r\n<div class=\"col downloads_item_col_1_of_3\"><div class=\"icon-dl-book-wrapper icon-dl-book\"><\/div><\/div><!-- .col -->\r\n<div class=\"col downloads_item_col_2_of_3\"><div class=\"downloads-item-title\">Brochures<\/div><\/div><!-- .col -->\r\n<div class=\"col downloads_item_col_3_of_3\"><img decoding=\"async\" src=\"https:\/\/www.seldenmast.com\/wp-content\/themes\/selden\/images\/test-downloads-pil-ner.png\"><\/div><!-- .col -->\r\n<\/div><!-- .section -->\r\n<\/div><!-- .downloads-group-header -->\r\n\t\r\n<div class=\"downloads-group-files\">\r\n\t\r\n\t<ul>\r\n\r\n\t\t\t\t\t \t\t\r\n<li><a href=\"https:\/\/support.seldenmast.com\/se\/products\/masts\/hydraulics.html\" target=\"_blank\">Hydraulique<\/a><\/li>\r\n\t\t\r\n<li><a href=\"https:\/\/support.seldenmast.com\/files\/597-107-E.pdf\" target=\"_blank\">V\u00e9rins hydrauliques<\/a><\/li>\r\n\t\t\t<\/ul>\r\n\t\t\t<\/div><!-- .downloads-group-files -->\t\r\n\t\t\t<\/div><!-- .downloads-group -->\r\n\t\t\t<\/div><!-- .col -->\r\n\t\t\t\t\t\r\n\t\t\t\t\t \r\n<div class=\"col span_1_of_2\">\t\t\t\t\t \r\n<div class=\"downloads-group\">\r\n\t\t\t\t\r\n<div class=\"downloads-group-header downloads-group-header-toggler\">\r\n\r\n<div class=\"section group\">\r\n<div class=\"col downloads_item_col_1_of_3\"><div class=\"icon-dl-settings-wrapper icon-dl-settings\"><\/div><\/div><!-- .col -->\r\n<div class=\"col downloads_item_col_2_of_3\"><div class=\"downloads-item-title\">Technical information<\/div><\/div><!-- .col -->\r\n<div class=\"col downloads_item_col_3_of_3\"><img decoding=\"async\" src=\"https:\/\/www.seldenmast.com\/wp-content\/themes\/selden\/images\/test-downloads-pil-ner.png\"><\/div><!-- .col -->\r\n<\/div><!-- .section -->\r\n<\/div><!-- .downloads-group-header -->\r\n\t\r\n<div class=\"downloads-group-files\">\r\n\t\r\n\t<ul>\r\n\r\n\t\t\t\t\t \t\t\r\n<li><a href=\"http:\/\/support.seldenmast.com\/en\/products\/masts\/furling_masts\/hydraulic_cruise_control.html\" target=\"_blank\">Etarquage de bordure hydraulique<\/a><\/li>\r\n\t\t\r\n<li><a href=\"http:\/\/support.seldenmast.com\/se\/products\/furlex_jib_furling_and_reefing_systems\/furlex_h_series_-hydraulic-.html\" target=\"_blank\">Furlex Hydraulique<\/a><\/li>\r\n\t\t\r\n<li><a href=\"http:\/\/support.seldenmast.com\/en\/products\/masts\/hydraulic_mast_jack.html\" target=\"_blank\">V\u00e9rin de levage du m\u00e2t<\/a><\/li>\r\n\r\n\t\r\n\t\t\r\n\t\t\r\n\t\t\r\n\t\t\r\n<\/ul>\r\n<\/div><!-- .downloads-group-files -->\r\n<\/div><!-- .downloads-group -->\r\n<\/div><!-- .col -->\r\n\t\t\r\n\t\t\r\n\r\n\t\t\r\n\t\r\n\r\n<\/div><!-- .section -->\r\n\t<\/div><!-- .downloads-list-wrapper -->\r\n\r\n<\/div><!-- .main-wrapper -->\r\n<\/div><!-- .main-wrapper-full-width -->\r\n<\/div><!-- .block-downloads -->\t\r\n","protected":false},"excerpt":{"rendered":"","protected":false},"author":6,"featured_media":0,"parent":6570,"menu_order":32,"comment_status":"closed","ping_status":"closed","template":"","meta":{"_acf_changed":false,"inline_featured_image":false,"footnotes":""},"class_list":["post-6111","page","type-page","status-publish","hentry"],"acf":[],"_links":{"self":[{"href":"https:\/\/www.seldenmast.com\/fr\/wp-json\/wp\/v2\/pages\/6111","targetHints":{"allow":["GET"]}}],"collection":[{"href":"https:\/\/www.seldenmast.com\/fr\/wp-json\/wp\/v2\/pages"}],"about":[{"href":"https:\/\/www.seldenmast.com\/fr\/wp-json\/wp\/v2\/types\/page"}],"author":[{"embeddable":true,"href":"https:\/\/www.seldenmast.com\/fr\/wp-json\/wp\/v2\/users\/6"}],"replies":[{"embeddable":true,"href":"https:\/\/www.seldenmast.com\/fr\/wp-json\/wp\/v2\/comments?post=6111"}],"version-history":[{"count":18,"href":"https:\/\/www.seldenmast.com\/fr\/wp-json\/wp\/v2\/pages\/6111\/revisions"}],"predecessor-version":[{"id":8319,"href":"https:\/\/www.seldenmast.com\/fr\/wp-json\/wp\/v2\/pages\/6111\/revisions\/8319"}],"up":[{"embeddable":true,"href":"https:\/\/www.seldenmast.com\/fr\/wp-json\/wp\/v2\/pages\/6570"}],"wp:attachment":[{"href":"https:\/\/www.seldenmast.com\/fr\/wp-json\/wp\/v2\/media?parent=6111"}],"curies":[{"name":"wp","href":"https:\/\/api.w.org\/{rel}","templated":true}]}}