{"id":6098,"date":"2021-02-15T14:57:57","date_gmt":"2021-02-15T13:57:57","guid":{"rendered":"https:\/\/www.seldenmast.com\/?page_id=6098"},"modified":"2022-06-13T14:13:02","modified_gmt":"2022-06-13T12:13:02","slug":"rigging-hardware","status":"publish","type":"page","link":"https:\/\/www.seldenmast.com\/fr\/produits\/rigging-hardware\/","title":{"rendered":"Accastillage de gr\u00e9ement"},"content":{"rendered":"<div id=\"accastillage-de-greement\" class=\"selden-gb-block block-hero block-bg-color-white  resp-height-medium\">\r\n<div class=\"main-wrapper-full-width\">\r\n\t<div class=\"hero-wrapper\" resp-height-medium\">\r\n\t\r\n\t\r\n<div id=\"hero-slider-block_5eb01e424116e\" class=\" resp-height-medium\">\r\n<div class=\"hero-fade-block hero-img-wrapper hero-fade-block-show hero-fade-block-show-first img-bg-position-cc resp-height-medium\" style=\"background-image:url('https:\/\/www.seldenmast.com\/wp-content\/uploads\/Rigging-HW-leader-scaled.jpg');\"><\/div><\/div><!-- .fade-blocks-slider -->\r\n\t\t\t\r\n\t\r\n\t<div class=\"hero-text-wrapper\">\r\n\t<div class=\"hero-text-width\">\r\n\t<div class=\"hero-text-block hero-text-block-bottom\">\t\r\n\t<div class=\"\">\t\t\r\n\t<h1>ACCASTILLAGE DE GR\u00c9EMENT<\/h1>\t\t\t<\/div><!-- .hero-text-bg -->\r\n\t\t\r\n\t<\/div><!-- .hero-text-block -->\t\r\n\t\r\n\t<\/div><!-- .hero-text-width-->\r\n\t<\/div><!-- .hero-text-wrapper -->\t\t\t\r\n\t\t\r\n\t\t\r\n\t\t\r\n\t\t<div class=\"mouse-scroll\">\r\n\t<div class=\"icon-mouse-scroll-wrapper icon-mouse-scroll\"><\/div>\t\r\n\t\t<\/div><!-- .mouse-scroll -->\r\n\t\t\r\n\t<\/div><!-- .hero-wrapper -->\t\r\n\r\n<\/div><!-- .main-wrapper-full-width -->\r\n<\/div><!-- .block-hero --> \r\n\n\n<div id=\"\" class=\"selden-gb-block block-shortcuts block-bg-color-greylight\">\r\n<div class=\"main-wrapper-full-width\">\t\r\n<div class=\"main-wrapper\">\r\n\t\r\n\t<div class=\"shortcuts-list-wrapper\">\r\n\t<div class=\"section group\">\t\t\r\n\t\t\r\n\t\t\r\n\t\t\t<div class=\"col shortcuts_list_1_of_4\">\r\n\t\t\t\t\t\r\n\t\t\t<a href=\"#bm_riggingscrews\">\t\t\t<div class=\"shortcuts-list-item\">\t\t\r\n\t\t\r\n\t\t\t<div class=\"shortcuts-list-item-img\">\r\n\t\t\t<div class=\"square\">\r\n\t\t\t\t<div class=\"square-content square-rounded\" style=\"background-image: url(https:\/\/www.seldenmast.com\/wp-content\/uploads\/Rigging_screw_174_326_01_ph.png);\"><\/div><!-- .square-content -->\r\n\t\t\t<\/div><!-- .square --> \r\n\t\t\t<\/div>\t\t\r\n\t\t\t\t\r\n\t\t\t<div class=\"shortcuts-list-item-info\">\t\t\r\n\t\t\t\t\t<div class=\"shortcuts-list-item-title\">RIDOIRS<\/div><!-- .shortcuts-list-item-title -->\t\t\t\t\r\n\t\t\t<\/div><!-- .shortcuts-list-item-info -->\r\n\t\t\t<\/div><!-- .shortcuts-list-item -->\r\n\t\t\t<\/a>\t\r\n\t\t\t\t\t\t\r\n\t\t<\/div><!-- .col -->\r\n\t\t\r\n\t\t\t\r\n\t\t\t<div class=\"col shortcuts_list_1_of_4\">\r\n\t\t\t\t\t\r\n\t\t\t<a href=\"#bm_wireterminals\">\t\t\t<div class=\"shortcuts-list-item\">\t\t\r\n\t\t\r\n\t\t\t<div class=\"shortcuts-list-item-img\">\r\n\t\t\t<div class=\"square\">\r\n\t\t\t\t<div class=\"square-content square-rounded\" style=\"background-image: url(https:\/\/www.seldenmast.com\/wp-content\/uploads\/Terminal_10103.png);\"><\/div><!-- .square-content -->\r\n\t\t\t<\/div><!-- .square --> \r\n\t\t\t<\/div>\t\t\r\n\t\t\t\t\r\n\t\t\t<div class=\"shortcuts-list-item-info\">\t\t\r\n\t\t\t\t\t<div class=\"shortcuts-list-item-title\">EMBOUTS<\/div><!-- .shortcuts-list-item-title -->\t\t\t\t\r\n\t\t\t<\/div><!-- .shortcuts-list-item-info -->\r\n\t\t\t<\/div><!-- .shortcuts-list-item -->\r\n\t\t\t<\/a>\t\r\n\t\t\t\t\t\t\r\n\t\t<\/div><!-- .col -->\r\n\t\t\r\n\t\t\t\r\n\t\t\t<div class=\"col shortcuts_list_1_of_4\">\r\n\t\t\t\t\t\r\n\t\t\t<a href=\"#bm_clevispins\">\t\t\t<div class=\"shortcuts-list-item\">\t\t\r\n\t\t\r\n\t\t\t<div class=\"shortcuts-list-item-img\">\r\n\t\t\t<div class=\"square\">\r\n\t\t\t\t<div class=\"square-content square-rounded\" style=\"background-image: url(https:\/\/www.seldenmast.com\/wp-content\/uploads\/clevis_pings_n_split_pins.png);\"><\/div><!-- .square-content -->\r\n\t\t\t<\/div><!-- .square --> \r\n\t\t\t<\/div>\t\t\r\n\t\t\t\t\r\n\t\t\t<div class=\"shortcuts-list-item-info\">\t\t\r\n\t\t\t\t\t<div class=\"shortcuts-list-item-title\">AXES ET GOUPILLES FENDUES<\/div><!-- .shortcuts-list-item-title -->\t\t\t\t\r\n\t\t\t<\/div><!-- .shortcuts-list-item-info -->\r\n\t\t\t<\/div><!-- .shortcuts-list-item -->\r\n\t\t\t<\/a>\t\r\n\t\t\t\t\t\t\r\n\t\t<\/div><!-- .col -->\r\n\t\t\r\n\t\t\t\r\n\t\t\t<div class=\"col shortcuts_list_1_of_4\">\r\n\t\t\t\t\t\r\n\t\t\t<a href=\"#bm_toggles\">\t\t\t<div class=\"shortcuts-list-item\">\t\t\r\n\t\t\r\n\t\t\t<div class=\"shortcuts-list-item-img\">\r\n\t\t\t<div class=\"square\">\r\n\t\t\t\t<div class=\"square-content square-rounded\" style=\"background-image: url(https:\/\/www.seldenmast.com\/wp-content\/uploads\/Selden-57-Toggle.png);\"><\/div><!-- .square-content -->\r\n\t\t\t<\/div><!-- .square --> \r\n\t\t\t<\/div>\t\t\r\n\t\t\t\t\r\n\t\t\t<div class=\"shortcuts-list-item-info\">\t\t\r\n\t\t\t\t\t<div class=\"shortcuts-list-item-title\">CHAPES<\/div><!-- .shortcuts-list-item-title -->\t\t\t\t\r\n\t\t\t<\/div><!-- .shortcuts-list-item-info -->\r\n\t\t\t<\/div><!-- .shortcuts-list-item -->\r\n\t\t\t<\/a>\t\r\n\t\t\t\t\t\t\r\n\t\t<\/div><!-- .col -->\r\n\t\t\r\n\t\t\t\r\n\t<\/div><!-- .section -->\t\r\n\t<\/div><!-- .shortcuts-list-wrapper -->\r\n\r\n<\/div><!-- .main-wrapper -->\r\n<\/div><!-- .main-wrapper-full-width -->\r\n<\/div><!-- .block-shortcuts -->\t\r\n\n\n<div id=\"\" class=\"selden-gb-block block-shortcuts block-bg-color-greylight\">\r\n<div class=\"main-wrapper-full-width\">\t\r\n<div class=\"main-wrapper\">\r\n\t\r\n\t<div class=\"shortcuts-list-wrapper\">\r\n\t<div class=\"section group\">\t\t\r\n\t\t\r\n\t\t\r\n\t\t\t<div class=\"col shortcuts_list_1_of_2\">\r\n\t\t\t\t\t\r\n\t\t\t<a href=\"#bm_tensioners\">\t\t\t<div class=\"shortcuts-list-item\">\t\t\r\n\t\t\r\n\t\t\t<div class=\"shortcuts-list-item-img\">\r\n\t\t\t<div class=\"square\">\r\n\t\t\t\t<div class=\"square-content square-rounded\" style=\"background-image: url(https:\/\/www.seldenmast.com\/wp-content\/uploads\/Man_tensioner-22-1.png);\"><\/div><!-- .square-content -->\r\n\t\t\t<\/div><!-- .square --> \r\n\t\t\t<\/div>\t\t\r\n\t\t\t\t\r\n\t\t\t<div class=\"shortcuts-list-item-info\">\t\t\r\n\t\t\t\t\t<div class=\"shortcuts-list-item-title\">RIDOIRS DE PATARAS &#038; DE DRISSE<\/div><!-- .shortcuts-list-item-title -->\t\t\t\t\r\n\t\t\t<\/div><!-- .shortcuts-list-item-info -->\r\n\t\t\t<\/div><!-- .shortcuts-list-item -->\r\n\t\t\t<\/a>\t\r\n\t\t\t\t\t\t\r\n\t\t<\/div><!-- .col -->\r\n\t\t\r\n\t\t\t\r\n\t\t\t<div class=\"col shortcuts_list_1_of_2\">\r\n\t\t\t\t\t\r\n\t\t\t<a href=\"#bm_shackles\">\t\t\t<div class=\"shortcuts-list-item\">\t\t\r\n\t\t\r\n\t\t\t<div class=\"shortcuts-list-item-img\">\r\n\t\t\t<div class=\"square\">\r\n\t\t\t\t<div class=\"square-content square-rounded\" style=\"background-image: url(https:\/\/www.seldenmast.com\/wp-content\/uploads\/Selden_135_Shackle-1.png);\"><\/div><!-- .square-content -->\r\n\t\t\t<\/div><!-- .square --> \r\n\t\t\t<\/div>\t\t\r\n\t\t\t\t\r\n\t\t\t<div class=\"shortcuts-list-item-info\">\t\t\r\n\t\t\t\t\t<div class=\"shortcuts-list-item-title\">MANILLES ET MOUSQUETONS<\/div><!-- .shortcuts-list-item-title -->\t\t\t\t\r\n\t\t\t<\/div><!-- .shortcuts-list-item-info -->\r\n\t\t\t<\/div><!-- .shortcuts-list-item -->\r\n\t\t\t<\/a>\t\r\n\t\t\t\t\t\t\r\n\t\t<\/div><!-- .col -->\r\n\t\t\r\n\t\t\t\r\n\t<\/div><!-- .section -->\t\r\n\t<\/div><!-- .shortcuts-list-wrapper -->\r\n\r\n<\/div><!-- .main-wrapper -->\r\n<\/div><!-- .main-wrapper-full-width -->\r\n<\/div><!-- .block-shortcuts -->\t\r\n\n\n\r\n<div id=\"\" class=\"selden-gb-block block-story block-bg-color-greydark\">\r\n<div class=\"main-wrapper-full-width\">\r\n<div class=\"main-wrapper\">\r\n\r\n<div class=\"section group flex-right\">\r\n\r\n\t<div class=\"col story-col story_col_2\">\t\t\t\r\n\t\t\t<div class=\"block-story-content\">\t\r\n\t\t\t\r\n\t\t\t\t\t\r\n\t\t<\/div><!-- .col-content -->\t\t\t\r\n\t<\/div><!-- .col -->\r\n\t\t\r\n\t<div class=\"col story-col story_col_4\">\t\r\n\t\t\r\n\t\t<div class=\"block-story-content\">\r\n\t\t<div class=\"block-story-content-wrapper\">\t\t\r\n\t\t\r\n\t\t<h2>SUPPORTER LA CHARGE<\/h2>\t\t\t\t<p>La gamme de pi\u00e8ces de gr\u00e9ement Seld\u00e9n est un h\u00e9ritage du l\u00e9gendaire fabricant su\u00e9dois Hasselfors, rachet\u00e9 par Seld\u00e9n en 1989 et rebaptis\u00e9 Seld\u00e9n Rigging AB. Ce site de production en Su\u00e8de est devenu l&rsquo;atelier de fabrication du groupe Seld\u00e9n et sa gamme de produits s&rsquo;est consid\u00e9rablement d\u00e9velopp\u00e9e.<\/p>\n<p>C&rsquo;est ici que sont fabriqu\u00e9s nos cosses \u00e0 sertir, nos ridoirs, nos cardans et nos axes de chape, tous en acier inoxydable AISI 316 r\u00e9sistant \u00e0 l&rsquo;eau sal\u00e9e.<\/p>\n\t\t\r\n\t\t\t\t\r\n\t\t<\/div><!-- .block-story-wrapper -->\r\n\t\t<\/div><!-- .block-story-content -->\r\n\t<\/div><!-- .col -->\r\n\r\n<\/div><!-- .section --> \r\n \r\n<\/div><!-- .main-wrapper -->\t\r\n<\/div><!-- .main-wrapper-full-width -->\t\r\n<\/div><!-- .block-story -->\r\n\t\r\n\n\n\r\n<div id=\"bm_riggingscrews\" class=\"selden-gb-block block-story block-bg-color-white\">\r\n<div class=\"main-wrapper-full-width\">\r\n<div class=\"main-wrapper\">\r\n\r\n<div class=\"section group flex-right\">\r\n\r\n\t<div class=\"col story-col story_col_2\">\t\t\t\r\n\t\t\t<div class=\"block-story-content\">\t\r\n\t\t\t\r\n\t\t\t\t\t\r\n\t\t<\/div><!-- .col-content -->\t\t\t\r\n\t<\/div><!-- .col -->\r\n\t\t\r\n\t<div class=\"col story-col story_col_4\">\t\r\n\t\t\r\n\t\t<div class=\"block-story-content\">\r\n\t\t<div class=\"block-story-content-wrapper\">\t\t\r\n\t\t\r\n\t\t<h2>RIDOIRS EN BRONZE CHROM\u00c9<\/h2>\t\t\t\t<p>Le bronze, de m\u00eame que l\u2019acier inoxydable, est extr\u00eamement solide et r\u00e9sistant \u00e0 la corrosion. En fabriquant la cage en bronze d\u2019aluminium chrom\u00e9 et les embouts en acier inoxydable, nous r\u00e9duisons le risque de voir le filetage se gripper sous de fortes charges, une caract\u00e9ristique qui offre de meilleures performances et dure plus longtemps.<\/p>\n\t\t\r\n\t\t\t\t\r\n\t\t<\/div><!-- .block-story-wrapper -->\r\n\t\t<\/div><!-- .block-story-content -->\r\n\t<\/div><!-- .col -->\r\n\r\n<\/div><!-- .section --> \r\n \r\n<\/div><!-- .main-wrapper -->\t\r\n<\/div><!-- .main-wrapper-full-width -->\t\r\n<\/div><!-- .block-story -->\r\n\t\r\n\n\n\r\n<div class=\"selden-gb-block block-button block-bg-color-white\">\r\n<div class=\"main-wrapper-full-width\">\r\n<div class=\"main-wrapper\">\r\n\r\n\t\t\r\n\t\t<div class=\"block-story-content\">\r\n\t\t<div class=\"block-story-content-wrapper align-center\">\t\t\r\n\t\t\r\n\t\t<a class=\"btn\" href=\"http:\/\/support.seldenmast.com\/en\/products\/rigging_hardware\/bronze_rigging_screws.html\" _target=\"_blank\">RIDOIRS<\/a>\r\n\t\t<\/div><!-- .block-story-wrapper -->\r\n\t\t<\/div><!-- .block-story-content -->\r\n\r\n \r\n<\/div><!-- .main-wrapper -->\t\r\n<\/div><!-- .main-wrapper-full-width -->\t\r\n<\/div><!-- .block-story -->\r\n\t\r\n\n\n\r\n<div id=\"bm_wireterminals\" class=\"selden-gb-block block-story block-bg-color-greylight\">\r\n<div class=\"main-wrapper-full-width\">\r\n<div class=\"main-wrapper\">\r\n\r\n<div class=\"section group flex-right\">\r\n\r\n\t<div class=\"col story-col story_col_2\">\t\t\t\r\n\t\t\t<div class=\"block-story-content\">\t\r\n\t\t\t\r\n\t\t\t\t\t\r\n\t\t<\/div><!-- .col-content -->\t\t\t\r\n\t<\/div><!-- .col -->\r\n\t\t\r\n\t<div class=\"col story-col story_col_4\">\t\r\n\t\t\r\n\t\t<div class=\"block-story-content\">\r\n\t\t<div class=\"block-story-content-wrapper\">\t\t\r\n\t\t\r\n\t\t<h2>EMBOUTS<\/h2>\t\t\t\t<p>Gamme compl\u00e8te de terminaisons pour c\u00e2bles \u00f83 \u2013 19 mm.<\/p>\n\t\t\r\n\t\t\t\t\r\n\t\t<\/div><!-- .block-story-wrapper -->\r\n\t\t<\/div><!-- .block-story-content -->\r\n\t<\/div><!-- .col -->\r\n\r\n<\/div><!-- .section --> \r\n \r\n<\/div><!-- .main-wrapper -->\t\r\n<\/div><!-- .main-wrapper-full-width -->\t\r\n<\/div><!-- .block-story -->\r\n\t\r\n\n\n\r\n<div class=\"selden-gb-block block-button block-bg-color-greylight\">\r\n<div class=\"main-wrapper-full-width\">\r\n<div class=\"main-wrapper\">\r\n\r\n\t\t\r\n\t\t<div class=\"block-story-content\">\r\n\t\t<div class=\"block-story-content-wrapper align-center\">\t\t\r\n\t\t\r\n\t\t<a class=\"btn\" href=\"http:\/\/support.seldenmast.com\/en\/products\/rigging_hardware\/terminals.html\" _target=\"_blank\">EMBOUTS<\/a>\r\n\t\t<\/div><!-- .block-story-wrapper -->\r\n\t\t<\/div><!-- .block-story-content -->\r\n\r\n \r\n<\/div><!-- .main-wrapper -->\t\r\n<\/div><!-- .main-wrapper-full-width -->\t\r\n<\/div><!-- .block-story -->\r\n\t\r\n\n\n\r\n<div id=\"bm_clevispins\" class=\"selden-gb-block block-story block-bg-color-white\">\r\n<div class=\"main-wrapper-full-width\">\r\n<div class=\"main-wrapper\">\r\n\r\n<div class=\"section group flex-right\">\r\n\r\n\t<div class=\"col story-col story_col_2\">\t\t\t\r\n\t\t\t<div class=\"block-story-content\">\t\r\n\t\t\t\r\n\t\t\t\t\t\r\n\t\t<\/div><!-- .col-content -->\t\t\t\r\n\t<\/div><!-- .col -->\r\n\t\t\r\n\t<div class=\"col story-col story_col_4\">\t\r\n\t\t\r\n\t\t<div class=\"block-story-content\">\r\n\t\t<div class=\"block-story-content-wrapper\">\t\t\r\n\t\t\r\n\t\t<h2>AXES GOUPILLES FENDUES &#038; ANNEAUX BRIS\u00c9S<\/h2>\t\t\t\t<p>Trouvez ici vos axes de rechange. Tous les types de goupilles, pour vos ridoirs et les autres parties de votre gr\u00e9ement. Associez les avec la goupille fendue ou la bague de verrouillage appropri\u00e9e.<\/p>\n\t\t\r\n\t\t\t\t\r\n\t\t<\/div><!-- .block-story-wrapper -->\r\n\t\t<\/div><!-- .block-story-content -->\r\n\t<\/div><!-- .col -->\r\n\r\n<\/div><!-- .section --> \r\n \r\n<\/div><!-- .main-wrapper -->\t\r\n<\/div><!-- .main-wrapper-full-width -->\t\r\n<\/div><!-- .block-story -->\r\n\t\r\n\n\n\r\n<div class=\"selden-gb-block block-button block-bg-color-white\">\r\n<div class=\"main-wrapper-full-width\">\r\n<div class=\"main-wrapper\">\r\n\r\n\t\t\r\n\t\t<div class=\"block-story-content\">\r\n\t\t<div class=\"block-story-content-wrapper align-center\">\t\t\r\n\t\t\r\n\t\t<a class=\"btn\" href=\"http:\/\/support.seldenmast.com\/en\/products\/rigging_hardware\/clevis-_and_split_pins-_lock_rings.html\" _target=\"_blank\">AXES ET GOUPILLES FENDUES<\/a>\r\n\t\t<\/div><!-- .block-story-wrapper -->\r\n\t\t<\/div><!-- .block-story-content -->\r\n\r\n \r\n<\/div><!-- .main-wrapper -->\t\r\n<\/div><!-- .main-wrapper-full-width -->\t\r\n<\/div><!-- .block-story -->\r\n\t\r\n\n\n\r\n<div id=\"bm_toggles\" class=\"selden-gb-block block-story block-bg-color-greylight\">\r\n<div class=\"main-wrapper-full-width\">\r\n<div class=\"main-wrapper\">\r\n\r\n<div class=\"section group flex-right\">\r\n\r\n\t<div class=\"col story-col story_col_2\">\t\t\t\r\n\t\t\t<div class=\"block-story-content\">\t\r\n\t\t\t\r\n\t\t\t\t\t\r\n\t\t<\/div><!-- .col-content -->\t\t\t\r\n\t<\/div><!-- .col -->\r\n\t\t\r\n\t<div class=\"col story-col story_col_4\">\t\r\n\t\t\r\n\t\t<div class=\"block-story-content\">\r\n\t\t<div class=\"block-story-content-wrapper\">\t\t\r\n\t\t\r\n\t\t<h2>CHAPES<\/h2>\t\t\t\t<p>Laisser le gr\u00e9ement travailler librement est vital pour la s\u00e9curit\u00e9 \u00e0 bord. Le principal objectif d&rsquo;un cardan est d&rsquo;obtenir une articulation correcte entre le gr\u00e9ement et le m\u00e2t ou la cad\u00e8ne. Les cardans sont \u00e9galement utilis\u00e9s pour rallonger un \u00e9tai, relever un tambour d&rsquo;enrouleur au-dessus d&rsquo;une ancre de mouillage ou pour connecter un c\u00e2ble au m\u00e2t.<\/p>\n\t\t\r\n\t\t\t\t\r\n\t\t<\/div><!-- .block-story-wrapper -->\r\n\t\t<\/div><!-- .block-story-content -->\r\n\t<\/div><!-- .col -->\r\n\r\n<\/div><!-- .section --> \r\n \r\n<\/div><!-- .main-wrapper -->\t\r\n<\/div><!-- .main-wrapper-full-width -->\t\r\n<\/div><!-- .block-story -->\r\n\t\r\n\n\n\r\n<div class=\"selden-gb-block block-button block-bg-color-greylight\">\r\n<div class=\"main-wrapper-full-width\">\r\n<div class=\"main-wrapper\">\r\n\r\n\t\t\r\n\t\t<div class=\"block-story-content\">\r\n\t\t<div class=\"block-story-content-wrapper align-center\">\t\t\r\n\t\t\r\n\t\t<a class=\"btn\" href=\"http:\/\/support.seldenmast.com\/en\/products\/rigging_hardware\/toggles.html\" _target=\"_blank\">CHAPES<\/a>\r\n\t\t<\/div><!-- .block-story-wrapper -->\r\n\t\t<\/div><!-- .block-story-content -->\r\n\r\n \r\n<\/div><!-- .main-wrapper -->\t\r\n<\/div><!-- .main-wrapper-full-width -->\t\r\n<\/div><!-- .block-story -->\r\n\t\r\n\n\n\r\n<div id=\"bm_tensioners\" class=\"selden-gb-block block-story block-bg-color-white\">\r\n<div class=\"main-wrapper-full-width\">\r\n<div class=\"main-wrapper\">\r\n\r\n<div class=\"section group flex-right\">\r\n\r\n\t<div class=\"col story-col story_col_2\">\t\t\t\r\n\t\t\t<div class=\"block-story-content\">\t\r\n\t\t\t\r\n\t\t\t\t\t\r\n\t\t<\/div><!-- .col-content -->\t\t\t\r\n\t<\/div><!-- .col -->\r\n\t\t\r\n\t<div class=\"col story-col story_col_4\">\t\r\n\t\t\r\n\t\t<div class=\"block-story-content\">\r\n\t\t<div class=\"block-story-content-wrapper\">\t\t\r\n\t\t\r\n\t\t<h2>RIDOIRS DE PATARAS &#038; DE DRISSE<\/h2>\t\t\t\t<p>Les v\u00e9rins manuels ou hydrauliques sont utilis\u00e9s pour r\u00e9gler le gr\u00e9ement de fa\u00e7on simple et efficace. Plus besoin de palans et de cascades, ce qui fait moins de cordages \u00e0 g\u00e9rer !<\/p>\n\t\t\r\n\t\t\t\t\r\n\t\t<\/div><!-- .block-story-wrapper -->\r\n\t\t<\/div><!-- .block-story-content -->\r\n\t<\/div><!-- .col -->\r\n\r\n<\/div><!-- .section --> \r\n \r\n<\/div><!-- .main-wrapper -->\t\r\n<\/div><!-- .main-wrapper-full-width -->\t\r\n<\/div><!-- .block-story -->\r\n\t\r\n\n\n\r\n<div class=\"selden-gb-block block-button block-bg-color-white\">\r\n<div class=\"main-wrapper-full-width\">\r\n<div class=\"main-wrapper\">\r\n\r\n\t\t\r\n\t\t<div class=\"block-story-content\">\r\n\t\t<div class=\"block-story-content-wrapper align-center\">\t\t\r\n\t\t\r\n\t\t<a class=\"btn\" href=\"http:\/\/support.seldenmast.com\/en\/products\/rigging_hardware\/backstay_-_halyard_tensioners.html\" _target=\"_blank\">RIDOIRS DE PATARAS &#038; DE DRISSE<\/a>\r\n\t\t<\/div><!-- .block-story-wrapper -->\r\n\t\t<\/div><!-- .block-story-content -->\r\n\r\n \r\n<\/div><!-- .main-wrapper -->\t\r\n<\/div><!-- .main-wrapper-full-width -->\t\r\n<\/div><!-- .block-story -->\r\n\t\r\n\n\n\r\n<div id=\"bm_shackles\" class=\"selden-gb-block block-story block-bg-color-greylight\">\r\n<div class=\"main-wrapper-full-width\">\r\n<div class=\"main-wrapper\">\r\n\r\n<div class=\"section group flex-right\">\r\n\r\n\t<div class=\"col story-col story_col_2\">\t\t\t\r\n\t\t\t<div class=\"block-story-content\">\t\r\n\t\t\t\r\n\t\t\t\t\t\r\n\t\t<\/div><!-- .col-content -->\t\t\t\r\n\t<\/div><!-- .col -->\r\n\t\t\r\n\t<div class=\"col story-col story_col_4\">\t\r\n\t\t\r\n\t\t<div class=\"block-story-content\">\r\n\t\t<div class=\"block-story-content-wrapper\">\t\t\r\n\t\t\r\n\t\t<h2>MANILLES ET MOUSQUETONS<\/h2>\t\t\t\t\t\t\r\n\t\t\t\t\r\n\t\t<\/div><!-- .block-story-wrapper -->\r\n\t\t<\/div><!-- .block-story-content -->\r\n\t<\/div><!-- .col -->\r\n\r\n<\/div><!-- .section --> \r\n \r\n<\/div><!-- .main-wrapper -->\t\r\n<\/div><!-- .main-wrapper-full-width -->\t\r\n<\/div><!-- .block-story -->\r\n\t\r\n\n\n\r\n<div class=\"selden-gb-block block-button block-bg-color-greylight\">\r\n<div class=\"main-wrapper-full-width\">\r\n<div class=\"main-wrapper\">\r\n\r\n\t\t\r\n\t\t<div class=\"block-story-content\">\r\n\t\t<div class=\"block-story-content-wrapper align-center\">\t\t\r\n\t\t\r\n\t\t<a class=\"btn\" href=\"http:\/\/support.seldenmast.com\/en\/products\/rigging_hardware\/shackles.html\" _target=\"_blank\">MANILLES ET MOUSQUETONS<\/a>\r\n\t\t<\/div><!-- .block-story-wrapper -->\r\n\t\t<\/div><!-- .block-story-content -->\r\n\r\n \r\n<\/div><!-- .main-wrapper -->\t\r\n<\/div><!-- .main-wrapper-full-width -->\t\r\n<\/div><!-- .block-story -->\r\n\t\r\n\n\n<div id=\"downloads\" class=\"selden-gb-block block-downloads  block-bg-color-white\">\r\n<div class=\"main-wrapper-full-width\">\t\r\n<div class=\"main-wrapper\">\r\n\r\n<div class=\"downloads-text-wrapper\">\r\n\t\t\t\r\n<\/div><!-- .slider-text-wrapper -->\r\n\t\r\n<div class=\"downloads-list-wrapper\">\r\n<div class=\"section group\">\r\n\t\t\r\n\r\n<div class=\"col span_1_of_2\">\r\n<div class=\"downloads-group\">\t\r\n<a href=\"https:\/\/www.seldenmast.com\/test-page\/dealer-list\/?cat=RIS,RES\">\r\n<div class=\"downloads-group-header\">\r\n<div class=\"section group\">\r\n<div class=\"col downloads_item_col_1_of_3\"><div class=\"icon-dl-measurement-wrapper icon-dl-measurement\"><\/div><\/div><!-- .col -->\r\n\t<div class=\"col downloads_item_col_2_of_3\"><div class=\"downloads-item-title\">Find a dealer<\/div><\/div><!-- .col -->\r\n\t<div class=\"col downloads_item_col_3_of_3\"><img decoding=\"async\" src=\"https:\/\/www.seldenmast.com\/wp-content\/themes\/selden\/images\/test-downloads-link-external.png\"><\/div><!-- .col -->\r\n<\/div><!-- .section -->\r\n<\/div><!-- .downloads-group-header -->\r\n<\/a>\r\n<\/div><!-- .downloads-group -->\r\n<\/div><!-- .col -->\r\n\r\n\t\r\n\t\r\n\t\r\n\t\t\r\n\t\r\n\r\n<\/div><!-- .section -->\r\n\t<\/div><!-- .downloads-list-wrapper -->\r\n\r\n<\/div><!-- .main-wrapper -->\r\n<\/div><!-- .main-wrapper-full-width -->\r\n<\/div><!-- .block-downloads -->\t\r\n","protected":false},"excerpt":{"rendered":"","protected":false},"author":6,"featured_media":0,"parent":6570,"menu_order":33,"comment_status":"closed","ping_status":"closed","template":"","meta":{"_acf_changed":false,"inline_featured_image":false,"footnotes":""},"class_list":["post-6098","page","type-page","status-publish","hentry"],"acf":[],"_links":{"self":[{"href":"https:\/\/www.seldenmast.com\/fr\/wp-json\/wp\/v2\/pages\/6098","targetHints":{"allow":["GET"]}}],"collection":[{"href":"https:\/\/www.seldenmast.com\/fr\/wp-json\/wp\/v2\/pages"}],"about":[{"href":"https:\/\/www.seldenmast.com\/fr\/wp-json\/wp\/v2\/types\/page"}],"author":[{"embeddable":true,"href":"https:\/\/www.seldenmast.com\/fr\/wp-json\/wp\/v2\/users\/6"}],"replies":[{"embeddable":true,"href":"https:\/\/www.seldenmast.com\/fr\/wp-json\/wp\/v2\/comments?post=6098"}],"version-history":[{"count":13,"href":"https:\/\/www.seldenmast.com\/fr\/wp-json\/wp\/v2\/pages\/6098\/revisions"}],"predecessor-version":[{"id":7874,"href":"https:\/\/www.seldenmast.com\/fr\/wp-json\/wp\/v2\/pages\/6098\/revisions\/7874"}],"up":[{"embeddable":true,"href":"https:\/\/www.seldenmast.com\/fr\/wp-json\/wp\/v2\/pages\/6570"}],"wp:attachment":[{"href":"https:\/\/www.seldenmast.com\/fr\/wp-json\/wp\/v2\/media?parent=6098"}],"curies":[{"name":"wp","href":"https:\/\/api.w.org\/{rel}","templated":true}]}}