{"id":5884,"date":"2020-12-10T16:11:05","date_gmt":"2020-12-10T15:11:05","guid":{"rendered":"https:\/\/www.seldenmast.com\/?page_id=5884"},"modified":"2025-04-07T11:11:50","modified_gmt":"2025-04-07T09:11:50","slug":"start","status":"publish","type":"page","link":"https:\/\/www.seldenmast.com\/fr\/","title":{"rendered":"D\u00e9marrer"},"content":{"rendered":"<div id=\"\" class=\"selden-gb-block block-hero block-bg-color-white  resp-height-viewport\">\r\n<div class=\"main-wrapper-full-width\">\r\n\t<div class=\"hero-wrapper\" resp-height-viewport\">\r\n\t\r\n\t\r\n<div id=\"hero-slider-block_2a7dfb3c69bad706377f32cbfc731120\" class=\"fade-blocks-slider resp-height-viewport\">\r\n<div class=\"hero-fade-block hero-img-wrapper hero-fade-block-show hero-fade-block-show-first img-bg-position-cc resp-height-viewport\" style=\"background-image:url('https:\/\/www.seldenmast.com\/wp-content\/uploads\/HR400-mast_LF_0837-Ludovic-Fruchaud.jpg');\"><\/div><div class=\"hero-fade-block hero-img-wrapper img-bg-position-cc resp-height-viewport\" style=\"background-image:url('https:\/\/www.seldenmast.com\/wp-content\/uploads\/SMC2024_DL-193-2-scaled.jpg');\"><\/div><div class=\"hero-fade-block hero-img-wrapper img-bg-position-cc resp-height-viewport\" style=\"background-image:url('https:\/\/www.seldenmast.com\/wp-content\/uploads\/ART-Web-1-utan-text.jpg');\"><\/div><div class=\"hero-fade-block hero-img-wrapper img-bg-position-cc resp-height-viewport\" style=\"background-image:url('https:\/\/www.seldenmast.com\/wp-content\/uploads\/CXe45-scaled.jpg');\"><\/div><div class=\"hero-fade-block hero-img-wrapper img-bg-position-cc resp-height-viewport\" style=\"background-image:url('https:\/\/www.seldenmast.com\/wp-content\/uploads\/E40i-scaled.jpg');\"><\/div><div class=\"hero-fade-block hero-img-wrapper img-bg-position-cc resp-height-viewport\" style=\"background-image:url('https:\/\/www.seldenmast.com\/wp-content\/uploads\/SMF-scaled.jpg');\"><\/div><\/div><!-- .fade-blocks-slider -->\r\n\t\t\t\r\n\t\r\n\t<div class=\"hero-text-wrapper\">\r\n\t<div class=\"hero-text-width\">\r\n\t<div class=\"hero-text-block hero-text-block-middle\">\t\r\n\t<div class=\"hero-text-bg\">\t\t\r\n\t<h2>USA ONLINE STORE NOW OPEN<\/h2>\t<p class=\"preamble\">LINK TO SHOP IN THE MENU BAR<\/p>\t\t<\/div><!-- .hero-text-bg -->\r\n\t\t\r\n\t<\/div><!-- .hero-text-block -->\t\r\n\t\r\n\t<\/div><!-- .hero-text-width-->\r\n\t<\/div><!-- .hero-text-wrapper -->\t\t\t\r\n\t\t\r\n\t\t\r\n\t\t\r\n\t\t<div class=\"mouse-scroll\">\r\n\t<div class=\"icon-mouse-scroll-wrapper icon-mouse-scroll\"><\/div>\t\r\n\t\t<\/div><!-- .mouse-scroll -->\r\n\t\t\r\n\t<\/div><!-- .hero-wrapper -->\t\r\n\r\n<\/div><!-- .main-wrapper-full-width -->\r\n<\/div><!-- .block-hero --> \r\n\n\n<div id=\"\" class=\"selden-gb-block block-text-columns block-bg-color-greylight\">\r\n<div class=\"main-wrapper-full-width\">\t\r\n<div class=\"main-wrapper\">\r\n\r\n\t\r\n\t\t\r\n\t<div class=\"section group\">\r\n\t<div class=\"col text_columns_col_1 text-columns-separator-col-1 separator-not-active\">\r\n\t\t<div class=\"text-columns-header-wrapper\"><h2>DEPUIS LE PONT<\/h2>\t\t\t\r\n\t\t\t\t\t\r\n\t\t\r\n\t\t<\/div>\t\t\t\t\r\n\t<\/div><!-- .col -->\t\t\r\n\t\t\r\n\t<div class=\"col text_columns_col_2 text-columns-separator-col-2 separator-active\">\t\t\t\r\n\t\t<div class=\"text-columns-2-space\">\t\t\t\r\n\t\t<div class=\"text-columns text-columns-2\">\t\r\n\t\t\t<p>Nous sommes accros \u00e0 la voile et probablement l\u2019\u00e9quipage le plus expert que vous ayez jamais rencontr\u00e9. Votre passion est notre travail et noter mission est de rendre votre navigation plus agr\u00e9able, quoi qu\u2019il en soit. Profitez de notre site et bienvenue \u00e0 bord !<\/p>\n<h3>LE SOUCI DU DETAIL<\/h3>\n<p>Dans le n\u00f4tre recherche de la perfection, aucun d\u00e9tail n\u2019est consid\u00e9r\u00e9 comme mineur. Ceci s\u2019applique \u00e0 tout, depuis le choix des mat\u00e9riaux jusqu\u2019aux test particuli\u00e8rement exigeants que subissent les produits finis. La philosophie Seld\u00e9n concernant les produits peut se d\u00e9finir comme la combinaison d\u2019un engagement en mati\u00e8re de qualit\u00e9 et d\u2019une recherche syst\u00e9matique du meilleur produit pour une fonction donn\u00e9e.<\/p>\n<h3>NOTRE HERITAGE<\/h3>\n<p>La fabrication de m\u00e2ts est le fondement de Seld\u00e9n et ce qui nous a amen\u00e9s l\u00e0 o\u00f9 nous sommes aujourd\u2019hui. L\u2019adaptation aux nouvelles technologies est toujours devenue naturelle pour nous et depuis le d\u00e9but des ann\u00e9es 60, nous sommes pass\u00e9s des m\u00e2ts en bois \u00e0 l\u2019aluminium anodis\u00e9 et par la suite \u00e0 travers des g\u00e9n\u00e9rations de diff\u00e9rentes gammes de m\u00e2ts. Aujourd\u2019hui, nous sommes le fabricant dominant de syst\u00e8mes complets de manutention de voiles et d\u2019accastillage de pont pour d\u00e9riveurs, quillards et yachts jusqu\u2019\u00e0 80\u2019<\/p>\n<h3>LANCEMENT RECENTS<\/h3>\n<p>Notre d\u00e9veloppement de produits ne s\u2019arr\u00eate jamais et nous avons r\u00e9cemment lanc\u00e9 des produits que nous avons vraiment h\u00e2te que vous les d\u00e9couvriez.<\/p>\n\t\t\t\t\t\t\t\r\n\t\t<\/div><!-- .text-columns-x -->\t\r\n\t\t<\/div><!-- .text-columns-2-space -->\r\n\t<\/div><!-- .col -->\t\t\r\n\t<\/div><!-- .section -->\t\t\r\n\t\r\n\r\n<\/div><!-- .main-wrapper -->\r\n<\/div><!-- .main-wrapper-full-width -->\r\n<\/div><!-- .block-text-columns --> \r\n \n\n\r\n\t\r\n<div class=\"selden-gb-block block-image-full-width\">\r\n<div class=\"main-wrapper-full-width\">\r\n\r\n\t<div class=\"hero-wrapper\">\t\t\r\n\t\t\r\n\t\t\r\n\t\t<div class=\"hero-img-wrapper resp-height-xxl img-bg-position-cc\" style=\"background-image:url('https:\/\/www.seldenmast.com\/wp-content\/uploads\/Tristan_W_riggverkstad-1.jpg');\"><\/div>\t\t\r\n\t<div class=\"image-full-width-btn-wrapper\">\r\n\t<div class=\"image-full-width-btn-wrapper-width\">\r\n\t<div class=\"image-full-width-btn-wrapper-valign\">\r\n\t\t<\/div><!-- .image-full-width-btn-wrapper-valign -->\r\n\t<\/div><!-- .image-full-width-btn-wrapper-width -->\r\n\t<\/div><!-- .image-full-width-btn-wrapper -->\r\n<\/div><!-- .hero-wrapper -->\t\r\n\r\n<\/div><!-- .main-wrapper-full-width -->\r\n<\/div><!-- .block-image-full-width --> \r\n\n\n<div id=\"\" class=\"selden-gb-block block-text-columns block-bg-color-greylight\">\r\n<div class=\"main-wrapper-full-width\">\t\r\n<div class=\"main-wrapper\">\r\n\r\n\t\r\n\t\t\r\n\t<div class=\"section group\">\r\n\t<div class=\"col text_columns_col_1 text-columns-separator-col-1 separator-active\">\r\n\t\t<div class=\"text-columns-header-wrapper\"><h2>MATS EN ALUMINIUM<\/h2>\t\t\t\r\n\t\t\t<div class=\"text-columns-img-wrapper\"><img decoding=\"async\" src=\"https:\/\/www.seldenmast.com\/wp-content\/uploads\/C153-257-e1588060584841.png\" alt=\"MATS EN ALUMINIUM\" \/><\/div>\t\t\r\n\t\t\r\n\t\t<\/div>\t\t\t\t\r\n\t<\/div><!-- .col -->\t\t\r\n\t\t\r\n\t<div class=\"col text_columns_col_2 text-columns-separator-col-2 separator-not-active\">\t\t\t\r\n\t\t<div class=\"text-columns-2-space\">\t\t\t\r\n\t\t<div class=\"text-columns text-columns-2\">\t\r\n\t\t\t<h3>NOS GREEMENTS STANDARDS SONT TOUS FAITS SUR MESURE<\/h3>\n<p>L\u2019aluminium extrud\u00e9 est un excellent mat\u00e9riau pour la fabrication de m\u00e2ts. C\u2019est dans ce domaine que Seld\u00e9n a gagn\u00e9 sa r\u00e9putation de leader mondial comme fabricant de m\u00e2ts. Aujourd\u2019hui, Seld\u00e9n offre une gamme compl\u00e8te de m\u00e2ts et d\u2019\u00e9l\u00e9ments de gr\u00e9ement tant en aluminium qu\u2019en carbone, incluant b\u00f4mes, tangons, hale-bas rigides \u201cRodkickers\u201d, enrouleurs et accessoires de gr\u00e9ement et, depuis l\u2019automne 2008, toute une gamme d\u2019accastillage de pont. Chaque gr\u00e9ement est calcul\u00e9 et fait sur mesure dans le moindre d\u00e9tail pour chaque bateau. Nous savons l\u2019importance du gr\u00e9ement, nous savons aussi qu\u2019il n\u2019y a pas de place pour l\u2019\u00e0 peu pr\u00e8s.<\/p>\n\t\t\t\t\t\t\t\r\n\t\t<\/div><!-- .text-columns-x -->\t\r\n\t\t<\/div><!-- .text-columns-2-space -->\r\n\t<\/div><!-- .col -->\t\t\r\n\t<\/div><!-- .section -->\t\t\r\n\t\r\n\r\n<\/div><!-- .main-wrapper -->\r\n<\/div><!-- .main-wrapper-full-width -->\r\n<\/div><!-- .block-text-columns --> \r\n \n\n\r\n\t\r\n<div class=\"selden-gb-block block-image-full-width\">\r\n<div class=\"main-wrapper-full-width\">\r\n\r\n\t<div class=\"hero-wrapper\">\t\t\r\n\t\t\r\n\t\t\r\n\t\t<div class=\"hero-img-wrapper resp-height-large img-bg-position-cc\" style=\"background-image:url('https:\/\/www.seldenmast.com\/wp-content\/uploads\/J70RM-206--scaled.jpg');\"><\/div>\t\t\r\n\t<div class=\"image-full-width-btn-wrapper\">\r\n\t<div class=\"image-full-width-btn-wrapper-width\">\r\n\t<div class=\"image-full-width-btn-wrapper-valign\">\r\n\t\t<\/div><!-- .image-full-width-btn-wrapper-valign -->\r\n\t<\/div><!-- .image-full-width-btn-wrapper-width -->\r\n\t<\/div><!-- .image-full-width-btn-wrapper -->\r\n<\/div><!-- .hero-wrapper -->\t\r\n\r\n<\/div><!-- .main-wrapper-full-width -->\r\n<\/div><!-- .block-image-full-width --> \r\n\n\n<div id=\"\" class=\"selden-gb-block block-text-columns block-bg-color-greydark\">\r\n<div class=\"main-wrapper-full-width\">\t\r\n<div class=\"main-wrapper\">\r\n\r\n\t\r\n\t\t\r\n\t<div class=\"section group\">\r\n\t<div class=\"col text_columns_col_1 text-columns-separator-col-1 separator-active\">\r\n\t\t<div class=\"text-columns-header-wrapper\"><h2>M\u00c2TS EN CARBONE<\/h2>\t\t\t\r\n\t\t\t<div class=\"text-columns-img-wrapper\"><img decoding=\"async\" src=\"https:\/\/www.seldenmast.com\/wp-content\/uploads\/17626-28-1.jpg\" alt=\"M\u00c2TS EN CARBONE\" \/><\/div>\t\t\r\n\t\t\r\n\t\t<\/div>\t\t\t\t\r\n\t<\/div><!-- .col -->\t\t\r\n\t\t\r\n\t<div class=\"col text_columns_col_2 text-columns-separator-col-2 separator-not-active\">\t\t\t\r\n\t\t<div class=\"text-columns-2-space\">\t\t\t\r\n\t\t<div class=\"text-columns text-columns-2\">\t\r\n\t\t\t<p>Le composite de carbone allie rigidit\u00e9 et r\u00e9sistance pour un faible poids. Les espars l\u00e9gers en carbone de Seld\u00e8n ont une rigidit\u00e9 longitudinale et lat\u00e9rale accentu\u00e9e pour un r\u00e9glage plus pr\u00e9cis du gr\u00e9ement. Tous les skippers savent ce que cela signifie en termes d\u2019augmentation des performances et de la vitesse du bateau.<\/p>\n\t\t\t\t\t\t\t\r\n\t\t<\/div><!-- .text-columns-x -->\t\r\n\t\t<\/div><!-- .text-columns-2-space -->\r\n\t<\/div><!-- .col -->\t\t\r\n\t<\/div><!-- .section -->\t\t\r\n\t\r\n\r\n<\/div><!-- .main-wrapper -->\r\n<\/div><!-- .main-wrapper-full-width -->\r\n<\/div><!-- .block-text-columns --> \r\n \n\n\r\n\t\r\n<div class=\"selden-gb-block block-image-full-width\">\r\n<div class=\"main-wrapper-full-width\">\r\n\r\n\t<div class=\"hero-wrapper\">\t\t\r\n\t\t\r\n\t\t\r\n\t\t<div class=\"hero-img-wrapper resp-height-large img-bg-position-cb\" style=\"background-image:url('https:\/\/www.seldenmast.com\/wp-content\/uploads\/Najad-410-314-1.jpg');\"><\/div>\t\t\r\n\t<div class=\"image-full-width-btn-wrapper\">\r\n\t<div class=\"image-full-width-btn-wrapper-width\">\r\n\t<div class=\"image-full-width-btn-wrapper-valign\">\r\n\t\t<\/div><!-- .image-full-width-btn-wrapper-valign -->\r\n\t<\/div><!-- .image-full-width-btn-wrapper-width -->\r\n\t<\/div><!-- .image-full-width-btn-wrapper -->\r\n<\/div><!-- .hero-wrapper -->\t\r\n\r\n<\/div><!-- .main-wrapper-full-width -->\r\n<\/div><!-- .block-image-full-width --> \r\n\n\n<div id=\"\" class=\"selden-gb-block block-text-columns block-bg-color-greylight\">\r\n<div class=\"main-wrapper-full-width\">\t\r\n<div class=\"main-wrapper\">\r\n\r\n\t\r\n\t\t\r\n\t<div class=\"section group\">\r\n\t<div class=\"col text_columns_col_1 text-columns-separator-col-1 separator-active\">\r\n\t\t<div class=\"text-columns-header-wrapper\">\t\t\t\r\n\t\t\t<div class=\"text-columns-img-wrapper\"><img decoding=\"async\" src=\"https:\/\/www.seldenmast.com\/wp-content\/uploads\/FLX-404S-drum-w-logo.png\" alt=\"\" \/><\/div>\t\t\r\n\t\t\r\n\t\t<\/div>\t\t\t\t\r\n\t<\/div><!-- .col -->\t\t\r\n\t\t\r\n\t<div class=\"col text_columns_col_2 text-columns-separator-col-2 separator-not-active\">\t\t\t\r\n\t\t<div class=\"text-columns-2-space\">\t\t\t\r\n\t\t<div class=\"text-columns text-columns-2\">\t\r\n\t\t\t<p>Furlex est de loin le syst\u00e8me d\u2019enrouleur le plus vendu au monde. Depuis son lancement en 1983, plus de 200 000 syst\u00e8mes ont \u00e9t\u00e9 livr\u00e9s.<br \/>\nDe fait, Furlex est d\u00e9sormais synonymes de Furlex offre une navigation sur et sans soucis. Il est livr\u00e9 en kit complet par des professionnels locaux, principalement voiliers et gr\u00e9eurs, pour fournir et installer. Au fil des ans, nous avons d\u00e9velopp\u00e9 le design pour optimiser l\u2019enroulement et le Furlex \u00e0 commande manuelle, la s\u00e9rie S, en est maintenant \u00e0 sa 4e g\u00e9n\u00e9ration.<\/p>\n\t\t\t\t\t\t<a class=\"btn\" href=\"https:\/\/www.seldenmast.com\/fr\/produits\/furlex-systems\/\">EN SAVOIR PLUS<\/a>\t\r\n\t\t<\/div><!-- .text-columns-x -->\t\r\n\t\t<\/div><!-- .text-columns-2-space -->\r\n\t<\/div><!-- .col -->\t\t\r\n\t<\/div><!-- .section -->\t\t\r\n\t\r\n\r\n<\/div><!-- .main-wrapper -->\r\n<\/div><!-- .main-wrapper-full-width -->\r\n<\/div><!-- .block-text-columns --> \r\n \n\n\r\n\t\r\n<div class=\"selden-gb-block block-image-full-width\">\r\n<div class=\"main-wrapper-full-width\">\r\n\r\n\t<div class=\"hero-wrapper\">\t\t\r\n\t\t\r\n\t\t\r\n\t\t<div class=\"hero-img-wrapper resp-height-medium img-bg-position-cc\" style=\"background-image:url('https:\/\/www.seldenmast.com\/wp-content\/uploads\/Selden_HR64-35-scaled.jpg');\"><\/div>\t\t\r\n\t<div class=\"image-full-width-btn-wrapper\">\r\n\t<div class=\"image-full-width-btn-wrapper-width\">\r\n\t<div class=\"image-full-width-btn-wrapper-valign\">\r\n\t\t<\/div><!-- .image-full-width-btn-wrapper-valign -->\r\n\t<\/div><!-- .image-full-width-btn-wrapper-width -->\r\n\t<\/div><!-- .image-full-width-btn-wrapper -->\r\n<\/div><!-- .hero-wrapper -->\t\r\n\r\n<\/div><!-- .main-wrapper-full-width -->\r\n<\/div><!-- .block-image-full-width --> \r\n\n\n<div id=\"\" class=\"selden-gb-block block-text-columns block-bg-color-white\">\r\n<div class=\"main-wrapper-full-width\">\t\r\n<div class=\"main-wrapper\">\r\n\r\n\t\r\n\t\t\r\n\t<div class=\"section group\">\r\n\t<div class=\"col text_columns_col_1 text-columns-separator-col-1 separator-active\">\r\n\t\t<div class=\"text-columns-header-wrapper\"><h2>ACCASTILLAGE DE PONT<\/h2>\t\t\t\r\n\t\t\t<div class=\"text-columns-img-wrapper\"><img decoding=\"async\" src=\"https:\/\/www.seldenmast.com\/wp-content\/uploads\/DHW-Block-e1588060656264.png\" alt=\"ACCASTILLAGE DE PONT\" \/><\/div>\t\t\r\n\t\t\r\n\t\t<\/div>\t\t\t\t\r\n\t<\/div><!-- .col -->\t\t\r\n\t\t\r\n\t<div class=\"col text_columns_col_2 text-columns-separator-col-2 separator-not-active\">\t\t\t\r\n\t\t<div class=\"text-columns-2-space\">\t\t\t\r\n\t\t<div class=\"text-columns text-columns-2\">\t\r\n\t\t\t<p>La gamme d\u2019accastillage Seld\u00e9n se compose de poulies, taquets coinceurs et tourelles. Chaque article est soigneu\u00acsement con\u00e7u, d\u00e9velopp\u00e9 et fabriqu\u00e9 sous un contr\u00f4le qualit\u00e9 tr\u00e8s strict et avec une attention minutieuse au moindre d\u00e9tail : c\u2019est la marque de fabrique de Seld\u00e9n. Tout l\u2019accastillage Seld\u00e9n b\u00e9n\u00e9ficie d\u2019une garantie de 2 ans.<\/p>\n<p>Depuis 1960, nous travaillons avec des ma\u00eetres voiliers partout dans le monde pour \u00e9quiper des milliers de bateaux de course et de croisi\u00e8re. Pour d\u00e9velopper la nouvelle gamme, nous avons tir\u00e9 le meilleur de nos nombreuses ann\u00e9es de conception de gr\u00e9ements, d\u2019exp\u00e9rience de tous les types de navigation possibles et, \u00e9l\u00e9ment non n\u00e9gligeable, de notre propre passion pour la voile. Nous esp\u00e9rons que vous ressentirez la m\u00eame passion en utilisant l\u2019accastillage Seld\u00e9n ou tout simplement en le d\u00e9couvrant. C\u2019est une passion qui nous accompagne dans toutes nos actions depuis la planche \u00e0 dessin jusqu\u2019au pont de votre bateau<\/p>\n\t\t\t\t\t\t<a class=\"btn\" href=\"https:\/\/www.seldenmast.com\/fr\/produits\/accastillage-de-pont\/\">EN SAVOIR PLUS<\/a>\t\r\n\t\t<\/div><!-- .text-columns-x -->\t\r\n\t\t<\/div><!-- .text-columns-2-space -->\r\n\t<\/div><!-- .col -->\t\t\r\n\t<\/div><!-- .section -->\t\t\r\n\t\r\n\r\n<\/div><!-- .main-wrapper -->\r\n<\/div><!-- .main-wrapper-full-width -->\r\n<\/div><!-- .block-text-columns --> \r\n \n\n\r\n\t\r\n<div class=\"selden-gb-block block-image-full-width\">\r\n<div class=\"main-wrapper-full-width\">\r\n\r\n\t<div class=\"hero-wrapper\">\t\t\r\n\t\t\r\n\t\t\r\n\t\t<div class=\"hero-img-wrapper resp-height-large img-bg-position-cc\" style=\"background-image:url('https:\/\/www.seldenmast.com\/wp-content\/uploads\/7O3B7384-1-scaled.jpg');\"><\/div>\t\t\r\n\t<div class=\"image-full-width-btn-wrapper\">\r\n\t<div class=\"image-full-width-btn-wrapper-width\">\r\n\t<div class=\"image-full-width-btn-wrapper-valign\">\r\n\t\t<\/div><!-- .image-full-width-btn-wrapper-valign -->\r\n\t<\/div><!-- .image-full-width-btn-wrapper-width -->\r\n\t<\/div><!-- .image-full-width-btn-wrapper -->\r\n<\/div><!-- .hero-wrapper -->\t\r\n\r\n<\/div><!-- .main-wrapper-full-width -->\r\n<\/div><!-- .block-image-full-width --> \r\n\n\n<div id=\"\" class=\"selden-gb-block block-text-columns block-bg-color-greydark\">\r\n<div class=\"main-wrapper-full-width\">\t\r\n<div class=\"main-wrapper\">\r\n\r\n\t\r\n\t\t\r\n\t<div class=\"section group\">\r\n\t<div class=\"col text_columns_col_1 text-columns-separator-col-1 separator-active\">\r\n\t\t<div class=\"text-columns-header-wrapper\"><h2 class=\"show-image-as-bg\">Emmagasineurs pour voiles de portant<\/h2>\t\t\t\r\n\t\t\t<div class=\"text-columns-img-wrapper\"><img decoding=\"async\" src=\"https:\/\/www.seldenmast.com\/wp-content\/uploads\/Selden-GX-e1588060719683.png\" alt=\"Emmagasineurs pour voiles de portant\" \/><\/div>\t\t\r\n\t\t\r\n\t\t<\/div>\t\t\t\t\r\n\t<\/div><!-- .col -->\t\t\r\n\t\t\r\n\t<div class=\"col text_columns_col_2 text-columns-separator-col-2 separator-not-active\">\t\t\t\r\n\t\t<div class=\"text-columns-2-space\">\t\t\t\r\n\t\t<div class=\"text-columns text-columns-2\">\t\r\n\t\t\t<p>La puissance et l\u2019acc\u00e9l\u00e9ration d\u00e9gag\u00e9es lorsqu\u2019on d\u00e9roule le gennaker ou le spi asym\u00e9trique sont impressionnantes.<\/p>\n<p>\u2013 Le plaisir de naviguer prend alors une autre dimension.<\/p>\n<p>Vous n\u2019avez qu\u2019\u00e0 hisser la voile encore enroul\u00e9e puis actionner la drosse d\u2019enroulement tout en retenant l\u2019\u00e9coute pour lib\u00e9rer la puissance de votre voile et faire plaisir \u00e0 votre \u00e9quipage. Pour enrouler la voile, actionnez la drosse d\u2019enroulement en retenant l\u2019\u00e9coute.<br \/>\nLa drosse peut \u00eatre s\u00e9curis\u00e9e par des doubles poulies bloqueuses. Lorsque la voile est enroul\u00e9e, elle peut tr\u00e8s facilement \u00eatre stock\u00e9e sur le pont ou rang\u00e9e proprement dans son sac. Seld\u00e9n propose tous les accessoires n\u00e9cessaires \u00e0 une navigation au portant efficace et<br \/>\ns\u00e9curisante.<\/p>\n\t\t\t\t\t\t<a class=\"btn\" href=\"https:\/\/www.seldenmast.com\/fr\/produits\/emmagasineur-pour-voiles-de-portant\/\">EN SAVOIR PLUS<\/a>\t\r\n\t\t<\/div><!-- .text-columns-x -->\t\r\n\t\t<\/div><!-- .text-columns-2-space -->\r\n\t<\/div><!-- .col -->\t\t\r\n\t<\/div><!-- .section -->\t\t\r\n\t\r\n\r\n<\/div><!-- .main-wrapper -->\r\n<\/div><!-- .main-wrapper-full-width -->\r\n<\/div><!-- .block-text-columns --> \r\n \n\n<div class=\"selden-gb-block block-seperator block-bg-color-greydark\">\n<div class=\"main-wrapper-full-width\">\n<div class=\"main-wrapper\">\n\t<hr class=\"seperator\" \/><!-- .seperator -->\t\n<\/div><!-- .main-wrapper -->\t\n<\/div><!-- .main-wrapper-full-width -->\t\n<\/div><!-- .block-seperator -->\n","protected":false},"excerpt":{"rendered":"","protected":false},"author":6,"featured_media":0,"parent":0,"menu_order":0,"comment_status":"closed","ping_status":"closed","template":"","meta":{"_acf_changed":false,"inline_featured_image":false,"footnotes":""},"class_list":["post-5884","page","type-page","status-publish","hentry"],"acf":[],"_links":{"self":[{"href":"https:\/\/www.seldenmast.com\/fr\/wp-json\/wp\/v2\/pages\/5884","targetHints":{"allow":["GET"]}}],"collection":[{"href":"https:\/\/www.seldenmast.com\/fr\/wp-json\/wp\/v2\/pages"}],"about":[{"href":"https:\/\/www.seldenmast.com\/fr\/wp-json\/wp\/v2\/types\/page"}],"author":[{"embeddable":true,"href":"https:\/\/www.seldenmast.com\/fr\/wp-json\/wp\/v2\/users\/6"}],"replies":[{"embeddable":true,"href":"https:\/\/www.seldenmast.com\/fr\/wp-json\/wp\/v2\/comments?post=5884"}],"version-history":[{"count":20,"href":"https:\/\/www.seldenmast.com\/fr\/wp-json\/wp\/v2\/pages\/5884\/revisions"}],"predecessor-version":[{"id":9232,"href":"https:\/\/www.seldenmast.com\/fr\/wp-json\/wp\/v2\/pages\/5884\/revisions\/9232"}],"wp:attachment":[{"href":"https:\/\/www.seldenmast.com\/fr\/wp-json\/wp\/v2\/media?parent=5884"}],"curies":[{"name":"wp","href":"https:\/\/api.w.org\/{rel}","templated":true}]}}