{"id":5789,"date":"2020-11-02T11:46:44","date_gmt":"2020-11-02T10:46:44","guid":{"rendered":"https:\/\/www.seldenmast.com\/?page_id=5789"},"modified":"2022-06-13T14:31:32","modified_gmt":"2022-06-13T12:31:32","slug":"spinnaker-poles","status":"publish","type":"page","link":"https:\/\/www.seldenmast.com\/fr\/produits\/spinnaker-poles\/","title":{"rendered":"Tangons de spinnaker"},"content":{"rendered":"<div id=\"spinnaker-poles\" class=\"selden-gb-block block-hero block-bg-color-white  resp-height-large\">\r\n<div class=\"main-wrapper-full-width\">\r\n\t<div class=\"hero-wrapper\" resp-height-large\">\r\n\t\r\n\t\r\n<div id=\"hero-slider-block_5eb015738a585\" class=\" resp-height-large\">\r\n<div class=\"hero-fade-block hero-img-wrapper hero-fade-block-show hero-fade-block-show-first img-bg-position-ct resp-height-large\" style=\"background-image:url('https:\/\/www.seldenmast.com\/wp-content\/uploads\/Man-med-spinbom-scaled.jpg');\"><\/div><\/div><!-- .fade-blocks-slider -->\r\n\t\t\t\r\n\t\r\n\t<div class=\"hero-text-wrapper\">\r\n\t<div class=\"hero-text-width\">\r\n\t<div class=\"hero-text-block hero-text-block-bottom\">\t\r\n\t<div class=\"\">\t\t\r\n\t<h1>Tangons de spinnaker<\/h1>\t\t\t<\/div><!-- .hero-text-bg -->\r\n\t\t\r\n\t<\/div><!-- .hero-text-block -->\t\r\n\t\r\n\t<\/div><!-- .hero-text-width-->\r\n\t<\/div><!-- .hero-text-wrapper -->\t\t\t\r\n\t\t\r\n\t\t\r\n\t\t\r\n\t\t<div class=\"mouse-scroll\">\r\n\t<div class=\"icon-mouse-scroll-wrapper icon-mouse-scroll\"><\/div>\t\r\n\t\t<\/div><!-- .mouse-scroll -->\r\n\t\t\r\n\t<\/div><!-- .hero-wrapper -->\t\r\n\r\n<\/div><!-- .main-wrapper-full-width -->\r\n<\/div><!-- .block-hero --> \r\n\n\n<div id=\"\" class=\"selden-gb-block block-shortcuts block-bg-color-greylight\">\r\n<div class=\"main-wrapper-full-width\">\t\r\n<div class=\"main-wrapper\">\r\n\t\r\n\t<div class=\"shortcuts-list-wrapper\">\r\n\t<div class=\"section group\">\t\t\r\n\t\t\r\n\t\t\r\n\t\t\t<div class=\"col shortcuts_list_1_of_5\">\r\n\t\t\t\t\t\r\n\t\t\t<a href=\"#bm_aluspinpole\">\t\t\t<div class=\"shortcuts-list-item\">\t\t\r\n\t\t\r\n\t\t\t<div class=\"shortcuts-list-item-img\">\r\n\t\t\t<div class=\"square\">\r\n\t\t\t\t<div class=\"square-content square-rounded\" style=\"background-image: url(https:\/\/www.seldenmast.com\/wp-content\/uploads\/Spin-kits-s_cuts-3.jpg);\"><\/div><!-- .square-content -->\r\n\t\t\t<\/div><!-- .square --> \r\n\t\t\t<\/div>\t\t\r\n\t\t\t\t\r\n\t\t\t<div class=\"shortcuts-list-item-info\">\t\t\r\n\t\t\t\t\t<div class=\"shortcuts-list-item-title\">TANGONS DE SPINNAKER ALUMINIUM<\/div><!-- .shortcuts-list-item-title -->\t\t\t\t\r\n\t\t\t<\/div><!-- .shortcuts-list-item-info -->\r\n\t\t\t<\/div><!-- .shortcuts-list-item -->\r\n\t\t\t<\/a>\t\r\n\t\t\t\t\t\t\r\n\t\t<\/div><!-- .col -->\r\n\t\t\r\n\t\t\t\r\n\t\t\t<div class=\"col shortcuts_list_1_of_5\">\r\n\t\t\t\t\t\r\n\t\t\t<a href=\"#bm_carbonspinpoles\">\t\t\t<div class=\"shortcuts-list-item\">\t\t\r\n\t\t\r\n\t\t\t<div class=\"shortcuts-list-item-img\">\r\n\t\t\t<div class=\"square\">\r\n\t\t\t\t<div class=\"square-content square-rounded\" style=\"background-image: url(https:\/\/www.seldenmast.com\/wp-content\/uploads\/Carbon-s_cut-2.jpg);\"><\/div><!-- .square-content -->\r\n\t\t\t<\/div><!-- .square --> \r\n\t\t\t<\/div>\t\t\r\n\t\t\t\t\r\n\t\t\t<div class=\"shortcuts-list-item-info\">\t\t\r\n\t\t\t\t\t<div class=\"shortcuts-list-item-title\">TANGONS DE SPINNAKER CARBONE<\/div><!-- .shortcuts-list-item-title -->\t\t\t\t\r\n\t\t\t<\/div><!-- .shortcuts-list-item-info -->\r\n\t\t\t<\/div><!-- .shortcuts-list-item -->\r\n\t\t\t<\/a>\t\r\n\t\t\t\t\t\t\r\n\t\t<\/div><!-- .col -->\r\n\t\t\r\n\t\t\t\r\n\t\t\t<div class=\"col shortcuts_list_1_of_5\">\r\n\t\t\t\t\t\r\n\t\t\t<a href=\"#bm_spinpolekits\">\t\t\t<div class=\"shortcuts-list-item\">\t\t\r\n\t\t\r\n\t\t\t<div class=\"shortcuts-list-item-img\">\r\n\t\t\t<div class=\"square\">\r\n\t\t\t\t<div class=\"square-content square-rounded\" style=\"background-image: url(https:\/\/www.seldenmast.com\/wp-content\/uploads\/Alu_spinbom-s_cut-1.jpg);\"><\/div><!-- .square-content -->\r\n\t\t\t<\/div><!-- .square --> \r\n\t\t\t<\/div>\t\t\r\n\t\t\t\t\r\n\t\t\t<div class=\"shortcuts-list-item-info\">\t\t\r\n\t\t\t\t\t<div class=\"shortcuts-list-item-title\">KITS TANGONS DE SPINNAKER<\/div><!-- .shortcuts-list-item-title -->\t\t\t\t\r\n\t\t\t<\/div><!-- .shortcuts-list-item-info -->\r\n\t\t\t<\/div><!-- .shortcuts-list-item -->\r\n\t\t\t<\/a>\t\r\n\t\t\t\t\t\t\r\n\t\t<\/div><!-- .col -->\r\n\t\t\r\n\t\t\t\r\n\t\t\t<div class=\"col shortcuts_list_1_of_5\">\r\n\t\t\t\t\t\r\n\t\t\t<a href=\"#bm_telescopicpoles\">\t\t\t<div class=\"shortcuts-list-item\">\t\t\r\n\t\t\r\n\t\t\t<div class=\"shortcuts-list-item-img\">\r\n\t\t\t<div class=\"square\">\r\n\t\t\t\t<div class=\"square-content square-rounded\" style=\"background-image: url(https:\/\/www.seldenmast.com\/wp-content\/uploads\/Telescope-s_cut-4.jpg);\"><\/div><!-- .square-content -->\r\n\t\t\t<\/div><!-- .square --> \r\n\t\t\t<\/div>\t\t\r\n\t\t\t\t\r\n\t\t\t<div class=\"shortcuts-list-item-info\">\t\t\r\n\t\t\t\t\t<div class=\"shortcuts-list-item-title\">TANGON DE GENOIS TELESCOPIQUES <\/div><!-- .shortcuts-list-item-title -->\t\t\t\t\r\n\t\t\t<\/div><!-- .shortcuts-list-item-info -->\r\n\t\t\t<\/div><!-- .shortcuts-list-item -->\r\n\t\t\t<\/a>\t\r\n\t\t\t\t\t\t\r\n\t\t<\/div><!-- .col -->\r\n\t\t\r\n\t\t\t\r\n\t\t\t<div class=\"col shortcuts_list_1_of_5\">\r\n\t\t\t\t\t\r\n\t\t\t<a href=\"#bm_jockeypoles\">\t\t\t<div class=\"shortcuts-list-item\">\t\t\r\n\t\t\r\n\t\t\t<div class=\"shortcuts-list-item-img\">\r\n\t\t\t<div class=\"square\">\r\n\t\t\t\t<div class=\"square-content square-rounded\" style=\"background-image: url(https:\/\/www.seldenmast.com\/wp-content\/uploads\/Jockeypole-s_cut-5.jpg);\"><\/div><!-- .square-content -->\r\n\t\t\t<\/div><!-- .square --> \r\n\t\t\t<\/div>\t\t\r\n\t\t\t\t\r\n\t\t\t<div class=\"shortcuts-list-item-info\">\t\t\r\n\t\t\t\t\t<div class=\"shortcuts-list-item-title\">JOCKEY POLES<\/div><!-- .shortcuts-list-item-title -->\t\t\t\t\r\n\t\t\t<\/div><!-- .shortcuts-list-item-info -->\r\n\t\t\t<\/div><!-- .shortcuts-list-item -->\r\n\t\t\t<\/a>\t\r\n\t\t\t\t\t\t\r\n\t\t<\/div><!-- .col -->\r\n\t\t\r\n\t\t\t\r\n\t<\/div><!-- .section -->\t\r\n\t<\/div><!-- .shortcuts-list-wrapper -->\r\n\r\n<\/div><!-- .main-wrapper -->\r\n<\/div><!-- .main-wrapper-full-width -->\r\n<\/div><!-- .block-shortcuts -->\t\r\n\n\n\r\n<div id=\"\" class=\"selden-gb-block block-story block-bg-color-white\">\r\n<div class=\"main-wrapper-full-width\">\r\n<div class=\"main-wrapper\">\r\n\r\n<div class=\"section group flex-right\">\r\n\r\n\t<div class=\"col story-col story_col_3\">\t\t\t\r\n\t\t\t<div class=\"block-story-content\">\t\r\n\t\t\t\r\n\t\t\t\t\t\t\t\r\n\t\t\t\t\t\t<div class=\"story-img-img\"><img decoding=\"async\" src=\"https:\/\/www.seldenmast.com\/wp-content\/uploads\/MAM_1706-scaled.jpg\" alt=\"LE FRISSON DE VENT QUI GONFLE LE SPINNAKER\" \/><\/div>\r\n\t\t\t\t\r\n\t\t\t\t\t\r\n\t\t<\/div><!-- .col-content -->\t\t\t\r\n\t<\/div><!-- .col -->\r\n\t\t\r\n\t<div class=\"col story-col story_col_3\">\t\r\n\t\t\r\n\t\t<div class=\"block-story-content\">\r\n\t\t<div class=\"block-story-content-wrapper\">\t\t\r\n\t\t\r\n\t\t<h2>LE FRISSON DE VENT QUI GONFLE LE SPINNAKER<\/h2>\t\t\t\t<p>Une fois que vous aurez gout\u00e9 au plaisir d\u2019un spi gonfl\u00e9 par le vent, vous ne pourrez plus vous en passer. Seld\u00e9n permet ce plaisir aux plaisanciers du monde entier gr\u00e2ce \u00e0 sa gamme compl\u00e8te de tangons de spinnaker et d&rsquo;accessoires en aluminium et en carbone, faciles \u00e0 utiliser.<\/p>\n\t\t\r\n\t\t\t\t\r\n\t\t<\/div><!-- .block-story-wrapper -->\r\n\t\t<\/div><!-- .block-story-content -->\r\n\t<\/div><!-- .col -->\r\n\r\n<\/div><!-- .section --> \r\n \r\n<\/div><!-- .main-wrapper -->\t\r\n<\/div><!-- .main-wrapper-full-width -->\t\r\n<\/div><!-- .block-story -->\r\n\t\r\n\n\n\r\n<div id=\"bm_aluspinpole\" class=\"selden-gb-block block-story block-bg-color-white\">\r\n<div class=\"main-wrapper-full-width\">\r\n<div class=\"main-wrapper\">\r\n\r\n<div class=\"section group flex-right\">\r\n\r\n\t<div class=\"col story-col story_col_3\">\t\t\t\r\n\t\t\t<div class=\"block-story-content\">\t\r\n\t\t\t\r\n\t\t\t\t\t\t\t\r\n\t\t\t\t\t\t<div class=\"story-img-img\"><img decoding=\"async\" src=\"https:\/\/www.seldenmast.com\/wp-content\/uploads\/Alu-spipole-kombo.jpg\" alt=\"LES TANGONS DE SPINNAKER EN ALUMINIUM SELDEN\" \/><\/div>\r\n\t\t\t\t\r\n\t\t\t\t\t\r\n\t\t<\/div><!-- .col-content -->\t\t\t\r\n\t<\/div><!-- .col -->\r\n\t\t\r\n\t<div class=\"col story-col story_col_3\">\t\r\n\t\t\r\n\t\t<div class=\"block-story-content\">\r\n\t\t<div class=\"block-story-content-wrapper\">\t\t\r\n\t\t\r\n\t\t<h2>LES TANGONS DE SPINNAKER EN ALUMINIUM SELDEN<\/h2>\t\t\t\t<p class=\"p1\">vous permettent des man\u0153uvres de spi rapides et s\u00fbres. Toutes les ferrures ont des bords soigneusement<br \/>\narrondis afin d\u2019\u00e9viter les blessures ou d\u2019endommager le mat\u00e9riel. Les tubes ultra l\u00e9gers sont tr\u00e8s r\u00e9sistants et<br \/>\n\u00e9quip\u00e9s de protections \u00e9vitant de les ab\u00eemer contre l\u2019\u00e9tai ou les haubans.<\/p>\n<p class=\"p1\">Des embouts en composite sont disponibles pour les tangons \u00d8 48-\u00d8 96. Ces embouts sont normalement<br \/>\nutilis\u00e9s pour les empannages avec tangon sym\u00e9trique, mais peuvent aussi \u00eatre utilis\u00e9s pour le stockage vertical et l\u2019empannage avec tangon asym\u00e9trique.<\/p>\n<p class=\"p1\">Nos embouts traditionnels pour tangon asym\u00e9trique sont disponibles pour les sections \u00d8 72-\u00d8 111.<\/p>\n\t\t\r\n\t\t\t\t\r\n\t\t<\/div><!-- .block-story-wrapper -->\r\n\t\t<\/div><!-- .block-story-content -->\r\n\t<\/div><!-- .col -->\r\n\r\n<\/div><!-- .section --> \r\n \r\n<\/div><!-- .main-wrapper -->\t\r\n<\/div><!-- .main-wrapper-full-width -->\t\r\n<\/div><!-- .block-story -->\r\n\t\r\n\n\n<div class=\"selden-gb-block block-seperator block-bg-color-white\">\n<div class=\"main-wrapper-full-width\">\n<div class=\"main-wrapper\">\n\t<hr class=\"seperator\" \/><!-- .seperator -->\t\n<\/div><!-- .main-wrapper -->\t\n<\/div><!-- .main-wrapper-full-width -->\t\n<\/div><!-- .block-seperator -->\n\n\n\r\n<div id=\"bm_carbonspinpoles\" class=\"selden-gb-block block-story block-bg-color-white\">\r\n<div class=\"main-wrapper-full-width\">\r\n<div class=\"main-wrapper\">\r\n\r\n<div class=\"section group flex-right\">\r\n\r\n\t<div class=\"col story-col story_col_3\">\t\t\t\r\n\t\t\t<div class=\"block-story-content\">\t\r\n\t\t\t\r\n\t\t\t\t\t\t\t\r\n\t\t\t\t\t\t<div class=\"story-img-img\"><img decoding=\"async\" src=\"https:\/\/www.seldenmast.com\/wp-content\/uploads\/CARBON-COMBI.BILDER.jpg\" alt=\"TANGONS DE SPINNAKER EN CARBONE\" \/><\/div>\r\n\t\t\t\t\r\n\t\t\t\t\t\r\n\t\t<\/div><!-- .col-content -->\t\t\t\r\n\t<\/div><!-- .col -->\r\n\t\t\r\n\t<div class=\"col story-col story_col_3\">\t\r\n\t\t\r\n\t\t<div class=\"block-story-content\">\r\n\t\t<div class=\"block-story-content-wrapper\">\t\t\r\n\t\t\r\n\t\t<h2>TANGONS DE SPINNAKER EN CARBONE<\/h2>\t\t\t\t<h4><span style=\"color: #808080;\">Comparaison de poids \u2013 tangons en aluminium et en carbone (\u00e0 r\u00e9sistance \u00e9gale)<\/span><\/h4>\n<h4><span style=\"color: #808080;\">Tangon de spinnaker en aluminium Section 99\/99, longueur 5150 mm, poids 16.9 kg.<\/span><\/h4>\n<h4><span style=\"color: #808080;\">Tangon de spinnaker en carbone Section Section 102\/102, longueur 5150 mm, poids 9 kg.<\/span><\/h4>\n<h3><\/h3>\n<p>&nbsp;<\/p>\n<h3 class=\"p1\">LA QUALITE SELDEN<\/h3>\n<p class=\"p2\">Nous avons d\u00e9velopp\u00e9 notre propre m\u00e9thode de fabrication contr\u00f4l\u00e9e par ordinateur dans laquelle les fils<br \/>\npr\u00e9-impr\u00e9gn\u00e9s sont enroul\u00e9s sur un mandrin avant cuisson au four. Cette m\u00e9thode nous permet d\u2019exercer<br \/>\nun contr\u00f4le complet \u00e0 chaque stade du processus de fabrication et de garantir des produits de qualit\u00e9<br \/>\nconstante. Un des gros avantages de cette m\u00e9thode de production Seld\u00e9n est de nous permettre d\u2019obtenir une r\u00e9sistance ad\u00e9quate dans les zones soumises aux plus fortes charges et usures<\/p>\n<h3 class=\"p1\">DANS TOUTES LES DIMENSIONS<\/h3>\n<p class=\"p1\">Les plus grands tangons de spi en carbone sont r\u00e9treints afin d\u2019optimiser le rapport poids\/r\u00e9sistance et<br \/>\nd\u2019en faciliter le maniement.<\/p>\n<p>&nbsp;<\/p>\n<p class=\"p2\">\n\t\t\r\n\t\t\t\t\r\n\t\t<\/div><!-- .block-story-wrapper -->\r\n\t\t<\/div><!-- .block-story-content -->\r\n\t<\/div><!-- .col -->\r\n\r\n<\/div><!-- .section --> \r\n \r\n<\/div><!-- .main-wrapper -->\t\r\n<\/div><!-- .main-wrapper-full-width -->\t\r\n<\/div><!-- .block-story -->\r\n\t\r\n\n\n<div class=\"selden-gb-block block-seperator block-bg-color-white\">\n<div class=\"main-wrapper-full-width\">\n<div class=\"main-wrapper\">\n\t<hr class=\"seperator\" \/><!-- .seperator -->\t\n<\/div><!-- .main-wrapper -->\t\n<\/div><!-- .main-wrapper-full-width -->\t\n<\/div><!-- .block-seperator -->\n\n\n\r\n<div id=\"bm_spinpolekits\" class=\"selden-gb-block block-story block-bg-color-white\">\r\n<div class=\"main-wrapper-full-width\">\r\n<div class=\"main-wrapper\">\r\n\r\n<div class=\"section group flex-right\">\r\n\r\n\t<div class=\"col story-col story_col_3\">\t\t\t\r\n\t\t\t<div class=\"block-story-content\">\t\r\n\t\t\t\r\n\t\t\t\t\t\t\t\r\n\t\t\t\t\t\t<div class=\"story-img-img\"><img decoding=\"async\" src=\"https:\/\/www.seldenmast.com\/wp-content\/uploads\/Spin-pole-kits.jpg\" alt=\"KITS TANGONS DE SPINNAKER\" \/><\/div>\r\n\t\t\t\t\r\n\t\t\t\t\t\r\n\t\t<\/div><!-- .col-content -->\t\t\t\r\n\t<\/div><!-- .col -->\r\n\t\t\r\n\t<div class=\"col story-col story_col_3\">\t\r\n\t\t\r\n\t\t<div class=\"block-story-content\">\r\n\t\t<div class=\"block-story-content-wrapper\">\t\t\r\n\t\t\r\n\t\t<h2>KITS TANGONS DE SPINNAKER<\/h2>\t\t<p class=\"preamble\">EN ALUMINIUM ET EN CARBONE<\/p>\t\t<p class=\"p1\">Le moyen le plus rapide d&rsquo;avoir un tangon \u00e0 bord est d&rsquo;acheter un kit, de couper le tube \u00e0 la longueur voulue et d&rsquo;assembler les embouts. Vous avez le choix entre plusieurs tailles et longueurs de kits en aluminium ou du carbone.<\/p>\n\t\t\r\n\t\t\t\t\r\n\t\t<\/div><!-- .block-story-wrapper -->\r\n\t\t<\/div><!-- .block-story-content -->\r\n\t<\/div><!-- .col -->\r\n\r\n<\/div><!-- .section --> \r\n \r\n<\/div><!-- .main-wrapper -->\t\r\n<\/div><!-- .main-wrapper-full-width -->\t\r\n<\/div><!-- .block-story -->\r\n\t\r\n\n\n<div class=\"selden-gb-block block-seperator block-bg-color-white\">\n<div class=\"main-wrapper-full-width\">\n<div class=\"main-wrapper\">\n\t<hr class=\"seperator\" \/><!-- .seperator -->\t\n<\/div><!-- .main-wrapper -->\t\n<\/div><!-- .main-wrapper-full-width -->\t\n<\/div><!-- .block-seperator -->\n\n\n\r\n<div id=\"bm_telescopicpoles\" class=\"selden-gb-block block-story block-bg-color-white\">\r\n<div class=\"main-wrapper-full-width\">\r\n<div class=\"main-wrapper\">\r\n\r\n<div class=\"section group flex-right\">\r\n\r\n\t<div class=\"col story-col story_col_3\">\t\t\t\r\n\t\t\t<div class=\"block-story-content\">\t\r\n\t\t\t\r\n\t\t\t\t\t\t\t\r\n\t\t\t\t\t\t<div class=\"story-img-img\"><img decoding=\"async\" src=\"https:\/\/www.seldenmast.com\/wp-content\/uploads\/Telescopic-spinbom-kombo.jpg\" alt=\"TANGONS TELESCOPIQUES\" \/><\/div>\r\n\t\t\t\t\r\n\t\t\t\t\t\r\n\t\t<\/div><!-- .col-content -->\t\t\t\r\n\t<\/div><!-- .col -->\r\n\t\t\r\n\t<div class=\"col story-col story_col_3\">\t\r\n\t\t\r\n\t\t<div class=\"block-story-content\">\r\n\t\t<div class=\"block-story-content-wrapper\">\t\t\r\n\t\t\r\n\t\t<h2>TANGONS TELESCOPIQUES<\/h2>\t\t\t\t<p>Le tangon t\u00e9lescopique peut s\u2019allonger de 150% de la longueur normale d\u2019un tangon (SPL), un must quand il s\u2019agit de tangonner un grand g\u00e9nois ou un gennaker. Il peut \u00eatre rentr\u00e9 pour un stockage plus facile.<\/p>\n\t\t\r\n\t\t\t\t\r\n\t\t<\/div><!-- .block-story-wrapper -->\r\n\t\t<\/div><!-- .block-story-content -->\r\n\t<\/div><!-- .col -->\r\n\r\n<\/div><!-- .section --> \r\n \r\n<\/div><!-- .main-wrapper -->\t\r\n<\/div><!-- .main-wrapper-full-width -->\t\r\n<\/div><!-- .block-story -->\r\n\t\r\n\n\n<div class=\"selden-gb-block block-seperator block-bg-color-white\">\n<div class=\"main-wrapper-full-width\">\n<div class=\"main-wrapper\">\n\t<hr class=\"seperator\" \/><!-- .seperator -->\t\n<\/div><!-- .main-wrapper -->\t\n<\/div><!-- .main-wrapper-full-width -->\t\n<\/div><!-- .block-seperator -->\n\n\n\r\n<div id=\"bm_jockeypoles\" class=\"selden-gb-block block-story block-bg-color-white\">\r\n<div class=\"main-wrapper-full-width\">\r\n<div class=\"main-wrapper\">\r\n\r\n<div class=\"section group flex-right\">\r\n\r\n\t<div class=\"col story-col story_col_2\">\t\t\t\r\n\t\t\t<div class=\"block-story-content\">\t\r\n\t\t\t\r\n\t\t\t\t\t\t\t\r\n\t\t\t\t\t\t<div class=\"story-img-img\"><img decoding=\"async\" src=\"https:\/\/www.seldenmast.com\/wp-content\/uploads\/jockeypole-1.svg\" alt=\"JOCKEY POLES\" \/><\/div>\r\n\t\t\t\t\r\n\t\t\t\t\t\r\n\t\t<\/div><!-- .col-content -->\t\t\t\r\n\t<\/div><!-- .col -->\r\n\t\t\r\n\t<div class=\"col story-col story_col_4\">\t\r\n\t\t\r\n\t\t<div class=\"block-story-content\">\r\n\t\t<div class=\"block-story-content-wrapper\">\t\t\r\n\t\t\r\n\t\t<h2>JOCKEY POLES<\/h2>\t\t\t\t<p class=\"p1\">Le \u201cjockey pole\u201d r\u00e9duit les charges et limite l\u2019usure sur les c\u00e2bles et les cordages.<\/p>\n\t\t\r\n\t\t\t\t\r\n\t\t<\/div><!-- .block-story-wrapper -->\r\n\t\t<\/div><!-- .block-story-content -->\r\n\t<\/div><!-- .col -->\r\n\r\n<\/div><!-- .section --> \r\n \r\n<\/div><!-- .main-wrapper -->\t\r\n<\/div><!-- .main-wrapper-full-width -->\t\r\n<\/div><!-- .block-story -->\r\n\t\r\n\n\n<div id=\"downloads\" class=\"selden-gb-block block-downloads  block-bg-color-white\">\r\n<div class=\"main-wrapper-full-width\">\t\r\n<div class=\"main-wrapper\">\r\n\r\n<div class=\"downloads-text-wrapper\">\r\n\t\t\t\r\n<\/div><!-- .slider-text-wrapper -->\r\n\t\r\n<div class=\"downloads-list-wrapper\">\r\n<div class=\"section group\">\r\n\t\t\r\n<div class=\"col span_1_of_2\">\r\n<div class=\"downloads-group\">\r\n\t<a href=\"https:\/\/support.seldenmast.com\/en\/services\/upgrade_your_boat.html\" target=\"_blank\">\t\r\n<div class=\"downloads-group-header\">\r\n<div class=\"section group\">\r\n<div class=\"col downloads_item_col_1_of_3\"><div class=\"icon-dl-measurement-wrapper icon-dl-measurement\"><\/div><\/div><!-- .col -->\r\n\t<div class=\"col downloads_item_col_2_of_3\"><div class=\"downloads-item-title\">Select size<\/div><\/div><!-- .col -->\r\n\t<div class=\"col downloads_item_col_3_of_3\"><img decoding=\"async\" src=\"https:\/\/www.seldenmast.com\/wp-content\/themes\/selden\/images\/test-downloads-link-external.png\"><\/div><!-- .col -->\r\n<\/div><!-- .section -->\r\n<\/div><!-- .downloads-group-header -->\r\n\t<\/a>\r\n<\/div><!-- .downloads-group -->\r\n<\/div><!-- .col -->\r\n\r\n<div class=\"col span_1_of_2\">\r\n<div class=\"downloads-group\">\t\r\n<a href=\"https:\/\/www.seldenmast.com\/test-page\/dealer-list\/?cat=ATI,AFD,RIS,SMK,RES,ECOM\">\r\n<div class=\"downloads-group-header\">\r\n<div class=\"section group\">\r\n<div class=\"col downloads_item_col_1_of_3\"><div class=\"icon-dl-measurement-wrapper icon-dl-measurement\"><\/div><\/div><!-- .col -->\r\n\t<div class=\"col downloads_item_col_2_of_3\"><div class=\"downloads-item-title\">Find a dealer<\/div><\/div><!-- .col -->\r\n\t<div class=\"col downloads_item_col_3_of_3\"><img decoding=\"async\" src=\"https:\/\/www.seldenmast.com\/wp-content\/themes\/selden\/images\/test-downloads-link-external.png\"><\/div><!-- .col -->\r\n<\/div><!-- .section -->\r\n<\/div><!-- .downloads-group-header -->\r\n<\/a>\r\n<\/div><!-- .downloads-group -->\r\n<\/div><!-- .col -->\r\n\r\n\t\r\n\t\r\n\t\r\n\t\t\t\r\n\t\t\t\t\t \r\n<div class=\"col span_1_of_2\">\t\t\t\t\t \r\n<div class=\"downloads-group\">\r\n\t\t\t\t\r\n<div class=\"downloads-group-header downloads-group-header-toggler\">\r\n\r\n<div class=\"section group\">\r\n<div class=\"col downloads_item_col_1_of_3\"><div class=\"icon-dl-book-wrapper icon-dl-book\"><\/div><\/div><!-- .col -->\r\n<div class=\"col downloads_item_col_2_of_3\"><div class=\"downloads-item-title\">Brochures<\/div><\/div><!-- .col -->\r\n<div class=\"col downloads_item_col_3_of_3\"><img decoding=\"async\" src=\"https:\/\/www.seldenmast.com\/wp-content\/themes\/selden\/images\/test-downloads-pil-ner.png\"><\/div><!-- .col -->\r\n<\/div><!-- .section -->\r\n<\/div><!-- .downloads-group-header -->\r\n\t\r\n<div class=\"downloads-group-files\">\r\n\t\r\n\t<ul>\r\n\r\n\t\t\t\t\t \t\t\r\n<li><a href=\"https:\/\/support.seldenmast.com\/files\/595-560-E.pdf\" target=\"_blank\">Manoeuvres de spinnaker<\/a><\/li>\r\n\t\t\t<\/ul>\r\n\t\t\t<\/div><!-- .downloads-group-files -->\t\r\n\t\t\t<\/div><!-- .downloads-group -->\r\n\t\t\t<\/div><!-- .col -->\r\n\t\t\t\t\t\r\n\t\t\t\t\t \r\n<div class=\"col span_1_of_2\">\t\t\t\t\t \r\n<div class=\"downloads-group\">\r\n\t\t\t\t\r\n<div class=\"downloads-group-header downloads-group-header-toggler\">\r\n\r\n<div class=\"section group\">\r\n<div class=\"col downloads_item_col_1_of_3\"><div class=\"icon-dl-settings-wrapper icon-dl-settings\"><\/div><\/div><!-- .col -->\r\n<div class=\"col downloads_item_col_2_of_3\"><div class=\"downloads-item-title\">Technical information<\/div><\/div><!-- .col -->\r\n<div class=\"col downloads_item_col_3_of_3\"><img decoding=\"async\" src=\"https:\/\/www.seldenmast.com\/wp-content\/themes\/selden\/images\/test-downloads-pil-ner.png\"><\/div><!-- .col -->\r\n<\/div><!-- .section -->\r\n<\/div><!-- .downloads-group-header -->\r\n\t\r\n<div class=\"downloads-group-files\">\r\n\t\r\n\t<ul>\r\n\r\n\t\t\t\t\t \t\t\r\n<li><a href=\"https:\/\/support.seldenmast.com\/files\/595-154-E.pdf\" target=\"_blank\"> Kit \u00e9trier et cale d&rsquo;appui<\/a><\/li>\r\n\t\t\r\n<li><a href=\"https:\/\/support.seldenmast.com\/files\/595-270-E.pdf\" target=\"_blank\">Convertion en gachette automatique<\/a><\/li>\r\n\t\t\r\n<li><a href=\"https:\/\/support.seldenmast.com\/files\/595-411-E.pdf\" target=\"_blank\">Gainage TWARON &#8211; Instructions de pose<\/a><\/li>\r\n\t\t\r\n<li><a href=\"https:\/\/support.seldenmast.com\/files\/595-415-E.pdf\" target=\"_blank\">Kit Tangon Carbone<\/a><\/li>\r\n\t\t\r\n<li><a href=\"https:\/\/support.seldenmast.com\/files\/595-533-SET.pdf\" target=\"_blank\">Kit tangon de spinnaker; d \u2019extr\u00e9mit\u00e9 \u00e0 extr\u00e9mit\u00e9<\/a><\/li>\r\n\t\t\r\n<li><a href=\"https:\/\/support.seldenmast.com\/files\/595-412-E.pdf\" target=\"_blank\">Pantoire en cordage HMPE<\/a><\/li>\r\n\t\t\r\n<li><a href=\"https:\/\/support.seldenmast.com\/files\/595-238-E.pdf\" target=\"_blank\">Syst\u00e8mes de r\u00e9glage du chariot de tangon<\/a><\/li>\r\n\t\t\r\n<li><a href=\"http:\/\/support.seldenmast.com\/index.php?id=4249&#038;setLang=en\" target=\"_blank\">Tangons de spinnaker<\/a><\/li>\r\n\r\n\t\r\n\t\t\r\n\t\t\r\n\t\t\r\n\t\t\r\n<\/ul>\r\n<\/div><!-- .downloads-group-files -->\r\n<\/div><!-- .downloads-group -->\r\n<\/div><!-- .col -->\r\n\t\t\r\n\t\t\r\n\r\n\t\t\r\n\t\r\n\r\n<\/div><!-- .section -->\r\n\t<\/div><!-- .downloads-list-wrapper -->\r\n\r\n<\/div><!-- .main-wrapper -->\r\n<\/div><!-- .main-wrapper-full-width -->\r\n<\/div><!-- .block-downloads -->\t\r\n\n\n\r\n\t\r\n<div class=\"selden-gb-block block-image-full-width\">\r\n<div class=\"main-wrapper-full-width\">\r\n\r\n\t<div class=\"hero-wrapper\">\t\t\r\n\t\t\r\n\t\t\r\n\t\t<div class=\"hero-img-wrapper resp-height-medium img-bg-position-cc\" style=\"background-image:url('https:\/\/www.seldenmast.com\/wp-content\/uploads\/Spinnakers-MBRR14-902-scaled.jpg');\"><\/div>\t\t\r\n\t<div class=\"image-full-width-btn-wrapper\">\r\n\t<div class=\"image-full-width-btn-wrapper-width\">\r\n\t<div class=\"image-full-width-btn-wrapper-valign\">\r\n\t\t<\/div><!-- .image-full-width-btn-wrapper-valign -->\r\n\t<\/div><!-- .image-full-width-btn-wrapper-width -->\r\n\t<\/div><!-- .image-full-width-btn-wrapper -->\r\n<\/div><!-- .hero-wrapper -->\t\r\n\r\n<\/div><!-- .main-wrapper-full-width -->\r\n<\/div><!-- .block-image-full-width --> \r\n","protected":false},"excerpt":{"rendered":"","protected":false},"author":4,"featured_media":5801,"parent":6570,"menu_order":43,"comment_status":"closed","ping_status":"closed","template":"","meta":{"_acf_changed":false,"inline_featured_image":false,"footnotes":""},"class_list":["post-5789","page","type-page","status-publish","has-post-thumbnail","hentry"],"acf":[],"_links":{"self":[{"href":"https:\/\/www.seldenmast.com\/fr\/wp-json\/wp\/v2\/pages\/5789","targetHints":{"allow":["GET"]}}],"collection":[{"href":"https:\/\/www.seldenmast.com\/fr\/wp-json\/wp\/v2\/pages"}],"about":[{"href":"https:\/\/www.seldenmast.com\/fr\/wp-json\/wp\/v2\/types\/page"}],"author":[{"embeddable":true,"href":"https:\/\/www.seldenmast.com\/fr\/wp-json\/wp\/v2\/users\/4"}],"replies":[{"embeddable":true,"href":"https:\/\/www.seldenmast.com\/fr\/wp-json\/wp\/v2\/comments?post=5789"}],"version-history":[{"count":16,"href":"https:\/\/www.seldenmast.com\/fr\/wp-json\/wp\/v2\/pages\/5789\/revisions"}],"predecessor-version":[{"id":7989,"href":"https:\/\/www.seldenmast.com\/fr\/wp-json\/wp\/v2\/pages\/5789\/revisions\/7989"}],"up":[{"embeddable":true,"href":"https:\/\/www.seldenmast.com\/fr\/wp-json\/wp\/v2\/pages\/6570"}],"wp:featuredmedia":[{"embeddable":true,"href":"https:\/\/www.seldenmast.com\/fr\/wp-json\/wp\/v2\/media\/5801"}],"wp:attachment":[{"href":"https:\/\/www.seldenmast.com\/fr\/wp-json\/wp\/v2\/media?parent=5789"}],"curies":[{"name":"wp","href":"https:\/\/api.w.org\/{rel}","templated":true}]}}